{"id":173,"date":"2020-05-30T05:57:08","date_gmt":"2020-05-30T05:57:08","guid":{"rendered":"https:\/\/martiko.com\/producto\/foie-gras-de-pato-desvenado\/"},"modified":"2026-04-26T08:40:28","modified_gmt":"2026-04-26T06:40:28","slug":"foie-gras-de-pato-desvenado","status":"publish","type":"product","link":"https:\/\/martiko.com\/ar\/tienda\/productos\/foie-gras-de-pato-desvenado\/","title":{"rendered":"Foie gras de pato fresco desvenado"},"content":{"rendered":"","protected":false},"excerpt":{"rendered":"<p>Atreverse a elaborar una tarrina de mi cuit es m\u00e1s sencillo utilizando el foie gras de pato primera desvenado. Su sabor te sorprender\u00e1. Si lo prefieres, puedes utilizarlo para elaborar salsas, fondos de foie gras.<\/p>\n<p>Peso medio aproximado pieza: 650 g<\/p>\n<p><span style=\"color: #89764b;\"><strong>Caducidad m\u00e1xima producto: 12 d\u00edas.\u00a0<\/strong><\/span><\/p>\n<p><span style=\"color: #84754e;\"><strong>(*)<\/strong> <\/span>Para garantizar la mejor calidad de nuestro foie gras desvenado, <span style=\"color: #84754e;\"><strong>este producto lo entregamos en 48 horas<\/strong><\/span>, en lugar de 24 h (siempre que el pedido se realice antes de las 09:00 AM). Consulta <a href=\"https:\/\/martiko.com\/tienda\/condiciones-de-compra\/\" target=\"_blank\" rel=\"noopener\">aqu\u00ed las condiciones de compra<\/a>.<\/p>\n","protected":false},"featured_media":174,"template":"","meta":{"_acf_changed":false,"site-sidebar-layout":"default","site-content-layout":"","ast-site-content-layout":"default","site-content-style":"default","site-sidebar-style":"default","ast-global-header-display":"","ast-banner-title-visibility":"","ast-main-header-display":"","ast-hfb-above-header-display":"","ast-hfb-below-header-display":"","ast-hfb-mobile-header-display":"","site-post-title":"","ast-breadcrumbs-content":"","ast-featured-img":"","footer-sml-layout":"","ast-disable-related-posts":"","theme-transparent-header-meta":"default","adv-header-id-meta":"","stick-header-meta":"","header-above-stick-meta":"","header-main-stick-meta":"","header-below-stick-meta":"","astra-migrate-meta-layouts":"set","ast-page-background-enabled":"default","ast-page-background-meta":{"desktop":{"background-color":"var(--ast-global-color-4)","background-image":"","background-repeat":"repeat","background-position":"center center","background-size":"auto","background-attachment":"scroll","background-type":"","background-media":"","overlay-type":"","overlay-color":"","overlay-opacity":"","overlay-gradient":""},"tablet":{"background-color":"","background-image":"","background-repeat":"repeat","background-position":"center center","background-size":"auto","background-attachment":"scroll","background-type":"","background-media":"","overlay-type":"","overlay-color":"","overlay-opacity":"","overlay-gradient":""},"mobile":{"background-color":"","background-image":"","background-repeat":"repeat","background-position":"center center","background-size":"auto","background-attachment":"scroll","background-type":"","background-media":"","overlay-type":"","overlay-color":"","overlay-opacity":"","overlay-gradient":""}},"ast-content-background-meta":{"desktop":{"background-color":"var(--ast-global-color-5)","background-image":"","background-repeat":"repeat","background-position":"center center","background-size":"auto","background-attachment":"scroll","background-type":"","background-media":"","overlay-type":"","overlay-color":"","overlay-opacity":"","overlay-gradient":""},"tablet":{"background-color":"var(--ast-global-color-5)","background-image":"","background-repeat":"repeat","background-position":"center center","background-size":"auto","background-attachment":"scroll","background-type":"","background-media":"","overlay-type":"","overlay-color":"","overlay-opacity":"","overlay-gradient":""},"mobile":{"background-color":"var(--ast-global-color-5)","background-image":"","background-repeat":"repeat","background-position":"center center","background-size":"auto","background-attachment":"scroll","background-type":"","background-media":"","overlay-type":"","overlay-color":"","overlay-opacity":"","overlay-gradient":""}}},"product_brand":[],"product_cat":[28,24],"product_tag":[],"class_list":{"0":"post-173","1":"product","2":"type-product","3":"status-publish","4":"has-post-thumbnail","6":"product_cat-foie-gras-fresco","7":"product_cat-producto-refrigerado","8":"desktop-align-center","9":"tablet-align-left","10":"mobile-align-left","12":"first","13":"instock","14":"taxable","15":"shipping-taxable","16":"purchasable","17":"product-type-simple"},"acf":{"aecoc-marca":"Martiko","aecoc-gln":"8412540000006","aecoc-gtin":"08412540000082","aecoc-denominacion_comercial":"Foie gras de pato desvenado","aecoc-denominacion_legal":"Foie gras de pato desvenado","aecoc-peso_bruto":"","aecoc-peso_neto":"600","aecoc-peso_neto_escurrido":"","aecoc-cantidad_neta":"","aecoc-condiciones_de_conservacion":"Conservar entre 0 y 4\u00baC. Una vez abierto conservar en el frigor\u00edfico y consumir en los pr\u00f3ximos 2 d\u00edas.","aecoc-modo_de_preparacion":"Este producto debe ser cocinado para su consumo.","aecoc-fabricado":"Martiko P.I. Zalain, s\/n - C.P. 31780 Navarra (Espa\u00f1a)","aecoc-registro_sanitario":"ES 10.14400\/NA","aecoc-ingredientes":"Foie gras de pato fresco desvenado. Criado y sacrificado en: Espa\u00f1a.","aecoc-racion":"100","aecoc-unidad_racion":"g","aecoc-energia_1":"2381","aecoc-unidad_energia_1":"kJ","aecoc-energia_2":"578","aecoc-unidad_energia_2":"kcal","aecoc-grasas":"61","aecoc-unidad_grasas":"g","aecoc-grasos_saturados":"26","aecoc-unidad_grasos_saturados":"g","aecoc-hidratos_de_carbono":"1.6","aecoc-unidad_hidratos_de_carbono":"g","aecoc-azucares":"0.8","aecoc-unidad_azucares":"g","aecoc-proteinas":"5.7","aecoc-unidad_proteinas":"g","aecoc-sal":"0.07","aecoc-unidad_sal":"g","aecoc-acidos_grasos_omega_3":"","aecoc-sin_gluten":true,"aecoc-multitabla":false,"aecoc-tabla_nutricional":"[{'title': 'Tama\u00f1o de la raci\u00f3n por 100g',        'content': {                 'aecoc-racion': '100@_@g','aecoc-energia_1': '2381@_@kJ','aecoc-energia_2': '578@_@kcal','aecoc-grasas': '61@_@g','aecoc-grasos_saturados': '26@_@g','aecoc-hidratos_de_carbono': '1.6@_@g','aecoc-azucares': '0.8@_@g','aecoc-proteinas': '5.7@_@g','aecoc-sal': '0.07@_@g'            }}]","aecoc-contenedor_reciclaje":"Contenedor_Amarillo"},"yoast_head":"<!-- This site is optimized with the Yoast SEO plugin v27.1.1 - https:\/\/yoast.com\/product\/yoast-seo-wordpress\/ -->\n<title>Foie Gras de Pato Fresco Desvenado | Martiko<\/title>\n<meta name=\"description\" content=\"Adquiere nuestro foie gras de pato fresco desvenado, ideal para hacer tarrinas de mi cuit, salsas y fondos gourmet. Producto de calidad premium con un peso aproximado de 650g.\" \/>\n<meta name=\"robots\" content=\"index, follow, max-snippet:-1, max-image-preview:large, max-video-preview:-1\" \/>\n<link rel=\"canonical\" href=\"https:\/\/martiko.com\/tienda\/productos\/foie-gras-de-pato-desvenado\/\" \/>\n<meta property=\"og:locale\" content=\"ar_AR\" \/>\n<meta property=\"og:type\" content=\"article\" \/>\n<meta property=\"og:title\" content=\"Foie Gras de Pato Fresco Desvenado | Martiko\" \/>\n<meta property=\"og:description\" content=\"Adquiere nuestro foie gras de pato fresco desvenado, ideal para hacer tarrinas de mi cuit, salsas y fondos gourmet. Producto de calidad premium con un peso aproximado de 650g.\" \/>\n<meta property=\"og:url\" content=\"https:\/\/martiko.com\/tienda\/productos\/foie-gras-de-pato-desvenado\/\" \/>\n<meta property=\"og:site_name\" content=\"Martiko\" \/>\n<meta property=\"article:publisher\" content=\"https:\/\/www.facebook.com\/martikopates\/\" \/>\n<meta property=\"article:modified_time\" content=\"2026-04-26T06:40:28+00:00\" \/>\n<meta property=\"og:image\" content=\"https:\/\/martiko.com\/wp-content\/uploads\/2020\/05\/Foie-gras-de-pato-fresco-desvenado-Martiko.jpg\" \/>\n\t<meta property=\"og:image:width\" content=\"1200\" \/>\n\t<meta property=\"og:image:height\" content=\"1200\" \/>\n\t<meta property=\"og:image:type\" content=\"image\/jpeg\" \/>\n<meta name=\"twitter:card\" content=\"summary_large_image\" \/>\n<meta name=\"twitter:label1\" content=\"Est. reading time\" \/>\n\t<meta name=\"twitter:data1\" content=\"1 \u062f\u0642\u064a\u0642\u0629\" \/>\n<script type=\"application\/ld+json\" class=\"yoast-schema-graph\">{\"@context\":\"https:\/\/schema.org\",\"@graph\":[{\"@type\":\"WebPage\",\"@id\":\"https:\/\/martiko.com\/tienda\/productos\/foie-gras-de-pato-desvenado\/\",\"url\":\"https:\/\/martiko.com\/tienda\/productos\/foie-gras-de-pato-desvenado\/\",\"name\":\"Foie Gras de Pato Fresco Desvenado | Martiko\",\"isPartOf\":{\"@id\":\"https:\/\/martiko.com\/#website\"},\"primaryImageOfPage\":{\"@id\":\"https:\/\/martiko.com\/tienda\/productos\/foie-gras-de-pato-desvenado\/#primaryimage\"},\"image\":{\"@id\":\"https:\/\/martiko.com\/tienda\/productos\/foie-gras-de-pato-desvenado\/#primaryimage\"},\"thumbnailUrl\":\"https:\/\/martiko.com\/wp-content\/uploads\/2020\/05\/Foie-gras-de-pato-fresco-desvenado-Martiko.jpg\",\"datePublished\":\"2020-05-30T05:57:08+00:00\",\"dateModified\":\"2026-04-26T06:40:28+00:00\",\"description\":\"Adquiere nuestro foie gras de pato fresco desvenado, ideal para hacer tarrinas de mi cuit, salsas y fondos gourmet. Producto de calidad premium con un peso aproximado de 650g.\",\"breadcrumb\":{\"@id\":\"https:\/\/martiko.com\/tienda\/productos\/foie-gras-de-pato-desvenado\/#breadcrumb\"},\"inLanguage\":\"ar\",\"potentialAction\":[{\"@type\":\"ReadAction\",\"target\":[\"https:\/\/martiko.com\/tienda\/productos\/foie-gras-de-pato-desvenado\/\"]}]},{\"@type\":\"ImageObject\",\"inLanguage\":\"ar\",\"@id\":\"https:\/\/martiko.com\/tienda\/productos\/foie-gras-de-pato-desvenado\/#primaryimage\",\"url\":\"https:\/\/martiko.com\/wp-content\/uploads\/2020\/05\/Foie-gras-de-pato-fresco-desvenado-Martiko.jpg\",\"contentUrl\":\"https:\/\/martiko.com\/wp-content\/uploads\/2020\/05\/Foie-gras-de-pato-fresco-desvenado-Martiko.jpg\",\"width\":1200,\"height\":1200,\"caption\":\"Foie gras de pato fresco desvenado Martiko\"},{\"@type\":\"BreadcrumbList\",\"@id\":\"https:\/\/martiko.com\/tienda\/productos\/foie-gras-de-pato-desvenado\/#breadcrumb\",\"itemListElement\":[{\"@type\":\"ListItem\",\"position\":1,\"name\":\"Inicio\",\"item\":\"https:\/\/martiko.com\/\"},{\"@type\":\"ListItem\",\"position\":2,\"name\":\"Productos\",\"item\":\"https:\/\/martiko.com\/tienda\/\"},{\"@type\":\"ListItem\",\"position\":3,\"name\":\"PATO\",\"item\":\"https:\/\/martiko.com\/tienda\/categoria-producto\/pato\/\"},{\"@type\":\"ListItem\",\"position\":4,\"name\":\"FOIE GRAS FRESCO\",\"item\":\"https:\/\/martiko.com\/tienda\/categoria-producto\/pato\/foie-gras-fresco\/\"},{\"@type\":\"ListItem\",\"position\":5,\"name\":\"Foie gras de pato fresco desvenado\"}]},{\"@type\":\"WebSite\",\"@id\":\"https:\/\/martiko.com\/#website\",\"url\":\"https:\/\/martiko.com\/\",\"name\":\"Martiko\",\"description\":\"Martiko\",\"publisher\":{\"@id\":\"https:\/\/martiko.com\/#organization\"},\"potentialAction\":[{\"@type\":\"SearchAction\",\"target\":{\"@type\":\"EntryPoint\",\"urlTemplate\":\"https:\/\/martiko.com\/?s={search_term_string}\"},\"query-input\":{\"@type\":\"PropertyValueSpecification\",\"valueRequired\":true,\"valueName\":\"search_term_string\"}}],\"inLanguage\":\"ar\"},{\"@type\":\"Organization\",\"@id\":\"https:\/\/martiko.com\/#organization\",\"name\":\"CONSERVAS MARTIKO SA\",\"url\":\"https:\/\/martiko.com\/\",\"logo\":{\"@type\":\"ImageObject\",\"inLanguage\":\"ar\",\"@id\":\"https:\/\/martiko.com\/#\/schema\/logo\/image\/\",\"url\":\"https:\/\/martiko.com\/wp-content\/uploads\/2024\/11\/Logo-Martiko-2021-dorado.png\",\"contentUrl\":\"https:\/\/martiko.com\/wp-content\/uploads\/2024\/11\/Logo-Martiko-2021-dorado.png\",\"width\":147,\"height\":34,\"caption\":\"CONSERVAS MARTIKO SA\"},\"image\":{\"@id\":\"https:\/\/martiko.com\/#\/schema\/logo\/image\/\"},\"sameAs\":[\"https:\/\/www.facebook.com\/martikopates\/\",\"https:\/\/www.instagram.com\/martikopato\/\",\"https:\/\/www.linkedin.com\/company\/2282554\"]}]}<\/script>\n<!-- \/ Yoast SEO plugin. -->","yoast_head_json":{"title":"Foie Gras de Pato Fresco Desvenado | Martiko","description":"Adquiere nuestro foie gras de pato fresco desvenado, ideal para hacer tarrinas de mi cuit, salsas y fondos gourmet. Producto de calidad premium con un peso aproximado de 650g.","robots":{"index":"index","follow":"follow","max-snippet":"max-snippet:-1","max-image-preview":"max-image-preview:large","max-video-preview":"max-video-preview:-1"},"canonical":"https:\/\/martiko.com\/tienda\/productos\/foie-gras-de-pato-desvenado\/","og_locale":"ar_AR","og_type":"article","og_title":"Foie Gras de Pato Fresco Desvenado | Martiko","og_description":"Adquiere nuestro foie gras de pato fresco desvenado, ideal para hacer tarrinas de mi cuit, salsas y fondos gourmet. Producto de calidad premium con un peso aproximado de 650g.","og_url":"https:\/\/martiko.com\/tienda\/productos\/foie-gras-de-pato-desvenado\/","og_site_name":"Martiko","article_publisher":"https:\/\/www.facebook.com\/martikopates\/","article_modified_time":"2026-04-26T06:40:28+00:00","og_image":[{"width":1200,"height":1200,"url":"https:\/\/martiko.com\/wp-content\/uploads\/2020\/05\/Foie-gras-de-pato-fresco-desvenado-Martiko.jpg","type":"image\/jpeg"}],"twitter_card":"summary_large_image","twitter_misc":{"Est. reading time":"1 \u062f\u0642\u064a\u0642\u0629"},"schema":{"@context":"https:\/\/schema.org","@graph":[{"@type":"WebPage","@id":"https:\/\/martiko.com\/tienda\/productos\/foie-gras-de-pato-desvenado\/","url":"https:\/\/martiko.com\/tienda\/productos\/foie-gras-de-pato-desvenado\/","name":"Foie Gras de Pato Fresco Desvenado | Martiko","isPartOf":{"@id":"https:\/\/martiko.com\/#website"},"primaryImageOfPage":{"@id":"https:\/\/martiko.com\/tienda\/productos\/foie-gras-de-pato-desvenado\/#primaryimage"},"image":{"@id":"https:\/\/martiko.com\/tienda\/productos\/foie-gras-de-pato-desvenado\/#primaryimage"},"thumbnailUrl":"https:\/\/martiko.com\/wp-content\/uploads\/2020\/05\/Foie-gras-de-pato-fresco-desvenado-Martiko.jpg","datePublished":"2020-05-30T05:57:08+00:00","dateModified":"2026-04-26T06:40:28+00:00","description":"Adquiere nuestro foie gras de pato fresco desvenado, ideal para hacer tarrinas de mi cuit, salsas y fondos gourmet. Producto de calidad premium con un peso aproximado de 650g.","breadcrumb":{"@id":"https:\/\/martiko.com\/tienda\/productos\/foie-gras-de-pato-desvenado\/#breadcrumb"},"inLanguage":"ar","potentialAction":[{"@type":"ReadAction","target":["https:\/\/martiko.com\/tienda\/productos\/foie-gras-de-pato-desvenado\/"]}]},{"@type":"ImageObject","inLanguage":"ar","@id":"https:\/\/martiko.com\/tienda\/productos\/foie-gras-de-pato-desvenado\/#primaryimage","url":"https:\/\/martiko.com\/wp-content\/uploads\/2020\/05\/Foie-gras-de-pato-fresco-desvenado-Martiko.jpg","contentUrl":"https:\/\/martiko.com\/wp-content\/uploads\/2020\/05\/Foie-gras-de-pato-fresco-desvenado-Martiko.jpg","width":1200,"height":1200,"caption":"Foie gras de pato fresco desvenado Martiko"},{"@type":"BreadcrumbList","@id":"https:\/\/martiko.com\/tienda\/productos\/foie-gras-de-pato-desvenado\/#breadcrumb","itemListElement":[{"@type":"ListItem","position":1,"name":"Inicio","item":"https:\/\/martiko.com\/"},{"@type":"ListItem","position":2,"name":"Productos","item":"https:\/\/martiko.com\/tienda\/"},{"@type":"ListItem","position":3,"name":"PATO","item":"https:\/\/martiko.com\/tienda\/categoria-producto\/pato\/"},{"@type":"ListItem","position":4,"name":"FOIE GRAS FRESCO","item":"https:\/\/martiko.com\/tienda\/categoria-producto\/pato\/foie-gras-fresco\/"},{"@type":"ListItem","position":5,"name":"Foie gras de pato fresco desvenado"}]},{"@type":"WebSite","@id":"https:\/\/martiko.com\/#website","url":"https:\/\/martiko.com\/","name":"Martiko","description":"Martiko","publisher":{"@id":"https:\/\/martiko.com\/#organization"},"potentialAction":[{"@type":"SearchAction","target":{"@type":"EntryPoint","urlTemplate":"https:\/\/martiko.com\/?s={search_term_string}"},"query-input":{"@type":"PropertyValueSpecification","valueRequired":true,"valueName":"search_term_string"}}],"inLanguage":"ar"},{"@type":"Organization","@id":"https:\/\/martiko.com\/#organization","name":"CONSERVAS MARTIKO SA","url":"https:\/\/martiko.com\/","logo":{"@type":"ImageObject","inLanguage":"ar","@id":"https:\/\/martiko.com\/#\/schema\/logo\/image\/","url":"https:\/\/martiko.com\/wp-content\/uploads\/2024\/11\/Logo-Martiko-2021-dorado.png","contentUrl":"https:\/\/martiko.com\/wp-content\/uploads\/2024\/11\/Logo-Martiko-2021-dorado.png","width":147,"height":34,"caption":"CONSERVAS MARTIKO SA"},"image":{"@id":"https:\/\/martiko.com\/#\/schema\/logo\/image\/"},"sameAs":["https:\/\/www.facebook.com\/martikopates\/","https:\/\/www.instagram.com\/martikopato\/","https:\/\/www.linkedin.com\/company\/2282554"]}]}},"_links":{"self":[{"href":"https:\/\/martiko.com\/ar\/wp-json\/wp\/v2\/product\/173","targetHints":{"allow":["GET"]}}],"collection":[{"href":"https:\/\/martiko.com\/ar\/wp-json\/wp\/v2\/product"}],"about":[{"href":"https:\/\/martiko.com\/ar\/wp-json\/wp\/v2\/types\/product"}],"wp:featuredmedia":[{"embeddable":true,"href":"https:\/\/martiko.com\/ar\/wp-json\/wp\/v2\/media\/174"}],"wp:attachment":[{"href":"https:\/\/martiko.com\/ar\/wp-json\/wp\/v2\/media?parent=173"}],"wp:term":[{"taxonomy":"product_brand","embeddable":true,"href":"https:\/\/martiko.com\/ar\/wp-json\/wp\/v2\/product_brand?post=173"},{"taxonomy":"product_cat","embeddable":true,"href":"https:\/\/martiko.com\/ar\/wp-json\/wp\/v2\/product_cat?post=173"},{"taxonomy":"product_tag","embeddable":true,"href":"https:\/\/martiko.com\/ar\/wp-json\/wp\/v2\/product_tag?post=173"}],"curies":[{"name":"wp","href":"https:\/\/api.w.org\/{rel}","templated":true}]}}