{"id":385,"date":"2024-07-10T05:57:53","date_gmt":"2024-07-10T03:57:53","guid":{"rendered":"https:\/\/martiko.com\/producto\/carne-de-pato-en-confit-deshuesada\/"},"modified":"2026-04-22T08:42:31","modified_gmt":"2026-04-22T06:42:31","slug":"carne-de-pato-en-confit-deshuesada","status":"publish","type":"product","link":"https:\/\/martiko.com\/ar\/tienda\/productos\/carne-de-pato-en-confit-deshuesada\/","title":{"rendered":"Carne de pato en confit deshuesada 150 g"},"content":{"rendered":"","protected":false},"excerpt":{"rendered":"<p>Un verdadero placer para tus rellenos. Nuestra carne confitada desmigada har\u00e1 que tus platos ganen en sabor y textura. El confit de pato desmigado se elabora siguiendo los m\u00e9todos tradicionales, tras horas de cocci\u00f3n lenta en su propia grasa. Ser\u00e1 un comod\u00edn en su cocina, con el que preparar\u00e1 sus platos preferidos, y siempre con la garant\u00eda de Calidad Martiko.<\/p>\n","protected":false},"featured_media":386,"template":"","meta":{"_acf_changed":false,"site-sidebar-layout":"default","site-content-layout":"","ast-site-content-layout":"default","site-content-style":"default","site-sidebar-style":"default","ast-global-header-display":"","ast-banner-title-visibility":"","ast-main-header-display":"","ast-hfb-above-header-display":"","ast-hfb-below-header-display":"","ast-hfb-mobile-header-display":"","site-post-title":"","ast-breadcrumbs-content":"","ast-featured-img":"","footer-sml-layout":"","ast-disable-related-posts":"","theme-transparent-header-meta":"default","adv-header-id-meta":"","stick-header-meta":"","header-above-stick-meta":"","header-main-stick-meta":"","header-below-stick-meta":"","astra-migrate-meta-layouts":"set","ast-page-background-enabled":"default","ast-page-background-meta":{"desktop":{"background-color":"var(--ast-global-color-4)","background-image":"","background-repeat":"repeat","background-position":"center center","background-size":"auto","background-attachment":"scroll","background-type":"","background-media":"","overlay-type":"","overlay-color":"","overlay-opacity":"","overlay-gradient":""},"tablet":{"background-color":"","background-image":"","background-repeat":"repeat","background-position":"center center","background-size":"auto","background-attachment":"scroll","background-type":"","background-media":"","overlay-type":"","overlay-color":"","overlay-opacity":"","overlay-gradient":""},"mobile":{"background-color":"","background-image":"","background-repeat":"repeat","background-position":"center center","background-size":"auto","background-attachment":"scroll","background-type":"","background-media":"","overlay-type":"","overlay-color":"","overlay-opacity":"","overlay-gradient":""}},"ast-content-background-meta":{"desktop":{"background-color":"var(--ast-global-color-5)","background-image":"","background-repeat":"repeat","background-position":"center center","background-size":"auto","background-attachment":"scroll","background-type":"","background-media":"","overlay-type":"","overlay-color":"","overlay-opacity":"","overlay-gradient":""},"tablet":{"background-color":"var(--ast-global-color-5)","background-image":"","background-repeat":"repeat","background-position":"center center","background-size":"auto","background-attachment":"scroll","background-type":"","background-media":"","overlay-type":"","overlay-color":"","overlay-opacity":"","overlay-gradient":""},"mobile":{"background-color":"var(--ast-global-color-5)","background-image":"","background-repeat":"repeat","background-position":"center center","background-size":"auto","background-attachment":"scroll","background-type":"","background-media":"","overlay-type":"","overlay-color":"","overlay-opacity":"","overlay-gradient":""}}},"product_brand":[],"product_cat":[167,24],"product_tag":[588],"class_list":{"0":"post-385","1":"product","2":"type-product","3":"status-publish","4":"has-post-thumbnail","6":"product_cat-confit-de-pato","7":"product_cat-producto-refrigerado","8":"product_tag-carne-de-pato","9":"desktop-align-center","10":"tablet-align-left","11":"mobile-align-left","13":"first","14":"instock","15":"taxable","16":"shipping-taxable","17":"purchasable","18":"product-type-simple"},"acf":{"aecoc-marca":"Martiko","aecoc-gln":"8412540000006","aecoc-gtin":"08412540005162","aecoc-denominacion_comercial":"Carne de pato confitada desmigada 150g","aecoc-denominacion_legal":"Carne de pato confitada desmigada","aecoc-peso_bruto":"","aecoc-peso_neto":"150","aecoc-peso_neto_escurrido":"","aecoc-cantidad_neta":"","aecoc-condiciones_de_conservacion":"Conservaci\u00f3n entre 3 y 5 \u00b0C. Una vez abierto, conservar en el frigor\u00edfico y consumir en los pr\u00f3ximos 5 d\u00edas.","aecoc-modo_de_preparacion":"Una vez extra\u00edda la cantidad de producto que desee a un plato, dejar que se atempere para separar f\u00e1cilmente para el desmigado, rehogarlo en una sart\u00e9n a fuego medio durante 3-4 minutos.","aecoc-fabricado":"Martiko P.I. Zalain, s\/n - C.P. 31780 Navarra (Espa\u00f1a)","aecoc-registro_sanitario":"ES 10.14400\/NA","aecoc-ingredientes":"Carne de pato, sal y conservador: E-250","aecoc-racion":"100","aecoc-unidad_racion":"g","aecoc-energia_1":"878","aecoc-unidad_energia_1":"kJ","aecoc-energia_2":"209","aecoc-unidad_energia_2":"kcal","aecoc-grasas":"8","aecoc-unidad_grasas":"g","aecoc-grasos_saturados":"3","aecoc-unidad_grasos_saturados":"g","aecoc-hidratos_de_carbono":"1","aecoc-unidad_hidratos_de_carbono":"g","aecoc-azucares":"1","aecoc-unidad_azucares":"g","aecoc-proteinas":"33","aecoc-unidad_proteinas":"g","aecoc-sal":"2.85","aecoc-unidad_sal":"g","aecoc-acidos_grasos_omega_3":"","aecoc-sin_gluten":true,"aecoc-multitabla":false,"aecoc-tabla_nutricional":"[{'title': 'Tama\u00f1o de la raci\u00f3n por 100g',        'content': {                 'aecoc-racion': '100@_@g','aecoc-energia_1': '878@_@kJ','aecoc-energia_2': '209@_@kcal','aecoc-grasas': '8@_@g','aecoc-grasos_saturados': '3@_@g','aecoc-hidratos_de_carbono': '1@_@g','aecoc-azucares': '1@_@g','aecoc-proteinas': '33@_@g','aecoc-sal': '2.85@_@g'            }}]","aecoc-contenedor_reciclaje":"Contenedor_Amarillo"},"yoast_head":"<!-- This site is optimized with the Yoast SEO plugin v27.1.1 - https:\/\/yoast.com\/product\/yoast-seo-wordpress\/ -->\n<title>Carne de Pato en Confit Deshuesada 150g | Martiko<\/title>\n<meta name=\"description\" content=\"Carne de pato confitada deshuesada Martiko, perfecta para rellenos. Cocinada lentamente en su propia grasa, con un sabor y textura \u00fanicos. Ideal para tus recetas favoritas.\" \/>\n<meta name=\"robots\" content=\"index, follow, max-snippet:-1, max-image-preview:large, max-video-preview:-1\" \/>\n<link rel=\"canonical\" href=\"https:\/\/martiko.com\/tienda\/productos\/carne-de-pato-en-confit-deshuesada\/\" \/>\n<meta property=\"og:locale\" content=\"ar_AR\" \/>\n<meta property=\"og:type\" content=\"article\" \/>\n<meta property=\"og:title\" content=\"Carne de Pato en Confit Deshuesada 150g | Martiko\" \/>\n<meta property=\"og:description\" content=\"Carne de pato confitada deshuesada Martiko, perfecta para rellenos. Cocinada lentamente en su propia grasa, con un sabor y textura \u00fanicos. Ideal para tus recetas favoritas.\" \/>\n<meta property=\"og:url\" content=\"https:\/\/martiko.com\/tienda\/productos\/carne-de-pato-en-confit-deshuesada\/\" \/>\n<meta property=\"og:site_name\" content=\"Martiko\" \/>\n<meta property=\"article:publisher\" content=\"https:\/\/www.facebook.com\/martikopates\/\" \/>\n<meta property=\"article:modified_time\" content=\"2026-04-22T06:42:31+00:00\" \/>\n<meta property=\"og:image\" content=\"https:\/\/martiko.com\/wp-content\/uploads\/2020\/05\/CARNE-DE-PATO-EN-CONFIT-DESHUESADA-3.jpg\" \/>\n\t<meta property=\"og:image:width\" content=\"1200\" \/>\n\t<meta property=\"og:image:height\" content=\"1200\" \/>\n\t<meta property=\"og:image:type\" content=\"image\/jpeg\" \/>\n<meta name=\"twitter:card\" content=\"summary_large_image\" \/>\n<meta name=\"twitter:label1\" content=\"Est. reading time\" \/>\n\t<meta name=\"twitter:data1\" content=\"1 \u062f\u0642\u064a\u0642\u0629\" \/>\n<script type=\"application\/ld+json\" class=\"yoast-schema-graph\">{\"@context\":\"https:\/\/schema.org\",\"@graph\":[{\"@type\":\"WebPage\",\"@id\":\"https:\/\/martiko.com\/tienda\/productos\/carne-de-pato-en-confit-deshuesada\/\",\"url\":\"https:\/\/martiko.com\/tienda\/productos\/carne-de-pato-en-confit-deshuesada\/\",\"name\":\"Carne de Pato en Confit Deshuesada 150g | Martiko\",\"isPartOf\":{\"@id\":\"https:\/\/martiko.com\/#website\"},\"primaryImageOfPage\":{\"@id\":\"https:\/\/martiko.com\/tienda\/productos\/carne-de-pato-en-confit-deshuesada\/#primaryimage\"},\"image\":{\"@id\":\"https:\/\/martiko.com\/tienda\/productos\/carne-de-pato-en-confit-deshuesada\/#primaryimage\"},\"thumbnailUrl\":\"https:\/\/martiko.com\/wp-content\/uploads\/2020\/05\/CARNE-DE-PATO-EN-CONFIT-DESHUESADA-3.jpg\",\"datePublished\":\"2024-07-10T03:57:53+00:00\",\"dateModified\":\"2026-04-22T06:42:31+00:00\",\"description\":\"Carne de pato confitada deshuesada Martiko, perfecta para rellenos. Cocinada lentamente en su propia grasa, con un sabor y textura \u00fanicos. Ideal para tus recetas favoritas.\",\"breadcrumb\":{\"@id\":\"https:\/\/martiko.com\/tienda\/productos\/carne-de-pato-en-confit-deshuesada\/#breadcrumb\"},\"inLanguage\":\"ar\",\"potentialAction\":[{\"@type\":\"ReadAction\",\"target\":[\"https:\/\/martiko.com\/tienda\/productos\/carne-de-pato-en-confit-deshuesada\/\"]}]},{\"@type\":\"ImageObject\",\"inLanguage\":\"ar\",\"@id\":\"https:\/\/martiko.com\/tienda\/productos\/carne-de-pato-en-confit-deshuesada\/#primaryimage\",\"url\":\"https:\/\/martiko.com\/wp-content\/uploads\/2020\/05\/CARNE-DE-PATO-EN-CONFIT-DESHUESADA-3.jpg\",\"contentUrl\":\"https:\/\/martiko.com\/wp-content\/uploads\/2020\/05\/CARNE-DE-PATO-EN-CONFIT-DESHUESADA-3.jpg\",\"width\":1200,\"height\":1200,\"caption\":\"CARNE DE PATO EN CONFIT DESHUESADA Martiko\"},{\"@type\":\"BreadcrumbList\",\"@id\":\"https:\/\/martiko.com\/tienda\/productos\/carne-de-pato-en-confit-deshuesada\/#breadcrumb\",\"itemListElement\":[{\"@type\":\"ListItem\",\"position\":1,\"name\":\"Inicio\",\"item\":\"https:\/\/martiko.com\/\"},{\"@type\":\"ListItem\",\"position\":2,\"name\":\"Productos\",\"item\":\"https:\/\/martiko.com\/tienda\/\"},{\"@type\":\"ListItem\",\"position\":3,\"name\":\"PATO\",\"item\":\"https:\/\/martiko.com\/tienda\/categoria-producto\/pato\/\"},{\"@type\":\"ListItem\",\"position\":4,\"name\":\"CONFIT DE PATO\",\"item\":\"https:\/\/martiko.com\/tienda\/categoria-producto\/pato\/confit-de-pato\/\"},{\"@type\":\"ListItem\",\"position\":5,\"name\":\"Carne de pato en confit deshuesada 150 g\"}]},{\"@type\":\"WebSite\",\"@id\":\"https:\/\/martiko.com\/#website\",\"url\":\"https:\/\/martiko.com\/\",\"name\":\"Martiko\",\"description\":\"Martiko\",\"publisher\":{\"@id\":\"https:\/\/martiko.com\/#organization\"},\"potentialAction\":[{\"@type\":\"SearchAction\",\"target\":{\"@type\":\"EntryPoint\",\"urlTemplate\":\"https:\/\/martiko.com\/?s={search_term_string}\"},\"query-input\":{\"@type\":\"PropertyValueSpecification\",\"valueRequired\":true,\"valueName\":\"search_term_string\"}}],\"inLanguage\":\"ar\"},{\"@type\":\"Organization\",\"@id\":\"https:\/\/martiko.com\/#organization\",\"name\":\"CONSERVAS MARTIKO SA\",\"url\":\"https:\/\/martiko.com\/\",\"logo\":{\"@type\":\"ImageObject\",\"inLanguage\":\"ar\",\"@id\":\"https:\/\/martiko.com\/#\/schema\/logo\/image\/\",\"url\":\"https:\/\/martiko.com\/wp-content\/uploads\/2024\/11\/Logo-Martiko-2021-dorado.png\",\"contentUrl\":\"https:\/\/martiko.com\/wp-content\/uploads\/2024\/11\/Logo-Martiko-2021-dorado.png\",\"width\":147,\"height\":34,\"caption\":\"CONSERVAS MARTIKO SA\"},\"image\":{\"@id\":\"https:\/\/martiko.com\/#\/schema\/logo\/image\/\"},\"sameAs\":[\"https:\/\/www.facebook.com\/martikopates\/\",\"https:\/\/www.instagram.com\/martikopato\/\",\"https:\/\/www.linkedin.com\/company\/2282554\"]}]}<\/script>\n<!-- \/ Yoast SEO plugin. -->","yoast_head_json":{"title":"Carne de Pato en Confit Deshuesada 150g | Martiko","description":"Carne de pato confitada deshuesada Martiko, perfecta para rellenos. Cocinada lentamente en su propia grasa, con un sabor y textura \u00fanicos. Ideal para tus recetas favoritas.","robots":{"index":"index","follow":"follow","max-snippet":"max-snippet:-1","max-image-preview":"max-image-preview:large","max-video-preview":"max-video-preview:-1"},"canonical":"https:\/\/martiko.com\/tienda\/productos\/carne-de-pato-en-confit-deshuesada\/","og_locale":"ar_AR","og_type":"article","og_title":"Carne de Pato en Confit Deshuesada 150g | Martiko","og_description":"Carne de pato confitada deshuesada Martiko, perfecta para rellenos. Cocinada lentamente en su propia grasa, con un sabor y textura \u00fanicos. Ideal para tus recetas favoritas.","og_url":"https:\/\/martiko.com\/tienda\/productos\/carne-de-pato-en-confit-deshuesada\/","og_site_name":"Martiko","article_publisher":"https:\/\/www.facebook.com\/martikopates\/","article_modified_time":"2026-04-22T06:42:31+00:00","og_image":[{"width":1200,"height":1200,"url":"https:\/\/martiko.com\/wp-content\/uploads\/2020\/05\/CARNE-DE-PATO-EN-CONFIT-DESHUESADA-3.jpg","type":"image\/jpeg"}],"twitter_card":"summary_large_image","twitter_misc":{"Est. reading time":"1 \u062f\u0642\u064a\u0642\u0629"},"schema":{"@context":"https:\/\/schema.org","@graph":[{"@type":"WebPage","@id":"https:\/\/martiko.com\/tienda\/productos\/carne-de-pato-en-confit-deshuesada\/","url":"https:\/\/martiko.com\/tienda\/productos\/carne-de-pato-en-confit-deshuesada\/","name":"Carne de Pato en Confit Deshuesada 150g | Martiko","isPartOf":{"@id":"https:\/\/martiko.com\/#website"},"primaryImageOfPage":{"@id":"https:\/\/martiko.com\/tienda\/productos\/carne-de-pato-en-confit-deshuesada\/#primaryimage"},"image":{"@id":"https:\/\/martiko.com\/tienda\/productos\/carne-de-pato-en-confit-deshuesada\/#primaryimage"},"thumbnailUrl":"https:\/\/martiko.com\/wp-content\/uploads\/2020\/05\/CARNE-DE-PATO-EN-CONFIT-DESHUESADA-3.jpg","datePublished":"2024-07-10T03:57:53+00:00","dateModified":"2026-04-22T06:42:31+00:00","description":"Carne de pato confitada deshuesada Martiko, perfecta para rellenos. Cocinada lentamente en su propia grasa, con un sabor y textura \u00fanicos. Ideal para tus recetas favoritas.","breadcrumb":{"@id":"https:\/\/martiko.com\/tienda\/productos\/carne-de-pato-en-confit-deshuesada\/#breadcrumb"},"inLanguage":"ar","potentialAction":[{"@type":"ReadAction","target":["https:\/\/martiko.com\/tienda\/productos\/carne-de-pato-en-confit-deshuesada\/"]}]},{"@type":"ImageObject","inLanguage":"ar","@id":"https:\/\/martiko.com\/tienda\/productos\/carne-de-pato-en-confit-deshuesada\/#primaryimage","url":"https:\/\/martiko.com\/wp-content\/uploads\/2020\/05\/CARNE-DE-PATO-EN-CONFIT-DESHUESADA-3.jpg","contentUrl":"https:\/\/martiko.com\/wp-content\/uploads\/2020\/05\/CARNE-DE-PATO-EN-CONFIT-DESHUESADA-3.jpg","width":1200,"height":1200,"caption":"CARNE DE PATO EN CONFIT DESHUESADA Martiko"},{"@type":"BreadcrumbList","@id":"https:\/\/martiko.com\/tienda\/productos\/carne-de-pato-en-confit-deshuesada\/#breadcrumb","itemListElement":[{"@type":"ListItem","position":1,"name":"Inicio","item":"https:\/\/martiko.com\/"},{"@type":"ListItem","position":2,"name":"Productos","item":"https:\/\/martiko.com\/tienda\/"},{"@type":"ListItem","position":3,"name":"PATO","item":"https:\/\/martiko.com\/tienda\/categoria-producto\/pato\/"},{"@type":"ListItem","position":4,"name":"CONFIT DE PATO","item":"https:\/\/martiko.com\/tienda\/categoria-producto\/pato\/confit-de-pato\/"},{"@type":"ListItem","position":5,"name":"Carne de pato en confit deshuesada 150 g"}]},{"@type":"WebSite","@id":"https:\/\/martiko.com\/#website","url":"https:\/\/martiko.com\/","name":"Martiko","description":"Martiko","publisher":{"@id":"https:\/\/martiko.com\/#organization"},"potentialAction":[{"@type":"SearchAction","target":{"@type":"EntryPoint","urlTemplate":"https:\/\/martiko.com\/?s={search_term_string}"},"query-input":{"@type":"PropertyValueSpecification","valueRequired":true,"valueName":"search_term_string"}}],"inLanguage":"ar"},{"@type":"Organization","@id":"https:\/\/martiko.com\/#organization","name":"CONSERVAS MARTIKO SA","url":"https:\/\/martiko.com\/","logo":{"@type":"ImageObject","inLanguage":"ar","@id":"https:\/\/martiko.com\/#\/schema\/logo\/image\/","url":"https:\/\/martiko.com\/wp-content\/uploads\/2024\/11\/Logo-Martiko-2021-dorado.png","contentUrl":"https:\/\/martiko.com\/wp-content\/uploads\/2024\/11\/Logo-Martiko-2021-dorado.png","width":147,"height":34,"caption":"CONSERVAS MARTIKO SA"},"image":{"@id":"https:\/\/martiko.com\/#\/schema\/logo\/image\/"},"sameAs":["https:\/\/www.facebook.com\/martikopates\/","https:\/\/www.instagram.com\/martikopato\/","https:\/\/www.linkedin.com\/company\/2282554"]}]}},"_links":{"self":[{"href":"https:\/\/martiko.com\/ar\/wp-json\/wp\/v2\/product\/385","targetHints":{"allow":["GET"]}}],"collection":[{"href":"https:\/\/martiko.com\/ar\/wp-json\/wp\/v2\/product"}],"about":[{"href":"https:\/\/martiko.com\/ar\/wp-json\/wp\/v2\/types\/product"}],"wp:featuredmedia":[{"embeddable":true,"href":"https:\/\/martiko.com\/ar\/wp-json\/wp\/v2\/media\/386"}],"wp:attachment":[{"href":"https:\/\/martiko.com\/ar\/wp-json\/wp\/v2\/media?parent=385"}],"wp:term":[{"taxonomy":"product_brand","embeddable":true,"href":"https:\/\/martiko.com\/ar\/wp-json\/wp\/v2\/product_brand?post=385"},{"taxonomy":"product_cat","embeddable":true,"href":"https:\/\/martiko.com\/ar\/wp-json\/wp\/v2\/product_cat?post=385"},{"taxonomy":"product_tag","embeddable":true,"href":"https:\/\/martiko.com\/ar\/wp-json\/wp\/v2\/product_tag?post=385"}],"curies":[{"name":"wp","href":"https:\/\/api.w.org\/{rel}","templated":true}]}}