{"id":773,"date":"2024-02-07T11:35:28","date_gmt":"2024-02-07T10:35:28","guid":{"rendered":"https:\/\/martiko.com\/producto\/siempre-hay-pato-martiko-en-mi-despensa-2\/"},"modified":"2026-04-22T08:45:36","modified_gmt":"2026-04-22T06:45:36","slug":"siempre-hay-pato-martiko-en-mi-despensa-2","status":"publish","type":"product","link":"https:\/\/martiko.com\/ar\/tienda\/productos\/siempre-hay-pato-martiko-en-mi-despensa-2\/","title":{"rendered":"SIEMPRE HAY PATO MARTIKO EN MI DESPENSA"},"content":{"rendered":"","protected":false},"excerpt":{"rendered":"<p>&#8220;Siempre hay pato Martiko en mi despensa&#8221; es un lote gourmet cuidadosamente seleccionado con nuestras mejores conservas: bloc de foie gras, pat\u00e9 de pato, pat\u00e9 de oca, pat\u00e9s de pato con diferentes sabores (trufa, dulce de calabaza y cebolla caramelizada), dulces de diferentes sabores, y pan tostado con pasas.<\/p>\n<p>Todo listo para disfrutar y sorprender. Porque en Martiko tenemos la clave para convertir un d\u00eda &#8220;normal&#8221; en un d\u00eda diferente, m\u00e1s sabroso, placentero y delicioso.<\/p>\n","protected":false},"featured_media":16445,"template":"","meta":{"_acf_changed":false,"site-sidebar-layout":"default","site-content-layout":"","ast-site-content-layout":"default","site-content-style":"default","site-sidebar-style":"default","ast-global-header-display":"","ast-banner-title-visibility":"","ast-main-header-display":"","ast-hfb-above-header-display":"","ast-hfb-below-header-display":"","ast-hfb-mobile-header-display":"","site-post-title":"","ast-breadcrumbs-content":"","ast-featured-img":"","footer-sml-layout":"","ast-disable-related-posts":"","theme-transparent-header-meta":"default","adv-header-id-meta":"","stick-header-meta":"","header-above-stick-meta":"","header-main-stick-meta":"","header-below-stick-meta":"","astra-migrate-meta-layouts":"set","ast-page-background-enabled":"default","ast-page-background-meta":{"desktop":{"background-color":"var(--ast-global-color-4)","background-image":"","background-repeat":"repeat","background-position":"center center","background-size":"auto","background-attachment":"scroll","background-type":"","background-media":"","overlay-type":"","overlay-color":"","overlay-opacity":"","overlay-gradient":""},"tablet":{"background-color":"","background-image":"","background-repeat":"repeat","background-position":"center center","background-size":"auto","background-attachment":"scroll","background-type":"","background-media":"","overlay-type":"","overlay-color":"","overlay-opacity":"","overlay-gradient":""},"mobile":{"background-color":"","background-image":"","background-repeat":"repeat","background-position":"center center","background-size":"auto","background-attachment":"scroll","background-type":"","background-media":"","overlay-type":"","overlay-color":"","overlay-opacity":"","overlay-gradient":""}},"ast-content-background-meta":{"desktop":{"background-color":"var(--ast-global-color-5)","background-image":"","background-repeat":"repeat","background-position":"center center","background-size":"auto","background-attachment":"scroll","background-type":"","background-media":"","overlay-type":"","overlay-color":"","overlay-opacity":"","overlay-gradient":""},"tablet":{"background-color":"var(--ast-global-color-5)","background-image":"","background-repeat":"repeat","background-position":"center center","background-size":"auto","background-attachment":"scroll","background-type":"","background-media":"","overlay-type":"","overlay-color":"","overlay-opacity":"","overlay-gradient":""},"mobile":{"background-color":"var(--ast-global-color-5)","background-image":"","background-repeat":"repeat","background-position":"center center","background-size":"auto","background-attachment":"scroll","background-type":"","background-media":"","overlay-type":"","overlay-color":"","overlay-opacity":"","overlay-gradient":""}}},"product_brand":[],"product_cat":[22],"product_tag":[374,521,347,468],"class_list":{"0":"post-773","1":"product","2":"type-product","3":"status-publish","4":"has-post-thumbnail","6":"product_cat-lotes-gourmet","7":"product_tag-foie-gras","8":"product_tag-lote-martiko","9":"product_tag-martiko","10":"product_tag-pate","11":"desktop-align-center","12":"tablet-align-left","13":"mobile-align-left","15":"first","16":"instock","17":"taxable","18":"shipping-taxable","19":"purchasable","20":"product-type-simple"},"acf":{"aecoc-marca":"Martiko","aecoc-gln":"8412540000006","aecoc-gtin":"08412540102854","aecoc-denominacion_comercial":"Siempre hay pato Martiko en mi despensa.","aecoc-denominacion_legal":"Bloc de foie gras de pato + pat\u00e9 de oca + pat\u00e9 de pato + pat\u00e9 de pato con trufa + pat\u00e9 de pato con cebolla caramelizada +pat\u00e9 de pato con cabello de angel (dulce de calabaza) + dulce de tomate + dulce de manzana + dulce de cebolla + pan tostado con pasas.","aecoc-peso_bruto":"","aecoc-peso_neto":"1015","aecoc-peso_neto_escurrido":"","aecoc-cantidad_neta":"6X130g+3x45g+100g","aecoc-condiciones_de_conservacion":"Mantener en sitio fresco y seco. Una vez abierto (ver envase de cada producto).","aecoc-modo_de_preparacion":"","aecoc-fabricado":"Martiko P.I. Zalain, s\/n - C.P. 31780 Navarra (Espa\u00f1a)","aecoc-registro_sanitario":"ES 10.14400\/NA","aecoc-ingredientes":"BLOC DE FOIE GRAS DE PATO: foie gras de pato, agua, brandy, sal, az\u00facar, especias, antioxidante: E-301 y conservador: E-250. PAT\u00c9 DE OCA: 55% h\u00edgado de oca, agua, h\u00edgado de pato, HUEVO, almid\u00f3n de ma\u00edz, sal, vino blanco, bebida aromatizada a base de vino, corrector de acidez: E-331iii, especias,  prote\u00edna de la LECHE, az\u00facar, espesante: E-415, emulgente: E-451i, fibra vegetal (bamb\u00fa), aroma natural, antioxidante: E-301 y conservador: E-250. Materia prima c\u00e1rnica origen: UE. PAT\u00c9 DE PATO: 42% h\u00edgado de pato, agua, 14% grasa de pato, NATA (NATA (LECHE) y estabilizante: E-407), HUEVO, almid\u00f3n de ma\u00edz, sal, vino blanco, bebida aromatizada a base de vino con aroma natural, corrector de acidez: E-331iii, prote\u00edna de la LECHE, pimienta blanca, az\u00facar, espesante: E-415, emulgente: E-451i, fibra vegetal (bambu), aroma natural, antioxidante: E-301 y conservador: E-250. Origen h\u00edgado de pato: UE. PAT\u00c9 DE PATO CON TRUFA: 59% h\u00edgado de pato, agua, HUEVO, almid\u00f3n de ma\u00edz, sal, vino blanco, bebida aromatizada a base de vino, 0.9% brisura de trufa (Tuber indicum), corrector de acid\u00e9z E-331iii, condimento de aceite de oliva virgen extra con aroma de trufa negra (aceite de oliva virgen extra, aroma a trufa negra), prote\u00edna de la LECHE, pimienta blanca, az\u00facar, espesante: E-415, emulgente: E-451i, fibra vegetal (bamb\u00fa), aroma natural, antioxidante: E-301 y conservador: E-250. Origen h\u00edgado de pato: UE. PAT\u00c9 DE PATO CON CEBOLLA CARAMELIZADA: 58% h\u00edgado de pato, agua, HUEVO, 2.5% cebolla caramelizada (cebolla, az\u00facar, agua), almid\u00f3n de ma\u00edz, sal, vino blanco, bebida aromatizada a base de vino, corrector de acidez: E-331iii, prote\u00edna de la LECHE, pimienta blanca, azucar, espesante E-415, emulgente: E-451i, fibra vegetal (bamb\u00fa), aroma natural, antioxidante: E-301 y conservador: E-250. Origen h\u00edgado de pato: UE. PATE DE PATO CON DULCE DE CALABAZA: 38% h\u00edgado de pato, agua, 13% grasa de pato, NATA (NATA(LECHE) y estabilizante: E-407 y E-508), 8% cabello de \u00e1ngel (pulpa de calabaza, az\u00facar, glucosa, espesantes: E-410 y E-407, estabilizante: E-1422, f\u00e9cula modificada: E-1442, conservadores: E-202, E-223 (contiene SULFITOS) y acidulante: E-330), HUEVO, almid\u00f3n de ma\u00edz, sal, vino blanco, bebida aromatizada a base de vino con aroma natural, corrector de acidez: E-331iii, prote\u00edna de la LECHE, pimienta blanca, az\u00facar, espesante: E-415, emulgente: E-451i, fibra vegetal (bamb\u00fa), aroma natural, antioxidante: E-301 y conservador: E-250. Contiene SULFITOS. Origen h\u00edgado de pato: UE. DULCE DE TOMATE: 55% tomate, az\u00facar, sal, espesantes: E-410, E-415 y E-440ii, acidulante: \u00e1cido c\u00edtrico y corrector de acidez: E-516. DULCE DE MANZANA: 70% manzana, agua y az\u00facar. DULCE DE CEBOLLA: 60% cebolla, az\u00facar y agua. PAN TOSTADO CON PASAS: Harina de TRIGO (GLUTEN), agua, pasas (20%), levadura, az\u00facar, MANTEQUILLA (LECHE) (MANTEQUILLA (LECHE) de NATA (LECHE) pasterizada, fermentos l\u00e1cticos y colorante: E-160a(iii)), sal, emulgente: E-472e, antioxidante: E-300 y enzimas. Puede contener trazas de SOJA y MOSTAZA.","aecoc-racion":"100","aecoc-unidad_racion":"g","aecoc-energia_1":"1956","aecoc-unidad_energia_1":"kJ","aecoc-energia_2":"475","aecoc-unidad_energia_2":"kcal","aecoc-grasas":"49","aecoc-unidad_grasas":"g","aecoc-grasos_saturados":"21","aecoc-unidad_grasos_saturados":"g","aecoc-hidratos_de_carbono":"2.9","aecoc-unidad_hidratos_de_carbono":"g","aecoc-azucares":"0.7","aecoc-unidad_azucares":"g","aecoc-proteinas":"5.5","aecoc-unidad_proteinas":"g","aecoc-sal":"1.11","aecoc-unidad_sal":"g","aecoc-acidos_grasos_omega_3":"","aecoc-sin_gluten":false,"aecoc-multitabla":true,"aecoc-tabla_nutricional":"[{'title': 'Tama\u00f1o de la raci\u00f3n por 100g de bloc pato 130g',        'content': {                 'aecoc-racion': '100@_@g','aecoc-energia_1': '1956@_@kJ','aecoc-energia_2': '475@_@kcal','aecoc-grasas': '49@_@g','aecoc-grasos_saturados': '21@_@g','aecoc-hidratos_de_carbono': '2.9@_@g','aecoc-azucares': '0.7@_@g','aecoc-proteinas': '5.5@_@g','aecoc-sal': '1.11@_@g'            }},{'title': 'Tama\u00f1o de la raci\u00f3n por 100g de pat\u00e9 de oca',        'content': {                 'aecoc-racion': '100@_@g','aecoc-energia_1': '1228@_@kJ','aecoc-energia_2': '297@_@kcal','aecoc-grasas': '28@_@g','aecoc-grasos_saturados': '11@_@g','aecoc-hidratos_de_carbono': '4.2@_@g','aecoc-azucares': '0.6@_@g','aecoc-proteinas': '7.1@_@g','aecoc-sal': '1.7@_@g'            }},{'title': 'Tama\u00f1o de la raci\u00f3n por 100g de pat\u00e9 de pato',        'content': {                 'aecoc-racion': '100@_@g','aecoc-energia_1': '1174@_@kJ','aecoc-energia_2': '284@_@kcal','aecoc-grasas': '27@_@g','aecoc-grasos_saturados': '16@_@g','aecoc-hidratos_de_carbono': '3.2@_@g','aecoc-azucares': '1.5@_@g','aecoc-proteinas': '7.1@_@g','aecoc-sal': '1.73@_@g'            }},{'title': 'Tama\u00f1o de la raci\u00f3n por 100g de pat\u00e9 de pato con trufa',        'content': {                 'aecoc-racion': '100@_@g','aecoc-energia_1': '719@_@kJ','aecoc-energia_2': '173@_@kcal','aecoc-grasas': '14@_@g','aecoc-grasos_saturados': '6.1@_@g','aecoc-hidratos_de_carbono': '4.2@_@g','aecoc-azucares': '0.4@_@g','aecoc-proteinas': '7.6@_@g','aecoc-sal': '1.9@_@g'            }},{'title': 'Tama\u00f1o de la raci\u00f3n por 100g de pat\u00e9 de pato con cebolla caramelizada',        'content': {                 'aecoc-racion': '100@_@g','aecoc-energia_1': '727@_@kJ','aecoc-energia_2': '175@_@kcal','aecoc-grasas': '14@_@g','aecoc-grasos_saturados': '6@_@g','aecoc-hidratos_de_carbono': '5.1@_@g','aecoc-azucares': '1.9@_@g','aecoc-proteinas': '7.2@_@g','aecoc-sal': '1.9@_@g'            }},{'title': 'Tama\u00f1o de la raci\u00f3n por 100g de pat\u00e9 de pato con dulce de calabaza',        'content': {                 'aecoc-racion': '100@_@g','aecoc-energia_1': '1113@_@kJ','aecoc-energia_2': '269@_@kcal','aecoc-grasas': '23@_@g','aecoc-grasos_saturados': '9.8@_@g','aecoc-hidratos_de_carbono': '8.5@_@g','aecoc-azucares': '4.6@_@g','aecoc-proteinas': '6.9@_@g','aecoc-sal': '1.53@_@g'            }},{'title': 'Tama\u00f1o de la raci\u00f3n por 100g de dulce de tomate',        'content': {                 'aecoc-racion': '100@_@g','aecoc-energia_1': '854@_@kJ','aecoc-energia_2': '201@_@kcal','aecoc-grasas': '0.5@_@g','aecoc-grasos_saturados': '0.5@_@g','aecoc-hidratos_de_carbono': '49.5@_@g','aecoc-azucares': '45.9@_@g','aecoc-proteinas': '0.58@_@g','aecoc-sal': '0.39@_@g'            }},{'title': 'Tama\u00f1o de la raci\u00f3n por 100g de dulce de manzana',        'content': {                 'aecoc-racion': '100@_@g','aecoc-energia_1': '449@_@kJ','aecoc-energia_2': '106@_@kcal','aecoc-grasas': '0.5@_@g','aecoc-grasos_saturados': '0@_@g','aecoc-hidratos_de_carbono': '24@_@g','aecoc-azucares': '21@_@g','aecoc-proteinas': '0.5@_@g','aecoc-sal': '0@_@g'            }},{'title': 'Tama\u00f1o de la raci\u00f3n por 100g de dulce de cebolla',        'content': {                 'aecoc-racion': '100@_@g','aecoc-energia_1': '1230@_@kJ','aecoc-energia_2': '290@_@kcal','aecoc-grasas': '0.5@_@g','aecoc-grasos_saturados': '0@_@g','aecoc-hidratos_de_carbono': '70@_@g','aecoc-azucares': '65@_@g','aecoc-proteinas': '0.8@_@g','aecoc-sal': '0@_@g'            }},{'title': 'Tama\u00f1o de la raci\u00f3n por 100g de pan tostado con pasas',        'content': {                 'aecoc-racion': '100@_@g','aecoc-energia_1': '1525@_@kJ','aecoc-energia_2': '360@_@kcal','aecoc-grasas': '3@_@g','aecoc-grasos_saturados': '1.2@_@g','aecoc-hidratos_de_carbono': '72.3@_@g','aecoc-azucares': '20.4@_@g','aecoc-proteinas': '8.6@_@g','aecoc-sal': '1.1@_@g'            }}]","aecoc-contenedor_reciclaje":"Contenedor_Amarillo, Contenedor_Azul, Contenedor_Verde"},"yoast_head":"<!-- This site is optimized with the Yoast SEO plugin v27.1.1 - https:\/\/yoast.com\/product\/yoast-seo-wordpress\/ -->\n<title>Siempre Hay Pato Martiko en Mi Despensa | Lotes Gourmet<\/title>\n<meta name=\"description\" content=\"Si es de los que no puede vivir sin los productos Martiko, esta selecci\u00f3n de productos en conserva le encantar\u00e1. Para que nunca faltemos en su despensa.\" \/>\n<meta name=\"robots\" content=\"index, follow, max-snippet:-1, max-image-preview:large, max-video-preview:-1\" \/>\n<link rel=\"canonical\" href=\"https:\/\/martiko.com\/tienda\/productos\/siempre-hay-pato-martiko-en-mi-despensa-2\/\" \/>\n<meta property=\"og:locale\" content=\"ar_AR\" \/>\n<meta property=\"og:type\" content=\"article\" \/>\n<meta property=\"og:title\" content=\"Siempre Hay Pato Martiko en Mi Despensa | Lotes Gourmet\" \/>\n<meta property=\"og:description\" content=\"Si es de los que no puede vivir sin los productos Martiko, esta selecci\u00f3n de productos en conserva le encantar\u00e1. Para que nunca faltemos en su despensa.\" \/>\n<meta property=\"og:url\" content=\"https:\/\/martiko.com\/tienda\/productos\/siempre-hay-pato-martiko-en-mi-despensa-2\/\" \/>\n<meta property=\"og:site_name\" content=\"Martiko\" \/>\n<meta property=\"article:publisher\" content=\"https:\/\/www.facebook.com\/martikopates\/\" \/>\n<meta property=\"article:modified_time\" content=\"2026-04-22T06:45:36+00:00\" \/>\n<meta property=\"og:image\" content=\"https:\/\/martiko.com\/wp-content\/uploads\/2024\/02\/lote-siempre-hay-pato-martiko-en-mi-despensa-10285.webp\" \/>\n\t<meta property=\"og:image:width\" content=\"1024\" \/>\n\t<meta property=\"og:image:height\" content=\"1024\" \/>\n\t<meta property=\"og:image:type\" content=\"image\/webp\" \/>\n<meta name=\"twitter:card\" content=\"summary_large_image\" \/>\n<meta name=\"twitter:label1\" content=\"Est. reading time\" \/>\n\t<meta name=\"twitter:data1\" content=\"1 \u062f\u0642\u064a\u0642\u0629\" \/>\n<script type=\"application\/ld+json\" class=\"yoast-schema-graph\">{\"@context\":\"https:\/\/schema.org\",\"@graph\":[{\"@type\":\"WebPage\",\"@id\":\"https:\/\/martiko.com\/tienda\/productos\/siempre-hay-pato-martiko-en-mi-despensa-2\/\",\"url\":\"https:\/\/martiko.com\/tienda\/productos\/siempre-hay-pato-martiko-en-mi-despensa-2\/\",\"name\":\"Siempre Hay Pato Martiko en Mi Despensa | Lotes Gourmet\",\"isPartOf\":{\"@id\":\"https:\/\/martiko.com\/#website\"},\"primaryImageOfPage\":{\"@id\":\"https:\/\/martiko.com\/tienda\/productos\/siempre-hay-pato-martiko-en-mi-despensa-2\/#primaryimage\"},\"image\":{\"@id\":\"https:\/\/martiko.com\/tienda\/productos\/siempre-hay-pato-martiko-en-mi-despensa-2\/#primaryimage\"},\"thumbnailUrl\":\"https:\/\/martiko.com\/wp-content\/uploads\/2024\/02\/lote-siempre-hay-pato-martiko-en-mi-despensa-10285.webp\",\"datePublished\":\"2024-02-07T10:35:28+00:00\",\"dateModified\":\"2026-04-22T06:45:36+00:00\",\"description\":\"Si es de los que no puede vivir sin los productos Martiko, esta selecci\u00f3n de productos en conserva le encantar\u00e1. Para que nunca faltemos en su despensa.\",\"breadcrumb\":{\"@id\":\"https:\/\/martiko.com\/tienda\/productos\/siempre-hay-pato-martiko-en-mi-despensa-2\/#breadcrumb\"},\"inLanguage\":\"ar\",\"potentialAction\":[{\"@type\":\"ReadAction\",\"target\":[\"https:\/\/martiko.com\/tienda\/productos\/siempre-hay-pato-martiko-en-mi-despensa-2\/\"]}]},{\"@type\":\"ImageObject\",\"inLanguage\":\"ar\",\"@id\":\"https:\/\/martiko.com\/tienda\/productos\/siempre-hay-pato-martiko-en-mi-despensa-2\/#primaryimage\",\"url\":\"https:\/\/martiko.com\/wp-content\/uploads\/2024\/02\/lote-siempre-hay-pato-martiko-en-mi-despensa-10285.webp\",\"contentUrl\":\"https:\/\/martiko.com\/wp-content\/uploads\/2024\/02\/lote-siempre-hay-pato-martiko-en-mi-despensa-10285.webp\",\"width\":1024,\"height\":1024,\"caption\":\"Lote Siempre hay Pato Martiko en mi Despensa\"},{\"@type\":\"BreadcrumbList\",\"@id\":\"https:\/\/martiko.com\/tienda\/productos\/siempre-hay-pato-martiko-en-mi-despensa-2\/#breadcrumb\",\"itemListElement\":[{\"@type\":\"ListItem\",\"position\":1,\"name\":\"Inicio\",\"item\":\"https:\/\/martiko.com\/\"},{\"@type\":\"ListItem\",\"position\":2,\"name\":\"Productos\",\"item\":\"https:\/\/martiko.com\/tienda\/\"},{\"@type\":\"ListItem\",\"position\":3,\"name\":\"LOTES GOURMET\",\"item\":\"https:\/\/martiko.com\/tienda\/categoria-producto\/lotes-gourmet\/\"},{\"@type\":\"ListItem\",\"position\":4,\"name\":\"SIEMPRE HAY PATO MARTIKO EN MI DESPENSA\"}]},{\"@type\":\"WebSite\",\"@id\":\"https:\/\/martiko.com\/#website\",\"url\":\"https:\/\/martiko.com\/\",\"name\":\"Martiko\",\"description\":\"Martiko\",\"publisher\":{\"@id\":\"https:\/\/martiko.com\/#organization\"},\"potentialAction\":[{\"@type\":\"SearchAction\",\"target\":{\"@type\":\"EntryPoint\",\"urlTemplate\":\"https:\/\/martiko.com\/?s={search_term_string}\"},\"query-input\":{\"@type\":\"PropertyValueSpecification\",\"valueRequired\":true,\"valueName\":\"search_term_string\"}}],\"inLanguage\":\"ar\"},{\"@type\":\"Organization\",\"@id\":\"https:\/\/martiko.com\/#organization\",\"name\":\"CONSERVAS MARTIKO SA\",\"url\":\"https:\/\/martiko.com\/\",\"logo\":{\"@type\":\"ImageObject\",\"inLanguage\":\"ar\",\"@id\":\"https:\/\/martiko.com\/#\/schema\/logo\/image\/\",\"url\":\"https:\/\/martiko.com\/wp-content\/uploads\/2024\/11\/Logo-Martiko-2021-dorado.png\",\"contentUrl\":\"https:\/\/martiko.com\/wp-content\/uploads\/2024\/11\/Logo-Martiko-2021-dorado.png\",\"width\":147,\"height\":34,\"caption\":\"CONSERVAS MARTIKO SA\"},\"image\":{\"@id\":\"https:\/\/martiko.com\/#\/schema\/logo\/image\/\"},\"sameAs\":[\"https:\/\/www.facebook.com\/martikopates\/\",\"https:\/\/www.instagram.com\/martikopato\/\",\"https:\/\/www.linkedin.com\/company\/2282554\"]}]}<\/script>\n<!-- \/ Yoast SEO plugin. -->","yoast_head_json":{"title":"Siempre Hay Pato Martiko en Mi Despensa | Lotes Gourmet","description":"Si es de los que no puede vivir sin los productos Martiko, esta selecci\u00f3n de productos en conserva le encantar\u00e1. Para que nunca faltemos en su despensa.","robots":{"index":"index","follow":"follow","max-snippet":"max-snippet:-1","max-image-preview":"max-image-preview:large","max-video-preview":"max-video-preview:-1"},"canonical":"https:\/\/martiko.com\/tienda\/productos\/siempre-hay-pato-martiko-en-mi-despensa-2\/","og_locale":"ar_AR","og_type":"article","og_title":"Siempre Hay Pato Martiko en Mi Despensa | Lotes Gourmet","og_description":"Si es de los que no puede vivir sin los productos Martiko, esta selecci\u00f3n de productos en conserva le encantar\u00e1. Para que nunca faltemos en su despensa.","og_url":"https:\/\/martiko.com\/tienda\/productos\/siempre-hay-pato-martiko-en-mi-despensa-2\/","og_site_name":"Martiko","article_publisher":"https:\/\/www.facebook.com\/martikopates\/","article_modified_time":"2026-04-22T06:45:36+00:00","og_image":[{"width":1024,"height":1024,"url":"https:\/\/martiko.com\/wp-content\/uploads\/2024\/02\/lote-siempre-hay-pato-martiko-en-mi-despensa-10285.webp","type":"image\/webp"}],"twitter_card":"summary_large_image","twitter_misc":{"Est. reading time":"1 \u062f\u0642\u064a\u0642\u0629"},"schema":{"@context":"https:\/\/schema.org","@graph":[{"@type":"WebPage","@id":"https:\/\/martiko.com\/tienda\/productos\/siempre-hay-pato-martiko-en-mi-despensa-2\/","url":"https:\/\/martiko.com\/tienda\/productos\/siempre-hay-pato-martiko-en-mi-despensa-2\/","name":"Siempre Hay Pato Martiko en Mi Despensa | Lotes Gourmet","isPartOf":{"@id":"https:\/\/martiko.com\/#website"},"primaryImageOfPage":{"@id":"https:\/\/martiko.com\/tienda\/productos\/siempre-hay-pato-martiko-en-mi-despensa-2\/#primaryimage"},"image":{"@id":"https:\/\/martiko.com\/tienda\/productos\/siempre-hay-pato-martiko-en-mi-despensa-2\/#primaryimage"},"thumbnailUrl":"https:\/\/martiko.com\/wp-content\/uploads\/2024\/02\/lote-siempre-hay-pato-martiko-en-mi-despensa-10285.webp","datePublished":"2024-02-07T10:35:28+00:00","dateModified":"2026-04-22T06:45:36+00:00","description":"Si es de los que no puede vivir sin los productos Martiko, esta selecci\u00f3n de productos en conserva le encantar\u00e1. Para que nunca faltemos en su despensa.","breadcrumb":{"@id":"https:\/\/martiko.com\/tienda\/productos\/siempre-hay-pato-martiko-en-mi-despensa-2\/#breadcrumb"},"inLanguage":"ar","potentialAction":[{"@type":"ReadAction","target":["https:\/\/martiko.com\/tienda\/productos\/siempre-hay-pato-martiko-en-mi-despensa-2\/"]}]},{"@type":"ImageObject","inLanguage":"ar","@id":"https:\/\/martiko.com\/tienda\/productos\/siempre-hay-pato-martiko-en-mi-despensa-2\/#primaryimage","url":"https:\/\/martiko.com\/wp-content\/uploads\/2024\/02\/lote-siempre-hay-pato-martiko-en-mi-despensa-10285.webp","contentUrl":"https:\/\/martiko.com\/wp-content\/uploads\/2024\/02\/lote-siempre-hay-pato-martiko-en-mi-despensa-10285.webp","width":1024,"height":1024,"caption":"Lote Siempre hay Pato Martiko en mi Despensa"},{"@type":"BreadcrumbList","@id":"https:\/\/martiko.com\/tienda\/productos\/siempre-hay-pato-martiko-en-mi-despensa-2\/#breadcrumb","itemListElement":[{"@type":"ListItem","position":1,"name":"Inicio","item":"https:\/\/martiko.com\/"},{"@type":"ListItem","position":2,"name":"Productos","item":"https:\/\/martiko.com\/tienda\/"},{"@type":"ListItem","position":3,"name":"LOTES GOURMET","item":"https:\/\/martiko.com\/tienda\/categoria-producto\/lotes-gourmet\/"},{"@type":"ListItem","position":4,"name":"SIEMPRE HAY PATO MARTIKO EN MI DESPENSA"}]},{"@type":"WebSite","@id":"https:\/\/martiko.com\/#website","url":"https:\/\/martiko.com\/","name":"Martiko","description":"Martiko","publisher":{"@id":"https:\/\/martiko.com\/#organization"},"potentialAction":[{"@type":"SearchAction","target":{"@type":"EntryPoint","urlTemplate":"https:\/\/martiko.com\/?s={search_term_string}"},"query-input":{"@type":"PropertyValueSpecification","valueRequired":true,"valueName":"search_term_string"}}],"inLanguage":"ar"},{"@type":"Organization","@id":"https:\/\/martiko.com\/#organization","name":"CONSERVAS MARTIKO SA","url":"https:\/\/martiko.com\/","logo":{"@type":"ImageObject","inLanguage":"ar","@id":"https:\/\/martiko.com\/#\/schema\/logo\/image\/","url":"https:\/\/martiko.com\/wp-content\/uploads\/2024\/11\/Logo-Martiko-2021-dorado.png","contentUrl":"https:\/\/martiko.com\/wp-content\/uploads\/2024\/11\/Logo-Martiko-2021-dorado.png","width":147,"height":34,"caption":"CONSERVAS MARTIKO SA"},"image":{"@id":"https:\/\/martiko.com\/#\/schema\/logo\/image\/"},"sameAs":["https:\/\/www.facebook.com\/martikopates\/","https:\/\/www.instagram.com\/martikopato\/","https:\/\/www.linkedin.com\/company\/2282554"]}]}},"_links":{"self":[{"href":"https:\/\/martiko.com\/ar\/wp-json\/wp\/v2\/product\/773","targetHints":{"allow":["GET"]}}],"collection":[{"href":"https:\/\/martiko.com\/ar\/wp-json\/wp\/v2\/product"}],"about":[{"href":"https:\/\/martiko.com\/ar\/wp-json\/wp\/v2\/types\/product"}],"wp:featuredmedia":[{"embeddable":true,"href":"https:\/\/martiko.com\/ar\/wp-json\/wp\/v2\/media\/16445"}],"wp:attachment":[{"href":"https:\/\/martiko.com\/ar\/wp-json\/wp\/v2\/media?parent=773"}],"wp:term":[{"taxonomy":"product_brand","embeddable":true,"href":"https:\/\/martiko.com\/ar\/wp-json\/wp\/v2\/product_brand?post=773"},{"taxonomy":"product_cat","embeddable":true,"href":"https:\/\/martiko.com\/ar\/wp-json\/wp\/v2\/product_cat?post=773"},{"taxonomy":"product_tag","embeddable":true,"href":"https:\/\/martiko.com\/ar\/wp-json\/wp\/v2\/product_tag?post=773"}],"curies":[{"name":"wp","href":"https:\/\/api.w.org\/{rel}","templated":true}]}}