{"id":767,"date":"2024-03-09T14:19:29","date_gmt":"2024-03-09T13:19:29","guid":{"rendered":"https:\/\/martiko.com\/producto\/pate-pato-cebolla-caramelizada-martiko-75-g\/"},"modified":"2026-04-08T08:46:02","modified_gmt":"2026-04-08T06:46:02","slug":"pate-pato-cebolla-caramelizada-martiko-75-g","status":"publish","type":"product","link":"https:\/\/martiko.com\/en\/tienda\/productos\/pate-pato-cebolla-caramelizada-martiko-75-g\/","title":{"rendered":"Pat\u00e9 de pato Martiko Superior con cebolla caramelizada 75 g + 33% GRATIS"},"content":{"rendered":"","protected":false},"excerpt":{"rendered":"<p>A nuestra nueva receta de pat\u00e9 de pato Martiko Superior, le hemos a\u00f1adido cebolla caramelizada, logrando un sabor en boca que gustar\u00e1 tanto a grandes como a los peque\u00f1os de la casa.<\/p>\n","protected":false},"featured_media":16545,"template":"","meta":{"_acf_changed":false,"site-sidebar-layout":"default","site-content-layout":"","ast-site-content-layout":"default","site-content-style":"default","site-sidebar-style":"default","ast-global-header-display":"","ast-banner-title-visibility":"","ast-main-header-display":"","ast-hfb-above-header-display":"","ast-hfb-below-header-display":"","ast-hfb-mobile-header-display":"","site-post-title":"","ast-breadcrumbs-content":"","ast-featured-img":"","footer-sml-layout":"","ast-disable-related-posts":"","theme-transparent-header-meta":"default","adv-header-id-meta":"","stick-header-meta":"","header-above-stick-meta":"","header-main-stick-meta":"","header-below-stick-meta":"","astra-migrate-meta-layouts":"set","ast-page-background-enabled":"default","ast-page-background-meta":{"desktop":{"background-color":"var(--ast-global-color-4)","background-image":"","background-repeat":"repeat","background-position":"center center","background-size":"auto","background-attachment":"scroll","background-type":"","background-media":"","overlay-type":"","overlay-color":"","overlay-opacity":"","overlay-gradient":""},"tablet":{"background-color":"","background-image":"","background-repeat":"repeat","background-position":"center center","background-size":"auto","background-attachment":"scroll","background-type":"","background-media":"","overlay-type":"","overlay-color":"","overlay-opacity":"","overlay-gradient":""},"mobile":{"background-color":"","background-image":"","background-repeat":"repeat","background-position":"center center","background-size":"auto","background-attachment":"scroll","background-type":"","background-media":"","overlay-type":"","overlay-color":"","overlay-opacity":"","overlay-gradient":""}},"ast-content-background-meta":{"desktop":{"background-color":"var(--ast-global-color-5)","background-image":"","background-repeat":"repeat","background-position":"center center","background-size":"auto","background-attachment":"scroll","background-type":"","background-media":"","overlay-type":"","overlay-color":"","overlay-opacity":"","overlay-gradient":""},"tablet":{"background-color":"var(--ast-global-color-5)","background-image":"","background-repeat":"repeat","background-position":"center center","background-size":"auto","background-attachment":"scroll","background-type":"","background-media":"","overlay-type":"","overlay-color":"","overlay-opacity":"","overlay-gradient":""},"mobile":{"background-color":"var(--ast-global-color-5)","background-image":"","background-repeat":"repeat","background-position":"center center","background-size":"auto","background-attachment":"scroll","background-type":"","background-media":"","overlay-type":"","overlay-color":"","overlay-opacity":"","overlay-gradient":""}}},"product_brand":[],"product_cat":[152,24],"product_tag":[625,468],"class_list":{"0":"post-767","1":"product","2":"type-product","3":"status-publish","4":"has-post-thumbnail","6":"product_cat-pate","7":"product_cat-producto-refrigerado","8":"product_tag-novedades","9":"product_tag-pate","10":"product_shipping_class-refrigerado","11":"desktop-align-center","12":"tablet-align-left","13":"mobile-align-left","15":"first","16":"instock","17":"taxable","18":"shipping-taxable","19":"purchasable","20":"product-type-simple"},"acf":{"aecoc-marca":"Martiko","aecoc-gln":"8412540000006","aecoc-gtin":"08412540008897","aecoc-denominacion_comercial":"Pate de pato con cebolla caramelizada Martiko superior 100g","aecoc-denominacion_legal":"Pat\u00e9 de pato con cebolla caramelizada","aecoc-peso_bruto":"","aecoc-peso_neto":"100","aecoc-peso_neto_escurrido":"","aecoc-cantidad_neta":"","aecoc-condiciones_de_conservacion":"Conservar entre 3 y 5\u00b0C. Una vez abierto, conservar en el frigor\u00edfico y consumir en los pr\u00f3ximos 5 d\u00edas.","aecoc-modo_de_preparacion":"","aecoc-fabricado":"Martiko P.I. Zalain, s\/n - C.P. 31780 Navarra (Espa\u00f1a)","aecoc-registro_sanitario":"ES 10.14400\/NA","aecoc-ingredientes":"48% h\u00edgado de pato, agua, 14% grasa de pato,  2.6% cebolla caramelizada (59% cebolla, az\u00facar, agua), HUEVO, almid\u00f3n de ma\u00edz, sal,azucar, sal, vino blanco, bebida aromatizada a base de vino, corrector de acidez: E-331iii, prote\u00edna de la LECHE, espesante: E-415, especias, emulgente: E-451i, fibra vegetal (bamb\u00fa), antioxidante: E-301, aroma y conservador: E-250. Materia prima c\u00e1rnica: Origen: UE. Producto listo para su consumo.","aecoc-racion":"100","aecoc-unidad_racion":"g","aecoc-energia_1":"1200","aecoc-unidad_energia_1":"kJ","aecoc-energia_2":"290","aecoc-unidad_energia_2":"kcal","aecoc-grasas":"26","aecoc-unidad_grasas":"g","aecoc-grasos_saturados":"11","aecoc-unidad_grasos_saturados":"g","aecoc-hidratos_de_carbono":"6.4","aecoc-unidad_hidratos_de_carbono":"g","aecoc-azucares":"1.7","aecoc-unidad_azucares":"g","aecoc-proteinas":"7.6","aecoc-unidad_proteinas":"g","aecoc-sal":"1.79","aecoc-unidad_sal":"g","aecoc-acidos_grasos_omega_3":"","aecoc-sin_gluten":true,"aecoc-multitabla":false,"aecoc-tabla_nutricional":"[{'title': 'Tama\u00f1o de la racion por 100g',        'content': {                 'aecoc-racion': '100@_@g','aecoc-energia_1': '849@_@kJ','aecoc-energia_2': '204@_@kcal','aecoc-grasas': '16@_@g','aecoc-grasos_saturados': '5.4@_@g','aecoc-hidratos_de_carbono': '6.2@_@g','aecoc-azucares': '3@_@g','aecoc-proteinas': '8.9@_@g','aecoc-sal': '1.6@_@g'            }}]","aecoc-contenedor_reciclaje":"Contenedor_Amarillo, Contenedor_Azul"},"yoast_head":"<!-- This site is optimized with the Yoast SEO plugin v27.1.1 - https:\/\/yoast.com\/product\/yoast-seo-wordpress\/ -->\n<title>Pat\u00e9 de Pato Martiko Superior con Cebolla Caramelizada 75g+33%<\/title>\n<meta name=\"description\" content=\"Disfruta del nuevo pat\u00e9 de pato Martiko Superior con cebolla caramelizada: una mezcla suave y deliciosa, ideal para tus aperitivos y momentos especiales.\" \/>\n<meta name=\"robots\" content=\"index, follow, max-snippet:-1, max-image-preview:large, max-video-preview:-1\" \/>\n<link rel=\"canonical\" href=\"https:\/\/martiko.com\/tienda\/productos\/pate-pato-cebolla-caramelizada-martiko-75-g\/\" \/>\n<meta property=\"og:locale\" content=\"en_US\" \/>\n<meta property=\"og:type\" content=\"article\" \/>\n<meta property=\"og:title\" content=\"Pat\u00e9 de Pato Martiko Superior con Cebolla Caramelizada 75g+33%\" \/>\n<meta property=\"og:description\" content=\"Disfruta del nuevo pat\u00e9 de pato Martiko Superior con cebolla caramelizada: una mezcla suave y deliciosa, ideal para tus aperitivos y momentos especiales.\" \/>\n<meta property=\"og:url\" content=\"https:\/\/martiko.com\/tienda\/productos\/pate-pato-cebolla-caramelizada-martiko-75-g\/\" \/>\n<meta property=\"og:site_name\" content=\"Martiko\" \/>\n<meta property=\"article:publisher\" content=\"https:\/\/www.facebook.com\/martikopates\/\" \/>\n<meta property=\"article:modified_time\" content=\"2026-04-08T06:46:02+00:00\" \/>\n<meta property=\"og:image\" content=\"https:\/\/martiko.com\/wp-content\/uploads\/2024\/03\/pate-de-pato-martiko-superior-cebolla-100g-nuevo.webp\" \/>\n\t<meta property=\"og:image:width\" content=\"1024\" \/>\n\t<meta property=\"og:image:height\" content=\"1024\" \/>\n\t<meta property=\"og:image:type\" content=\"image\/webp\" \/>\n<meta name=\"twitter:card\" content=\"summary_large_image\" \/>\n<meta name=\"twitter:label1\" content=\"Est. reading time\" \/>\n\t<meta name=\"twitter:data1\" content=\"1 minute\" \/>\n<script type=\"application\/ld+json\" class=\"yoast-schema-graph\">{\"@context\":\"https:\/\/schema.org\",\"@graph\":[{\"@type\":\"WebPage\",\"@id\":\"https:\/\/martiko.com\/tienda\/productos\/pate-pato-cebolla-caramelizada-martiko-75-g\/\",\"url\":\"https:\/\/martiko.com\/tienda\/productos\/pate-pato-cebolla-caramelizada-martiko-75-g\/\",\"name\":\"Pat\u00e9 de Pato Martiko Superior con Cebolla Caramelizada 75g+33%\",\"isPartOf\":{\"@id\":\"https:\/\/martiko.com\/#website\"},\"primaryImageOfPage\":{\"@id\":\"https:\/\/martiko.com\/tienda\/productos\/pate-pato-cebolla-caramelizada-martiko-75-g\/#primaryimage\"},\"image\":{\"@id\":\"https:\/\/martiko.com\/tienda\/productos\/pate-pato-cebolla-caramelizada-martiko-75-g\/#primaryimage\"},\"thumbnailUrl\":\"https:\/\/martiko.com\/wp-content\/uploads\/2024\/03\/pate-de-pato-martiko-superior-cebolla-100g-nuevo.webp\",\"datePublished\":\"2024-03-09T13:19:29+00:00\",\"dateModified\":\"2026-04-08T06:46:02+00:00\",\"description\":\"Disfruta del nuevo pat\u00e9 de pato Martiko Superior con cebolla caramelizada: una mezcla suave y deliciosa, ideal para tus aperitivos y momentos especiales.\",\"breadcrumb\":{\"@id\":\"https:\/\/martiko.com\/tienda\/productos\/pate-pato-cebolla-caramelizada-martiko-75-g\/#breadcrumb\"},\"inLanguage\":\"en-US\",\"potentialAction\":[{\"@type\":\"ReadAction\",\"target\":[\"https:\/\/martiko.com\/tienda\/productos\/pate-pato-cebolla-caramelizada-martiko-75-g\/\"]}]},{\"@type\":\"ImageObject\",\"inLanguage\":\"en-US\",\"@id\":\"https:\/\/martiko.com\/tienda\/productos\/pate-pato-cebolla-caramelizada-martiko-75-g\/#primaryimage\",\"url\":\"https:\/\/martiko.com\/wp-content\/uploads\/2024\/03\/pate-de-pato-martiko-superior-cebolla-100g-nuevo.webp\",\"contentUrl\":\"https:\/\/martiko.com\/wp-content\/uploads\/2024\/03\/pate-de-pato-martiko-superior-cebolla-100g-nuevo.webp\",\"width\":1024,\"height\":1024,\"caption\":\"Pat\u00e9 de pato Martiko Superior con cebolla caramelizada 75 g + 33% GRATIS\"},{\"@type\":\"BreadcrumbList\",\"@id\":\"https:\/\/martiko.com\/tienda\/productos\/pate-pato-cebolla-caramelizada-martiko-75-g\/#breadcrumb\",\"itemListElement\":[{\"@type\":\"ListItem\",\"position\":1,\"name\":\"Inicio\",\"item\":\"https:\/\/martiko.com\/\"},{\"@type\":\"ListItem\",\"position\":2,\"name\":\"Productos\",\"item\":\"https:\/\/martiko.com\/tienda\/\"},{\"@type\":\"ListItem\",\"position\":3,\"name\":\"PATO\",\"item\":\"https:\/\/martiko.com\/tienda\/categoria-producto\/pato\/\"},{\"@type\":\"ListItem\",\"position\":4,\"name\":\"PAT\u00c9\",\"item\":\"https:\/\/martiko.com\/tienda\/categoria-producto\/pato\/pate\/\"},{\"@type\":\"ListItem\",\"position\":5,\"name\":\"Pat\u00e9 de pato Martiko Superior con cebolla caramelizada 75 g + 33% GRATIS\"}]},{\"@type\":\"WebSite\",\"@id\":\"https:\/\/martiko.com\/#website\",\"url\":\"https:\/\/martiko.com\/\",\"name\":\"Martiko\",\"description\":\"Martiko\",\"publisher\":{\"@id\":\"https:\/\/martiko.com\/#organization\"},\"potentialAction\":[{\"@type\":\"SearchAction\",\"target\":{\"@type\":\"EntryPoint\",\"urlTemplate\":\"https:\/\/martiko.com\/?s={search_term_string}\"},\"query-input\":{\"@type\":\"PropertyValueSpecification\",\"valueRequired\":true,\"valueName\":\"search_term_string\"}}],\"inLanguage\":\"en-US\"},{\"@type\":\"Organization\",\"@id\":\"https:\/\/martiko.com\/#organization\",\"name\":\"CONSERVAS MARTIKO SA\",\"url\":\"https:\/\/martiko.com\/\",\"logo\":{\"@type\":\"ImageObject\",\"inLanguage\":\"en-US\",\"@id\":\"https:\/\/martiko.com\/#\/schema\/logo\/image\/\",\"url\":\"https:\/\/martiko.com\/wp-content\/uploads\/2024\/11\/Logo-Martiko-2021-dorado.png\",\"contentUrl\":\"https:\/\/martiko.com\/wp-content\/uploads\/2024\/11\/Logo-Martiko-2021-dorado.png\",\"width\":147,\"height\":34,\"caption\":\"CONSERVAS MARTIKO SA\"},\"image\":{\"@id\":\"https:\/\/martiko.com\/#\/schema\/logo\/image\/\"},\"sameAs\":[\"https:\/\/www.facebook.com\/martikopates\/\",\"https:\/\/www.instagram.com\/martikopato\/\",\"https:\/\/www.linkedin.com\/company\/2282554\"]}]}<\/script>\n<!-- \/ Yoast SEO plugin. -->","yoast_head_json":{"title":"Pat\u00e9 de Pato Martiko Superior con Cebolla Caramelizada 75g+33%","description":"Disfruta del nuevo pat\u00e9 de pato Martiko Superior con cebolla caramelizada: una mezcla suave y deliciosa, ideal para tus aperitivos y momentos especiales.","robots":{"index":"index","follow":"follow","max-snippet":"max-snippet:-1","max-image-preview":"max-image-preview:large","max-video-preview":"max-video-preview:-1"},"canonical":"https:\/\/martiko.com\/tienda\/productos\/pate-pato-cebolla-caramelizada-martiko-75-g\/","og_locale":"en_US","og_type":"article","og_title":"Pat\u00e9 de Pato Martiko Superior con Cebolla Caramelizada 75g+33%","og_description":"Disfruta del nuevo pat\u00e9 de pato Martiko Superior con cebolla caramelizada: una mezcla suave y deliciosa, ideal para tus aperitivos y momentos especiales.","og_url":"https:\/\/martiko.com\/tienda\/productos\/pate-pato-cebolla-caramelizada-martiko-75-g\/","og_site_name":"Martiko","article_publisher":"https:\/\/www.facebook.com\/martikopates\/","article_modified_time":"2026-04-08T06:46:02+00:00","og_image":[{"width":1024,"height":1024,"url":"https:\/\/martiko.com\/wp-content\/uploads\/2024\/03\/pate-de-pato-martiko-superior-cebolla-100g-nuevo.webp","type":"image\/webp"}],"twitter_card":"summary_large_image","twitter_misc":{"Est. reading time":"1 minute"},"schema":{"@context":"https:\/\/schema.org","@graph":[{"@type":"WebPage","@id":"https:\/\/martiko.com\/tienda\/productos\/pate-pato-cebolla-caramelizada-martiko-75-g\/","url":"https:\/\/martiko.com\/tienda\/productos\/pate-pato-cebolla-caramelizada-martiko-75-g\/","name":"Pat\u00e9 de Pato Martiko Superior con Cebolla Caramelizada 75g+33%","isPartOf":{"@id":"https:\/\/martiko.com\/#website"},"primaryImageOfPage":{"@id":"https:\/\/martiko.com\/tienda\/productos\/pate-pato-cebolla-caramelizada-martiko-75-g\/#primaryimage"},"image":{"@id":"https:\/\/martiko.com\/tienda\/productos\/pate-pato-cebolla-caramelizada-martiko-75-g\/#primaryimage"},"thumbnailUrl":"https:\/\/martiko.com\/wp-content\/uploads\/2024\/03\/pate-de-pato-martiko-superior-cebolla-100g-nuevo.webp","datePublished":"2024-03-09T13:19:29+00:00","dateModified":"2026-04-08T06:46:02+00:00","description":"Disfruta del nuevo pat\u00e9 de pato Martiko Superior con cebolla caramelizada: una mezcla suave y deliciosa, ideal para tus aperitivos y momentos especiales.","breadcrumb":{"@id":"https:\/\/martiko.com\/tienda\/productos\/pate-pato-cebolla-caramelizada-martiko-75-g\/#breadcrumb"},"inLanguage":"en-US","potentialAction":[{"@type":"ReadAction","target":["https:\/\/martiko.com\/tienda\/productos\/pate-pato-cebolla-caramelizada-martiko-75-g\/"]}]},{"@type":"ImageObject","inLanguage":"en-US","@id":"https:\/\/martiko.com\/tienda\/productos\/pate-pato-cebolla-caramelizada-martiko-75-g\/#primaryimage","url":"https:\/\/martiko.com\/wp-content\/uploads\/2024\/03\/pate-de-pato-martiko-superior-cebolla-100g-nuevo.webp","contentUrl":"https:\/\/martiko.com\/wp-content\/uploads\/2024\/03\/pate-de-pato-martiko-superior-cebolla-100g-nuevo.webp","width":1024,"height":1024,"caption":"Pat\u00e9 de pato Martiko Superior con cebolla caramelizada 75 g + 33% GRATIS"},{"@type":"BreadcrumbList","@id":"https:\/\/martiko.com\/tienda\/productos\/pate-pato-cebolla-caramelizada-martiko-75-g\/#breadcrumb","itemListElement":[{"@type":"ListItem","position":1,"name":"Inicio","item":"https:\/\/martiko.com\/"},{"@type":"ListItem","position":2,"name":"Productos","item":"https:\/\/martiko.com\/tienda\/"},{"@type":"ListItem","position":3,"name":"PATO","item":"https:\/\/martiko.com\/tienda\/categoria-producto\/pato\/"},{"@type":"ListItem","position":4,"name":"PAT\u00c9","item":"https:\/\/martiko.com\/tienda\/categoria-producto\/pato\/pate\/"},{"@type":"ListItem","position":5,"name":"Pat\u00e9 de pato Martiko Superior con cebolla caramelizada 75 g + 33% GRATIS"}]},{"@type":"WebSite","@id":"https:\/\/martiko.com\/#website","url":"https:\/\/martiko.com\/","name":"Martiko","description":"Martiko","publisher":{"@id":"https:\/\/martiko.com\/#organization"},"potentialAction":[{"@type":"SearchAction","target":{"@type":"EntryPoint","urlTemplate":"https:\/\/martiko.com\/?s={search_term_string}"},"query-input":{"@type":"PropertyValueSpecification","valueRequired":true,"valueName":"search_term_string"}}],"inLanguage":"en-US"},{"@type":"Organization","@id":"https:\/\/martiko.com\/#organization","name":"CONSERVAS MARTIKO SA","url":"https:\/\/martiko.com\/","logo":{"@type":"ImageObject","inLanguage":"en-US","@id":"https:\/\/martiko.com\/#\/schema\/logo\/image\/","url":"https:\/\/martiko.com\/wp-content\/uploads\/2024\/11\/Logo-Martiko-2021-dorado.png","contentUrl":"https:\/\/martiko.com\/wp-content\/uploads\/2024\/11\/Logo-Martiko-2021-dorado.png","width":147,"height":34,"caption":"CONSERVAS MARTIKO SA"},"image":{"@id":"https:\/\/martiko.com\/#\/schema\/logo\/image\/"},"sameAs":["https:\/\/www.facebook.com\/martikopates\/","https:\/\/www.instagram.com\/martikopato\/","https:\/\/www.linkedin.com\/company\/2282554"]}]}},"_links":{"self":[{"href":"https:\/\/martiko.com\/en\/wp-json\/wp\/v2\/product\/767","targetHints":{"allow":["GET"]}}],"collection":[{"href":"https:\/\/martiko.com\/en\/wp-json\/wp\/v2\/product"}],"about":[{"href":"https:\/\/martiko.com\/en\/wp-json\/wp\/v2\/types\/product"}],"wp:featuredmedia":[{"embeddable":true,"href":"https:\/\/martiko.com\/en\/wp-json\/wp\/v2\/media\/16545"}],"wp:attachment":[{"href":"https:\/\/martiko.com\/en\/wp-json\/wp\/v2\/media?parent=767"}],"wp:term":[{"taxonomy":"product_brand","embeddable":true,"href":"https:\/\/martiko.com\/en\/wp-json\/wp\/v2\/product_brand?post=767"},{"taxonomy":"product_cat","embeddable":true,"href":"https:\/\/martiko.com\/en\/wp-json\/wp\/v2\/product_cat?post=767"},{"taxonomy":"product_tag","embeddable":true,"href":"https:\/\/martiko.com\/en\/wp-json\/wp\/v2\/product_tag?post=767"}],"curies":[{"name":"wp","href":"https:\/\/api.w.org\/{rel}","templated":true}]}}