{"id":166,"date":"2020-05-30T05:57:08","date_gmt":"2020-05-30T05:57:08","guid":{"rendered":"https:\/\/martiko.com\/producto\/foie-gras-de-pato-fresco-extra\/"},"modified":"2026-04-04T08:40:44","modified_gmt":"2026-04-04T06:40:44","slug":"foie-gras-de-pato-fresco-extra","status":"publish","type":"product","link":"https:\/\/martiko.com\/fr\/tienda\/productos\/foie-gras-de-pato-fresco-extra\/","title":{"rendered":"Foie gras de pato fresco extra alto rendimiento"},"content":{"rendered":"","protected":false},"excerpt":{"rendered":"<p>El foie gras de pato Martiko es un producto cargado de historia, siendo nuestro <strong>foie gras de pato extra alto rendimiento <\/strong>la m\u00e1xima expresi\u00f3n de <strong>calidad y excelencia<\/strong>. <strong>Compuesto exclusivamente por el l\u00f3bulo grande del foie gras<\/strong> para obtener el m\u00e1ximo rendimiento del producto.<\/p>\n<p>Su tono marfil y su firme textura son distintivos innegables de una alimentaci\u00f3n basada en cereales no modificados gen\u00e9ticamente.<\/p>\n<p>Su versatilidad y excepcional sabor lo posicionan como una <strong>joya culinaria <\/strong>para la elaboraci\u00f3n de refinadas creaciones gastron\u00f3micas.<\/p>\n<p><span style=\"color: #89764b;\"><strong>Caducidad m\u00e1xima producto: 12 d\u00edas.<\/strong><\/span><\/p>\n<ul>\n<li>Peso medio aproximado: 364 g<\/li>\n<\/ul>\n","protected":false},"featured_media":16506,"template":"","meta":{"_acf_changed":false,"site-sidebar-layout":"default","site-content-layout":"","ast-site-content-layout":"default","site-content-style":"default","site-sidebar-style":"default","ast-global-header-display":"","ast-banner-title-visibility":"","ast-main-header-display":"","ast-hfb-above-header-display":"","ast-hfb-below-header-display":"","ast-hfb-mobile-header-display":"","site-post-title":"","ast-breadcrumbs-content":"","ast-featured-img":"","footer-sml-layout":"","ast-disable-related-posts":"","theme-transparent-header-meta":"default","adv-header-id-meta":"","stick-header-meta":"","header-above-stick-meta":"","header-main-stick-meta":"","header-below-stick-meta":"","astra-migrate-meta-layouts":"set","ast-page-background-enabled":"default","ast-page-background-meta":{"desktop":{"background-color":"var(--ast-global-color-4)","background-image":"","background-repeat":"repeat","background-position":"center center","background-size":"auto","background-attachment":"scroll","background-type":"","background-media":"","overlay-type":"","overlay-color":"","overlay-opacity":"","overlay-gradient":""},"tablet":{"background-color":"","background-image":"","background-repeat":"repeat","background-position":"center center","background-size":"auto","background-attachment":"scroll","background-type":"","background-media":"","overlay-type":"","overlay-color":"","overlay-opacity":"","overlay-gradient":""},"mobile":{"background-color":"","background-image":"","background-repeat":"repeat","background-position":"center center","background-size":"auto","background-attachment":"scroll","background-type":"","background-media":"","overlay-type":"","overlay-color":"","overlay-opacity":"","overlay-gradient":""}},"ast-content-background-meta":{"desktop":{"background-color":"var(--ast-global-color-5)","background-image":"","background-repeat":"repeat","background-position":"center center","background-size":"auto","background-attachment":"scroll","background-type":"","background-media":"","overlay-type":"","overlay-color":"","overlay-opacity":"","overlay-gradient":""},"tablet":{"background-color":"var(--ast-global-color-5)","background-image":"","background-repeat":"repeat","background-position":"center center","background-size":"auto","background-attachment":"scroll","background-type":"","background-media":"","overlay-type":"","overlay-color":"","overlay-opacity":"","overlay-gradient":""},"mobile":{"background-color":"var(--ast-global-color-5)","background-image":"","background-repeat":"repeat","background-position":"center center","background-size":"auto","background-attachment":"scroll","background-type":"","background-media":"","overlay-type":"","overlay-color":"","overlay-opacity":"","overlay-gradient":""}}},"product_brand":[],"product_cat":[28,24],"product_tag":[625],"class_list":{"0":"post-166","1":"product","2":"type-product","3":"status-publish","4":"has-post-thumbnail","6":"product_cat-foie-gras-fresco","7":"product_cat-producto-refrigerado","8":"product_tag-novedades","9":"product_shipping_class-refrigerado","10":"desktop-align-center","11":"tablet-align-left","12":"mobile-align-left","14":"first","15":"instock","16":"taxable","17":"shipping-taxable","18":"purchasable","19":"product-type-simple"},"acf":{"aecoc-marca":"Martiko","aecoc-gln":"8412540000006","aecoc-gtin":"08412540000013","aecoc-denominacion_comercial":"Foie gras de pato fresco extra alto rendimiento","aecoc-denominacion_legal":"Foie gras de pato extra","aecoc-peso_bruto":"","aecoc-peso_neto":"364","aecoc-peso_neto_escurrido":"","aecoc-cantidad_neta":"","aecoc-condiciones_de_conservacion":"Conservar entre 0 y 4\u00baC. Una vez abierto conservar en el frigor\u00edfico y consumir en los pr\u00f3ximos 2 d\u00edas.","aecoc-modo_de_preparacion":"Este producto debe ser cocinado para su consumo.","aecoc-fabricado":"Martiko P.I. Zalain, s\/n - C.P. 31780 Navarra (Espa\u00f1a)","aecoc-registro_sanitario":"ES 10.14400\/NA","aecoc-ingredientes":"Foie gras de pato fresco. Criado y sacrificado en: Espa\u00f1a","aecoc-racion":"100","aecoc-unidad_racion":"g","aecoc-energia_1":"2381","aecoc-unidad_energia_1":"kJ","aecoc-energia_2":"578","aecoc-unidad_energia_2":"kcal","aecoc-grasas":"61","aecoc-unidad_grasas":"g","aecoc-grasos_saturados":"26","aecoc-unidad_grasos_saturados":"g","aecoc-hidratos_de_carbono":"1.6","aecoc-unidad_hidratos_de_carbono":"g","aecoc-azucares":"0.8","aecoc-unidad_azucares":"g","aecoc-proteinas":"5.7","aecoc-unidad_proteinas":"g","aecoc-sal":"0.07","aecoc-unidad_sal":"g","aecoc-acidos_grasos_omega_3":"","aecoc-sin_gluten":true,"aecoc-multitabla":false,"aecoc-tabla_nutricional":"[{'title': 'Tama\u00f1o de la raci\u00f3n por 100g',        'content': {                 'aecoc-racion': '100@_@g','aecoc-energia_1': '2381@_@kJ','aecoc-energia_2': '578@_@kcal','aecoc-grasas': '61@_@g','aecoc-grasos_saturados': '26@_@g','aecoc-hidratos_de_carbono': '1.6@_@g','aecoc-azucares': '0.8@_@g','aecoc-proteinas': '5.7@_@g','aecoc-sal': '0.07@_@g'            }}]","aecoc-contenedor_reciclaje":"Contenedor_Amarillo"},"yoast_head":"<!-- This site is optimized with the Yoast SEO plugin v27.1.1 - https:\/\/yoast.com\/product\/yoast-seo-wordpress\/ -->\n<title>Foie Gras de Pato Fresco Extra Alto Rendimiento | Martiko<\/title>\n<meta name=\"description\" content=\"Descubre el foie gras de pato fresco extra alto rendimiento de Martiko. Con su firme textura, color marfil y m\u00e1xima calidad, es ideal para crear refinadas creaciones gastron\u00f3micas. Perfecto para chefs que buscan lo mejor en cada plato.\" \/>\n<meta name=\"robots\" content=\"index, follow, max-snippet:-1, max-image-preview:large, max-video-preview:-1\" \/>\n<link rel=\"canonical\" href=\"https:\/\/martiko.com\/tienda\/productos\/foie-gras-de-pato-fresco-extra\/\" \/>\n<meta property=\"og:locale\" content=\"fr_FR\" \/>\n<meta property=\"og:type\" content=\"article\" \/>\n<meta property=\"og:title\" content=\"Foie Gras de Pato Fresco Extra Alto Rendimiento | Martiko\" \/>\n<meta property=\"og:description\" content=\"Descubre el foie gras de pato fresco extra alto rendimiento de Martiko. Con su firme textura, color marfil y m\u00e1xima calidad, es ideal para crear refinadas creaciones gastron\u00f3micas. Perfecto para chefs que buscan lo mejor en cada plato.\" \/>\n<meta property=\"og:url\" content=\"https:\/\/martiko.com\/tienda\/productos\/foie-gras-de-pato-fresco-extra\/\" \/>\n<meta property=\"og:site_name\" content=\"Martiko\" \/>\n<meta property=\"article:publisher\" content=\"https:\/\/www.facebook.com\/martikopates\/\" \/>\n<meta property=\"article:modified_time\" content=\"2026-04-04T06:40:44+00:00\" \/>\n<meta property=\"og:image\" content=\"https:\/\/martiko.com\/wp-content\/uploads\/2020\/05\/foie-gras-pato-fresco-extra-alto-rendimiento-martiko-nuevo.webp\" \/>\n\t<meta property=\"og:image:width\" content=\"1024\" \/>\n\t<meta property=\"og:image:height\" content=\"1024\" \/>\n\t<meta property=\"og:image:type\" content=\"image\/webp\" \/>\n<meta name=\"twitter:card\" content=\"summary_large_image\" \/>\n<meta name=\"twitter:label1\" content=\"Dur\u00e9e de lecture estim\u00e9e\" \/>\n\t<meta name=\"twitter:data1\" content=\"1 minute\" \/>\n<script type=\"application\/ld+json\" class=\"yoast-schema-graph\">{\"@context\":\"https:\/\/schema.org\",\"@graph\":[{\"@type\":\"WebPage\",\"@id\":\"https:\/\/martiko.com\/tienda\/productos\/foie-gras-de-pato-fresco-extra\/\",\"url\":\"https:\/\/martiko.com\/tienda\/productos\/foie-gras-de-pato-fresco-extra\/\",\"name\":\"Foie Gras de Pato Fresco Extra Alto Rendimiento | Martiko\",\"isPartOf\":{\"@id\":\"https:\/\/martiko.com\/#website\"},\"primaryImageOfPage\":{\"@id\":\"https:\/\/martiko.com\/tienda\/productos\/foie-gras-de-pato-fresco-extra\/#primaryimage\"},\"image\":{\"@id\":\"https:\/\/martiko.com\/tienda\/productos\/foie-gras-de-pato-fresco-extra\/#primaryimage\"},\"thumbnailUrl\":\"https:\/\/martiko.com\/wp-content\/uploads\/2020\/05\/foie-gras-pato-fresco-extra-alto-rendimiento-martiko-nuevo.webp\",\"datePublished\":\"2020-05-30T05:57:08+00:00\",\"dateModified\":\"2026-04-04T06:40:44+00:00\",\"description\":\"Descubre el foie gras de pato fresco extra alto rendimiento de Martiko. Con su firme textura, color marfil y m\u00e1xima calidad, es ideal para crear refinadas creaciones gastron\u00f3micas. Perfecto para chefs que buscan lo mejor en cada plato.\",\"breadcrumb\":{\"@id\":\"https:\/\/martiko.com\/tienda\/productos\/foie-gras-de-pato-fresco-extra\/#breadcrumb\"},\"inLanguage\":\"fr-FR\",\"potentialAction\":[{\"@type\":\"ReadAction\",\"target\":[\"https:\/\/martiko.com\/tienda\/productos\/foie-gras-de-pato-fresco-extra\/\"]}]},{\"@type\":\"ImageObject\",\"inLanguage\":\"fr-FR\",\"@id\":\"https:\/\/martiko.com\/tienda\/productos\/foie-gras-de-pato-fresco-extra\/#primaryimage\",\"url\":\"https:\/\/martiko.com\/wp-content\/uploads\/2020\/05\/foie-gras-pato-fresco-extra-alto-rendimiento-martiko-nuevo.webp\",\"contentUrl\":\"https:\/\/martiko.com\/wp-content\/uploads\/2020\/05\/foie-gras-pato-fresco-extra-alto-rendimiento-martiko-nuevo.webp\",\"width\":1024,\"height\":1024,\"caption\":\"Foie gras de pato extra Martiko alto rendimiento\"},{\"@type\":\"BreadcrumbList\",\"@id\":\"https:\/\/martiko.com\/tienda\/productos\/foie-gras-de-pato-fresco-extra\/#breadcrumb\",\"itemListElement\":[{\"@type\":\"ListItem\",\"position\":1,\"name\":\"Inicio\",\"item\":\"https:\/\/martiko.com\/\"},{\"@type\":\"ListItem\",\"position\":2,\"name\":\"Productos\",\"item\":\"https:\/\/martiko.com\/tienda\/\"},{\"@type\":\"ListItem\",\"position\":3,\"name\":\"PATO\",\"item\":\"https:\/\/martiko.com\/tienda\/categoria-producto\/pato\/\"},{\"@type\":\"ListItem\",\"position\":4,\"name\":\"FOIE GRAS FRESCO\",\"item\":\"https:\/\/martiko.com\/tienda\/categoria-producto\/pato\/foie-gras-fresco\/\"},{\"@type\":\"ListItem\",\"position\":5,\"name\":\"Foie gras de pato fresco extra alto rendimiento\"}]},{\"@type\":\"WebSite\",\"@id\":\"https:\/\/martiko.com\/#website\",\"url\":\"https:\/\/martiko.com\/\",\"name\":\"Martiko\",\"description\":\"Martiko\",\"publisher\":{\"@id\":\"https:\/\/martiko.com\/#organization\"},\"potentialAction\":[{\"@type\":\"SearchAction\",\"target\":{\"@type\":\"EntryPoint\",\"urlTemplate\":\"https:\/\/martiko.com\/?s={search_term_string}\"},\"query-input\":{\"@type\":\"PropertyValueSpecification\",\"valueRequired\":true,\"valueName\":\"search_term_string\"}}],\"inLanguage\":\"fr-FR\"},{\"@type\":\"Organization\",\"@id\":\"https:\/\/martiko.com\/#organization\",\"name\":\"CONSERVAS MARTIKO SA\",\"url\":\"https:\/\/martiko.com\/\",\"logo\":{\"@type\":\"ImageObject\",\"inLanguage\":\"fr-FR\",\"@id\":\"https:\/\/martiko.com\/#\/schema\/logo\/image\/\",\"url\":\"https:\/\/martiko.com\/wp-content\/uploads\/2024\/11\/Logo-Martiko-2021-dorado.png\",\"contentUrl\":\"https:\/\/martiko.com\/wp-content\/uploads\/2024\/11\/Logo-Martiko-2021-dorado.png\",\"width\":147,\"height\":34,\"caption\":\"CONSERVAS MARTIKO SA\"},\"image\":{\"@id\":\"https:\/\/martiko.com\/#\/schema\/logo\/image\/\"},\"sameAs\":[\"https:\/\/www.facebook.com\/martikopates\/\",\"https:\/\/www.instagram.com\/martikopato\/\",\"https:\/\/www.linkedin.com\/company\/2282554\"]}]}<\/script>\n<!-- \/ Yoast SEO plugin. -->","yoast_head_json":{"title":"Foie Gras de Pato Fresco Extra Alto Rendimiento | Martiko","description":"Descubre el foie gras de pato fresco extra alto rendimiento de Martiko. Con su firme textura, color marfil y m\u00e1xima calidad, es ideal para crear refinadas creaciones gastron\u00f3micas. Perfecto para chefs que buscan lo mejor en cada plato.","robots":{"index":"index","follow":"follow","max-snippet":"max-snippet:-1","max-image-preview":"max-image-preview:large","max-video-preview":"max-video-preview:-1"},"canonical":"https:\/\/martiko.com\/tienda\/productos\/foie-gras-de-pato-fresco-extra\/","og_locale":"fr_FR","og_type":"article","og_title":"Foie Gras de Pato Fresco Extra Alto Rendimiento | Martiko","og_description":"Descubre el foie gras de pato fresco extra alto rendimiento de Martiko. Con su firme textura, color marfil y m\u00e1xima calidad, es ideal para crear refinadas creaciones gastron\u00f3micas. Perfecto para chefs que buscan lo mejor en cada plato.","og_url":"https:\/\/martiko.com\/tienda\/productos\/foie-gras-de-pato-fresco-extra\/","og_site_name":"Martiko","article_publisher":"https:\/\/www.facebook.com\/martikopates\/","article_modified_time":"2026-04-04T06:40:44+00:00","og_image":[{"width":1024,"height":1024,"url":"https:\/\/martiko.com\/wp-content\/uploads\/2020\/05\/foie-gras-pato-fresco-extra-alto-rendimiento-martiko-nuevo.webp","type":"image\/webp"}],"twitter_card":"summary_large_image","twitter_misc":{"Dur\u00e9e de lecture estim\u00e9e":"1 minute"},"schema":{"@context":"https:\/\/schema.org","@graph":[{"@type":"WebPage","@id":"https:\/\/martiko.com\/tienda\/productos\/foie-gras-de-pato-fresco-extra\/","url":"https:\/\/martiko.com\/tienda\/productos\/foie-gras-de-pato-fresco-extra\/","name":"Foie Gras de Pato Fresco Extra Alto Rendimiento | Martiko","isPartOf":{"@id":"https:\/\/martiko.com\/#website"},"primaryImageOfPage":{"@id":"https:\/\/martiko.com\/tienda\/productos\/foie-gras-de-pato-fresco-extra\/#primaryimage"},"image":{"@id":"https:\/\/martiko.com\/tienda\/productos\/foie-gras-de-pato-fresco-extra\/#primaryimage"},"thumbnailUrl":"https:\/\/martiko.com\/wp-content\/uploads\/2020\/05\/foie-gras-pato-fresco-extra-alto-rendimiento-martiko-nuevo.webp","datePublished":"2020-05-30T05:57:08+00:00","dateModified":"2026-04-04T06:40:44+00:00","description":"Descubre el foie gras de pato fresco extra alto rendimiento de Martiko. Con su firme textura, color marfil y m\u00e1xima calidad, es ideal para crear refinadas creaciones gastron\u00f3micas. Perfecto para chefs que buscan lo mejor en cada plato.","breadcrumb":{"@id":"https:\/\/martiko.com\/tienda\/productos\/foie-gras-de-pato-fresco-extra\/#breadcrumb"},"inLanguage":"fr-FR","potentialAction":[{"@type":"ReadAction","target":["https:\/\/martiko.com\/tienda\/productos\/foie-gras-de-pato-fresco-extra\/"]}]},{"@type":"ImageObject","inLanguage":"fr-FR","@id":"https:\/\/martiko.com\/tienda\/productos\/foie-gras-de-pato-fresco-extra\/#primaryimage","url":"https:\/\/martiko.com\/wp-content\/uploads\/2020\/05\/foie-gras-pato-fresco-extra-alto-rendimiento-martiko-nuevo.webp","contentUrl":"https:\/\/martiko.com\/wp-content\/uploads\/2020\/05\/foie-gras-pato-fresco-extra-alto-rendimiento-martiko-nuevo.webp","width":1024,"height":1024,"caption":"Foie gras de pato extra Martiko alto rendimiento"},{"@type":"BreadcrumbList","@id":"https:\/\/martiko.com\/tienda\/productos\/foie-gras-de-pato-fresco-extra\/#breadcrumb","itemListElement":[{"@type":"ListItem","position":1,"name":"Inicio","item":"https:\/\/martiko.com\/"},{"@type":"ListItem","position":2,"name":"Productos","item":"https:\/\/martiko.com\/tienda\/"},{"@type":"ListItem","position":3,"name":"PATO","item":"https:\/\/martiko.com\/tienda\/categoria-producto\/pato\/"},{"@type":"ListItem","position":4,"name":"FOIE GRAS FRESCO","item":"https:\/\/martiko.com\/tienda\/categoria-producto\/pato\/foie-gras-fresco\/"},{"@type":"ListItem","position":5,"name":"Foie gras de pato fresco extra alto rendimiento"}]},{"@type":"WebSite","@id":"https:\/\/martiko.com\/#website","url":"https:\/\/martiko.com\/","name":"Martiko","description":"Martiko","publisher":{"@id":"https:\/\/martiko.com\/#organization"},"potentialAction":[{"@type":"SearchAction","target":{"@type":"EntryPoint","urlTemplate":"https:\/\/martiko.com\/?s={search_term_string}"},"query-input":{"@type":"PropertyValueSpecification","valueRequired":true,"valueName":"search_term_string"}}],"inLanguage":"fr-FR"},{"@type":"Organization","@id":"https:\/\/martiko.com\/#organization","name":"CONSERVAS MARTIKO SA","url":"https:\/\/martiko.com\/","logo":{"@type":"ImageObject","inLanguage":"fr-FR","@id":"https:\/\/martiko.com\/#\/schema\/logo\/image\/","url":"https:\/\/martiko.com\/wp-content\/uploads\/2024\/11\/Logo-Martiko-2021-dorado.png","contentUrl":"https:\/\/martiko.com\/wp-content\/uploads\/2024\/11\/Logo-Martiko-2021-dorado.png","width":147,"height":34,"caption":"CONSERVAS MARTIKO SA"},"image":{"@id":"https:\/\/martiko.com\/#\/schema\/logo\/image\/"},"sameAs":["https:\/\/www.facebook.com\/martikopates\/","https:\/\/www.instagram.com\/martikopato\/","https:\/\/www.linkedin.com\/company\/2282554"]}]}},"_links":{"self":[{"href":"https:\/\/martiko.com\/fr\/wp-json\/wp\/v2\/product\/166","targetHints":{"allow":["GET"]}}],"collection":[{"href":"https:\/\/martiko.com\/fr\/wp-json\/wp\/v2\/product"}],"about":[{"href":"https:\/\/martiko.com\/fr\/wp-json\/wp\/v2\/types\/product"}],"wp:featuredmedia":[{"embeddable":true,"href":"https:\/\/martiko.com\/fr\/wp-json\/wp\/v2\/media\/16506"}],"wp:attachment":[{"href":"https:\/\/martiko.com\/fr\/wp-json\/wp\/v2\/media?parent=166"}],"wp:term":[{"taxonomy":"product_brand","embeddable":true,"href":"https:\/\/martiko.com\/fr\/wp-json\/wp\/v2\/product_brand?post=166"},{"taxonomy":"product_cat","embeddable":true,"href":"https:\/\/martiko.com\/fr\/wp-json\/wp\/v2\/product_cat?post=166"},{"taxonomy":"product_tag","embeddable":true,"href":"https:\/\/martiko.com\/fr\/wp-json\/wp\/v2\/product_tag?post=166"}],"curies":[{"name":"wp","href":"https:\/\/api.w.org\/{rel}","templated":true}]}}