{"id":301,"date":"2024-09-06T05:57:08","date_gmt":"2024-09-06T03:57:08","guid":{"rendered":"https:\/\/martiko.com\/producto\/foie-gras-entero-mi-cuit-125-g-regalo-pan-de-pasas\/"},"modified":"2026-04-04T08:41:08","modified_gmt":"2026-04-04T06:41:08","slug":"foie-gras-entero-mi-cuit-125-g-regalo-pan-de-pasas","status":"publish","type":"product","link":"https:\/\/martiko.com\/fr\/tienda\/productos\/foie-gras-entero-mi-cuit-125-g-regalo-pan-de-pasas\/","title":{"rendered":"Foie gras entero de pato mi cuit 125 g + Regalo pan de pasas"},"content":{"rendered":"","protected":false},"excerpt":{"rendered":"<p>La combinaci\u00f3n perfecta, nuestro foie gras entero y nuestras riqu\u00edsimas tostadas de pan con pasas. No hace falta m\u00e1s para que tu mesa triunfe. Nuestro producto m\u00e1s emblem\u00e1tico. Elaborado a partir de los mejores l\u00f3bulos de foie gras de pato previamente desvenados y ligeramente sazonados. Ideal para sorprender y acertar en celebraciones o momentos especiales<\/p>\n","protected":false},"featured_media":226,"template":"","meta":{"_acf_changed":false,"site-sidebar-layout":"default","site-content-layout":"","ast-site-content-layout":"default","site-content-style":"default","site-sidebar-style":"default","ast-global-header-display":"","ast-banner-title-visibility":"","ast-main-header-display":"","ast-hfb-above-header-display":"","ast-hfb-below-header-display":"","ast-hfb-mobile-header-display":"","site-post-title":"","ast-breadcrumbs-content":"","ast-featured-img":"","footer-sml-layout":"","ast-disable-related-posts":"","theme-transparent-header-meta":"default","adv-header-id-meta":"","stick-header-meta":"","header-above-stick-meta":"","header-main-stick-meta":"","header-below-stick-meta":"","astra-migrate-meta-layouts":"set","ast-page-background-enabled":"default","ast-page-background-meta":{"desktop":{"background-color":"var(--ast-global-color-4)","background-image":"","background-repeat":"repeat","background-position":"center center","background-size":"auto","background-attachment":"scroll","background-type":"","background-media":"","overlay-type":"","overlay-color":"","overlay-opacity":"","overlay-gradient":""},"tablet":{"background-color":"","background-image":"","background-repeat":"repeat","background-position":"center center","background-size":"auto","background-attachment":"scroll","background-type":"","background-media":"","overlay-type":"","overlay-color":"","overlay-opacity":"","overlay-gradient":""},"mobile":{"background-color":"","background-image":"","background-repeat":"repeat","background-position":"center center","background-size":"auto","background-attachment":"scroll","background-type":"","background-media":"","overlay-type":"","overlay-color":"","overlay-opacity":"","overlay-gradient":""}},"ast-content-background-meta":{"desktop":{"background-color":"var(--ast-global-color-5)","background-image":"","background-repeat":"repeat","background-position":"center center","background-size":"auto","background-attachment":"scroll","background-type":"","background-media":"","overlay-type":"","overlay-color":"","overlay-opacity":"","overlay-gradient":""},"tablet":{"background-color":"var(--ast-global-color-5)","background-image":"","background-repeat":"repeat","background-position":"center center","background-size":"auto","background-attachment":"scroll","background-type":"","background-media":"","overlay-type":"","overlay-color":"","overlay-opacity":"","overlay-gradient":""},"mobile":{"background-color":"var(--ast-global-color-5)","background-image":"","background-repeat":"repeat","background-position":"center center","background-size":"auto","background-attachment":"scroll","background-type":"","background-media":"","overlay-type":"","overlay-color":"","overlay-opacity":"","overlay-gradient":""}}},"product_brand":[],"product_cat":[54,24],"product_tag":[374],"class_list":{"0":"post-301","1":"product","2":"type-product","3":"status-publish","4":"has-post-thumbnail","6":"product_cat-foie-gras-entero","7":"product_cat-producto-refrigerado","8":"product_tag-foie-gras","9":"desktop-align-center","10":"tablet-align-left","11":"mobile-align-left","13":"first","14":"instock","15":"taxable","16":"shipping-taxable","17":"purchasable","18":"product-type-simple"},"acf":{"aecoc-marca":"Martiko","aecoc-gln":"8412540000006","aecoc-gtin":"08412540002222","aecoc-denominacion_comercial":"Foie gras entero de pato mi cuit Martiko 125g+ Pan 40g","aecoc-denominacion_legal":"Foie gras entero de pato cocido + pan tostado con pasas.","aecoc-peso_bruto":"295","aecoc-peso_neto":"165","aecoc-peso_neto_escurrido":"","aecoc-cantidad_neta":"","aecoc-condiciones_de_conservacion":"Conservar entre 3 y 5 \u00b0C. Una vez abierto, conservar en el frigor\u00edfico y consumir en los pr\u00f3ximos 2 d\u00edas.","aecoc-modo_de_preparacion":"","aecoc-fabricado":"Martiko P.I. Zalain, s\/n - C.P. 31780 Navarra (Espa\u00f1a)","aecoc-registro_sanitario":"ES 10.14400\/NA","aecoc-ingredientes":"FOIE GRAS ENTERO DE PATO COCIDO.98% foie gras de pato, sal, az\u00facar, brandy, especias, antioxidante: E-301 y conservador: E-250. PAN TOSTADO CON PASAS. Harina de TRIGO (GLUTEN), agua, pasas (20%), levadura, az\u00facar, MANTEQUILLA (LECHE), (MANTEQUILLA (LECHE) de NATA (LECHE) pasterizada, fermentos l\u00e1cticos y colorante: E160a(iii), sal, emulgente: E472e, antioxidante: E300 y enzimas. Puede contener trazas de SOJA y MOSTAZA.","aecoc-racion":"100","aecoc-unidad_racion":"g","aecoc-energia_1":"2093","aecoc-unidad_energia_1":"kJ","aecoc-energia_2":"508","aecoc-unidad_energia_2":"kcal","aecoc-grasas":"52","aecoc-unidad_grasas":"g","aecoc-grasos_saturados":"22","aecoc-unidad_grasos_saturados":"g","aecoc-hidratos_de_carbono":"1.8","aecoc-unidad_hidratos_de_carbono":"g","aecoc-azucares":"1","aecoc-unidad_azucares":"g","aecoc-proteinas":"8.1","aecoc-unidad_proteinas":"g","aecoc-sal":"1.08","aecoc-unidad_sal":"g","aecoc-acidos_grasos_omega_3":"","aecoc-sin_gluten":false,"aecoc-multitabla":true,"aecoc-tabla_nutricional":"[{'title': 'Tama\u00f1o de la racion por 100g de Foie gras de pato cocido',        'content': {                 'aecoc-racion': '100@_@g','aecoc-energia_1': '2093@_@kJ','aecoc-energia_2': '508@_@kcal','aecoc-grasas': '52@_@g','aecoc-grasos_saturados': '22@_@g','aecoc-hidratos_de_carbono': '1.8@_@g','aecoc-azucares': '1@_@g','aecoc-proteinas': '8.1@_@g','aecoc-sal': '1.08@_@g'            }},{'title': 'Tama\u00f1o de la raci\u00f3n por 100g de pan tostado con pasas',        'content': {                 'aecoc-racion': '100@_@g','aecoc-energia_1': '1525@_@kJ','aecoc-energia_2': '360@_@kcal','aecoc-grasas': '3@_@g','aecoc-grasos_saturados': '1.2@_@g','aecoc-hidratos_de_carbono': '72@_@g','aecoc-azucares': '20@_@g','aecoc-proteinas': '8.6@_@g','aecoc-sal': '1.1@_@g'            }}]","aecoc-contenedor_reciclaje":"Contenedor_Amarillo, Contenedor_Azul"},"yoast_head":"<!-- This site is optimized with the Yoast SEO plugin v27.1.1 - https:\/\/yoast.com\/product\/yoast-seo-wordpress\/ -->\n<title>Foie Gras Entero de Pato Mi Cuit 125g + Pan de Pasas | Martiko<\/title>\n<meta name=\"description\" content=\"Disfruta de la combinaci\u00f3n perfecta: foie gras entero de pato mi cuit de Martiko acompa\u00f1ado de nuestras deliciosas tostadas de pan con pasas. Un regalo ideal para sorprender en celebraciones y momentos especiales, con la garant\u00eda de calidad Martiko.\" \/>\n<meta name=\"robots\" content=\"index, follow, max-snippet:-1, max-image-preview:large, max-video-preview:-1\" \/>\n<link rel=\"canonical\" href=\"https:\/\/martiko.com\/tienda\/productos\/foie-gras-entero-mi-cuit-125-g-regalo-pan-de-pasas\/\" \/>\n<meta property=\"og:locale\" content=\"fr_FR\" \/>\n<meta property=\"og:type\" content=\"article\" \/>\n<meta property=\"og:title\" content=\"Foie Gras Entero de Pato Mi Cuit 125g + Pan de Pasas | Martiko\" \/>\n<meta property=\"og:description\" content=\"Disfruta de la combinaci\u00f3n perfecta: foie gras entero de pato mi cuit de Martiko acompa\u00f1ado de nuestras deliciosas tostadas de pan con pasas. Un regalo ideal para sorprender en celebraciones y momentos especiales, con la garant\u00eda de calidad Martiko.\" \/>\n<meta property=\"og:url\" content=\"https:\/\/martiko.com\/tienda\/productos\/foie-gras-entero-mi-cuit-125-g-regalo-pan-de-pasas\/\" \/>\n<meta property=\"og:site_name\" content=\"Martiko\" \/>\n<meta property=\"article:publisher\" content=\"https:\/\/www.facebook.com\/martikopates\/\" \/>\n<meta property=\"article:modified_time\" content=\"2026-04-04T06:41:08+00:00\" \/>\n<meta property=\"og:image\" content=\"https:\/\/martiko.com\/wp-content\/uploads\/2020\/05\/FOIE-GRAS-ENTERO-MI-CUIT-125-G-REGALO-PAN-DE-PASAS-2021-1.jpg\" \/>\n\t<meta property=\"og:image:width\" content=\"1200\" \/>\n\t<meta property=\"og:image:height\" content=\"1200\" \/>\n\t<meta property=\"og:image:type\" content=\"image\/jpeg\" \/>\n<meta name=\"twitter:card\" content=\"summary_large_image\" \/>\n<meta name=\"twitter:label1\" content=\"Dur\u00e9e de lecture estim\u00e9e\" \/>\n\t<meta name=\"twitter:data1\" content=\"1 minute\" \/>\n<script type=\"application\/ld+json\" class=\"yoast-schema-graph\">{\"@context\":\"https:\/\/schema.org\",\"@graph\":[{\"@type\":\"WebPage\",\"@id\":\"https:\/\/martiko.com\/tienda\/productos\/foie-gras-entero-mi-cuit-125-g-regalo-pan-de-pasas\/\",\"url\":\"https:\/\/martiko.com\/tienda\/productos\/foie-gras-entero-mi-cuit-125-g-regalo-pan-de-pasas\/\",\"name\":\"Foie Gras Entero de Pato Mi Cuit 125g + Pan de Pasas | Martiko\",\"isPartOf\":{\"@id\":\"https:\/\/martiko.com\/#website\"},\"primaryImageOfPage\":{\"@id\":\"https:\/\/martiko.com\/tienda\/productos\/foie-gras-entero-mi-cuit-125-g-regalo-pan-de-pasas\/#primaryimage\"},\"image\":{\"@id\":\"https:\/\/martiko.com\/tienda\/productos\/foie-gras-entero-mi-cuit-125-g-regalo-pan-de-pasas\/#primaryimage\"},\"thumbnailUrl\":\"https:\/\/martiko.com\/wp-content\/uploads\/2020\/05\/FOIE-GRAS-ENTERO-MI-CUIT-125-G-REGALO-PAN-DE-PASAS-2021-1.jpg\",\"datePublished\":\"2024-09-06T03:57:08+00:00\",\"dateModified\":\"2026-04-04T06:41:08+00:00\",\"description\":\"Disfruta de la combinaci\u00f3n perfecta: foie gras entero de pato mi cuit de Martiko acompa\u00f1ado de nuestras deliciosas tostadas de pan con pasas. Un regalo ideal para sorprender en celebraciones y momentos especiales, con la garant\u00eda de calidad Martiko.\",\"breadcrumb\":{\"@id\":\"https:\/\/martiko.com\/tienda\/productos\/foie-gras-entero-mi-cuit-125-g-regalo-pan-de-pasas\/#breadcrumb\"},\"inLanguage\":\"fr-FR\",\"potentialAction\":[{\"@type\":\"ReadAction\",\"target\":[\"https:\/\/martiko.com\/tienda\/productos\/foie-gras-entero-mi-cuit-125-g-regalo-pan-de-pasas\/\"]}]},{\"@type\":\"ImageObject\",\"inLanguage\":\"fr-FR\",\"@id\":\"https:\/\/martiko.com\/tienda\/productos\/foie-gras-entero-mi-cuit-125-g-regalo-pan-de-pasas\/#primaryimage\",\"url\":\"https:\/\/martiko.com\/wp-content\/uploads\/2020\/05\/FOIE-GRAS-ENTERO-MI-CUIT-125-G-REGALO-PAN-DE-PASAS-2021-1.jpg\",\"contentUrl\":\"https:\/\/martiko.com\/wp-content\/uploads\/2020\/05\/FOIE-GRAS-ENTERO-MI-CUIT-125-G-REGALO-PAN-DE-PASAS-2021-1.jpg\",\"width\":1200,\"height\":1200,\"caption\":\"Foie gras entero de pato mi cuit 125 g + Regalo pan de pasas\"},{\"@type\":\"BreadcrumbList\",\"@id\":\"https:\/\/martiko.com\/tienda\/productos\/foie-gras-entero-mi-cuit-125-g-regalo-pan-de-pasas\/#breadcrumb\",\"itemListElement\":[{\"@type\":\"ListItem\",\"position\":1,\"name\":\"Inicio\",\"item\":\"https:\/\/martiko.com\/\"},{\"@type\":\"ListItem\",\"position\":2,\"name\":\"Productos\",\"item\":\"https:\/\/martiko.com\/tienda\/\"},{\"@type\":\"ListItem\",\"position\":3,\"name\":\"PATO\",\"item\":\"https:\/\/martiko.com\/tienda\/categoria-producto\/pato\/\"},{\"@type\":\"ListItem\",\"position\":4,\"name\":\"FOIE GRAS ENTERO\",\"item\":\"https:\/\/martiko.com\/tienda\/categoria-producto\/pato\/foie-gras-entero\/\"},{\"@type\":\"ListItem\",\"position\":5,\"name\":\"Foie gras entero de pato mi cuit 125 g + Regalo pan de pasas\"}]},{\"@type\":\"WebSite\",\"@id\":\"https:\/\/martiko.com\/#website\",\"url\":\"https:\/\/martiko.com\/\",\"name\":\"Martiko\",\"description\":\"Martiko\",\"publisher\":{\"@id\":\"https:\/\/martiko.com\/#organization\"},\"potentialAction\":[{\"@type\":\"SearchAction\",\"target\":{\"@type\":\"EntryPoint\",\"urlTemplate\":\"https:\/\/martiko.com\/?s={search_term_string}\"},\"query-input\":{\"@type\":\"PropertyValueSpecification\",\"valueRequired\":true,\"valueName\":\"search_term_string\"}}],\"inLanguage\":\"fr-FR\"},{\"@type\":\"Organization\",\"@id\":\"https:\/\/martiko.com\/#organization\",\"name\":\"CONSERVAS MARTIKO SA\",\"url\":\"https:\/\/martiko.com\/\",\"logo\":{\"@type\":\"ImageObject\",\"inLanguage\":\"fr-FR\",\"@id\":\"https:\/\/martiko.com\/#\/schema\/logo\/image\/\",\"url\":\"https:\/\/martiko.com\/wp-content\/uploads\/2024\/11\/Logo-Martiko-2021-dorado.png\",\"contentUrl\":\"https:\/\/martiko.com\/wp-content\/uploads\/2024\/11\/Logo-Martiko-2021-dorado.png\",\"width\":147,\"height\":34,\"caption\":\"CONSERVAS MARTIKO SA\"},\"image\":{\"@id\":\"https:\/\/martiko.com\/#\/schema\/logo\/image\/\"},\"sameAs\":[\"https:\/\/www.facebook.com\/martikopates\/\",\"https:\/\/www.instagram.com\/martikopato\/\",\"https:\/\/www.linkedin.com\/company\/2282554\"]}]}<\/script>\n<!-- \/ Yoast SEO plugin. -->","yoast_head_json":{"title":"Foie Gras Entero de Pato Mi Cuit 125g + Pan de Pasas | Martiko","description":"Disfruta de la combinaci\u00f3n perfecta: foie gras entero de pato mi cuit de Martiko acompa\u00f1ado de nuestras deliciosas tostadas de pan con pasas. Un regalo ideal para sorprender en celebraciones y momentos especiales, con la garant\u00eda de calidad Martiko.","robots":{"index":"index","follow":"follow","max-snippet":"max-snippet:-1","max-image-preview":"max-image-preview:large","max-video-preview":"max-video-preview:-1"},"canonical":"https:\/\/martiko.com\/tienda\/productos\/foie-gras-entero-mi-cuit-125-g-regalo-pan-de-pasas\/","og_locale":"fr_FR","og_type":"article","og_title":"Foie Gras Entero de Pato Mi Cuit 125g + Pan de Pasas | Martiko","og_description":"Disfruta de la combinaci\u00f3n perfecta: foie gras entero de pato mi cuit de Martiko acompa\u00f1ado de nuestras deliciosas tostadas de pan con pasas. Un regalo ideal para sorprender en celebraciones y momentos especiales, con la garant\u00eda de calidad Martiko.","og_url":"https:\/\/martiko.com\/tienda\/productos\/foie-gras-entero-mi-cuit-125-g-regalo-pan-de-pasas\/","og_site_name":"Martiko","article_publisher":"https:\/\/www.facebook.com\/martikopates\/","article_modified_time":"2026-04-04T06:41:08+00:00","og_image":[{"width":1200,"height":1200,"url":"https:\/\/martiko.com\/wp-content\/uploads\/2020\/05\/FOIE-GRAS-ENTERO-MI-CUIT-125-G-REGALO-PAN-DE-PASAS-2021-1.jpg","type":"image\/jpeg"}],"twitter_card":"summary_large_image","twitter_misc":{"Dur\u00e9e de lecture estim\u00e9e":"1 minute"},"schema":{"@context":"https:\/\/schema.org","@graph":[{"@type":"WebPage","@id":"https:\/\/martiko.com\/tienda\/productos\/foie-gras-entero-mi-cuit-125-g-regalo-pan-de-pasas\/","url":"https:\/\/martiko.com\/tienda\/productos\/foie-gras-entero-mi-cuit-125-g-regalo-pan-de-pasas\/","name":"Foie Gras Entero de Pato Mi Cuit 125g + Pan de Pasas | Martiko","isPartOf":{"@id":"https:\/\/martiko.com\/#website"},"primaryImageOfPage":{"@id":"https:\/\/martiko.com\/tienda\/productos\/foie-gras-entero-mi-cuit-125-g-regalo-pan-de-pasas\/#primaryimage"},"image":{"@id":"https:\/\/martiko.com\/tienda\/productos\/foie-gras-entero-mi-cuit-125-g-regalo-pan-de-pasas\/#primaryimage"},"thumbnailUrl":"https:\/\/martiko.com\/wp-content\/uploads\/2020\/05\/FOIE-GRAS-ENTERO-MI-CUIT-125-G-REGALO-PAN-DE-PASAS-2021-1.jpg","datePublished":"2024-09-06T03:57:08+00:00","dateModified":"2026-04-04T06:41:08+00:00","description":"Disfruta de la combinaci\u00f3n perfecta: foie gras entero de pato mi cuit de Martiko acompa\u00f1ado de nuestras deliciosas tostadas de pan con pasas. Un regalo ideal para sorprender en celebraciones y momentos especiales, con la garant\u00eda de calidad Martiko.","breadcrumb":{"@id":"https:\/\/martiko.com\/tienda\/productos\/foie-gras-entero-mi-cuit-125-g-regalo-pan-de-pasas\/#breadcrumb"},"inLanguage":"fr-FR","potentialAction":[{"@type":"ReadAction","target":["https:\/\/martiko.com\/tienda\/productos\/foie-gras-entero-mi-cuit-125-g-regalo-pan-de-pasas\/"]}]},{"@type":"ImageObject","inLanguage":"fr-FR","@id":"https:\/\/martiko.com\/tienda\/productos\/foie-gras-entero-mi-cuit-125-g-regalo-pan-de-pasas\/#primaryimage","url":"https:\/\/martiko.com\/wp-content\/uploads\/2020\/05\/FOIE-GRAS-ENTERO-MI-CUIT-125-G-REGALO-PAN-DE-PASAS-2021-1.jpg","contentUrl":"https:\/\/martiko.com\/wp-content\/uploads\/2020\/05\/FOIE-GRAS-ENTERO-MI-CUIT-125-G-REGALO-PAN-DE-PASAS-2021-1.jpg","width":1200,"height":1200,"caption":"Foie gras entero de pato mi cuit 125 g + Regalo pan de pasas"},{"@type":"BreadcrumbList","@id":"https:\/\/martiko.com\/tienda\/productos\/foie-gras-entero-mi-cuit-125-g-regalo-pan-de-pasas\/#breadcrumb","itemListElement":[{"@type":"ListItem","position":1,"name":"Inicio","item":"https:\/\/martiko.com\/"},{"@type":"ListItem","position":2,"name":"Productos","item":"https:\/\/martiko.com\/tienda\/"},{"@type":"ListItem","position":3,"name":"PATO","item":"https:\/\/martiko.com\/tienda\/categoria-producto\/pato\/"},{"@type":"ListItem","position":4,"name":"FOIE GRAS ENTERO","item":"https:\/\/martiko.com\/tienda\/categoria-producto\/pato\/foie-gras-entero\/"},{"@type":"ListItem","position":5,"name":"Foie gras entero de pato mi cuit 125 g + Regalo pan de pasas"}]},{"@type":"WebSite","@id":"https:\/\/martiko.com\/#website","url":"https:\/\/martiko.com\/","name":"Martiko","description":"Martiko","publisher":{"@id":"https:\/\/martiko.com\/#organization"},"potentialAction":[{"@type":"SearchAction","target":{"@type":"EntryPoint","urlTemplate":"https:\/\/martiko.com\/?s={search_term_string}"},"query-input":{"@type":"PropertyValueSpecification","valueRequired":true,"valueName":"search_term_string"}}],"inLanguage":"fr-FR"},{"@type":"Organization","@id":"https:\/\/martiko.com\/#organization","name":"CONSERVAS MARTIKO SA","url":"https:\/\/martiko.com\/","logo":{"@type":"ImageObject","inLanguage":"fr-FR","@id":"https:\/\/martiko.com\/#\/schema\/logo\/image\/","url":"https:\/\/martiko.com\/wp-content\/uploads\/2024\/11\/Logo-Martiko-2021-dorado.png","contentUrl":"https:\/\/martiko.com\/wp-content\/uploads\/2024\/11\/Logo-Martiko-2021-dorado.png","width":147,"height":34,"caption":"CONSERVAS MARTIKO SA"},"image":{"@id":"https:\/\/martiko.com\/#\/schema\/logo\/image\/"},"sameAs":["https:\/\/www.facebook.com\/martikopates\/","https:\/\/www.instagram.com\/martikopato\/","https:\/\/www.linkedin.com\/company\/2282554"]}]}},"_links":{"self":[{"href":"https:\/\/martiko.com\/fr\/wp-json\/wp\/v2\/product\/301","targetHints":{"allow":["GET"]}}],"collection":[{"href":"https:\/\/martiko.com\/fr\/wp-json\/wp\/v2\/product"}],"about":[{"href":"https:\/\/martiko.com\/fr\/wp-json\/wp\/v2\/types\/product"}],"wp:featuredmedia":[{"embeddable":true,"href":"https:\/\/martiko.com\/fr\/wp-json\/wp\/v2\/media\/226"}],"wp:attachment":[{"href":"https:\/\/martiko.com\/fr\/wp-json\/wp\/v2\/media?parent=301"}],"wp:term":[{"taxonomy":"product_brand","embeddable":true,"href":"https:\/\/martiko.com\/fr\/wp-json\/wp\/v2\/product_brand?post=301"},{"taxonomy":"product_cat","embeddable":true,"href":"https:\/\/martiko.com\/fr\/wp-json\/wp\/v2\/product_cat?post=301"},{"taxonomy":"product_tag","embeddable":true,"href":"https:\/\/martiko.com\/fr\/wp-json\/wp\/v2\/product_tag?post=301"}],"curies":[{"name":"wp","href":"https:\/\/api.w.org\/{rel}","templated":true}]}}