{"id":322,"date":"2024-08-10T07:57:28","date_gmt":"2024-08-10T05:57:28","guid":{"rendered":"https:\/\/martiko.com\/producto\/bloc-de-foie-gras-de-pato-2x40-g-duo\/"},"modified":"2026-04-04T08:41:44","modified_gmt":"2026-04-04T06:41:44","slug":"bloc-de-foie-gras-de-pato-2x40-g-duo","status":"publish","type":"product","link":"https:\/\/martiko.com\/fr\/tienda\/productos\/bloc-de-foie-gras-de-pato-2x40-g-duo\/","title":{"rendered":"Bloc de foie gras de pato 2&#215;40 g"},"content":{"rendered":"<p>Un aperitivo exquisito para cualquier ocasi\u00f3n. El bloc de foie gras, al ser una emulsi\u00f3n, tiene una textura m\u00e1s untuosa que el foie gras entero.<br \/>\nEs muy vers\u00e1til y sofisticado. Ideal para servirlo como centro de mesa en canap\u00e9s, sobre tostadas crujientes coronadas con frutos secos caramelizados, mermeladas o un gel\u00e9e de vino dulce. Tambi\u00e9n es muy apreciado en cocina para rellenar tartaletas, volovanes o milhojas salados, para servirlo sobre ensaladas y arroces, para rellenos de carnes de aves (como el magret, o solomillos), o para elaborar salsas, aportando un toque muy especial y gourmet a los platos.<\/p>\n","protected":false},"excerpt":{"rendered":"<p>Nuestra receta m\u00e1s tradicional de bloc de foie gras de pato presentado en un c\u00f3modo envase con dos medallones divisibles. Una opci\u00f3n excelente para los amantes de sabores intensos y texturas fundentes. Elaborado con mimo a partir de trozos de l\u00f3bulos de foie gras de pato ligeramente sazonados y triturados para formar una fina emulsi\u00f3n. Excelente calidad, delicado sabor y agradable textura.<\/p>\n","protected":false},"featured_media":5319,"template":"","meta":{"_acf_changed":false,"site-sidebar-layout":"default","site-content-layout":"","ast-site-content-layout":"default","site-content-style":"default","site-sidebar-style":"default","ast-global-header-display":"","ast-banner-title-visibility":"","ast-main-header-display":"","ast-hfb-above-header-display":"","ast-hfb-below-header-display":"","ast-hfb-mobile-header-display":"","site-post-title":"","ast-breadcrumbs-content":"","ast-featured-img":"","footer-sml-layout":"","ast-disable-related-posts":"","theme-transparent-header-meta":"default","adv-header-id-meta":"","stick-header-meta":"","header-above-stick-meta":"","header-main-stick-meta":"","header-below-stick-meta":"","astra-migrate-meta-layouts":"set","ast-page-background-enabled":"default","ast-page-background-meta":{"desktop":{"background-color":"var(--ast-global-color-4)","background-image":"","background-repeat":"repeat","background-position":"center center","background-size":"auto","background-attachment":"scroll","background-type":"","background-media":"","overlay-type":"","overlay-color":"","overlay-opacity":"","overlay-gradient":""},"tablet":{"background-color":"","background-image":"","background-repeat":"repeat","background-position":"center center","background-size":"auto","background-attachment":"scroll","background-type":"","background-media":"","overlay-type":"","overlay-color":"","overlay-opacity":"","overlay-gradient":""},"mobile":{"background-color":"","background-image":"","background-repeat":"repeat","background-position":"center center","background-size":"auto","background-attachment":"scroll","background-type":"","background-media":"","overlay-type":"","overlay-color":"","overlay-opacity":"","overlay-gradient":""}},"ast-content-background-meta":{"desktop":{"background-color":"var(--ast-global-color-5)","background-image":"","background-repeat":"repeat","background-position":"center center","background-size":"auto","background-attachment":"scroll","background-type":"","background-media":"","overlay-type":"","overlay-color":"","overlay-opacity":"","overlay-gradient":""},"tablet":{"background-color":"var(--ast-global-color-5)","background-image":"","background-repeat":"repeat","background-position":"center center","background-size":"auto","background-attachment":"scroll","background-type":"","background-media":"","overlay-type":"","overlay-color":"","overlay-opacity":"","overlay-gradient":""},"mobile":{"background-color":"var(--ast-global-color-5)","background-image":"","background-repeat":"repeat","background-position":"center center","background-size":"auto","background-attachment":"scroll","background-type":"","background-media":"","overlay-type":"","overlay-color":"","overlay-opacity":"","overlay-gradient":""}}},"product_brand":[],"product_cat":[87,24],"product_tag":[374],"class_list":{"0":"post-322","1":"product","2":"type-product","3":"status-publish","4":"has-post-thumbnail","6":"product_cat-bloc-de-foie-gras","7":"product_cat-producto-refrigerado","8":"product_tag-foie-gras","9":"desktop-align-center","10":"tablet-align-left","11":"mobile-align-left","13":"first","14":"instock","15":"taxable","16":"shipping-taxable","17":"purchasable","18":"product-type-simple"},"acf":{"aecoc-marca":"Martiko","aecoc-gln":"8412540000006","aecoc-gtin":"08412540003878","aecoc-denominacion_comercial":"Bloc de foie gras de pato Martiko d\u00fao 2x40g","aecoc-denominacion_legal":"Bloc de foie gras de pato cocido","aecoc-peso_bruto":"130","aecoc-peso_neto":"80","aecoc-peso_neto_escurrido":"","aecoc-cantidad_neta":"2 x 40 g","aecoc-condiciones_de_conservacion":"Conservar entre 3 y 5 \u00b0C. Una vez abierto, conservar en el frigor\u00edfico y consumir en los pr\u00f3ximos 5 d\u00edas.","aecoc-modo_de_preparacion":"","aecoc-fabricado":"Martiko P.I. Zalain, s\/n - C.P. 31780 Navarra (Espa\u00f1a)","aecoc-registro_sanitario":"ES 10.14400\/NA","aecoc-ingredientes":"Foie gras de pato, agua, brandy, sal, az\u00facar, pimienta, antioxidante: E-301 y conservador: E-250.","aecoc-racion":"100","aecoc-unidad_racion":"g","aecoc-energia_1":"1830","aecoc-unidad_energia_1":"kJ","aecoc-energia_2":"444","aecoc-unidad_energia_2":"kcal","aecoc-grasas":"46","aecoc-unidad_grasas":"g","aecoc-grasos_saturados":"20","aecoc-unidad_grasos_saturados":"g","aecoc-hidratos_de_carbono":"2.8","aecoc-unidad_hidratos_de_carbono":"g","aecoc-azucares":"0.8","aecoc-unidad_azucares":"g","aecoc-proteinas":"4.7","aecoc-unidad_proteinas":"g","aecoc-sal":"0.88","aecoc-unidad_sal":"g","aecoc-acidos_grasos_omega_3":"","aecoc-sin_gluten":true,"aecoc-multitabla":false,"aecoc-tabla_nutricional":"[{'title': 'Tama\u00f1o de la racion por 100g',        'content': {                 'aecoc-racion': '100@_@g','aecoc-energia_1': '1830@_@kJ','aecoc-energia_2': '444@_@kcal','aecoc-grasas': '46@_@g','aecoc-grasos_saturados': '20@_@g','aecoc-hidratos_de_carbono': '2.8@_@g','aecoc-azucares': '0.8@_@g','aecoc-proteinas': '4.7@_@g','aecoc-sal': '0.88@_@g'            }}]","aecoc-contenedor_reciclaje":"Contenedor_Amarillo, Contenedor_Azul"},"yoast_head":"<!-- This site is optimized with the Yoast SEO plugin v27.1.1 - https:\/\/yoast.com\/product\/yoast-seo-wordpress\/ -->\n<title>Bloc de Foie Gras de Pato 2x40g D\u00fao | Martiko<\/title>\n<meta name=\"description\" content=\"Disfruta nuestro tradicional bloc de foie gras Martiko en pr\u00e1cticos medallones divisibles. Una textura suave y delicada, con todo el sabor del mejor foie.\" \/>\n<meta name=\"robots\" content=\"index, follow, max-snippet:-1, max-image-preview:large, max-video-preview:-1\" \/>\n<link rel=\"canonical\" href=\"https:\/\/martiko.com\/tienda\/productos\/bloc-de-foie-gras-de-pato-2x40-g-duo\/\" \/>\n<meta property=\"og:locale\" content=\"fr_FR\" \/>\n<meta property=\"og:type\" content=\"article\" \/>\n<meta property=\"og:title\" content=\"Bloc de Foie Gras de Pato 2x40g D\u00fao | Martiko\" \/>\n<meta property=\"og:description\" content=\"Disfruta nuestro tradicional bloc de foie gras Martiko en pr\u00e1cticos medallones divisibles. Una textura suave y delicada, con todo el sabor del mejor foie.\" \/>\n<meta property=\"og:url\" content=\"https:\/\/martiko.com\/tienda\/productos\/bloc-de-foie-gras-de-pato-2x40-g-duo\/\" \/>\n<meta property=\"og:site_name\" content=\"Martiko\" \/>\n<meta property=\"article:publisher\" content=\"https:\/\/www.facebook.com\/martikopates\/\" \/>\n<meta property=\"article:modified_time\" content=\"2026-04-04T06:41:44+00:00\" \/>\n<meta property=\"og:image\" content=\"https:\/\/martiko.com\/wp-content\/uploads\/2020\/05\/Bloc-de-foie-gras-de-pato-Martiko-2x40-g.webp\" \/>\n\t<meta property=\"og:image:width\" content=\"1200\" \/>\n\t<meta property=\"og:image:height\" content=\"1200\" \/>\n\t<meta property=\"og:image:type\" content=\"image\/webp\" \/>\n<meta name=\"twitter:card\" content=\"summary_large_image\" \/>\n<meta name=\"twitter:label1\" content=\"Dur\u00e9e de lecture estim\u00e9e\" \/>\n\t<meta name=\"twitter:data1\" content=\"1 minute\" \/>\n<script type=\"application\/ld+json\" class=\"yoast-schema-graph\">{\"@context\":\"https:\/\/schema.org\",\"@graph\":[{\"@type\":\"WebPage\",\"@id\":\"https:\/\/martiko.com\/tienda\/productos\/bloc-de-foie-gras-de-pato-2x40-g-duo\/\",\"url\":\"https:\/\/martiko.com\/tienda\/productos\/bloc-de-foie-gras-de-pato-2x40-g-duo\/\",\"name\":\"Bloc de Foie Gras de Pato 2x40g D\u00fao | Martiko\",\"isPartOf\":{\"@id\":\"https:\/\/martiko.com\/#website\"},\"primaryImageOfPage\":{\"@id\":\"https:\/\/martiko.com\/tienda\/productos\/bloc-de-foie-gras-de-pato-2x40-g-duo\/#primaryimage\"},\"image\":{\"@id\":\"https:\/\/martiko.com\/tienda\/productos\/bloc-de-foie-gras-de-pato-2x40-g-duo\/#primaryimage\"},\"thumbnailUrl\":\"https:\/\/martiko.com\/wp-content\/uploads\/2020\/05\/Bloc-de-foie-gras-de-pato-Martiko-2x40-g.webp\",\"datePublished\":\"2024-08-10T05:57:28+00:00\",\"dateModified\":\"2026-04-04T06:41:44+00:00\",\"description\":\"Disfruta nuestro tradicional bloc de foie gras Martiko en pr\u00e1cticos medallones divisibles. Una textura suave y delicada, con todo el sabor del mejor foie.\",\"breadcrumb\":{\"@id\":\"https:\/\/martiko.com\/tienda\/productos\/bloc-de-foie-gras-de-pato-2x40-g-duo\/#breadcrumb\"},\"inLanguage\":\"fr-FR\",\"potentialAction\":[{\"@type\":\"ReadAction\",\"target\":[\"https:\/\/martiko.com\/tienda\/productos\/bloc-de-foie-gras-de-pato-2x40-g-duo\/\"]}]},{\"@type\":\"ImageObject\",\"inLanguage\":\"fr-FR\",\"@id\":\"https:\/\/martiko.com\/tienda\/productos\/bloc-de-foie-gras-de-pato-2x40-g-duo\/#primaryimage\",\"url\":\"https:\/\/martiko.com\/wp-content\/uploads\/2020\/05\/Bloc-de-foie-gras-de-pato-Martiko-2x40-g.webp\",\"contentUrl\":\"https:\/\/martiko.com\/wp-content\/uploads\/2020\/05\/Bloc-de-foie-gras-de-pato-Martiko-2x40-g.webp\",\"width\":1200,\"height\":1200,\"caption\":\"Bloc de foie gras de pato Martiko 2x40 g\"},{\"@type\":\"BreadcrumbList\",\"@id\":\"https:\/\/martiko.com\/tienda\/productos\/bloc-de-foie-gras-de-pato-2x40-g-duo\/#breadcrumb\",\"itemListElement\":[{\"@type\":\"ListItem\",\"position\":1,\"name\":\"Inicio\",\"item\":\"https:\/\/martiko.com\/\"},{\"@type\":\"ListItem\",\"position\":2,\"name\":\"Productos\",\"item\":\"https:\/\/martiko.com\/tienda\/\"},{\"@type\":\"ListItem\",\"position\":3,\"name\":\"PATO\",\"item\":\"https:\/\/martiko.com\/tienda\/categoria-producto\/pato\/\"},{\"@type\":\"ListItem\",\"position\":4,\"name\":\"BLOC DE FOIE GRAS\",\"item\":\"https:\/\/martiko.com\/tienda\/categoria-producto\/pato\/bloc-de-foie-gras\/\"},{\"@type\":\"ListItem\",\"position\":5,\"name\":\"Bloc de foie gras de pato 2&#215;40 g\"}]},{\"@type\":\"WebSite\",\"@id\":\"https:\/\/martiko.com\/#website\",\"url\":\"https:\/\/martiko.com\/\",\"name\":\"Martiko\",\"description\":\"Martiko\",\"publisher\":{\"@id\":\"https:\/\/martiko.com\/#organization\"},\"potentialAction\":[{\"@type\":\"SearchAction\",\"target\":{\"@type\":\"EntryPoint\",\"urlTemplate\":\"https:\/\/martiko.com\/?s={search_term_string}\"},\"query-input\":{\"@type\":\"PropertyValueSpecification\",\"valueRequired\":true,\"valueName\":\"search_term_string\"}}],\"inLanguage\":\"fr-FR\"},{\"@type\":\"Organization\",\"@id\":\"https:\/\/martiko.com\/#organization\",\"name\":\"CONSERVAS MARTIKO SA\",\"url\":\"https:\/\/martiko.com\/\",\"logo\":{\"@type\":\"ImageObject\",\"inLanguage\":\"fr-FR\",\"@id\":\"https:\/\/martiko.com\/#\/schema\/logo\/image\/\",\"url\":\"https:\/\/martiko.com\/wp-content\/uploads\/2024\/11\/Logo-Martiko-2021-dorado.png\",\"contentUrl\":\"https:\/\/martiko.com\/wp-content\/uploads\/2024\/11\/Logo-Martiko-2021-dorado.png\",\"width\":147,\"height\":34,\"caption\":\"CONSERVAS MARTIKO SA\"},\"image\":{\"@id\":\"https:\/\/martiko.com\/#\/schema\/logo\/image\/\"},\"sameAs\":[\"https:\/\/www.facebook.com\/martikopates\/\",\"https:\/\/www.instagram.com\/martikopato\/\",\"https:\/\/www.linkedin.com\/company\/2282554\"]}]}<\/script>\n<!-- \/ Yoast SEO plugin. -->","yoast_head_json":{"title":"Bloc de Foie Gras de Pato 2x40g D\u00fao | Martiko","description":"Disfruta nuestro tradicional bloc de foie gras Martiko en pr\u00e1cticos medallones divisibles. Una textura suave y delicada, con todo el sabor del mejor foie.","robots":{"index":"index","follow":"follow","max-snippet":"max-snippet:-1","max-image-preview":"max-image-preview:large","max-video-preview":"max-video-preview:-1"},"canonical":"https:\/\/martiko.com\/tienda\/productos\/bloc-de-foie-gras-de-pato-2x40-g-duo\/","og_locale":"fr_FR","og_type":"article","og_title":"Bloc de Foie Gras de Pato 2x40g D\u00fao | Martiko","og_description":"Disfruta nuestro tradicional bloc de foie gras Martiko en pr\u00e1cticos medallones divisibles. Una textura suave y delicada, con todo el sabor del mejor foie.","og_url":"https:\/\/martiko.com\/tienda\/productos\/bloc-de-foie-gras-de-pato-2x40-g-duo\/","og_site_name":"Martiko","article_publisher":"https:\/\/www.facebook.com\/martikopates\/","article_modified_time":"2026-04-04T06:41:44+00:00","og_image":[{"width":1200,"height":1200,"url":"https:\/\/martiko.com\/wp-content\/uploads\/2020\/05\/Bloc-de-foie-gras-de-pato-Martiko-2x40-g.webp","type":"image\/webp"}],"twitter_card":"summary_large_image","twitter_misc":{"Dur\u00e9e de lecture estim\u00e9e":"1 minute"},"schema":{"@context":"https:\/\/schema.org","@graph":[{"@type":"WebPage","@id":"https:\/\/martiko.com\/tienda\/productos\/bloc-de-foie-gras-de-pato-2x40-g-duo\/","url":"https:\/\/martiko.com\/tienda\/productos\/bloc-de-foie-gras-de-pato-2x40-g-duo\/","name":"Bloc de Foie Gras de Pato 2x40g D\u00fao | Martiko","isPartOf":{"@id":"https:\/\/martiko.com\/#website"},"primaryImageOfPage":{"@id":"https:\/\/martiko.com\/tienda\/productos\/bloc-de-foie-gras-de-pato-2x40-g-duo\/#primaryimage"},"image":{"@id":"https:\/\/martiko.com\/tienda\/productos\/bloc-de-foie-gras-de-pato-2x40-g-duo\/#primaryimage"},"thumbnailUrl":"https:\/\/martiko.com\/wp-content\/uploads\/2020\/05\/Bloc-de-foie-gras-de-pato-Martiko-2x40-g.webp","datePublished":"2024-08-10T05:57:28+00:00","dateModified":"2026-04-04T06:41:44+00:00","description":"Disfruta nuestro tradicional bloc de foie gras Martiko en pr\u00e1cticos medallones divisibles. Una textura suave y delicada, con todo el sabor del mejor foie.","breadcrumb":{"@id":"https:\/\/martiko.com\/tienda\/productos\/bloc-de-foie-gras-de-pato-2x40-g-duo\/#breadcrumb"},"inLanguage":"fr-FR","potentialAction":[{"@type":"ReadAction","target":["https:\/\/martiko.com\/tienda\/productos\/bloc-de-foie-gras-de-pato-2x40-g-duo\/"]}]},{"@type":"ImageObject","inLanguage":"fr-FR","@id":"https:\/\/martiko.com\/tienda\/productos\/bloc-de-foie-gras-de-pato-2x40-g-duo\/#primaryimage","url":"https:\/\/martiko.com\/wp-content\/uploads\/2020\/05\/Bloc-de-foie-gras-de-pato-Martiko-2x40-g.webp","contentUrl":"https:\/\/martiko.com\/wp-content\/uploads\/2020\/05\/Bloc-de-foie-gras-de-pato-Martiko-2x40-g.webp","width":1200,"height":1200,"caption":"Bloc de foie gras de pato Martiko 2x40 g"},{"@type":"BreadcrumbList","@id":"https:\/\/martiko.com\/tienda\/productos\/bloc-de-foie-gras-de-pato-2x40-g-duo\/#breadcrumb","itemListElement":[{"@type":"ListItem","position":1,"name":"Inicio","item":"https:\/\/martiko.com\/"},{"@type":"ListItem","position":2,"name":"Productos","item":"https:\/\/martiko.com\/tienda\/"},{"@type":"ListItem","position":3,"name":"PATO","item":"https:\/\/martiko.com\/tienda\/categoria-producto\/pato\/"},{"@type":"ListItem","position":4,"name":"BLOC DE FOIE GRAS","item":"https:\/\/martiko.com\/tienda\/categoria-producto\/pato\/bloc-de-foie-gras\/"},{"@type":"ListItem","position":5,"name":"Bloc de foie gras de pato 2&#215;40 g"}]},{"@type":"WebSite","@id":"https:\/\/martiko.com\/#website","url":"https:\/\/martiko.com\/","name":"Martiko","description":"Martiko","publisher":{"@id":"https:\/\/martiko.com\/#organization"},"potentialAction":[{"@type":"SearchAction","target":{"@type":"EntryPoint","urlTemplate":"https:\/\/martiko.com\/?s={search_term_string}"},"query-input":{"@type":"PropertyValueSpecification","valueRequired":true,"valueName":"search_term_string"}}],"inLanguage":"fr-FR"},{"@type":"Organization","@id":"https:\/\/martiko.com\/#organization","name":"CONSERVAS MARTIKO SA","url":"https:\/\/martiko.com\/","logo":{"@type":"ImageObject","inLanguage":"fr-FR","@id":"https:\/\/martiko.com\/#\/schema\/logo\/image\/","url":"https:\/\/martiko.com\/wp-content\/uploads\/2024\/11\/Logo-Martiko-2021-dorado.png","contentUrl":"https:\/\/martiko.com\/wp-content\/uploads\/2024\/11\/Logo-Martiko-2021-dorado.png","width":147,"height":34,"caption":"CONSERVAS MARTIKO SA"},"image":{"@id":"https:\/\/martiko.com\/#\/schema\/logo\/image\/"},"sameAs":["https:\/\/www.facebook.com\/martikopates\/","https:\/\/www.instagram.com\/martikopato\/","https:\/\/www.linkedin.com\/company\/2282554"]}]}},"_links":{"self":[{"href":"https:\/\/martiko.com\/fr\/wp-json\/wp\/v2\/product\/322","targetHints":{"allow":["GET"]}}],"collection":[{"href":"https:\/\/martiko.com\/fr\/wp-json\/wp\/v2\/product"}],"about":[{"href":"https:\/\/martiko.com\/fr\/wp-json\/wp\/v2\/types\/product"}],"wp:featuredmedia":[{"embeddable":true,"href":"https:\/\/martiko.com\/fr\/wp-json\/wp\/v2\/media\/5319"}],"wp:attachment":[{"href":"https:\/\/martiko.com\/fr\/wp-json\/wp\/v2\/media?parent=322"}],"wp:term":[{"taxonomy":"product_brand","embeddable":true,"href":"https:\/\/martiko.com\/fr\/wp-json\/wp\/v2\/product_brand?post=322"},{"taxonomy":"product_cat","embeddable":true,"href":"https:\/\/martiko.com\/fr\/wp-json\/wp\/v2\/product_cat?post=322"},{"taxonomy":"product_tag","embeddable":true,"href":"https:\/\/martiko.com\/fr\/wp-json\/wp\/v2\/product_tag?post=322"}],"curies":[{"name":"wp","href":"https:\/\/api.w.org\/{rel}","templated":true}]}}