{"id":391,"date":"2024-07-11T05:57:53","date_gmt":"2024-07-11T03:57:53","guid":{"rendered":"https:\/\/martiko.com\/producto\/3-delicias-de-pato-confit\/"},"modified":"2026-04-04T08:42:17","modified_gmt":"2026-04-04T06:42:17","slug":"3-delicias-de-pato-confit","status":"publish","type":"product","link":"https:\/\/martiko.com\/fr\/tienda\/productos\/3-delicias-de-pato-confit\/","title":{"rendered":"3 delicias de pato confit"},"content":{"rendered":"","protected":false},"excerpt":{"rendered":"<p>Las delicias de pato son una manera fant\u00e1stica de comer carne de pato en confit, caracterizada por su suave sabor y sencillez de preparaci\u00f3n.<\/p>\n","protected":false},"featured_media":12912,"template":"","meta":{"_acf_changed":false,"site-sidebar-layout":"default","site-content-layout":"","ast-site-content-layout":"default","site-content-style":"default","site-sidebar-style":"default","ast-global-header-display":"","ast-banner-title-visibility":"","ast-main-header-display":"","ast-hfb-above-header-display":"","ast-hfb-below-header-display":"","ast-hfb-mobile-header-display":"","site-post-title":"","ast-breadcrumbs-content":"","ast-featured-img":"","footer-sml-layout":"","ast-disable-related-posts":"","theme-transparent-header-meta":"default","adv-header-id-meta":"","stick-header-meta":"","header-above-stick-meta":"","header-main-stick-meta":"","header-below-stick-meta":"","astra-migrate-meta-layouts":"set","ast-page-background-enabled":"default","ast-page-background-meta":{"desktop":{"background-color":"var(--ast-global-color-4)","background-image":"","background-repeat":"repeat","background-position":"center center","background-size":"auto","background-attachment":"scroll","background-type":"","background-media":"","overlay-type":"","overlay-color":"","overlay-opacity":"","overlay-gradient":""},"tablet":{"background-color":"","background-image":"","background-repeat":"repeat","background-position":"center center","background-size":"auto","background-attachment":"scroll","background-type":"","background-media":"","overlay-type":"","overlay-color":"","overlay-opacity":"","overlay-gradient":""},"mobile":{"background-color":"","background-image":"","background-repeat":"repeat","background-position":"center center","background-size":"auto","background-attachment":"scroll","background-type":"","background-media":"","overlay-type":"","overlay-color":"","overlay-opacity":"","overlay-gradient":""}},"ast-content-background-meta":{"desktop":{"background-color":"var(--ast-global-color-5)","background-image":"","background-repeat":"repeat","background-position":"center center","background-size":"auto","background-attachment":"scroll","background-type":"","background-media":"","overlay-type":"","overlay-color":"","overlay-opacity":"","overlay-gradient":""},"tablet":{"background-color":"var(--ast-global-color-5)","background-image":"","background-repeat":"repeat","background-position":"center center","background-size":"auto","background-attachment":"scroll","background-type":"","background-media":"","overlay-type":"","overlay-color":"","overlay-opacity":"","overlay-gradient":""},"mobile":{"background-color":"var(--ast-global-color-5)","background-image":"","background-repeat":"repeat","background-position":"center center","background-size":"auto","background-attachment":"scroll","background-type":"","background-media":"","overlay-type":"","overlay-color":"","overlay-opacity":"","overlay-gradient":""}}},"product_brand":[],"product_cat":[167,24],"product_tag":[588],"class_list":{"0":"post-391","1":"product","2":"type-product","3":"status-publish","4":"has-post-thumbnail","6":"product_cat-confit-de-pato","7":"product_cat-producto-refrigerado","8":"product_tag-carne-de-pato","9":"desktop-align-center","10":"tablet-align-left","11":"mobile-align-left","13":"first","14":"instock","15":"taxable","16":"shipping-taxable","17":"purchasable","18":"product-type-simple"},"acf":{"aecoc-marca":"Martiko","aecoc-gln":"8412540000006","aecoc-gtin":"08412540005568","aecoc-denominacion_comercial":"Delicias de alas de pato en confit Martiko bolsa al vac\u00edo 320g","aecoc-denominacion_legal":"Delicias de alas de pato en confit","aecoc-peso_bruto":"391","aecoc-peso_neto":"320","aecoc-peso_neto_escurrido":"","aecoc-cantidad_neta":"","aecoc-condiciones_de_conservacion":"Conservaci\u00f3n entre 3 y 5\u00b0C. Una vez abierto, conservar en el frigor\u00edfico y consumir en los pr\u00f3ximos 3 d\u00edas.","aecoc-modo_de_preparacion":"Retirar las delicias del envase. EN HORNO: precalienta el horno a 180-200\u00baC e introduce las delicias en una bandeja durante 15-20 minutos hasta lograr que la piel est\u00e9 dorada y crujiente. EN MICROONDAS: coloca las delicias en un recipiente adecuado durante 3-5 minutos a potencia de 900W.","aecoc-fabricado":"Martiko P.I. Zalain, s\/n - C.P. 31780 Navarra (Espa\u00f1a)","aecoc-registro_sanitario":"ES 10.14400\/NA","aecoc-ingredientes":"3 delicias de alas de pato (78%), grasa de pato, sal y conservador: E-250.","aecoc-racion":"100","aecoc-unidad_racion":"g","aecoc-energia_1":"1233","aecoc-unidad_energia_1":"kJ","aecoc-energia_2":"296","aecoc-unidad_energia_2":"kcal","aecoc-grasas":"20","aecoc-unidad_grasas":"g","aecoc-grasos_saturados":"7","aecoc-unidad_grasos_saturados":"g","aecoc-hidratos_de_carbono":"0.5","aecoc-unidad_hidratos_de_carbono":"g","aecoc-azucares":"0.5","aecoc-unidad_azucares":"g","aecoc-proteinas":"29","aecoc-unidad_proteinas":"g","aecoc-sal":"1.19","aecoc-unidad_sal":"g","aecoc-acidos_grasos_omega_3":"","aecoc-sin_gluten":true,"aecoc-multitabla":false,"aecoc-tabla_nutricional":"[{'title': 'Tama\u00f1o de la raci\u00f3n por 100g',        'content': {                 'aecoc-racion': '100@_@g','aecoc-energia_1': '1233@_@kJ','aecoc-energia_2': '296@_@kcal','aecoc-grasas': '20@_@g','aecoc-grasos_saturados': '7@_@g','aecoc-hidratos_de_carbono': '0.5@_@g','aecoc-azucares': '0.5@_@g','aecoc-proteinas': '29@_@g','aecoc-sal': '1.2@_@g'            }}]","aecoc-contenedor_reciclaje":"Contenedor_Amarillo"},"yoast_head":"<!-- This site is optimized with the Yoast SEO plugin v27.1.1 - https:\/\/yoast.com\/product\/yoast-seo-wordpress\/ -->\n<title>3 Delicias de Pato Confit | Martiko<\/title>\n<meta name=\"description\" content=\"Disfruta de las 3 delicias de pato confit Martiko: carne de pato con sabor suave, perfecta para una preparaci\u00f3n r\u00e1pida y deliciosa. Ideal para cualquier ocasi\u00f3n.\" \/>\n<meta name=\"robots\" content=\"index, follow, max-snippet:-1, max-image-preview:large, max-video-preview:-1\" \/>\n<link rel=\"canonical\" href=\"https:\/\/martiko.com\/tienda\/productos\/3-delicias-de-pato-confit\/\" \/>\n<meta property=\"og:locale\" content=\"fr_FR\" \/>\n<meta property=\"og:type\" content=\"article\" \/>\n<meta property=\"og:title\" content=\"3 Delicias de Pato Confit | Martiko\" \/>\n<meta property=\"og:description\" content=\"Disfruta de las 3 delicias de pato confit Martiko: carne de pato con sabor suave, perfecta para una preparaci\u00f3n r\u00e1pida y deliciosa. Ideal para cualquier ocasi\u00f3n.\" \/>\n<meta property=\"og:url\" content=\"https:\/\/martiko.com\/tienda\/productos\/3-delicias-de-pato-confit\/\" \/>\n<meta property=\"og:site_name\" content=\"Martiko\" \/>\n<meta property=\"article:publisher\" content=\"https:\/\/www.facebook.com\/martikopates\/\" \/>\n<meta property=\"article:modified_time\" content=\"2026-04-04T06:42:17+00:00\" \/>\n<meta property=\"og:image\" content=\"https:\/\/martiko.com\/wp-content\/uploads\/2020\/05\/Delicias-de-pato-en-confit-Martiko-320g.webp\" \/>\n\t<meta property=\"og:image:width\" content=\"1200\" \/>\n\t<meta property=\"og:image:height\" content=\"1200\" \/>\n\t<meta property=\"og:image:type\" content=\"image\/webp\" \/>\n<meta name=\"twitter:card\" content=\"summary_large_image\" \/>\n<meta name=\"twitter:label1\" content=\"Dur\u00e9e de lecture estim\u00e9e\" \/>\n\t<meta name=\"twitter:data1\" content=\"1 minute\" \/>\n<script type=\"application\/ld+json\" class=\"yoast-schema-graph\">{\"@context\":\"https:\/\/schema.org\",\"@graph\":[{\"@type\":\"WebPage\",\"@id\":\"https:\/\/martiko.com\/tienda\/productos\/3-delicias-de-pato-confit\/\",\"url\":\"https:\/\/martiko.com\/tienda\/productos\/3-delicias-de-pato-confit\/\",\"name\":\"3 Delicias de Pato Confit | Martiko\",\"isPartOf\":{\"@id\":\"https:\/\/martiko.com\/#website\"},\"primaryImageOfPage\":{\"@id\":\"https:\/\/martiko.com\/tienda\/productos\/3-delicias-de-pato-confit\/#primaryimage\"},\"image\":{\"@id\":\"https:\/\/martiko.com\/tienda\/productos\/3-delicias-de-pato-confit\/#primaryimage\"},\"thumbnailUrl\":\"https:\/\/martiko.com\/wp-content\/uploads\/2020\/05\/Delicias-de-pato-en-confit-Martiko-320g.webp\",\"datePublished\":\"2024-07-11T03:57:53+00:00\",\"dateModified\":\"2026-04-04T06:42:17+00:00\",\"description\":\"Disfruta de las 3 delicias de pato confit Martiko: carne de pato con sabor suave, perfecta para una preparaci\u00f3n r\u00e1pida y deliciosa. Ideal para cualquier ocasi\u00f3n.\",\"breadcrumb\":{\"@id\":\"https:\/\/martiko.com\/tienda\/productos\/3-delicias-de-pato-confit\/#breadcrumb\"},\"inLanguage\":\"fr-FR\",\"potentialAction\":[{\"@type\":\"ReadAction\",\"target\":[\"https:\/\/martiko.com\/tienda\/productos\/3-delicias-de-pato-confit\/\"]}]},{\"@type\":\"ImageObject\",\"inLanguage\":\"fr-FR\",\"@id\":\"https:\/\/martiko.com\/tienda\/productos\/3-delicias-de-pato-confit\/#primaryimage\",\"url\":\"https:\/\/martiko.com\/wp-content\/uploads\/2020\/05\/Delicias-de-pato-en-confit-Martiko-320g.webp\",\"contentUrl\":\"https:\/\/martiko.com\/wp-content\/uploads\/2020\/05\/Delicias-de-pato-en-confit-Martiko-320g.webp\",\"width\":1200,\"height\":1200,\"caption\":\"Delicias de pato en confit Martiko 320g\"},{\"@type\":\"BreadcrumbList\",\"@id\":\"https:\/\/martiko.com\/tienda\/productos\/3-delicias-de-pato-confit\/#breadcrumb\",\"itemListElement\":[{\"@type\":\"ListItem\",\"position\":1,\"name\":\"Inicio\",\"item\":\"https:\/\/martiko.com\/\"},{\"@type\":\"ListItem\",\"position\":2,\"name\":\"Productos\",\"item\":\"https:\/\/martiko.com\/tienda\/\"},{\"@type\":\"ListItem\",\"position\":3,\"name\":\"PATO\",\"item\":\"https:\/\/martiko.com\/tienda\/categoria-producto\/pato\/\"},{\"@type\":\"ListItem\",\"position\":4,\"name\":\"CONFIT DE PATO\",\"item\":\"https:\/\/martiko.com\/tienda\/categoria-producto\/pato\/confit-de-pato\/\"},{\"@type\":\"ListItem\",\"position\":5,\"name\":\"3 delicias de pato confit\"}]},{\"@type\":\"WebSite\",\"@id\":\"https:\/\/martiko.com\/#website\",\"url\":\"https:\/\/martiko.com\/\",\"name\":\"Martiko\",\"description\":\"Martiko\",\"publisher\":{\"@id\":\"https:\/\/martiko.com\/#organization\"},\"potentialAction\":[{\"@type\":\"SearchAction\",\"target\":{\"@type\":\"EntryPoint\",\"urlTemplate\":\"https:\/\/martiko.com\/?s={search_term_string}\"},\"query-input\":{\"@type\":\"PropertyValueSpecification\",\"valueRequired\":true,\"valueName\":\"search_term_string\"}}],\"inLanguage\":\"fr-FR\"},{\"@type\":\"Organization\",\"@id\":\"https:\/\/martiko.com\/#organization\",\"name\":\"CONSERVAS MARTIKO SA\",\"url\":\"https:\/\/martiko.com\/\",\"logo\":{\"@type\":\"ImageObject\",\"inLanguage\":\"fr-FR\",\"@id\":\"https:\/\/martiko.com\/#\/schema\/logo\/image\/\",\"url\":\"https:\/\/martiko.com\/wp-content\/uploads\/2024\/11\/Logo-Martiko-2021-dorado.png\",\"contentUrl\":\"https:\/\/martiko.com\/wp-content\/uploads\/2024\/11\/Logo-Martiko-2021-dorado.png\",\"width\":147,\"height\":34,\"caption\":\"CONSERVAS MARTIKO SA\"},\"image\":{\"@id\":\"https:\/\/martiko.com\/#\/schema\/logo\/image\/\"},\"sameAs\":[\"https:\/\/www.facebook.com\/martikopates\/\",\"https:\/\/www.instagram.com\/martikopato\/\",\"https:\/\/www.linkedin.com\/company\/2282554\"]}]}<\/script>\n<!-- \/ Yoast SEO plugin. -->","yoast_head_json":{"title":"3 Delicias de Pato Confit | Martiko","description":"Disfruta de las 3 delicias de pato confit Martiko: carne de pato con sabor suave, perfecta para una preparaci\u00f3n r\u00e1pida y deliciosa. Ideal para cualquier ocasi\u00f3n.","robots":{"index":"index","follow":"follow","max-snippet":"max-snippet:-1","max-image-preview":"max-image-preview:large","max-video-preview":"max-video-preview:-1"},"canonical":"https:\/\/martiko.com\/tienda\/productos\/3-delicias-de-pato-confit\/","og_locale":"fr_FR","og_type":"article","og_title":"3 Delicias de Pato Confit | Martiko","og_description":"Disfruta de las 3 delicias de pato confit Martiko: carne de pato con sabor suave, perfecta para una preparaci\u00f3n r\u00e1pida y deliciosa. Ideal para cualquier ocasi\u00f3n.","og_url":"https:\/\/martiko.com\/tienda\/productos\/3-delicias-de-pato-confit\/","og_site_name":"Martiko","article_publisher":"https:\/\/www.facebook.com\/martikopates\/","article_modified_time":"2026-04-04T06:42:17+00:00","og_image":[{"width":1200,"height":1200,"url":"https:\/\/martiko.com\/wp-content\/uploads\/2020\/05\/Delicias-de-pato-en-confit-Martiko-320g.webp","type":"image\/webp"}],"twitter_card":"summary_large_image","twitter_misc":{"Dur\u00e9e de lecture estim\u00e9e":"1 minute"},"schema":{"@context":"https:\/\/schema.org","@graph":[{"@type":"WebPage","@id":"https:\/\/martiko.com\/tienda\/productos\/3-delicias-de-pato-confit\/","url":"https:\/\/martiko.com\/tienda\/productos\/3-delicias-de-pato-confit\/","name":"3 Delicias de Pato Confit | Martiko","isPartOf":{"@id":"https:\/\/martiko.com\/#website"},"primaryImageOfPage":{"@id":"https:\/\/martiko.com\/tienda\/productos\/3-delicias-de-pato-confit\/#primaryimage"},"image":{"@id":"https:\/\/martiko.com\/tienda\/productos\/3-delicias-de-pato-confit\/#primaryimage"},"thumbnailUrl":"https:\/\/martiko.com\/wp-content\/uploads\/2020\/05\/Delicias-de-pato-en-confit-Martiko-320g.webp","datePublished":"2024-07-11T03:57:53+00:00","dateModified":"2026-04-04T06:42:17+00:00","description":"Disfruta de las 3 delicias de pato confit Martiko: carne de pato con sabor suave, perfecta para una preparaci\u00f3n r\u00e1pida y deliciosa. Ideal para cualquier ocasi\u00f3n.","breadcrumb":{"@id":"https:\/\/martiko.com\/tienda\/productos\/3-delicias-de-pato-confit\/#breadcrumb"},"inLanguage":"fr-FR","potentialAction":[{"@type":"ReadAction","target":["https:\/\/martiko.com\/tienda\/productos\/3-delicias-de-pato-confit\/"]}]},{"@type":"ImageObject","inLanguage":"fr-FR","@id":"https:\/\/martiko.com\/tienda\/productos\/3-delicias-de-pato-confit\/#primaryimage","url":"https:\/\/martiko.com\/wp-content\/uploads\/2020\/05\/Delicias-de-pato-en-confit-Martiko-320g.webp","contentUrl":"https:\/\/martiko.com\/wp-content\/uploads\/2020\/05\/Delicias-de-pato-en-confit-Martiko-320g.webp","width":1200,"height":1200,"caption":"Delicias de pato en confit Martiko 320g"},{"@type":"BreadcrumbList","@id":"https:\/\/martiko.com\/tienda\/productos\/3-delicias-de-pato-confit\/#breadcrumb","itemListElement":[{"@type":"ListItem","position":1,"name":"Inicio","item":"https:\/\/martiko.com\/"},{"@type":"ListItem","position":2,"name":"Productos","item":"https:\/\/martiko.com\/tienda\/"},{"@type":"ListItem","position":3,"name":"PATO","item":"https:\/\/martiko.com\/tienda\/categoria-producto\/pato\/"},{"@type":"ListItem","position":4,"name":"CONFIT DE PATO","item":"https:\/\/martiko.com\/tienda\/categoria-producto\/pato\/confit-de-pato\/"},{"@type":"ListItem","position":5,"name":"3 delicias de pato confit"}]},{"@type":"WebSite","@id":"https:\/\/martiko.com\/#website","url":"https:\/\/martiko.com\/","name":"Martiko","description":"Martiko","publisher":{"@id":"https:\/\/martiko.com\/#organization"},"potentialAction":[{"@type":"SearchAction","target":{"@type":"EntryPoint","urlTemplate":"https:\/\/martiko.com\/?s={search_term_string}"},"query-input":{"@type":"PropertyValueSpecification","valueRequired":true,"valueName":"search_term_string"}}],"inLanguage":"fr-FR"},{"@type":"Organization","@id":"https:\/\/martiko.com\/#organization","name":"CONSERVAS MARTIKO SA","url":"https:\/\/martiko.com\/","logo":{"@type":"ImageObject","inLanguage":"fr-FR","@id":"https:\/\/martiko.com\/#\/schema\/logo\/image\/","url":"https:\/\/martiko.com\/wp-content\/uploads\/2024\/11\/Logo-Martiko-2021-dorado.png","contentUrl":"https:\/\/martiko.com\/wp-content\/uploads\/2024\/11\/Logo-Martiko-2021-dorado.png","width":147,"height":34,"caption":"CONSERVAS MARTIKO SA"},"image":{"@id":"https:\/\/martiko.com\/#\/schema\/logo\/image\/"},"sameAs":["https:\/\/www.facebook.com\/martikopates\/","https:\/\/www.instagram.com\/martikopato\/","https:\/\/www.linkedin.com\/company\/2282554"]}]}},"_links":{"self":[{"href":"https:\/\/martiko.com\/fr\/wp-json\/wp\/v2\/product\/391","targetHints":{"allow":["GET"]}}],"collection":[{"href":"https:\/\/martiko.com\/fr\/wp-json\/wp\/v2\/product"}],"about":[{"href":"https:\/\/martiko.com\/fr\/wp-json\/wp\/v2\/types\/product"}],"wp:featuredmedia":[{"embeddable":true,"href":"https:\/\/martiko.com\/fr\/wp-json\/wp\/v2\/media\/12912"}],"wp:attachment":[{"href":"https:\/\/martiko.com\/fr\/wp-json\/wp\/v2\/media?parent=391"}],"wp:term":[{"taxonomy":"product_brand","embeddable":true,"href":"https:\/\/martiko.com\/fr\/wp-json\/wp\/v2\/product_brand?post=391"},{"taxonomy":"product_cat","embeddable":true,"href":"https:\/\/martiko.com\/fr\/wp-json\/wp\/v2\/product_cat?post=391"},{"taxonomy":"product_tag","embeddable":true,"href":"https:\/\/martiko.com\/fr\/wp-json\/wp\/v2\/product_tag?post=391"}],"curies":[{"name":"wp","href":"https:\/\/api.w.org\/{rel}","templated":true}]}}