{"id":413,"date":"2024-03-01T07:57:53","date_gmt":"2024-03-01T06:57:53","guid":{"rendered":"https:\/\/martiko.com\/producto\/seleccion-pates-8x20-g\/"},"modified":"2026-04-07T08:42:39","modified_gmt":"2026-04-07T06:42:39","slug":"seleccion-pates-8x20-g","status":"publish","type":"product","link":"https:\/\/martiko.com\/fr\/tienda\/productos\/seleccion-pates-8x20-g\/","title":{"rendered":"Selecci\u00f3n pat\u00e9s 8&#215;20 g"},"content":{"rendered":"","protected":false},"excerpt":{"rendered":"<p>Un combinado de 8 sabores diferentes de nuestros pat\u00e9s m\u00e1s emblem\u00e1ticos. \u00bfCu\u00e1l es el que m\u00e1s te gustar\u00e1?<\/p>\n","protected":false},"featured_media":12863,"template":"","meta":{"_acf_changed":false,"site-sidebar-layout":"default","site-content-layout":"","ast-site-content-layout":"default","site-content-style":"default","site-sidebar-style":"default","ast-global-header-display":"","ast-banner-title-visibility":"","ast-main-header-display":"","ast-hfb-above-header-display":"","ast-hfb-below-header-display":"","ast-hfb-mobile-header-display":"","site-post-title":"","ast-breadcrumbs-content":"","ast-featured-img":"","footer-sml-layout":"","ast-disable-related-posts":"","theme-transparent-header-meta":"default","adv-header-id-meta":"","stick-header-meta":"","header-above-stick-meta":"","header-main-stick-meta":"","header-below-stick-meta":"","astra-migrate-meta-layouts":"set","ast-page-background-enabled":"default","ast-page-background-meta":{"desktop":{"background-color":"var(--ast-global-color-4)","background-image":"","background-repeat":"repeat","background-position":"center center","background-size":"auto","background-attachment":"scroll","background-type":"","background-media":"","overlay-type":"","overlay-color":"","overlay-opacity":"","overlay-gradient":""},"tablet":{"background-color":"","background-image":"","background-repeat":"repeat","background-position":"center center","background-size":"auto","background-attachment":"scroll","background-type":"","background-media":"","overlay-type":"","overlay-color":"","overlay-opacity":"","overlay-gradient":""},"mobile":{"background-color":"","background-image":"","background-repeat":"repeat","background-position":"center center","background-size":"auto","background-attachment":"scroll","background-type":"","background-media":"","overlay-type":"","overlay-color":"","overlay-opacity":"","overlay-gradient":""}},"ast-content-background-meta":{"desktop":{"background-color":"var(--ast-global-color-5)","background-image":"","background-repeat":"repeat","background-position":"center center","background-size":"auto","background-attachment":"scroll","background-type":"","background-media":"","overlay-type":"","overlay-color":"","overlay-opacity":"","overlay-gradient":""},"tablet":{"background-color":"var(--ast-global-color-5)","background-image":"","background-repeat":"repeat","background-position":"center center","background-size":"auto","background-attachment":"scroll","background-type":"","background-media":"","overlay-type":"","overlay-color":"","overlay-opacity":"","overlay-gradient":""},"mobile":{"background-color":"var(--ast-global-color-5)","background-image":"","background-repeat":"repeat","background-position":"center center","background-size":"auto","background-attachment":"scroll","background-type":"","background-media":"","overlay-type":"","overlay-color":"","overlay-opacity":"","overlay-gradient":""}}},"product_brand":[],"product_cat":[152,24],"product_tag":[],"class_list":{"0":"post-413","1":"product","2":"type-product","3":"status-publish","4":"has-post-thumbnail","6":"product_cat-pate","7":"product_cat-producto-refrigerado","8":"desktop-align-center","9":"tablet-align-left","10":"mobile-align-left","12":"first","13":"instock","14":"taxable","15":"shipping-taxable","16":"purchasable","17":"product-type-simple"},"acf":{"aecoc-marca":"Martiko","aecoc-gln":"8412540000006","aecoc-gtin":"08412540007814","aecoc-denominacion_comercial":"Selecci\u00f3n de pat\u00e9s Martiko 160g (8x20g)","aecoc-denominacion_legal":"Pat\u00e9 de oca y de pollo, pat\u00e9 de pato y de pollo, pat\u00e9 de pato y de pollo con dulce de calabaza, pate de pato de pollo con manzana, pat\u00e9 de pato y de pollo con trufa, pate de pato y de pollo con boletus, pate de pato y de pollo con finas hierbas, pate de pato y de pollo con cebolla caramelizada.","aecoc-peso_bruto":"","aecoc-peso_neto":"160","aecoc-peso_neto_escurrido":"","aecoc-cantidad_neta":"8x20g","aecoc-condiciones_de_conservacion":"Conservar entre 3 y 5\u00baC. Una vez abierto, conservar en el frigor\u00edfico y consumir en los pr\u00f3ximos 5 d\u00edas.","aecoc-modo_de_preparacion":"","aecoc-fabricado":"Martiko P.I. Zalain, s\/n - C.P. 31780 Navarra (Espa\u00f1a)","aecoc-registro_sanitario":"ES 10.14400\/NA","aecoc-ingredientes":"PAT\u00c9 DE OCA Y DE POLLO. (42% OCA, 18% POLLO). Ingredientes: grasa de oca, agua, h\u00edgado de pollo, h\u00edgado de oca, HUEVO, sal, brandy, prote\u00edna de la LECHE, almid\u00f3n de ma\u00edz, especias,aroma, corrector de acidez: E-331iii, espesante: E-415, emulgente: E-451i, potenciador del sabor: E-621, antioxidante: E-301 y conservador: E-250. Puede contener trazas de APIO. PAT\u00c9 DE PATO Y DE POLLO. (42% PATO, 18% POLLO). Ingredientes: grasa de pato, agua, h\u00edgado de pollo, h\u00edgado de pato, HUEVO, sal, brandy, prote\u00edna de la LECHE, almid\u00f3n de ma\u00edz, especias, aroma, corrector de acidez: E-331iii, espesante: E-415, emulgente: E-451i, potenciador del sabor: E-621, antioxidante: E-301 y conservador: E-250. Puede contener trazas de APIO. PAT\u00c9 DE PATO Y DE POLLO CON DULCE DE CALABAZA. (42% PATO, 18% POLLO). Ingredientes: grasa de pato, agua, h\u00edgado de pollo, h\u00edgado de pato, 4% cabello de \u00e1ngel (pulpa de calabaza, az\u00facar, glucosa, espesantes: E-410, E-407, estabilizante: E-1422, f\u00e9cula modificada: E-1442, conservadores: E-202 y E-223 (contiene SULFITOS) y acidulante: E-330.), HUEVO, sal, brandy, prote\u00edna de la LECHE, almid\u00f3n de ma\u00edz, especias, aroma, corrector de acidez: E-331iii, espesante: E-415, emulgente: E-451i, potenciador del sabor: E-621, antioxidante: E-301 y conservador: E-250. Contiene SULFITOS. PAT\u00c9 DE PATO Y DE POLLO CON MANZANA. (PATO 42%, POLLO 18%). Ingredientes:  grasa de pato, agua, h\u00edgado de pollo, h\u00edgado de pato, HUEVO, sal, brandy, prote\u00edna de la LECHE, 1% manzana granulada (manzana deshidratada y conservador: E-223 (contiene SULFITOS)), almid\u00f3n de ma\u00edz, especias, aroma, corrector de acidez: E-331iii, espesante: E-415, emulgente: E-451i, potenciador del sabor: E-621, antioxidante: E-301 y conservador: E-250. Contiene SULFITOS. PAT\u00c9 DE PATO Y DE POLLO CON TRUFA. (42% PATO, 18% POLLO). Ingredientes: grasa de pato, agua, h\u00edgado de pollo, h\u00edgado de pato, HUEVO, sal, brandy, prote\u00edna de la LECHE, almid\u00f3n de ma\u00edz, especias, condimento de aceite de oliva virgen extra con aroma a trufa negra (aceite de oliva virgen extra, aroma a trufa negra),  aroma, corrector de acidez: E-331iii, espesante: E-415, emulgente: E-451i, 0,1% trufa (Tuber indicum), potenciador del sabor: E-621, antioxidante: E-301 y conservador: E-250. Puede contener trazas de APIO. PAT\u00c9 DE PATO Y DE POLLO CON BOLETUS. (42% PATO, 18% POLLO). Ingredientes:  grasa de pato, agua, h\u00edgado de pollo, h\u00edgado de pato, HUEVO, sal, brandy, prote\u00edna de la LECHE, almid\u00f3n de ma\u00edz, champi\u00f1on (Agaricus bisporues) (puede contener trazas de APIO), especias, aroma, corrector de acidez: E-331iii, espesante: E-415, emulgente: E-451i, potenciador del sabor: E-621, 0,05% Boletus edulis, antioxidante: E-301 y conservador: E-250. PAT\u00c9 DE PATO Y DE POLLO CON FINAS HIERBAS. (PATO 42%, POLLO 18%). Ingredientes:  grasa de pato, agua, h\u00edgado de pollo, h\u00edgado de pato, HUEVO, sal, brandy, prote\u00edna de la LECHE, almid\u00f3n de ma\u00edz, 0,4% finas hierbas, especias, aroma, corrector de acidez: E-331iii, espesante: E-415, emulgente: E-451i, potenciador del sabor: E-621, antioxidante: E-301 y conservador: E-250. PAT\u00c9 DE PATO Y DE POLLO CON CEBOLLA CARAMELIZADA. (42% PATO, 18% POLLO). Ingredientes:  grasa de pato, agua, h\u00edgado de pollo, h\u00edgado de pato, HUEVO, 2% cebolla caramelizada (60% cebolla, az\u00facar y agua), sal, brandy, prote\u00edna de la LECHE, almid\u00f3n de ma\u00edz, especias, aroma, corrector de acidez: E-331iii, espesante: E-415, emulgente: E-451i, potenciador del sabor: E-621, antioxidante: E-301 y conservador: E-250. Al\u00e9rgenos del surtido de pat\u00e9s: HUEVO, LECHE, SULFITOS. Puede contener trazas de APIO.","aecoc-racion":"100","aecoc-unidad_racion":"g","aecoc-energia_1":"1543","aecoc-unidad_energia_1":"kJ","aecoc-energia_2":"375","aecoc-unidad_energia_2":"kcal","aecoc-grasas":"39","aecoc-unidad_grasas":"g","aecoc-grasos_saturados":"11","aecoc-unidad_grasos_saturados":"g","aecoc-hidratos_de_carbono":"0.5","aecoc-unidad_hidratos_de_carbono":"g","aecoc-azucares":"0.3","aecoc-unidad_azucares":"g","aecoc-proteinas":"5.9","aecoc-unidad_proteinas":"g","aecoc-sal":"1.88","aecoc-unidad_sal":"g","aecoc-acidos_grasos_omega_3":"","aecoc-sin_gluten":true,"aecoc-multitabla":true,"aecoc-tabla_nutricional":"[{'title': 'Tama\u00f1o de la raci\u00f3n por 100g de pat\u00e9 de oca y de pollo',        'content': {                 'aecoc-racion': '100@_@g','aecoc-energia_1': '1543@_@kJ','aecoc-energia_2': '375@_@kcal','aecoc-grasas': '39@_@g','aecoc-grasos_saturados': '11@_@g','aecoc-hidratos_de_carbono': '0.5@_@g','aecoc-azucares': '0.3@_@g','aecoc-proteinas': '5.9@_@g','aecoc-sal': '1.9@_@g'            }},{'title': 'Tama\u00f1o de la raci\u00f3n por 100g de pat\u00e9 de pato y de pollo',        'content': {                 'aecoc-racion': '100@_@g','aecoc-energia_1': '1419@_@kJ','aecoc-energia_2': '344@_@kcal','aecoc-grasas': '35@_@g','aecoc-grasos_saturados': '12@_@g','aecoc-hidratos_de_carbono': '0.5@_@g','aecoc-azucares': '0.1@_@g','aecoc-proteinas': '7.3@_@g','aecoc-sal': '1.8@_@g'            }},{'title': 'Tama\u00f1o de la raci\u00f3n por 100g de pat\u00e9 de pato y de pollo con boletus',        'content': {                 'aecoc-racion': '100@_@g','aecoc-energia_1': '1167@_@kJ','aecoc-energia_2': '282@_@kcal','aecoc-grasas': '26@_@g','aecoc-grasos_saturados': '12@_@g','aecoc-hidratos_de_carbono': '4.8@_@g','aecoc-azucares': '1.3@_@g','aecoc-proteinas': '7.3@_@g','aecoc-sal': '2.1@_@g'            }},{'title': 'Tama\u00f1o de la raci\u00f3n por 100g de pat\u00e9 de pato\/pollo c\/finas hierbas',        'content': {                 'aecoc-racion': '100@_@g','aecoc-energia_1': '1497@_@kJ','aecoc-energia_2': '363@_@kcal','aecoc-grasas': '38@_@g','aecoc-grasos_saturados': '14@_@g','aecoc-hidratos_de_carbono': '0.5@_@g','aecoc-azucares': '0.5@_@g','aecoc-proteinas': '5.7@_@g','aecoc-sal': '1.5@_@g'            }},{'title': 'Tama\u00f1o de la raci\u00f3n por 100g de pat\u00e9 de pato\/pollo dulce calabaza',        'content': {                 'aecoc-racion': '100@_@g','aecoc-energia_1': '1197@_@kJ','aecoc-energia_2': '298@_@kcal','aecoc-grasas': '25@_@g','aecoc-grasos_saturados': '11@_@g','aecoc-hidratos_de_carbono': '8.8@_@g','aecoc-azucares': '5.4@_@g','aecoc-proteinas': '5.5@_@g','aecoc-sal': '1.9@_@g'            }},{'title': 'Tama\u00f1o de la raci\u00f3n por 100g de pat\u00e9 pato\/pollo c\/cebolla caramelizada',        'content': {                 'aecoc-racion': '100@_@g','aecoc-energia_1': '1205@_@kJ','aecoc-energia_2': '303@_@kcal','aecoc-grasas': '28@_@g','aecoc-grasos_saturados': '9.3@_@g','aecoc-hidratos_de_carbono': '4.1@_@g','aecoc-azucares': '1.9@_@g','aecoc-proteinas': '8.6@_@g','aecoc-sal': '1.7@_@g'            }},{'title': 'Tama\u00f1o de la raci\u00f3n por 100g de pat\u00e9 pato\/pollo con manzana',        'content': {                 'aecoc-racion': '100@_@g','aecoc-energia_1': '1363@_@kJ','aecoc-energia_2': '331@_@kcal','aecoc-grasas': '32@_@g','aecoc-grasos_saturados': '12@_@g','aecoc-hidratos_de_carbono': '2.1@_@g','aecoc-azucares': '1@_@g','aecoc-proteinas': '5.5@_@g','aecoc-sal': '2.2@_@g'            }},{'title': 'Tama\u00f1o de la raci\u00f3n por 100g de pat\u00e9 pato\/pollo con trufa',        'content': {                 'aecoc-racion': '100@_@g','aecoc-energia_1': '1237@_@kJ','aecoc-energia_2': '299@_@kcal','aecoc-grasas': '28@_@g','aecoc-grasos_saturados': '9.2@_@g','aecoc-hidratos_de_carbono': '3.2@_@g','aecoc-azucares': '0.6@_@g','aecoc-proteinas': '8.6@_@g','aecoc-sal': '1.6@_@g'            }}]","aecoc-contenedor_reciclaje":"Contenedor_Amarillo, Contenedor_Azul"},"yoast_head":"<!-- This site is optimized with the Yoast SEO plugin v27.1.1 - https:\/\/yoast.com\/product\/yoast-seo-wordpress\/ -->\n<title>Selecci\u00f3n de Pat\u00e9s 8x20g | Martiko<\/title>\n<meta name=\"description\" content=\"Disfruta de la selecci\u00f3n de pat\u00e9s Martiko, con 8 sabores diferentes como pato con calabaza, manzana, boletus, etc. La combinaci\u00f3n perfecta para todos los gustos.\" \/>\n<meta name=\"robots\" content=\"index, follow, max-snippet:-1, max-image-preview:large, max-video-preview:-1\" \/>\n<link rel=\"canonical\" href=\"https:\/\/martiko.com\/tienda\/productos\/seleccion-pates-8x20-g\/\" \/>\n<meta property=\"og:locale\" content=\"fr_FR\" \/>\n<meta property=\"og:type\" content=\"article\" \/>\n<meta property=\"og:title\" content=\"Selecci\u00f3n de Pat\u00e9s 8x20g | Martiko\" \/>\n<meta property=\"og:description\" content=\"Disfruta de la selecci\u00f3n de pat\u00e9s Martiko, con 8 sabores diferentes como pato con calabaza, manzana, boletus, etc. La combinaci\u00f3n perfecta para todos los gustos.\" \/>\n<meta property=\"og:url\" content=\"https:\/\/martiko.com\/tienda\/productos\/seleccion-pates-8x20-g\/\" \/>\n<meta property=\"og:site_name\" content=\"Martiko\" \/>\n<meta property=\"article:publisher\" content=\"https:\/\/www.facebook.com\/martikopates\/\" \/>\n<meta property=\"article:modified_time\" content=\"2026-04-07T06:42:39+00:00\" \/>\n<meta property=\"og:image\" content=\"https:\/\/martiko.com\/wp-content\/uploads\/2020\/05\/Seleccion-de-pates-Martiko-8x20g-1.webp\" \/>\n\t<meta property=\"og:image:width\" content=\"1200\" \/>\n\t<meta property=\"og:image:height\" content=\"1200\" \/>\n\t<meta property=\"og:image:type\" content=\"image\/webp\" \/>\n<meta name=\"twitter:card\" content=\"summary_large_image\" \/>\n<meta name=\"twitter:label1\" content=\"Dur\u00e9e de lecture estim\u00e9e\" \/>\n\t<meta name=\"twitter:data1\" content=\"1 minute\" \/>\n<script type=\"application\/ld+json\" class=\"yoast-schema-graph\">{\"@context\":\"https:\/\/schema.org\",\"@graph\":[{\"@type\":\"WebPage\",\"@id\":\"https:\/\/martiko.com\/tienda\/productos\/seleccion-pates-8x20-g\/\",\"url\":\"https:\/\/martiko.com\/tienda\/productos\/seleccion-pates-8x20-g\/\",\"name\":\"Selecci\u00f3n de Pat\u00e9s 8x20g | Martiko\",\"isPartOf\":{\"@id\":\"https:\/\/martiko.com\/#website\"},\"primaryImageOfPage\":{\"@id\":\"https:\/\/martiko.com\/tienda\/productos\/seleccion-pates-8x20-g\/#primaryimage\"},\"image\":{\"@id\":\"https:\/\/martiko.com\/tienda\/productos\/seleccion-pates-8x20-g\/#primaryimage\"},\"thumbnailUrl\":\"https:\/\/martiko.com\/wp-content\/uploads\/2020\/05\/Seleccion-de-pates-Martiko-8x20g-1.webp\",\"datePublished\":\"2024-03-01T06:57:53+00:00\",\"dateModified\":\"2026-04-07T06:42:39+00:00\",\"description\":\"Disfruta de la selecci\u00f3n de pat\u00e9s Martiko, con 8 sabores diferentes como pato con calabaza, manzana, boletus, etc. La combinaci\u00f3n perfecta para todos los gustos.\",\"breadcrumb\":{\"@id\":\"https:\/\/martiko.com\/tienda\/productos\/seleccion-pates-8x20-g\/#breadcrumb\"},\"inLanguage\":\"fr-FR\",\"potentialAction\":[{\"@type\":\"ReadAction\",\"target\":[\"https:\/\/martiko.com\/tienda\/productos\/seleccion-pates-8x20-g\/\"]}]},{\"@type\":\"ImageObject\",\"inLanguage\":\"fr-FR\",\"@id\":\"https:\/\/martiko.com\/tienda\/productos\/seleccion-pates-8x20-g\/#primaryimage\",\"url\":\"https:\/\/martiko.com\/wp-content\/uploads\/2020\/05\/Seleccion-de-pates-Martiko-8x20g-1.webp\",\"contentUrl\":\"https:\/\/martiko.com\/wp-content\/uploads\/2020\/05\/Seleccion-de-pates-Martiko-8x20g-1.webp\",\"width\":1200,\"height\":1200,\"caption\":\"Selecci\u00f3n de pat\u00e9s Martiko 8x20 g\"},{\"@type\":\"BreadcrumbList\",\"@id\":\"https:\/\/martiko.com\/tienda\/productos\/seleccion-pates-8x20-g\/#breadcrumb\",\"itemListElement\":[{\"@type\":\"ListItem\",\"position\":1,\"name\":\"Inicio\",\"item\":\"https:\/\/martiko.com\/\"},{\"@type\":\"ListItem\",\"position\":2,\"name\":\"Productos\",\"item\":\"https:\/\/martiko.com\/tienda\/\"},{\"@type\":\"ListItem\",\"position\":3,\"name\":\"PATO\",\"item\":\"https:\/\/martiko.com\/tienda\/categoria-producto\/pato\/\"},{\"@type\":\"ListItem\",\"position\":4,\"name\":\"PAT\u00c9\",\"item\":\"https:\/\/martiko.com\/tienda\/categoria-producto\/pato\/pate\/\"},{\"@type\":\"ListItem\",\"position\":5,\"name\":\"Selecci\u00f3n pat\u00e9s 8&#215;20 g\"}]},{\"@type\":\"WebSite\",\"@id\":\"https:\/\/martiko.com\/#website\",\"url\":\"https:\/\/martiko.com\/\",\"name\":\"Martiko\",\"description\":\"Martiko\",\"publisher\":{\"@id\":\"https:\/\/martiko.com\/#organization\"},\"potentialAction\":[{\"@type\":\"SearchAction\",\"target\":{\"@type\":\"EntryPoint\",\"urlTemplate\":\"https:\/\/martiko.com\/?s={search_term_string}\"},\"query-input\":{\"@type\":\"PropertyValueSpecification\",\"valueRequired\":true,\"valueName\":\"search_term_string\"}}],\"inLanguage\":\"fr-FR\"},{\"@type\":\"Organization\",\"@id\":\"https:\/\/martiko.com\/#organization\",\"name\":\"CONSERVAS MARTIKO SA\",\"url\":\"https:\/\/martiko.com\/\",\"logo\":{\"@type\":\"ImageObject\",\"inLanguage\":\"fr-FR\",\"@id\":\"https:\/\/martiko.com\/#\/schema\/logo\/image\/\",\"url\":\"https:\/\/martiko.com\/wp-content\/uploads\/2024\/11\/Logo-Martiko-2021-dorado.png\",\"contentUrl\":\"https:\/\/martiko.com\/wp-content\/uploads\/2024\/11\/Logo-Martiko-2021-dorado.png\",\"width\":147,\"height\":34,\"caption\":\"CONSERVAS MARTIKO SA\"},\"image\":{\"@id\":\"https:\/\/martiko.com\/#\/schema\/logo\/image\/\"},\"sameAs\":[\"https:\/\/www.facebook.com\/martikopates\/\",\"https:\/\/www.instagram.com\/martikopato\/\",\"https:\/\/www.linkedin.com\/company\/2282554\"]}]}<\/script>\n<!-- \/ Yoast SEO plugin. -->","yoast_head_json":{"title":"Selecci\u00f3n de Pat\u00e9s 8x20g | Martiko","description":"Disfruta de la selecci\u00f3n de pat\u00e9s Martiko, con 8 sabores diferentes como pato con calabaza, manzana, boletus, etc. La combinaci\u00f3n perfecta para todos los gustos.","robots":{"index":"index","follow":"follow","max-snippet":"max-snippet:-1","max-image-preview":"max-image-preview:large","max-video-preview":"max-video-preview:-1"},"canonical":"https:\/\/martiko.com\/tienda\/productos\/seleccion-pates-8x20-g\/","og_locale":"fr_FR","og_type":"article","og_title":"Selecci\u00f3n de Pat\u00e9s 8x20g | Martiko","og_description":"Disfruta de la selecci\u00f3n de pat\u00e9s Martiko, con 8 sabores diferentes como pato con calabaza, manzana, boletus, etc. La combinaci\u00f3n perfecta para todos los gustos.","og_url":"https:\/\/martiko.com\/tienda\/productos\/seleccion-pates-8x20-g\/","og_site_name":"Martiko","article_publisher":"https:\/\/www.facebook.com\/martikopates\/","article_modified_time":"2026-04-07T06:42:39+00:00","og_image":[{"width":1200,"height":1200,"url":"https:\/\/martiko.com\/wp-content\/uploads\/2020\/05\/Seleccion-de-pates-Martiko-8x20g-1.webp","type":"image\/webp"}],"twitter_card":"summary_large_image","twitter_misc":{"Dur\u00e9e de lecture estim\u00e9e":"1 minute"},"schema":{"@context":"https:\/\/schema.org","@graph":[{"@type":"WebPage","@id":"https:\/\/martiko.com\/tienda\/productos\/seleccion-pates-8x20-g\/","url":"https:\/\/martiko.com\/tienda\/productos\/seleccion-pates-8x20-g\/","name":"Selecci\u00f3n de Pat\u00e9s 8x20g | Martiko","isPartOf":{"@id":"https:\/\/martiko.com\/#website"},"primaryImageOfPage":{"@id":"https:\/\/martiko.com\/tienda\/productos\/seleccion-pates-8x20-g\/#primaryimage"},"image":{"@id":"https:\/\/martiko.com\/tienda\/productos\/seleccion-pates-8x20-g\/#primaryimage"},"thumbnailUrl":"https:\/\/martiko.com\/wp-content\/uploads\/2020\/05\/Seleccion-de-pates-Martiko-8x20g-1.webp","datePublished":"2024-03-01T06:57:53+00:00","dateModified":"2026-04-07T06:42:39+00:00","description":"Disfruta de la selecci\u00f3n de pat\u00e9s Martiko, con 8 sabores diferentes como pato con calabaza, manzana, boletus, etc. La combinaci\u00f3n perfecta para todos los gustos.","breadcrumb":{"@id":"https:\/\/martiko.com\/tienda\/productos\/seleccion-pates-8x20-g\/#breadcrumb"},"inLanguage":"fr-FR","potentialAction":[{"@type":"ReadAction","target":["https:\/\/martiko.com\/tienda\/productos\/seleccion-pates-8x20-g\/"]}]},{"@type":"ImageObject","inLanguage":"fr-FR","@id":"https:\/\/martiko.com\/tienda\/productos\/seleccion-pates-8x20-g\/#primaryimage","url":"https:\/\/martiko.com\/wp-content\/uploads\/2020\/05\/Seleccion-de-pates-Martiko-8x20g-1.webp","contentUrl":"https:\/\/martiko.com\/wp-content\/uploads\/2020\/05\/Seleccion-de-pates-Martiko-8x20g-1.webp","width":1200,"height":1200,"caption":"Selecci\u00f3n de pat\u00e9s Martiko 8x20 g"},{"@type":"BreadcrumbList","@id":"https:\/\/martiko.com\/tienda\/productos\/seleccion-pates-8x20-g\/#breadcrumb","itemListElement":[{"@type":"ListItem","position":1,"name":"Inicio","item":"https:\/\/martiko.com\/"},{"@type":"ListItem","position":2,"name":"Productos","item":"https:\/\/martiko.com\/tienda\/"},{"@type":"ListItem","position":3,"name":"PATO","item":"https:\/\/martiko.com\/tienda\/categoria-producto\/pato\/"},{"@type":"ListItem","position":4,"name":"PAT\u00c9","item":"https:\/\/martiko.com\/tienda\/categoria-producto\/pato\/pate\/"},{"@type":"ListItem","position":5,"name":"Selecci\u00f3n pat\u00e9s 8&#215;20 g"}]},{"@type":"WebSite","@id":"https:\/\/martiko.com\/#website","url":"https:\/\/martiko.com\/","name":"Martiko","description":"Martiko","publisher":{"@id":"https:\/\/martiko.com\/#organization"},"potentialAction":[{"@type":"SearchAction","target":{"@type":"EntryPoint","urlTemplate":"https:\/\/martiko.com\/?s={search_term_string}"},"query-input":{"@type":"PropertyValueSpecification","valueRequired":true,"valueName":"search_term_string"}}],"inLanguage":"fr-FR"},{"@type":"Organization","@id":"https:\/\/martiko.com\/#organization","name":"CONSERVAS MARTIKO SA","url":"https:\/\/martiko.com\/","logo":{"@type":"ImageObject","inLanguage":"fr-FR","@id":"https:\/\/martiko.com\/#\/schema\/logo\/image\/","url":"https:\/\/martiko.com\/wp-content\/uploads\/2024\/11\/Logo-Martiko-2021-dorado.png","contentUrl":"https:\/\/martiko.com\/wp-content\/uploads\/2024\/11\/Logo-Martiko-2021-dorado.png","width":147,"height":34,"caption":"CONSERVAS MARTIKO SA"},"image":{"@id":"https:\/\/martiko.com\/#\/schema\/logo\/image\/"},"sameAs":["https:\/\/www.facebook.com\/martikopates\/","https:\/\/www.instagram.com\/martikopato\/","https:\/\/www.linkedin.com\/company\/2282554"]}]}},"_links":{"self":[{"href":"https:\/\/martiko.com\/fr\/wp-json\/wp\/v2\/product\/413","targetHints":{"allow":["GET"]}}],"collection":[{"href":"https:\/\/martiko.com\/fr\/wp-json\/wp\/v2\/product"}],"about":[{"href":"https:\/\/martiko.com\/fr\/wp-json\/wp\/v2\/types\/product"}],"wp:featuredmedia":[{"embeddable":true,"href":"https:\/\/martiko.com\/fr\/wp-json\/wp\/v2\/media\/12863"}],"wp:attachment":[{"href":"https:\/\/martiko.com\/fr\/wp-json\/wp\/v2\/media?parent=413"}],"wp:term":[{"taxonomy":"product_brand","embeddable":true,"href":"https:\/\/martiko.com\/fr\/wp-json\/wp\/v2\/product_brand?post=413"},{"taxonomy":"product_cat","embeddable":true,"href":"https:\/\/martiko.com\/fr\/wp-json\/wp\/v2\/product_cat?post=413"},{"taxonomy":"product_tag","embeddable":true,"href":"https:\/\/martiko.com\/fr\/wp-json\/wp\/v2\/product_tag?post=413"}],"curies":[{"name":"wp","href":"https:\/\/api.w.org\/{rel}","templated":true}]}}