{"id":805,"date":"2024-11-17T07:32:45","date_gmt":"2024-11-17T07:32:45","guid":{"rendered":"https:\/\/martiko.com\/?post_type=product&#038;p=805"},"modified":"2026-04-04T08:45:14","modified_gmt":"2026-04-04T06:45:14","slug":"magret-de-pato-fresco-corte-tataki","status":"publish","type":"product","link":"https:\/\/martiko.com\/fr\/tienda\/productos\/magret-de-pato-fresco-corte-tataki\/","title":{"rendered":"Magret de pato fresco corte tataki"},"content":{"rendered":"<p>El magret de pato corte tataki permite un aprovechamiento m\u00e1ximo del magret, adem\u00e1s de un cocinado listo en pocos minutos. Es perfecto para plancha, sart\u00e9n y freidoras de aire. Puedes personalizar tus platos con diversidad de salsas y acompa\u00f1amientos infinitos, variando la experiencia de consumo cada vez.<\/p>\n<p>Recomendamos dejar el magret a temperatura ambiente durante 30 minutos antes de su cocinado.<\/p>\n<p>&nbsp;<\/p>\n","protected":false},"excerpt":{"rendered":"<p>Disfruta del intenso sabor del magret de pato Martiko en su corte tataki, para un f\u00e1cil cocinado y loncheado. Proveniente de patos criados en nuestras granjas de Navarra, esta carne roja, de calidad excepcional, es el resultado de una cuidada alimentaci\u00f3n con cereales no gen\u00e9ticamente modificados, lo que garantiza un sabor, textura y aroma \u00fanicos.<\/p>\n<p><span style=\"color: #89764b;\"><strong>Caducidad m\u00e1xima del producto: 18 d\u00edas.<\/strong><\/span><\/p>\n<ul>\n<li>Peso medio aproximado: 210 g<\/li>\n<\/ul>\n","protected":false},"featured_media":16481,"template":"","meta":{"_acf_changed":false,"site-sidebar-layout":"default","site-content-layout":"","ast-site-content-layout":"default","site-content-style":"default","site-sidebar-style":"default","ast-global-header-display":"","ast-banner-title-visibility":"","ast-main-header-display":"","ast-hfb-above-header-display":"","ast-hfb-below-header-display":"","ast-hfb-mobile-header-display":"","site-post-title":"","ast-breadcrumbs-content":"","ast-featured-img":"","footer-sml-layout":"","ast-disable-related-posts":"","theme-transparent-header-meta":"default","adv-header-id-meta":"","stick-header-meta":"","header-above-stick-meta":"","header-main-stick-meta":"","header-below-stick-meta":"","astra-migrate-meta-layouts":"set","ast-page-background-enabled":"default","ast-page-background-meta":{"desktop":{"background-color":"var(--ast-global-color-4)","background-image":"","background-repeat":"repeat","background-position":"center center","background-size":"auto","background-attachment":"scroll","background-type":"","background-media":"","overlay-type":"","overlay-color":"","overlay-opacity":"","overlay-gradient":""},"tablet":{"background-color":"","background-image":"","background-repeat":"repeat","background-position":"center center","background-size":"auto","background-attachment":"scroll","background-type":"","background-media":"","overlay-type":"","overlay-color":"","overlay-opacity":"","overlay-gradient":""},"mobile":{"background-color":"","background-image":"","background-repeat":"repeat","background-position":"center center","background-size":"auto","background-attachment":"scroll","background-type":"","background-media":"","overlay-type":"","overlay-color":"","overlay-opacity":"","overlay-gradient":""}},"ast-content-background-meta":{"desktop":{"background-color":"var(--ast-global-color-5)","background-image":"","background-repeat":"repeat","background-position":"center center","background-size":"auto","background-attachment":"scroll","background-type":"","background-media":"","overlay-type":"","overlay-color":"","overlay-opacity":"","overlay-gradient":""},"tablet":{"background-color":"var(--ast-global-color-5)","background-image":"","background-repeat":"repeat","background-position":"center center","background-size":"auto","background-attachment":"scroll","background-type":"","background-media":"","overlay-type":"","overlay-color":"","overlay-opacity":"","overlay-gradient":""},"mobile":{"background-color":"var(--ast-global-color-5)","background-image":"","background-repeat":"repeat","background-position":"center center","background-size":"auto","background-attachment":"scroll","background-type":"","background-media":"","overlay-type":"","overlay-color":"","overlay-opacity":"","overlay-gradient":""}}},"product_brand":[],"product_cat":[39,24],"product_tag":[363,625],"class_list":{"0":"post-805","1":"product","2":"type-product","3":"status-publish","4":"has-post-thumbnail","6":"product_cat-carne-fresca","7":"product_cat-producto-refrigerado","8":"product_tag-magret-de-pato","9":"product_tag-novedades","10":"desktop-align-center","11":"tablet-align-left","12":"mobile-align-left","14":"first","15":"instock","16":"taxable","17":"shipping-taxable","18":"purchasable","19":"product-type-simple"},"acf":{"aecoc-marca":"Martiko","aecoc-gln":"8412540000006","aecoc-gtin":"08412540001218","aecoc-denominacion_comercial":"Magret de pato corte tataki","aecoc-denominacion_legal":"Pechuga de pato fresca.","aecoc-peso_bruto":"","aecoc-peso_neto":"210","aecoc-peso_neto_escurrido":"","aecoc-cantidad_neta":"210g","aecoc-condiciones_de_conservacion":"Conservar entre 0 y 4\u00baC. Una vez abierto el envase, conservar en el frigor\u00edfico y consumir en los pr\u00f3ximos 2 d\u00edas.","aecoc-modo_de_preparacion":"Este producto debe ser cocinado para su consumo.","aecoc-fabricado":"Martiko P.I. Zalain, s\/n - C.P. 31780 Navarra (Espa\u00f1a)","aecoc-registro_sanitario":"ES 10.14400\/NA","aecoc-ingredientes":"Pechuga de pato. Criado y sacrificado en Espa\u00f1a.","aecoc-racion":"100","aecoc-unidad_racion":"g","aecoc-energia_1":"1493","aecoc-unidad_energia_1":"kJ","aecoc-energia_2":"361","aecoc-unidad_energia_2":"kcal","aecoc-grasas":"33","aecoc-unidad_grasas":"g","aecoc-grasos_saturados":"12","aecoc-unidad_grasos_saturados":"g","aecoc-hidratos_de_carbono":"0.5","aecoc-unidad_hidratos_de_carbono":"g","aecoc-azucares":"0.5","aecoc-unidad_azucares":"g","aecoc-proteinas":"16","aecoc-unidad_proteinas":"g","aecoc-sal":"0.1","aecoc-unidad_sal":"g","aecoc-acidos_grasos_omega_3":"","aecoc-sin_gluten":false,"aecoc-multitabla":false,"aecoc-tabla_nutricional":"[{'title': 'Tama\u00f1o de la raci\u00f3n por 100g',        'content': {                 'aecoc-racion': '100@_@g','aecoc-energia_1': '1493@_@kJ','aecoc-energia_2': '361@_@kcal','aecoc-grasas': '33@_@g','aecoc-grasos_saturados': '12@_@g','aecoc-hidratos_de_carbono': '0.5@_@g','aecoc-azucares': '0.5@_@g','aecoc-proteinas': '16@_@g','aecoc-sal': '0.1@_@g'            }}]","aecoc-contenedor_reciclaje":"Contenedor_Amarillo"},"yoast_head":"<!-- This site is optimized with the Yoast SEO plugin v27.1.1 - https:\/\/yoast.com\/product\/yoast-seo-wordpress\/ -->\n<title>Magret de Pato Fresco Corte Tataki | Martiko<\/title>\n<meta name=\"description\" content=\"Magret de pato fresco corte tataki Martiko: carne roja de calidad, criada en Navarra con alimentaci\u00f3n natural. F\u00e1cil de preparar y de sabor \u00fanico.\" \/>\n<meta name=\"robots\" content=\"index, follow, max-snippet:-1, max-image-preview:large, max-video-preview:-1\" \/>\n<link rel=\"canonical\" href=\"https:\/\/martiko.com\/tienda\/productos\/magret-de-pato-fresco-corte-tataki\/\" \/>\n<meta property=\"og:locale\" content=\"fr_FR\" \/>\n<meta property=\"og:type\" content=\"article\" \/>\n<meta property=\"og:title\" content=\"Magret de Pato Fresco Corte Tataki | Martiko\" \/>\n<meta property=\"og:description\" content=\"Magret de pato fresco corte tataki Martiko: carne roja de calidad, criada en Navarra con alimentaci\u00f3n natural. F\u00e1cil de preparar y de sabor \u00fanico.\" \/>\n<meta property=\"og:url\" content=\"https:\/\/martiko.com\/tienda\/productos\/magret-de-pato-fresco-corte-tataki\/\" \/>\n<meta property=\"og:site_name\" content=\"Martiko\" \/>\n<meta property=\"article:publisher\" content=\"https:\/\/www.facebook.com\/martikopates\/\" \/>\n<meta property=\"article:modified_time\" content=\"2026-04-04T06:45:14+00:00\" \/>\n<meta property=\"og:image\" content=\"https:\/\/martiko.com\/wp-content\/uploads\/2024\/11\/magret-de-pato-martiko-corte-tataki-nuevo.webp\" \/>\n\t<meta property=\"og:image:width\" content=\"1024\" \/>\n\t<meta property=\"og:image:height\" content=\"1024\" \/>\n\t<meta property=\"og:image:type\" content=\"image\/webp\" \/>\n<meta name=\"twitter:card\" content=\"summary_large_image\" \/>\n<meta name=\"twitter:label1\" content=\"Dur\u00e9e de lecture estim\u00e9e\" \/>\n\t<meta name=\"twitter:data1\" content=\"1 minute\" \/>\n<script type=\"application\/ld+json\" class=\"yoast-schema-graph\">{\"@context\":\"https:\/\/schema.org\",\"@graph\":[{\"@type\":\"WebPage\",\"@id\":\"https:\/\/martiko.com\/tienda\/productos\/magret-de-pato-fresco-corte-tataki\/\",\"url\":\"https:\/\/martiko.com\/tienda\/productos\/magret-de-pato-fresco-corte-tataki\/\",\"name\":\"Magret de Pato Fresco Corte Tataki | Martiko\",\"isPartOf\":{\"@id\":\"https:\/\/martiko.com\/#website\"},\"primaryImageOfPage\":{\"@id\":\"https:\/\/martiko.com\/tienda\/productos\/magret-de-pato-fresco-corte-tataki\/#primaryimage\"},\"image\":{\"@id\":\"https:\/\/martiko.com\/tienda\/productos\/magret-de-pato-fresco-corte-tataki\/#primaryimage\"},\"thumbnailUrl\":\"https:\/\/martiko.com\/wp-content\/uploads\/2024\/11\/magret-de-pato-martiko-corte-tataki-nuevo.webp\",\"datePublished\":\"2024-11-17T07:32:45+00:00\",\"dateModified\":\"2026-04-04T06:45:14+00:00\",\"description\":\"Magret de pato fresco corte tataki Martiko: carne roja de calidad, criada en Navarra con alimentaci\u00f3n natural. F\u00e1cil de preparar y de sabor \u00fanico.\",\"breadcrumb\":{\"@id\":\"https:\/\/martiko.com\/tienda\/productos\/magret-de-pato-fresco-corte-tataki\/#breadcrumb\"},\"inLanguage\":\"fr-FR\",\"potentialAction\":[{\"@type\":\"ReadAction\",\"target\":[\"https:\/\/martiko.com\/tienda\/productos\/magret-de-pato-fresco-corte-tataki\/\"]}]},{\"@type\":\"ImageObject\",\"inLanguage\":\"fr-FR\",\"@id\":\"https:\/\/martiko.com\/tienda\/productos\/magret-de-pato-fresco-corte-tataki\/#primaryimage\",\"url\":\"https:\/\/martiko.com\/wp-content\/uploads\/2024\/11\/magret-de-pato-martiko-corte-tataki-nuevo.webp\",\"contentUrl\":\"https:\/\/martiko.com\/wp-content\/uploads\/2024\/11\/magret-de-pato-martiko-corte-tataki-nuevo.webp\",\"width\":1024,\"height\":1024,\"caption\":\"Magret de pato Martiko corte tataki\"},{\"@type\":\"BreadcrumbList\",\"@id\":\"https:\/\/martiko.com\/tienda\/productos\/magret-de-pato-fresco-corte-tataki\/#breadcrumb\",\"itemListElement\":[{\"@type\":\"ListItem\",\"position\":1,\"name\":\"Inicio\",\"item\":\"https:\/\/martiko.com\/\"},{\"@type\":\"ListItem\",\"position\":2,\"name\":\"Productos\",\"item\":\"https:\/\/martiko.com\/tienda\/\"},{\"@type\":\"ListItem\",\"position\":3,\"name\":\"PATO\",\"item\":\"https:\/\/martiko.com\/tienda\/categoria-producto\/pato\/\"},{\"@type\":\"ListItem\",\"position\":4,\"name\":\"CARNE FRESCA\",\"item\":\"https:\/\/martiko.com\/tienda\/categoria-producto\/pato\/carne-fresca\/\"},{\"@type\":\"ListItem\",\"position\":5,\"name\":\"Magret de pato fresco corte tataki\"}]},{\"@type\":\"WebSite\",\"@id\":\"https:\/\/martiko.com\/#website\",\"url\":\"https:\/\/martiko.com\/\",\"name\":\"Martiko\",\"description\":\"Martiko\",\"publisher\":{\"@id\":\"https:\/\/martiko.com\/#organization\"},\"potentialAction\":[{\"@type\":\"SearchAction\",\"target\":{\"@type\":\"EntryPoint\",\"urlTemplate\":\"https:\/\/martiko.com\/?s={search_term_string}\"},\"query-input\":{\"@type\":\"PropertyValueSpecification\",\"valueRequired\":true,\"valueName\":\"search_term_string\"}}],\"inLanguage\":\"fr-FR\"},{\"@type\":\"Organization\",\"@id\":\"https:\/\/martiko.com\/#organization\",\"name\":\"CONSERVAS MARTIKO SA\",\"url\":\"https:\/\/martiko.com\/\",\"logo\":{\"@type\":\"ImageObject\",\"inLanguage\":\"fr-FR\",\"@id\":\"https:\/\/martiko.com\/#\/schema\/logo\/image\/\",\"url\":\"https:\/\/martiko.com\/wp-content\/uploads\/2024\/11\/Logo-Martiko-2021-dorado.png\",\"contentUrl\":\"https:\/\/martiko.com\/wp-content\/uploads\/2024\/11\/Logo-Martiko-2021-dorado.png\",\"width\":147,\"height\":34,\"caption\":\"CONSERVAS MARTIKO SA\"},\"image\":{\"@id\":\"https:\/\/martiko.com\/#\/schema\/logo\/image\/\"},\"sameAs\":[\"https:\/\/www.facebook.com\/martikopates\/\",\"https:\/\/www.instagram.com\/martikopato\/\",\"https:\/\/www.linkedin.com\/company\/2282554\"]}]}<\/script>\n<!-- \/ Yoast SEO plugin. -->","yoast_head_json":{"title":"Magret de Pato Fresco Corte Tataki | Martiko","description":"Magret de pato fresco corte tataki Martiko: carne roja de calidad, criada en Navarra con alimentaci\u00f3n natural. F\u00e1cil de preparar y de sabor \u00fanico.","robots":{"index":"index","follow":"follow","max-snippet":"max-snippet:-1","max-image-preview":"max-image-preview:large","max-video-preview":"max-video-preview:-1"},"canonical":"https:\/\/martiko.com\/tienda\/productos\/magret-de-pato-fresco-corte-tataki\/","og_locale":"fr_FR","og_type":"article","og_title":"Magret de Pato Fresco Corte Tataki | Martiko","og_description":"Magret de pato fresco corte tataki Martiko: carne roja de calidad, criada en Navarra con alimentaci\u00f3n natural. F\u00e1cil de preparar y de sabor \u00fanico.","og_url":"https:\/\/martiko.com\/tienda\/productos\/magret-de-pato-fresco-corte-tataki\/","og_site_name":"Martiko","article_publisher":"https:\/\/www.facebook.com\/martikopates\/","article_modified_time":"2026-04-04T06:45:14+00:00","og_image":[{"width":1024,"height":1024,"url":"https:\/\/martiko.com\/wp-content\/uploads\/2024\/11\/magret-de-pato-martiko-corte-tataki-nuevo.webp","type":"image\/webp"}],"twitter_card":"summary_large_image","twitter_misc":{"Dur\u00e9e de lecture estim\u00e9e":"1 minute"},"schema":{"@context":"https:\/\/schema.org","@graph":[{"@type":"WebPage","@id":"https:\/\/martiko.com\/tienda\/productos\/magret-de-pato-fresco-corte-tataki\/","url":"https:\/\/martiko.com\/tienda\/productos\/magret-de-pato-fresco-corte-tataki\/","name":"Magret de Pato Fresco Corte Tataki | Martiko","isPartOf":{"@id":"https:\/\/martiko.com\/#website"},"primaryImageOfPage":{"@id":"https:\/\/martiko.com\/tienda\/productos\/magret-de-pato-fresco-corte-tataki\/#primaryimage"},"image":{"@id":"https:\/\/martiko.com\/tienda\/productos\/magret-de-pato-fresco-corte-tataki\/#primaryimage"},"thumbnailUrl":"https:\/\/martiko.com\/wp-content\/uploads\/2024\/11\/magret-de-pato-martiko-corte-tataki-nuevo.webp","datePublished":"2024-11-17T07:32:45+00:00","dateModified":"2026-04-04T06:45:14+00:00","description":"Magret de pato fresco corte tataki Martiko: carne roja de calidad, criada en Navarra con alimentaci\u00f3n natural. F\u00e1cil de preparar y de sabor \u00fanico.","breadcrumb":{"@id":"https:\/\/martiko.com\/tienda\/productos\/magret-de-pato-fresco-corte-tataki\/#breadcrumb"},"inLanguage":"fr-FR","potentialAction":[{"@type":"ReadAction","target":["https:\/\/martiko.com\/tienda\/productos\/magret-de-pato-fresco-corte-tataki\/"]}]},{"@type":"ImageObject","inLanguage":"fr-FR","@id":"https:\/\/martiko.com\/tienda\/productos\/magret-de-pato-fresco-corte-tataki\/#primaryimage","url":"https:\/\/martiko.com\/wp-content\/uploads\/2024\/11\/magret-de-pato-martiko-corte-tataki-nuevo.webp","contentUrl":"https:\/\/martiko.com\/wp-content\/uploads\/2024\/11\/magret-de-pato-martiko-corte-tataki-nuevo.webp","width":1024,"height":1024,"caption":"Magret de pato Martiko corte tataki"},{"@type":"BreadcrumbList","@id":"https:\/\/martiko.com\/tienda\/productos\/magret-de-pato-fresco-corte-tataki\/#breadcrumb","itemListElement":[{"@type":"ListItem","position":1,"name":"Inicio","item":"https:\/\/martiko.com\/"},{"@type":"ListItem","position":2,"name":"Productos","item":"https:\/\/martiko.com\/tienda\/"},{"@type":"ListItem","position":3,"name":"PATO","item":"https:\/\/martiko.com\/tienda\/categoria-producto\/pato\/"},{"@type":"ListItem","position":4,"name":"CARNE FRESCA","item":"https:\/\/martiko.com\/tienda\/categoria-producto\/pato\/carne-fresca\/"},{"@type":"ListItem","position":5,"name":"Magret de pato fresco corte tataki"}]},{"@type":"WebSite","@id":"https:\/\/martiko.com\/#website","url":"https:\/\/martiko.com\/","name":"Martiko","description":"Martiko","publisher":{"@id":"https:\/\/martiko.com\/#organization"},"potentialAction":[{"@type":"SearchAction","target":{"@type":"EntryPoint","urlTemplate":"https:\/\/martiko.com\/?s={search_term_string}"},"query-input":{"@type":"PropertyValueSpecification","valueRequired":true,"valueName":"search_term_string"}}],"inLanguage":"fr-FR"},{"@type":"Organization","@id":"https:\/\/martiko.com\/#organization","name":"CONSERVAS MARTIKO SA","url":"https:\/\/martiko.com\/","logo":{"@type":"ImageObject","inLanguage":"fr-FR","@id":"https:\/\/martiko.com\/#\/schema\/logo\/image\/","url":"https:\/\/martiko.com\/wp-content\/uploads\/2024\/11\/Logo-Martiko-2021-dorado.png","contentUrl":"https:\/\/martiko.com\/wp-content\/uploads\/2024\/11\/Logo-Martiko-2021-dorado.png","width":147,"height":34,"caption":"CONSERVAS MARTIKO SA"},"image":{"@id":"https:\/\/martiko.com\/#\/schema\/logo\/image\/"},"sameAs":["https:\/\/www.facebook.com\/martikopates\/","https:\/\/www.instagram.com\/martikopato\/","https:\/\/www.linkedin.com\/company\/2282554"]}]}},"_links":{"self":[{"href":"https:\/\/martiko.com\/fr\/wp-json\/wp\/v2\/product\/805","targetHints":{"allow":["GET"]}}],"collection":[{"href":"https:\/\/martiko.com\/fr\/wp-json\/wp\/v2\/product"}],"about":[{"href":"https:\/\/martiko.com\/fr\/wp-json\/wp\/v2\/types\/product"}],"wp:featuredmedia":[{"embeddable":true,"href":"https:\/\/martiko.com\/fr\/wp-json\/wp\/v2\/media\/16481"}],"wp:attachment":[{"href":"https:\/\/martiko.com\/fr\/wp-json\/wp\/v2\/media?parent=805"}],"wp:term":[{"taxonomy":"product_brand","embeddable":true,"href":"https:\/\/martiko.com\/fr\/wp-json\/wp\/v2\/product_brand?post=805"},{"taxonomy":"product_cat","embeddable":true,"href":"https:\/\/martiko.com\/fr\/wp-json\/wp\/v2\/product_cat?post=805"},{"taxonomy":"product_tag","embeddable":true,"href":"https:\/\/martiko.com\/fr\/wp-json\/wp\/v2\/product_tag?post=805"}],"curies":[{"name":"wp","href":"https:\/\/api.w.org\/{rel}","templated":true}]}}