{"id":410,"date":"2024-06-01T05:57:53","date_gmt":"2024-06-01T03:57:53","guid":{"rendered":"https:\/\/martiko.com\/producto\/jamon-de-pato-2x20-g-receta-iberica\/"},"modified":"2026-04-04T08:42:25","modified_gmt":"2026-04-04T06:42:25","slug":"jamon-de-pato-2x20-g-receta-iberica","status":"publish","type":"product","link":"https:\/\/martiko.com\/ja\/tienda\/productos\/jamon-de-pato-2x20-g-receta-iberica\/","title":{"rendered":"Jam\u00f3n de pato 40 g Receta Ib\u00e9rica"},"content":{"rendered":"<p>La versatilidad del jam\u00f3n de pato lo convierten en un producto ideal para disfrutarlo solo, como centro de mesa, o como parte de aperitivos, ensaladas, pastas y guarniciones, brindando un toque gourmet a cualquier plato.<\/p>\n<p>Tambi\u00e9n es un acompa\u00f1amiento perfecto para la elaboraci\u00f3n de croquetas, o para realzar el sabor de cremas, gazpachos y salmorejos.<\/p>\n<p>Para degustar el jam\u00f3n de pato en todo su esplendor, recomendamos abrir el envase 15 minutos antes de ser consumido, de manera que el producto pueda \u201csudar\u201d y contar con todo el aroma y sabor que lo caracterizan.<\/p>\n<p>Para mantener el jam\u00f3n de pato en las mejores condiciones recomendamos su conservaci\u00f3n entre 3 y 5 \u00b0C. Una vez abierto, guardar en el frigor\u00edfico y consumir en los pr\u00f3ximos 5 d\u00edas.<\/p>\n","protected":false},"excerpt":{"rendered":"<p>Si hay un ingrediente caracter\u00edstico de la cocina ib\u00e9rica, ese es el piment\u00f3n. Al incorporarlo a nuestro jam\u00f3n de pato, secado con m\u00e9todos tradicionales, conseguimos un toque ib\u00e9rico, un sabor ahumado muy particular y un aroma inconfundible.<\/p>\n","protected":false},"featured_media":5668,"template":"","meta":{"_acf_changed":false,"site-sidebar-layout":"default","site-content-layout":"","ast-site-content-layout":"default","site-content-style":"default","site-sidebar-style":"default","ast-global-header-display":"","ast-banner-title-visibility":"","ast-main-header-display":"","ast-hfb-above-header-display":"","ast-hfb-below-header-display":"","ast-hfb-mobile-header-display":"","site-post-title":"","ast-breadcrumbs-content":"","ast-featured-img":"","footer-sml-layout":"","ast-disable-related-posts":"","theme-transparent-header-meta":"default","adv-header-id-meta":"","stick-header-meta":"","header-above-stick-meta":"","header-main-stick-meta":"","header-below-stick-meta":"","astra-migrate-meta-layouts":"set","ast-page-background-enabled":"default","ast-page-background-meta":{"desktop":{"background-color":"var(--ast-global-color-4)","background-image":"","background-repeat":"repeat","background-position":"center center","background-size":"auto","background-attachment":"scroll","background-type":"","background-media":"","overlay-type":"","overlay-color":"","overlay-opacity":"","overlay-gradient":""},"tablet":{"background-color":"","background-image":"","background-repeat":"repeat","background-position":"center center","background-size":"auto","background-attachment":"scroll","background-type":"","background-media":"","overlay-type":"","overlay-color":"","overlay-opacity":"","overlay-gradient":""},"mobile":{"background-color":"","background-image":"","background-repeat":"repeat","background-position":"center center","background-size":"auto","background-attachment":"scroll","background-type":"","background-media":"","overlay-type":"","overlay-color":"","overlay-opacity":"","overlay-gradient":""}},"ast-content-background-meta":{"desktop":{"background-color":"var(--ast-global-color-5)","background-image":"","background-repeat":"repeat","background-position":"center center","background-size":"auto","background-attachment":"scroll","background-type":"","background-media":"","overlay-type":"","overlay-color":"","overlay-opacity":"","overlay-gradient":""},"tablet":{"background-color":"var(--ast-global-color-5)","background-image":"","background-repeat":"repeat","background-position":"center center","background-size":"auto","background-attachment":"scroll","background-type":"","background-media":"","overlay-type":"","overlay-color":"","overlay-opacity":"","overlay-gradient":""},"mobile":{"background-color":"var(--ast-global-color-5)","background-image":"","background-repeat":"repeat","background-position":"center center","background-size":"auto","background-attachment":"scroll","background-type":"","background-media":"","overlay-type":"","overlay-color":"","overlay-opacity":"","overlay-gradient":""}}},"product_brand":[],"product_cat":[212,24],"product_tag":[588],"class_list":{"0":"post-410","1":"product","2":"type-product","3":"status-publish","4":"has-post-thumbnail","6":"product_cat-jamon-de-pato","7":"product_cat-producto-refrigerado","8":"product_tag-carne-de-pato","9":"desktop-align-center","10":"tablet-align-left","11":"mobile-align-left","13":"first","14":"instock","15":"taxable","16":"shipping-taxable","17":"purchasable","18":"product-type-simple"},"acf":{"aecoc-marca":"Martiko","aecoc-gln":"8412540000006","aecoc-gtin":"08412540006343","aecoc-denominacion_comercial":"Jam\u00f3n de pato curado receta ib\u00e9rica 40g","aecoc-denominacion_legal":"Jam\u00f3n de pato curado","aecoc-peso_bruto":"","aecoc-peso_neto":"40","aecoc-peso_neto_escurrido":"","aecoc-cantidad_neta":"","aecoc-condiciones_de_conservacion":"Conservaci\u00f3n entre 3 y 5 \u00b0C. Una vez abierto, conservar en el frigor\u00edfico y consumir en los pr\u00f3ximo 5 d\u00edas.","aecoc-modo_de_preparacion":"","aecoc-fabricado":"Martiko P.I. Zalain, s\/n - C.P. 31780 Navarra (Espa\u00f1a)","aecoc-registro_sanitario":"ES 10.14400\/NA","aecoc-ingredientes":"Pechuga de pato, sal, piment\u00f3n ahumado (0.2%), dextrosa, especias, aroma, or\u00e9gano (0,12%), antioxidante: E-301 y  conservadores: E-250 y E-252.","aecoc-racion":"100","aecoc-unidad_racion":"g","aecoc-energia_1":"1998","aecoc-unidad_energia_1":"kJ","aecoc-energia_2":"482","aecoc-unidad_energia_2":"kcal","aecoc-grasas":"42","aecoc-unidad_grasas":"g","aecoc-grasos_saturados":"14","aecoc-unidad_grasos_saturados":"g","aecoc-hidratos_de_carbono":"1.1","aecoc-unidad_hidratos_de_carbono":"g","aecoc-azucares":"1","aecoc-unidad_azucares":"g","aecoc-proteinas":"25","aecoc-unidad_proteinas":"g","aecoc-sal":"4.05","aecoc-unidad_sal":"g","aecoc-acidos_grasos_omega_3":"","aecoc-sin_gluten":true,"aecoc-multitabla":false,"aecoc-tabla_nutricional":"[{'title': 'Tama\u00f1o de la raci\u00f3n por 100g',        'content': {                 'aecoc-racion': '100@_@g','aecoc-energia_1': '1998@_@kJ','aecoc-energia_2': '482@_@kcal','aecoc-grasas': '42@_@g','aecoc-grasos_saturados': '14@_@g','aecoc-hidratos_de_carbono': '1.1@_@g','aecoc-azucares': '1@_@g','aecoc-proteinas': '25@_@g','aecoc-sal': '4@_@g'            }}]","aecoc-contenedor_reciclaje":"Contenedor_Amarillo, Contenedor_Azul"},"yoast_head":"<!-- This site is optimized with the Yoast SEO plugin v27.1.1 - https:\/\/yoast.com\/product\/yoast-seo-wordpress\/ -->\n<title>Jam\u00f3n de Pato 40g Receta Ib\u00e9rica | Martiko<\/title>\n<meta name=\"description\" content=\"Disfruta de la fusi\u00f3n de sabores con nuestro jam\u00f3n de pato receta ib\u00e9rica Martiko. Una combinaci\u00f3n \u00fanica de especias ib\u00e9ricas que le dan un toque explosivo. Ideal para tus aperitivos.\" \/>\n<meta name=\"robots\" content=\"index, follow, max-snippet:-1, max-image-preview:large, max-video-preview:-1\" \/>\n<link rel=\"canonical\" href=\"https:\/\/martiko.com\/tienda\/productos\/jamon-de-pato-2x20-g-receta-iberica\/\" \/>\n<meta property=\"og:locale\" content=\"ja_JP\" \/>\n<meta property=\"og:type\" content=\"article\" \/>\n<meta property=\"og:title\" content=\"Jam\u00f3n de Pato 40g Receta Ib\u00e9rica | Martiko\" \/>\n<meta property=\"og:description\" content=\"Disfruta de la fusi\u00f3n de sabores con nuestro jam\u00f3n de pato receta ib\u00e9rica Martiko. Una combinaci\u00f3n \u00fanica de especias ib\u00e9ricas que le dan un toque explosivo. Ideal para tus aperitivos.\" \/>\n<meta property=\"og:url\" content=\"https:\/\/martiko.com\/tienda\/productos\/jamon-de-pato-2x20-g-receta-iberica\/\" \/>\n<meta property=\"og:site_name\" content=\"Martiko\" \/>\n<meta property=\"article:publisher\" content=\"https:\/\/www.facebook.com\/martikopates\/\" \/>\n<meta property=\"article:modified_time\" content=\"2026-04-04T06:42:25+00:00\" \/>\n<meta property=\"og:image\" content=\"https:\/\/martiko.com\/wp-content\/uploads\/2020\/05\/Jamon-de-pato-Martiko-Receta-Iberica-40g.webp\" \/>\n\t<meta property=\"og:image:width\" content=\"1200\" \/>\n\t<meta property=\"og:image:height\" content=\"1200\" \/>\n\t<meta property=\"og:image:type\" content=\"image\/webp\" \/>\n<meta name=\"twitter:card\" content=\"summary_large_image\" \/>\n<meta name=\"twitter:label1\" content=\"\u63a8\u5b9a\u8aad\u307f\u53d6\u308a\u6642\u9593\" \/>\n\t<meta name=\"twitter:data1\" content=\"1\u5206\" \/>\n<script type=\"application\/ld+json\" class=\"yoast-schema-graph\">{\"@context\":\"https:\/\/schema.org\",\"@graph\":[{\"@type\":\"WebPage\",\"@id\":\"https:\/\/martiko.com\/tienda\/productos\/jamon-de-pato-2x20-g-receta-iberica\/\",\"url\":\"https:\/\/martiko.com\/tienda\/productos\/jamon-de-pato-2x20-g-receta-iberica\/\",\"name\":\"Jam\u00f3n de Pato 40g Receta Ib\u00e9rica | Martiko\",\"isPartOf\":{\"@id\":\"https:\/\/martiko.com\/#website\"},\"primaryImageOfPage\":{\"@id\":\"https:\/\/martiko.com\/tienda\/productos\/jamon-de-pato-2x20-g-receta-iberica\/#primaryimage\"},\"image\":{\"@id\":\"https:\/\/martiko.com\/tienda\/productos\/jamon-de-pato-2x20-g-receta-iberica\/#primaryimage\"},\"thumbnailUrl\":\"https:\/\/martiko.com\/wp-content\/uploads\/2020\/05\/Jamon-de-pato-Martiko-Receta-Iberica-40g.webp\",\"datePublished\":\"2024-06-01T03:57:53+00:00\",\"dateModified\":\"2026-04-04T06:42:25+00:00\",\"description\":\"Disfruta de la fusi\u00f3n de sabores con nuestro jam\u00f3n de pato receta ib\u00e9rica Martiko. Una combinaci\u00f3n \u00fanica de especias ib\u00e9ricas que le dan un toque explosivo. Ideal para tus aperitivos.\",\"breadcrumb\":{\"@id\":\"https:\/\/martiko.com\/tienda\/productos\/jamon-de-pato-2x20-g-receta-iberica\/#breadcrumb\"},\"inLanguage\":\"ja\",\"potentialAction\":[{\"@type\":\"ReadAction\",\"target\":[\"https:\/\/martiko.com\/tienda\/productos\/jamon-de-pato-2x20-g-receta-iberica\/\"]}]},{\"@type\":\"ImageObject\",\"inLanguage\":\"ja\",\"@id\":\"https:\/\/martiko.com\/tienda\/productos\/jamon-de-pato-2x20-g-receta-iberica\/#primaryimage\",\"url\":\"https:\/\/martiko.com\/wp-content\/uploads\/2020\/05\/Jamon-de-pato-Martiko-Receta-Iberica-40g.webp\",\"contentUrl\":\"https:\/\/martiko.com\/wp-content\/uploads\/2020\/05\/Jamon-de-pato-Martiko-Receta-Iberica-40g.webp\",\"width\":1200,\"height\":1200,\"caption\":\"Jam\u00f3n de pato 40 g Receta Ib\u00e9rica\"},{\"@type\":\"BreadcrumbList\",\"@id\":\"https:\/\/martiko.com\/tienda\/productos\/jamon-de-pato-2x20-g-receta-iberica\/#breadcrumb\",\"itemListElement\":[{\"@type\":\"ListItem\",\"position\":1,\"name\":\"Inicio\",\"item\":\"https:\/\/martiko.com\/\"},{\"@type\":\"ListItem\",\"position\":2,\"name\":\"Productos\",\"item\":\"https:\/\/martiko.com\/tienda\/\"},{\"@type\":\"ListItem\",\"position\":3,\"name\":\"PATO\",\"item\":\"https:\/\/martiko.com\/tienda\/categoria-producto\/pato\/\"},{\"@type\":\"ListItem\",\"position\":4,\"name\":\"JAM\u00d3N DE PATO\",\"item\":\"https:\/\/martiko.com\/tienda\/categoria-producto\/pato\/jamon-de-pato\/\"},{\"@type\":\"ListItem\",\"position\":5,\"name\":\"Jam\u00f3n de pato 40 g Receta Ib\u00e9rica\"}]},{\"@type\":\"WebSite\",\"@id\":\"https:\/\/martiko.com\/#website\",\"url\":\"https:\/\/martiko.com\/\",\"name\":\"Martiko\",\"description\":\"Martiko\",\"publisher\":{\"@id\":\"https:\/\/martiko.com\/#organization\"},\"potentialAction\":[{\"@type\":\"SearchAction\",\"target\":{\"@type\":\"EntryPoint\",\"urlTemplate\":\"https:\/\/martiko.com\/?s={search_term_string}\"},\"query-input\":{\"@type\":\"PropertyValueSpecification\",\"valueRequired\":true,\"valueName\":\"search_term_string\"}}],\"inLanguage\":\"ja\"},{\"@type\":\"Organization\",\"@id\":\"https:\/\/martiko.com\/#organization\",\"name\":\"CONSERVAS MARTIKO SA\",\"url\":\"https:\/\/martiko.com\/\",\"logo\":{\"@type\":\"ImageObject\",\"inLanguage\":\"ja\",\"@id\":\"https:\/\/martiko.com\/#\/schema\/logo\/image\/\",\"url\":\"https:\/\/martiko.com\/wp-content\/uploads\/2024\/11\/Logo-Martiko-2021-dorado.png\",\"contentUrl\":\"https:\/\/martiko.com\/wp-content\/uploads\/2024\/11\/Logo-Martiko-2021-dorado.png\",\"width\":147,\"height\":34,\"caption\":\"CONSERVAS MARTIKO SA\"},\"image\":{\"@id\":\"https:\/\/martiko.com\/#\/schema\/logo\/image\/\"},\"sameAs\":[\"https:\/\/www.facebook.com\/martikopates\/\",\"https:\/\/www.instagram.com\/martikopato\/\",\"https:\/\/www.linkedin.com\/company\/2282554\"]}]}<\/script>\n<!-- \/ Yoast SEO plugin. -->","yoast_head_json":{"title":"Jam\u00f3n de Pato 40g Receta Ib\u00e9rica | Martiko","description":"Disfruta de la fusi\u00f3n de sabores con nuestro jam\u00f3n de pato receta ib\u00e9rica Martiko. Una combinaci\u00f3n \u00fanica de especias ib\u00e9ricas que le dan un toque explosivo. Ideal para tus aperitivos.","robots":{"index":"index","follow":"follow","max-snippet":"max-snippet:-1","max-image-preview":"max-image-preview:large","max-video-preview":"max-video-preview:-1"},"canonical":"https:\/\/martiko.com\/tienda\/productos\/jamon-de-pato-2x20-g-receta-iberica\/","og_locale":"ja_JP","og_type":"article","og_title":"Jam\u00f3n de Pato 40g Receta Ib\u00e9rica | Martiko","og_description":"Disfruta de la fusi\u00f3n de sabores con nuestro jam\u00f3n de pato receta ib\u00e9rica Martiko. Una combinaci\u00f3n \u00fanica de especias ib\u00e9ricas que le dan un toque explosivo. Ideal para tus aperitivos.","og_url":"https:\/\/martiko.com\/tienda\/productos\/jamon-de-pato-2x20-g-receta-iberica\/","og_site_name":"Martiko","article_publisher":"https:\/\/www.facebook.com\/martikopates\/","article_modified_time":"2026-04-04T06:42:25+00:00","og_image":[{"width":1200,"height":1200,"url":"https:\/\/martiko.com\/wp-content\/uploads\/2020\/05\/Jamon-de-pato-Martiko-Receta-Iberica-40g.webp","type":"image\/webp"}],"twitter_card":"summary_large_image","twitter_misc":{"\u63a8\u5b9a\u8aad\u307f\u53d6\u308a\u6642\u9593":"1\u5206"},"schema":{"@context":"https:\/\/schema.org","@graph":[{"@type":"WebPage","@id":"https:\/\/martiko.com\/tienda\/productos\/jamon-de-pato-2x20-g-receta-iberica\/","url":"https:\/\/martiko.com\/tienda\/productos\/jamon-de-pato-2x20-g-receta-iberica\/","name":"Jam\u00f3n de Pato 40g Receta Ib\u00e9rica | Martiko","isPartOf":{"@id":"https:\/\/martiko.com\/#website"},"primaryImageOfPage":{"@id":"https:\/\/martiko.com\/tienda\/productos\/jamon-de-pato-2x20-g-receta-iberica\/#primaryimage"},"image":{"@id":"https:\/\/martiko.com\/tienda\/productos\/jamon-de-pato-2x20-g-receta-iberica\/#primaryimage"},"thumbnailUrl":"https:\/\/martiko.com\/wp-content\/uploads\/2020\/05\/Jamon-de-pato-Martiko-Receta-Iberica-40g.webp","datePublished":"2024-06-01T03:57:53+00:00","dateModified":"2026-04-04T06:42:25+00:00","description":"Disfruta de la fusi\u00f3n de sabores con nuestro jam\u00f3n de pato receta ib\u00e9rica Martiko. Una combinaci\u00f3n \u00fanica de especias ib\u00e9ricas que le dan un toque explosivo. Ideal para tus aperitivos.","breadcrumb":{"@id":"https:\/\/martiko.com\/tienda\/productos\/jamon-de-pato-2x20-g-receta-iberica\/#breadcrumb"},"inLanguage":"ja","potentialAction":[{"@type":"ReadAction","target":["https:\/\/martiko.com\/tienda\/productos\/jamon-de-pato-2x20-g-receta-iberica\/"]}]},{"@type":"ImageObject","inLanguage":"ja","@id":"https:\/\/martiko.com\/tienda\/productos\/jamon-de-pato-2x20-g-receta-iberica\/#primaryimage","url":"https:\/\/martiko.com\/wp-content\/uploads\/2020\/05\/Jamon-de-pato-Martiko-Receta-Iberica-40g.webp","contentUrl":"https:\/\/martiko.com\/wp-content\/uploads\/2020\/05\/Jamon-de-pato-Martiko-Receta-Iberica-40g.webp","width":1200,"height":1200,"caption":"Jam\u00f3n de pato 40 g Receta Ib\u00e9rica"},{"@type":"BreadcrumbList","@id":"https:\/\/martiko.com\/tienda\/productos\/jamon-de-pato-2x20-g-receta-iberica\/#breadcrumb","itemListElement":[{"@type":"ListItem","position":1,"name":"Inicio","item":"https:\/\/martiko.com\/"},{"@type":"ListItem","position":2,"name":"Productos","item":"https:\/\/martiko.com\/tienda\/"},{"@type":"ListItem","position":3,"name":"PATO","item":"https:\/\/martiko.com\/tienda\/categoria-producto\/pato\/"},{"@type":"ListItem","position":4,"name":"JAM\u00d3N DE PATO","item":"https:\/\/martiko.com\/tienda\/categoria-producto\/pato\/jamon-de-pato\/"},{"@type":"ListItem","position":5,"name":"Jam\u00f3n de pato 40 g Receta Ib\u00e9rica"}]},{"@type":"WebSite","@id":"https:\/\/martiko.com\/#website","url":"https:\/\/martiko.com\/","name":"Martiko","description":"Martiko","publisher":{"@id":"https:\/\/martiko.com\/#organization"},"potentialAction":[{"@type":"SearchAction","target":{"@type":"EntryPoint","urlTemplate":"https:\/\/martiko.com\/?s={search_term_string}"},"query-input":{"@type":"PropertyValueSpecification","valueRequired":true,"valueName":"search_term_string"}}],"inLanguage":"ja"},{"@type":"Organization","@id":"https:\/\/martiko.com\/#organization","name":"CONSERVAS MARTIKO SA","url":"https:\/\/martiko.com\/","logo":{"@type":"ImageObject","inLanguage":"ja","@id":"https:\/\/martiko.com\/#\/schema\/logo\/image\/","url":"https:\/\/martiko.com\/wp-content\/uploads\/2024\/11\/Logo-Martiko-2021-dorado.png","contentUrl":"https:\/\/martiko.com\/wp-content\/uploads\/2024\/11\/Logo-Martiko-2021-dorado.png","width":147,"height":34,"caption":"CONSERVAS MARTIKO SA"},"image":{"@id":"https:\/\/martiko.com\/#\/schema\/logo\/image\/"},"sameAs":["https:\/\/www.facebook.com\/martikopates\/","https:\/\/www.instagram.com\/martikopato\/","https:\/\/www.linkedin.com\/company\/2282554"]}]}},"_links":{"self":[{"href":"https:\/\/martiko.com\/ja\/wp-json\/wp\/v2\/product\/410","targetHints":{"allow":["GET"]}}],"collection":[{"href":"https:\/\/martiko.com\/ja\/wp-json\/wp\/v2\/product"}],"about":[{"href":"https:\/\/martiko.com\/ja\/wp-json\/wp\/v2\/types\/product"}],"wp:featuredmedia":[{"embeddable":true,"href":"https:\/\/martiko.com\/ja\/wp-json\/wp\/v2\/media\/5668"}],"wp:attachment":[{"href":"https:\/\/martiko.com\/ja\/wp-json\/wp\/v2\/media?parent=410"}],"wp:term":[{"taxonomy":"product_brand","embeddable":true,"href":"https:\/\/martiko.com\/ja\/wp-json\/wp\/v2\/product_brand?post=410"},{"taxonomy":"product_cat","embeddable":true,"href":"https:\/\/martiko.com\/ja\/wp-json\/wp\/v2\/product_cat?post=410"},{"taxonomy":"product_tag","embeddable":true,"href":"https:\/\/martiko.com\/ja\/wp-json\/wp\/v2\/product_tag?post=410"}],"curies":[{"name":"wp","href":"https:\/\/api.w.org\/{rel}","templated":true}]}}