{"id":518,"date":"2020-05-28T10:57:11","date_gmt":"2020-05-28T08:57:11","guid":{"rendered":"https:\/\/martiko.com\/producto\/hamburguesas-de-solomillo-de-pato\/"},"modified":"2026-04-04T08:43:20","modified_gmt":"2026-04-04T06:43:20","slug":"hamburguesas-de-solomillo-de-pato","status":"publish","type":"product","link":"https:\/\/martiko.com\/ja\/tienda\/productos\/hamburguesas-de-solomillo-de-pato\/","title":{"rendered":"Burger de pato 2&#215;125 g"},"content":{"rendered":"","protected":false},"excerpt":{"rendered":"<p>Un manera diferente y sabrosa de disfrutar de los productos pato Martiko. Carne de pato indicada para toda la familia, incluidos los m\u00e1s peque\u00f1os. Tierna, sabrosa y jugosa.\u00a0 Acomp\u00e1\u00f1ala con nuestro foie gras de pato fresco Martiko y disfruta, en familia o con amigos, de una forma divertida y con un toque gourmet. Pru\u00e9balas.<\/p>\n<p><span style=\"color: #89764b;\"><strong>Caducidad m\u00e1xima producto: 15 d\u00edas.<\/strong><\/span><\/p>\n","protected":false},"featured_media":18472,"template":"","meta":{"_acf_changed":false,"site-sidebar-layout":"default","site-content-layout":"","ast-site-content-layout":"default","site-content-style":"default","site-sidebar-style":"default","ast-global-header-display":"","ast-banner-title-visibility":"","ast-main-header-display":"","ast-hfb-above-header-display":"","ast-hfb-below-header-display":"","ast-hfb-mobile-header-display":"","site-post-title":"","ast-breadcrumbs-content":"","ast-featured-img":"","footer-sml-layout":"","ast-disable-related-posts":"","theme-transparent-header-meta":"default","adv-header-id-meta":"","stick-header-meta":"","header-above-stick-meta":"","header-main-stick-meta":"","header-below-stick-meta":"","astra-migrate-meta-layouts":"set","ast-page-background-enabled":"default","ast-page-background-meta":{"desktop":{"background-color":"var(--ast-global-color-4)","background-image":"","background-repeat":"repeat","background-position":"center center","background-size":"auto","background-attachment":"scroll","background-type":"","background-media":"","overlay-type":"","overlay-color":"","overlay-opacity":"","overlay-gradient":""},"tablet":{"background-color":"","background-image":"","background-repeat":"repeat","background-position":"center center","background-size":"auto","background-attachment":"scroll","background-type":"","background-media":"","overlay-type":"","overlay-color":"","overlay-opacity":"","overlay-gradient":""},"mobile":{"background-color":"","background-image":"","background-repeat":"repeat","background-position":"center center","background-size":"auto","background-attachment":"scroll","background-type":"","background-media":"","overlay-type":"","overlay-color":"","overlay-opacity":"","overlay-gradient":""}},"ast-content-background-meta":{"desktop":{"background-color":"var(--ast-global-color-5)","background-image":"","background-repeat":"repeat","background-position":"center center","background-size":"auto","background-attachment":"scroll","background-type":"","background-media":"","overlay-type":"","overlay-color":"","overlay-opacity":"","overlay-gradient":""},"tablet":{"background-color":"var(--ast-global-color-5)","background-image":"","background-repeat":"repeat","background-position":"center center","background-size":"auto","background-attachment":"scroll","background-type":"","background-media":"","overlay-type":"","overlay-color":"","overlay-opacity":"","overlay-gradient":""},"mobile":{"background-color":"var(--ast-global-color-5)","background-image":"","background-repeat":"repeat","background-position":"center center","background-size":"auto","background-attachment":"scroll","background-type":"","background-media":"","overlay-type":"","overlay-color":"","overlay-opacity":"","overlay-gradient":""}}},"product_brand":[],"product_cat":[39,24],"product_tag":[588,625],"class_list":{"0":"post-518","1":"product","2":"type-product","3":"status-publish","4":"has-post-thumbnail","6":"product_cat-carne-fresca","7":"product_cat-producto-refrigerado","8":"product_tag-carne-de-pato","9":"product_tag-novedades","10":"product_shipping_class-refrigerado","11":"desktop-align-center","12":"tablet-align-left","13":"mobile-align-left","15":"first","16":"instock","17":"taxable","18":"shipping-taxable","19":"purchasable","20":"product-type-simple"},"acf":{"aecoc-marca":"Martiko","aecoc-gln":"8412540000006","aecoc-gtin":"08412540407522","aecoc-denominacion_comercial":"Burguer meat de pato 2x125g.","aecoc-denominacion_legal":"Burguer meat de pato descogelada","aecoc-peso_bruto":"","aecoc-peso_neto":"250","aecoc-peso_neto_escurrido":"","aecoc-cantidad_neta":"","aecoc-condiciones_de_conservacion":"Conservaci\u00f3n entre 0\u00ba y 4\u00baC. Una vez abierto, conservar en el frigor\u00edfico y consumir en el plazo de 3 d\u00edas.","aecoc-modo_de_preparacion":"Este producto debe ser cocinado completamente para su consumo.","aecoc-fabricado":"Martiko P.I. Zalain, s\/n - C.P. 31780 Navarra (Espa\u00f1a)","aecoc-registro_sanitario":"ES 10.14400\/NA","aecoc-ingredientes":"57% solomillo de pato, 17 % grasa de pato, grasa de pato, agua, semolina de arroz, fibra vegetal (bamb\u00fa), sal, az\u00facar, aislado de prote\u00edna de guisante, maltodextrina (patata), condimento (pimienta negra, piment\u00f3n, especias), remolacha en polvo, conservador: E-262, antioxidante, E-301, aroma, aroma de humo, corrector de acidez: E-331iii. Procedencia de la materia prima c\u00e1rnica: Criado y sacrificado en Espa\u00f1a. Este producto deber ser cocinado completamente para su consumo.","aecoc-racion":"100","aecoc-unidad_racion":"g","aecoc-energia_1":"988","aecoc-unidad_energia_1":"kJ","aecoc-energia_2":"238","aecoc-unidad_energia_2":"kcal","aecoc-grasas":"18","aecoc-unidad_grasas":"g","aecoc-grasos_saturados":"6.5","aecoc-unidad_grasos_saturados":"g","aecoc-hidratos_de_carbono":"6","aecoc-unidad_hidratos_de_carbono":"g","aecoc-azucares":"1","aecoc-unidad_azucares":"g","aecoc-proteinas":"12.9","aecoc-unidad_proteinas":"g","aecoc-sal":"1.27","aecoc-unidad_sal":"g","aecoc-acidos_grasos_omega_3":"","aecoc-sin_gluten":true,"aecoc-multitabla":false,"aecoc-tabla_nutricional":"[{'title': 'Tama\u00f1o de la racion por 100g',        'content': {                 'aecoc-racion': '100@_@g','aecoc-energia_1': '932@_@kJ','aecoc-energia_2': '224@_@kcal','aecoc-grasas': '15@_@g','aecoc-grasos_saturados': '5.3@_@g','aecoc-hidratos_de_carbono': '7.2@_@g','aecoc-azucares': '0.6@_@g','aecoc-proteinas': '15@_@g','aecoc-sal': '1.6@_@g'            }}]","aecoc-contenedor_reciclaje":"Contenedor_Amarillo, Contenedor_Azul"},"yoast_head":"<!-- This site is optimized with the Yoast SEO plugin v27.1.1 - https:\/\/yoast.com\/product\/yoast-seo-wordpress\/ -->\n<title>Burgers de Pato 2x125g | Martiko<\/title>\n<meta name=\"description\" content=\"Disfruta de nuestras burgers de pato Martiko, una opci\u00f3n deliciosa y jugosa para toda la familia. Carne tierna, sabrosa y perfecta para compartir en tus comidas o cenas especiales.\" \/>\n<meta name=\"robots\" content=\"index, follow, max-snippet:-1, max-image-preview:large, max-video-preview:-1\" \/>\n<link rel=\"canonical\" href=\"https:\/\/martiko.com\/tienda\/productos\/hamburguesas-de-solomillo-de-pato\/\" \/>\n<meta property=\"og:locale\" content=\"ja_JP\" \/>\n<meta property=\"og:type\" content=\"article\" \/>\n<meta property=\"og:title\" content=\"Burgers de Pato 2x125g | Martiko\" \/>\n<meta property=\"og:description\" content=\"Disfruta de nuestras burgers de pato Martiko, una opci\u00f3n deliciosa y jugosa para toda la familia. Carne tierna, sabrosa y perfecta para compartir en tus comidas o cenas especiales.\" \/>\n<meta property=\"og:url\" content=\"https:\/\/martiko.com\/tienda\/productos\/hamburguesas-de-solomillo-de-pato\/\" \/>\n<meta property=\"og:site_name\" content=\"Martiko\" \/>\n<meta property=\"article:publisher\" content=\"https:\/\/www.facebook.com\/martikopates\/\" \/>\n<meta property=\"article:modified_time\" content=\"2026-04-04T06:43:20+00:00\" \/>\n<meta property=\"og:image\" content=\"https:\/\/martiko.com\/wp-content\/uploads\/2020\/05\/\u00a1NUEVO-2.png\" \/>\n\t<meta property=\"og:image:width\" content=\"1200\" \/>\n\t<meta property=\"og:image:height\" content=\"1200\" \/>\n\t<meta property=\"og:image:type\" content=\"image\/png\" \/>\n<meta name=\"twitter:card\" content=\"summary_large_image\" \/>\n<meta name=\"twitter:label1\" content=\"\u63a8\u5b9a\u8aad\u307f\u53d6\u308a\u6642\u9593\" \/>\n\t<meta name=\"twitter:data1\" content=\"1\u5206\" \/>\n<script type=\"application\/ld+json\" class=\"yoast-schema-graph\">{\"@context\":\"https:\/\/schema.org\",\"@graph\":[{\"@type\":\"WebPage\",\"@id\":\"https:\/\/martiko.com\/tienda\/productos\/hamburguesas-de-solomillo-de-pato\/\",\"url\":\"https:\/\/martiko.com\/tienda\/productos\/hamburguesas-de-solomillo-de-pato\/\",\"name\":\"Burgers de Pato 2x125g | Martiko\",\"isPartOf\":{\"@id\":\"https:\/\/martiko.com\/#website\"},\"primaryImageOfPage\":{\"@id\":\"https:\/\/martiko.com\/tienda\/productos\/hamburguesas-de-solomillo-de-pato\/#primaryimage\"},\"image\":{\"@id\":\"https:\/\/martiko.com\/tienda\/productos\/hamburguesas-de-solomillo-de-pato\/#primaryimage\"},\"thumbnailUrl\":\"https:\/\/martiko.com\/wp-content\/uploads\/2020\/05\/\u00a1NUEVO-2.png\",\"datePublished\":\"2020-05-28T08:57:11+00:00\",\"dateModified\":\"2026-04-04T06:43:20+00:00\",\"description\":\"Disfruta de nuestras burgers de pato Martiko, una opci\u00f3n deliciosa y jugosa para toda la familia. Carne tierna, sabrosa y perfecta para compartir en tus comidas o cenas especiales.\",\"breadcrumb\":{\"@id\":\"https:\/\/martiko.com\/tienda\/productos\/hamburguesas-de-solomillo-de-pato\/#breadcrumb\"},\"inLanguage\":\"ja\",\"potentialAction\":[{\"@type\":\"ReadAction\",\"target\":[\"https:\/\/martiko.com\/tienda\/productos\/hamburguesas-de-solomillo-de-pato\/\"]}]},{\"@type\":\"ImageObject\",\"inLanguage\":\"ja\",\"@id\":\"https:\/\/martiko.com\/tienda\/productos\/hamburguesas-de-solomillo-de-pato\/#primaryimage\",\"url\":\"https:\/\/martiko.com\/wp-content\/uploads\/2020\/05\/\u00a1NUEVO-2.png\",\"contentUrl\":\"https:\/\/martiko.com\/wp-content\/uploads\/2020\/05\/\u00a1NUEVO-2.png\",\"width\":1200,\"height\":1200,\"caption\":\"Hamburguesas de pato Martiko. Nuevo producto.\"},{\"@type\":\"BreadcrumbList\",\"@id\":\"https:\/\/martiko.com\/tienda\/productos\/hamburguesas-de-solomillo-de-pato\/#breadcrumb\",\"itemListElement\":[{\"@type\":\"ListItem\",\"position\":1,\"name\":\"Inicio\",\"item\":\"https:\/\/martiko.com\/\"},{\"@type\":\"ListItem\",\"position\":2,\"name\":\"Productos\",\"item\":\"https:\/\/martiko.com\/tienda\/\"},{\"@type\":\"ListItem\",\"position\":3,\"name\":\"PATO\",\"item\":\"https:\/\/martiko.com\/tienda\/categoria-producto\/pato\/\"},{\"@type\":\"ListItem\",\"position\":4,\"name\":\"CARNE FRESCA\",\"item\":\"https:\/\/martiko.com\/tienda\/categoria-producto\/pato\/carne-fresca\/\"},{\"@type\":\"ListItem\",\"position\":5,\"name\":\"Burger de pato 2&#215;125 g\"}]},{\"@type\":\"WebSite\",\"@id\":\"https:\/\/martiko.com\/#website\",\"url\":\"https:\/\/martiko.com\/\",\"name\":\"Martiko\",\"description\":\"Martiko\",\"publisher\":{\"@id\":\"https:\/\/martiko.com\/#organization\"},\"potentialAction\":[{\"@type\":\"SearchAction\",\"target\":{\"@type\":\"EntryPoint\",\"urlTemplate\":\"https:\/\/martiko.com\/?s={search_term_string}\"},\"query-input\":{\"@type\":\"PropertyValueSpecification\",\"valueRequired\":true,\"valueName\":\"search_term_string\"}}],\"inLanguage\":\"ja\"},{\"@type\":\"Organization\",\"@id\":\"https:\/\/martiko.com\/#organization\",\"name\":\"CONSERVAS MARTIKO SA\",\"url\":\"https:\/\/martiko.com\/\",\"logo\":{\"@type\":\"ImageObject\",\"inLanguage\":\"ja\",\"@id\":\"https:\/\/martiko.com\/#\/schema\/logo\/image\/\",\"url\":\"https:\/\/martiko.com\/wp-content\/uploads\/2024\/11\/Logo-Martiko-2021-dorado.png\",\"contentUrl\":\"https:\/\/martiko.com\/wp-content\/uploads\/2024\/11\/Logo-Martiko-2021-dorado.png\",\"width\":147,\"height\":34,\"caption\":\"CONSERVAS MARTIKO SA\"},\"image\":{\"@id\":\"https:\/\/martiko.com\/#\/schema\/logo\/image\/\"},\"sameAs\":[\"https:\/\/www.facebook.com\/martikopates\/\",\"https:\/\/www.instagram.com\/martikopato\/\",\"https:\/\/www.linkedin.com\/company\/2282554\"]}]}<\/script>\n<!-- \/ Yoast SEO plugin. -->","yoast_head_json":{"title":"Burgers de Pato 2x125g | Martiko","description":"Disfruta de nuestras burgers de pato Martiko, una opci\u00f3n deliciosa y jugosa para toda la familia. Carne tierna, sabrosa y perfecta para compartir en tus comidas o cenas especiales.","robots":{"index":"index","follow":"follow","max-snippet":"max-snippet:-1","max-image-preview":"max-image-preview:large","max-video-preview":"max-video-preview:-1"},"canonical":"https:\/\/martiko.com\/tienda\/productos\/hamburguesas-de-solomillo-de-pato\/","og_locale":"ja_JP","og_type":"article","og_title":"Burgers de Pato 2x125g | Martiko","og_description":"Disfruta de nuestras burgers de pato Martiko, una opci\u00f3n deliciosa y jugosa para toda la familia. Carne tierna, sabrosa y perfecta para compartir en tus comidas o cenas especiales.","og_url":"https:\/\/martiko.com\/tienda\/productos\/hamburguesas-de-solomillo-de-pato\/","og_site_name":"Martiko","article_publisher":"https:\/\/www.facebook.com\/martikopates\/","article_modified_time":"2026-04-04T06:43:20+00:00","og_image":[{"width":1200,"height":1200,"url":"https:\/\/martiko.com\/wp-content\/uploads\/2020\/05\/\u00a1NUEVO-2.png","type":"image\/png"}],"twitter_card":"summary_large_image","twitter_misc":{"\u63a8\u5b9a\u8aad\u307f\u53d6\u308a\u6642\u9593":"1\u5206"},"schema":{"@context":"https:\/\/schema.org","@graph":[{"@type":"WebPage","@id":"https:\/\/martiko.com\/tienda\/productos\/hamburguesas-de-solomillo-de-pato\/","url":"https:\/\/martiko.com\/tienda\/productos\/hamburguesas-de-solomillo-de-pato\/","name":"Burgers de Pato 2x125g | Martiko","isPartOf":{"@id":"https:\/\/martiko.com\/#website"},"primaryImageOfPage":{"@id":"https:\/\/martiko.com\/tienda\/productos\/hamburguesas-de-solomillo-de-pato\/#primaryimage"},"image":{"@id":"https:\/\/martiko.com\/tienda\/productos\/hamburguesas-de-solomillo-de-pato\/#primaryimage"},"thumbnailUrl":"https:\/\/martiko.com\/wp-content\/uploads\/2020\/05\/\u00a1NUEVO-2.png","datePublished":"2020-05-28T08:57:11+00:00","dateModified":"2026-04-04T06:43:20+00:00","description":"Disfruta de nuestras burgers de pato Martiko, una opci\u00f3n deliciosa y jugosa para toda la familia. Carne tierna, sabrosa y perfecta para compartir en tus comidas o cenas especiales.","breadcrumb":{"@id":"https:\/\/martiko.com\/tienda\/productos\/hamburguesas-de-solomillo-de-pato\/#breadcrumb"},"inLanguage":"ja","potentialAction":[{"@type":"ReadAction","target":["https:\/\/martiko.com\/tienda\/productos\/hamburguesas-de-solomillo-de-pato\/"]}]},{"@type":"ImageObject","inLanguage":"ja","@id":"https:\/\/martiko.com\/tienda\/productos\/hamburguesas-de-solomillo-de-pato\/#primaryimage","url":"https:\/\/martiko.com\/wp-content\/uploads\/2020\/05\/\u00a1NUEVO-2.png","contentUrl":"https:\/\/martiko.com\/wp-content\/uploads\/2020\/05\/\u00a1NUEVO-2.png","width":1200,"height":1200,"caption":"Hamburguesas de pato Martiko. Nuevo producto."},{"@type":"BreadcrumbList","@id":"https:\/\/martiko.com\/tienda\/productos\/hamburguesas-de-solomillo-de-pato\/#breadcrumb","itemListElement":[{"@type":"ListItem","position":1,"name":"Inicio","item":"https:\/\/martiko.com\/"},{"@type":"ListItem","position":2,"name":"Productos","item":"https:\/\/martiko.com\/tienda\/"},{"@type":"ListItem","position":3,"name":"PATO","item":"https:\/\/martiko.com\/tienda\/categoria-producto\/pato\/"},{"@type":"ListItem","position":4,"name":"CARNE FRESCA","item":"https:\/\/martiko.com\/tienda\/categoria-producto\/pato\/carne-fresca\/"},{"@type":"ListItem","position":5,"name":"Burger de pato 2&#215;125 g"}]},{"@type":"WebSite","@id":"https:\/\/martiko.com\/#website","url":"https:\/\/martiko.com\/","name":"Martiko","description":"Martiko","publisher":{"@id":"https:\/\/martiko.com\/#organization"},"potentialAction":[{"@type":"SearchAction","target":{"@type":"EntryPoint","urlTemplate":"https:\/\/martiko.com\/?s={search_term_string}"},"query-input":{"@type":"PropertyValueSpecification","valueRequired":true,"valueName":"search_term_string"}}],"inLanguage":"ja"},{"@type":"Organization","@id":"https:\/\/martiko.com\/#organization","name":"CONSERVAS MARTIKO SA","url":"https:\/\/martiko.com\/","logo":{"@type":"ImageObject","inLanguage":"ja","@id":"https:\/\/martiko.com\/#\/schema\/logo\/image\/","url":"https:\/\/martiko.com\/wp-content\/uploads\/2024\/11\/Logo-Martiko-2021-dorado.png","contentUrl":"https:\/\/martiko.com\/wp-content\/uploads\/2024\/11\/Logo-Martiko-2021-dorado.png","width":147,"height":34,"caption":"CONSERVAS MARTIKO SA"},"image":{"@id":"https:\/\/martiko.com\/#\/schema\/logo\/image\/"},"sameAs":["https:\/\/www.facebook.com\/martikopates\/","https:\/\/www.instagram.com\/martikopato\/","https:\/\/www.linkedin.com\/company\/2282554"]}]}},"_links":{"self":[{"href":"https:\/\/martiko.com\/ja\/wp-json\/wp\/v2\/product\/518","targetHints":{"allow":["GET"]}}],"collection":[{"href":"https:\/\/martiko.com\/ja\/wp-json\/wp\/v2\/product"}],"about":[{"href":"https:\/\/martiko.com\/ja\/wp-json\/wp\/v2\/types\/product"}],"wp:featuredmedia":[{"embeddable":true,"href":"https:\/\/martiko.com\/ja\/wp-json\/wp\/v2\/media\/18472"}],"wp:attachment":[{"href":"https:\/\/martiko.com\/ja\/wp-json\/wp\/v2\/media?parent=518"}],"wp:term":[{"taxonomy":"product_brand","embeddable":true,"href":"https:\/\/martiko.com\/ja\/wp-json\/wp\/v2\/product_brand?post=518"},{"taxonomy":"product_cat","embeddable":true,"href":"https:\/\/martiko.com\/ja\/wp-json\/wp\/v2\/product_cat?post=518"},{"taxonomy":"product_tag","embeddable":true,"href":"https:\/\/martiko.com\/ja\/wp-json\/wp\/v2\/product_tag?post=518"}],"curies":[{"name":"wp","href":"https:\/\/api.w.org\/{rel}","templated":true}]}}