{"id":729,"date":"2024-03-12T09:55:49","date_gmt":"2024-03-12T08:55:49","guid":{"rendered":"https:\/\/martiko.com\/producto\/pate-de-pato-2x75-g-martiko\/"},"modified":"2026-04-04T08:44:24","modified_gmt":"2026-04-04T06:44:24","slug":"pate-de-pato-2x75-g-martiko","status":"publish","type":"product","link":"https:\/\/martiko.com\/ja\/tienda\/productos\/pate-de-pato-2x75-g-martiko\/","title":{"rendered":"Pat\u00e9 de pato Martiko Superior 2&#215;75 g + 33% GRATIS"},"content":{"rendered":"","protected":false},"excerpt":{"rendered":"<p>Si te gusta el sabor del pat\u00e9 de pato Martiko, prueba esta nueva receta que hemos lanzado de pat\u00e9 de pato Martiko Superior. Ahora con un sabor con mucho m\u00e1s fondo en boca. Una magn\u00edfica opci\u00f3n. Fina emulsi\u00f3n de h\u00edgado de pato con sabor intenso y suave textura, ideal para cualquier ocasi\u00f3n. Especialmente indicado como centro de mesa, canap\u00e9s, bocadillos o lasagnas con la garant\u00eda de Calidad Martiko.<\/p>\n","protected":false},"featured_media":16521,"template":"","meta":{"_acf_changed":false,"site-sidebar-layout":"default","site-content-layout":"","ast-site-content-layout":"default","site-content-style":"default","site-sidebar-style":"default","ast-global-header-display":"","ast-banner-title-visibility":"","ast-main-header-display":"","ast-hfb-above-header-display":"","ast-hfb-below-header-display":"","ast-hfb-mobile-header-display":"","site-post-title":"","ast-breadcrumbs-content":"","ast-featured-img":"","footer-sml-layout":"","ast-disable-related-posts":"","theme-transparent-header-meta":"default","adv-header-id-meta":"","stick-header-meta":"","header-above-stick-meta":"","header-main-stick-meta":"","header-below-stick-meta":"","astra-migrate-meta-layouts":"set","ast-page-background-enabled":"default","ast-page-background-meta":{"desktop":{"background-color":"var(--ast-global-color-4)","background-image":"","background-repeat":"repeat","background-position":"center center","background-size":"auto","background-attachment":"scroll","background-type":"","background-media":"","overlay-type":"","overlay-color":"","overlay-opacity":"","overlay-gradient":""},"tablet":{"background-color":"","background-image":"","background-repeat":"repeat","background-position":"center center","background-size":"auto","background-attachment":"scroll","background-type":"","background-media":"","overlay-type":"","overlay-color":"","overlay-opacity":"","overlay-gradient":""},"mobile":{"background-color":"","background-image":"","background-repeat":"repeat","background-position":"center center","background-size":"auto","background-attachment":"scroll","background-type":"","background-media":"","overlay-type":"","overlay-color":"","overlay-opacity":"","overlay-gradient":""}},"ast-content-background-meta":{"desktop":{"background-color":"var(--ast-global-color-5)","background-image":"","background-repeat":"repeat","background-position":"center center","background-size":"auto","background-attachment":"scroll","background-type":"","background-media":"","overlay-type":"","overlay-color":"","overlay-opacity":"","overlay-gradient":""},"tablet":{"background-color":"var(--ast-global-color-5)","background-image":"","background-repeat":"repeat","background-position":"center center","background-size":"auto","background-attachment":"scroll","background-type":"","background-media":"","overlay-type":"","overlay-color":"","overlay-opacity":"","overlay-gradient":""},"mobile":{"background-color":"var(--ast-global-color-5)","background-image":"","background-repeat":"repeat","background-position":"center center","background-size":"auto","background-attachment":"scroll","background-type":"","background-media":"","overlay-type":"","overlay-color":"","overlay-opacity":"","overlay-gradient":""}}},"product_brand":[],"product_cat":[152,24],"product_tag":[625,468],"class_list":{"0":"post-729","1":"product","2":"type-product","3":"status-publish","4":"has-post-thumbnail","6":"product_cat-pate","7":"product_cat-producto-refrigerado","8":"product_tag-novedades","9":"product_tag-pate","10":"product_shipping_class-refrigerado","11":"desktop-align-center","12":"tablet-align-left","13":"mobile-align-left","15":"first","16":"instock","17":"taxable","18":"shipping-taxable","19":"purchasable","20":"product-type-simple"},"acf":{"aecoc-marca":"Martiko","aecoc-gln":"8412540000006","aecoc-gtin":"08412540008804","aecoc-denominacion_comercial":"Pat\u00e9 de pato Martiko superior 2x100g","aecoc-denominacion_legal":"Pat\u00e9 de pato","aecoc-peso_bruto":"165","aecoc-peso_neto":"200","aecoc-peso_neto_escurrido":"","aecoc-cantidad_neta":"2 x 100 g","aecoc-condiciones_de_conservacion":"Conservar entre 3 y 5\u00b0C. Una vez abierto, conservar en el frigor\u00edfico y consumir en los pr\u00f3ximos 5 d\u00edas.","aecoc-modo_de_preparacion":"","aecoc-fabricado":"Martiko P.I. Zalain, s\/n - C.P. 31780 Navarra (Espa\u00f1a)","aecoc-registro_sanitario":"ES 10.14400\/NA","aecoc-ingredientes":"50% h\u00edgado de pato, agua, 15% grasa de pato,  HUEVO, almid\u00f3n de ma\u00edz, azucar, sal, vino blanco, bebida aromatizada a base de vino, cebolla caramelizada (cebolla, azucar, agua), corrector de acidez: E-331iii, prote\u00edna de la LECHE, espesante: E-415, especias, emulgente: E-451i, fibra vegetal (bamb\u00fa), antioxidante: E-301, aroma y conservador: E-250. Materia prima c\u00e1rncia Origen UE. Producto listo para su consumo.","aecoc-racion":"100","aecoc-unidad_racion":"g","aecoc-energia_1":"1174","aecoc-unidad_energia_1":"kJ","aecoc-energia_2":"284","aecoc-unidad_energia_2":"kcal","aecoc-grasas":"27","aecoc-unidad_grasas":"g","aecoc-grasos_saturados":"16","aecoc-unidad_grasos_saturados":"g","aecoc-hidratos_de_carbono":"3.2","aecoc-unidad_hidratos_de_carbono":"g","aecoc-azucares":"1.5","aecoc-unidad_azucares":"g","aecoc-proteinas":"7.1","aecoc-unidad_proteinas":"g","aecoc-sal":"1.73","aecoc-unidad_sal":"g","aecoc-acidos_grasos_omega_3":"","aecoc-sin_gluten":true,"aecoc-multitabla":false,"aecoc-tabla_nutricional":"[{'title': 'Tama\u00f1o de la racion por 100g',        'content': {                 'aecoc-racion': '100@_@g','aecoc-energia_1': '946@_@kJ','aecoc-energia_2': '228@_@kcal','aecoc-grasas': '19@_@g','aecoc-grasos_saturados': '7.1@_@g','aecoc-hidratos_de_carbono': '4.8@_@g','aecoc-azucares': '2@_@g','aecoc-proteinas': '9.5@_@g','aecoc-sal': '1.6@_@g'            }}]","aecoc-contenedor_reciclaje":"Contenedor_Amarillo, Contenedor_Azul"},"yoast_head":"<!-- This site is optimized with the Yoast SEO plugin v27.1.1 - https:\/\/yoast.com\/product\/yoast-seo-wordpress\/ -->\n<title>Pat\u00e9 de Pato 2x75g | Martiko<\/title>\n<meta name=\"description\" content=\"Disfruta del pat\u00e9 de pato Martiko, con un sabor intenso y una textura suave. Perfecto para canap\u00e9s, bocadillos o como centro de mesa. Ideal para cualquier ocasi\u00f3n.\" \/>\n<meta name=\"robots\" content=\"index, follow, max-snippet:-1, max-image-preview:large, max-video-preview:-1\" \/>\n<link rel=\"canonical\" href=\"https:\/\/martiko.com\/tienda\/productos\/pate-de-pato-2x75-g-martiko\/\" \/>\n<meta property=\"og:locale\" content=\"ja_JP\" \/>\n<meta property=\"og:type\" content=\"article\" \/>\n<meta property=\"og:title\" content=\"Pat\u00e9 de Pato 2x75g | Martiko\" \/>\n<meta property=\"og:description\" content=\"Disfruta del pat\u00e9 de pato Martiko, con un sabor intenso y una textura suave. Perfecto para canap\u00e9s, bocadillos o como centro de mesa. Ideal para cualquier ocasi\u00f3n.\" \/>\n<meta property=\"og:url\" content=\"https:\/\/martiko.com\/tienda\/productos\/pate-de-pato-2x75-g-martiko\/\" \/>\n<meta property=\"og:site_name\" content=\"Martiko\" \/>\n<meta property=\"article:publisher\" content=\"https:\/\/www.facebook.com\/martikopates\/\" \/>\n<meta property=\"article:modified_time\" content=\"2026-04-04T06:44:24+00:00\" \/>\n<meta property=\"og:image\" content=\"https:\/\/martiko.com\/wp-content\/uploads\/2024\/03\/pate-de-pato-martiko-superior-2x100g-nuevo.webp\" \/>\n\t<meta property=\"og:image:width\" content=\"1024\" \/>\n\t<meta property=\"og:image:height\" content=\"1024\" \/>\n\t<meta property=\"og:image:type\" content=\"image\/webp\" \/>\n<meta name=\"twitter:card\" content=\"summary_large_image\" \/>\n<meta name=\"twitter:label1\" content=\"\u63a8\u5b9a\u8aad\u307f\u53d6\u308a\u6642\u9593\" \/>\n\t<meta name=\"twitter:data1\" content=\"1\u5206\" \/>\n<script type=\"application\/ld+json\" class=\"yoast-schema-graph\">{\"@context\":\"https:\/\/schema.org\",\"@graph\":[{\"@type\":\"WebPage\",\"@id\":\"https:\/\/martiko.com\/tienda\/productos\/pate-de-pato-2x75-g-martiko\/\",\"url\":\"https:\/\/martiko.com\/tienda\/productos\/pate-de-pato-2x75-g-martiko\/\",\"name\":\"Pat\u00e9 de Pato 2x75g | Martiko\",\"isPartOf\":{\"@id\":\"https:\/\/martiko.com\/#website\"},\"primaryImageOfPage\":{\"@id\":\"https:\/\/martiko.com\/tienda\/productos\/pate-de-pato-2x75-g-martiko\/#primaryimage\"},\"image\":{\"@id\":\"https:\/\/martiko.com\/tienda\/productos\/pate-de-pato-2x75-g-martiko\/#primaryimage\"},\"thumbnailUrl\":\"https:\/\/martiko.com\/wp-content\/uploads\/2024\/03\/pate-de-pato-martiko-superior-2x100g-nuevo.webp\",\"datePublished\":\"2024-03-12T08:55:49+00:00\",\"dateModified\":\"2026-04-04T06:44:24+00:00\",\"description\":\"Disfruta del pat\u00e9 de pato Martiko, con un sabor intenso y una textura suave. Perfecto para canap\u00e9s, bocadillos o como centro de mesa. Ideal para cualquier ocasi\u00f3n.\",\"breadcrumb\":{\"@id\":\"https:\/\/martiko.com\/tienda\/productos\/pate-de-pato-2x75-g-martiko\/#breadcrumb\"},\"inLanguage\":\"ja\",\"potentialAction\":[{\"@type\":\"ReadAction\",\"target\":[\"https:\/\/martiko.com\/tienda\/productos\/pate-de-pato-2x75-g-martiko\/\"]}]},{\"@type\":\"ImageObject\",\"inLanguage\":\"ja\",\"@id\":\"https:\/\/martiko.com\/tienda\/productos\/pate-de-pato-2x75-g-martiko\/#primaryimage\",\"url\":\"https:\/\/martiko.com\/wp-content\/uploads\/2024\/03\/pate-de-pato-martiko-superior-2x100g-nuevo.webp\",\"contentUrl\":\"https:\/\/martiko.com\/wp-content\/uploads\/2024\/03\/pate-de-pato-martiko-superior-2x100g-nuevo.webp\",\"width\":1024,\"height\":1024,\"caption\":\"Pat\u00e9 de pato Martiko Superior 2x75g (33% gratis)\"},{\"@type\":\"BreadcrumbList\",\"@id\":\"https:\/\/martiko.com\/tienda\/productos\/pate-de-pato-2x75-g-martiko\/#breadcrumb\",\"itemListElement\":[{\"@type\":\"ListItem\",\"position\":1,\"name\":\"Inicio\",\"item\":\"https:\/\/martiko.com\/\"},{\"@type\":\"ListItem\",\"position\":2,\"name\":\"Productos\",\"item\":\"https:\/\/martiko.com\/tienda\/\"},{\"@type\":\"ListItem\",\"position\":3,\"name\":\"PATO\",\"item\":\"https:\/\/martiko.com\/tienda\/categoria-producto\/pato\/\"},{\"@type\":\"ListItem\",\"position\":4,\"name\":\"PAT\u00c9\",\"item\":\"https:\/\/martiko.com\/tienda\/categoria-producto\/pato\/pate\/\"},{\"@type\":\"ListItem\",\"position\":5,\"name\":\"Pat\u00e9 de pato Martiko Superior 2&#215;75 g + 33% GRATIS\"}]},{\"@type\":\"WebSite\",\"@id\":\"https:\/\/martiko.com\/#website\",\"url\":\"https:\/\/martiko.com\/\",\"name\":\"Martiko\",\"description\":\"Martiko\",\"publisher\":{\"@id\":\"https:\/\/martiko.com\/#organization\"},\"potentialAction\":[{\"@type\":\"SearchAction\",\"target\":{\"@type\":\"EntryPoint\",\"urlTemplate\":\"https:\/\/martiko.com\/?s={search_term_string}\"},\"query-input\":{\"@type\":\"PropertyValueSpecification\",\"valueRequired\":true,\"valueName\":\"search_term_string\"}}],\"inLanguage\":\"ja\"},{\"@type\":\"Organization\",\"@id\":\"https:\/\/martiko.com\/#organization\",\"name\":\"CONSERVAS MARTIKO SA\",\"url\":\"https:\/\/martiko.com\/\",\"logo\":{\"@type\":\"ImageObject\",\"inLanguage\":\"ja\",\"@id\":\"https:\/\/martiko.com\/#\/schema\/logo\/image\/\",\"url\":\"https:\/\/martiko.com\/wp-content\/uploads\/2024\/11\/Logo-Martiko-2021-dorado.png\",\"contentUrl\":\"https:\/\/martiko.com\/wp-content\/uploads\/2024\/11\/Logo-Martiko-2021-dorado.png\",\"width\":147,\"height\":34,\"caption\":\"CONSERVAS MARTIKO SA\"},\"image\":{\"@id\":\"https:\/\/martiko.com\/#\/schema\/logo\/image\/\"},\"sameAs\":[\"https:\/\/www.facebook.com\/martikopates\/\",\"https:\/\/www.instagram.com\/martikopato\/\",\"https:\/\/www.linkedin.com\/company\/2282554\"]}]}<\/script>\n<!-- \/ Yoast SEO plugin. -->","yoast_head_json":{"title":"Pat\u00e9 de Pato 2x75g | Martiko","description":"Disfruta del pat\u00e9 de pato Martiko, con un sabor intenso y una textura suave. Perfecto para canap\u00e9s, bocadillos o como centro de mesa. Ideal para cualquier ocasi\u00f3n.","robots":{"index":"index","follow":"follow","max-snippet":"max-snippet:-1","max-image-preview":"max-image-preview:large","max-video-preview":"max-video-preview:-1"},"canonical":"https:\/\/martiko.com\/tienda\/productos\/pate-de-pato-2x75-g-martiko\/","og_locale":"ja_JP","og_type":"article","og_title":"Pat\u00e9 de Pato 2x75g | Martiko","og_description":"Disfruta del pat\u00e9 de pato Martiko, con un sabor intenso y una textura suave. Perfecto para canap\u00e9s, bocadillos o como centro de mesa. Ideal para cualquier ocasi\u00f3n.","og_url":"https:\/\/martiko.com\/tienda\/productos\/pate-de-pato-2x75-g-martiko\/","og_site_name":"Martiko","article_publisher":"https:\/\/www.facebook.com\/martikopates\/","article_modified_time":"2026-04-04T06:44:24+00:00","og_image":[{"width":1024,"height":1024,"url":"https:\/\/martiko.com\/wp-content\/uploads\/2024\/03\/pate-de-pato-martiko-superior-2x100g-nuevo.webp","type":"image\/webp"}],"twitter_card":"summary_large_image","twitter_misc":{"\u63a8\u5b9a\u8aad\u307f\u53d6\u308a\u6642\u9593":"1\u5206"},"schema":{"@context":"https:\/\/schema.org","@graph":[{"@type":"WebPage","@id":"https:\/\/martiko.com\/tienda\/productos\/pate-de-pato-2x75-g-martiko\/","url":"https:\/\/martiko.com\/tienda\/productos\/pate-de-pato-2x75-g-martiko\/","name":"Pat\u00e9 de Pato 2x75g | Martiko","isPartOf":{"@id":"https:\/\/martiko.com\/#website"},"primaryImageOfPage":{"@id":"https:\/\/martiko.com\/tienda\/productos\/pate-de-pato-2x75-g-martiko\/#primaryimage"},"image":{"@id":"https:\/\/martiko.com\/tienda\/productos\/pate-de-pato-2x75-g-martiko\/#primaryimage"},"thumbnailUrl":"https:\/\/martiko.com\/wp-content\/uploads\/2024\/03\/pate-de-pato-martiko-superior-2x100g-nuevo.webp","datePublished":"2024-03-12T08:55:49+00:00","dateModified":"2026-04-04T06:44:24+00:00","description":"Disfruta del pat\u00e9 de pato Martiko, con un sabor intenso y una textura suave. Perfecto para canap\u00e9s, bocadillos o como centro de mesa. Ideal para cualquier ocasi\u00f3n.","breadcrumb":{"@id":"https:\/\/martiko.com\/tienda\/productos\/pate-de-pato-2x75-g-martiko\/#breadcrumb"},"inLanguage":"ja","potentialAction":[{"@type":"ReadAction","target":["https:\/\/martiko.com\/tienda\/productos\/pate-de-pato-2x75-g-martiko\/"]}]},{"@type":"ImageObject","inLanguage":"ja","@id":"https:\/\/martiko.com\/tienda\/productos\/pate-de-pato-2x75-g-martiko\/#primaryimage","url":"https:\/\/martiko.com\/wp-content\/uploads\/2024\/03\/pate-de-pato-martiko-superior-2x100g-nuevo.webp","contentUrl":"https:\/\/martiko.com\/wp-content\/uploads\/2024\/03\/pate-de-pato-martiko-superior-2x100g-nuevo.webp","width":1024,"height":1024,"caption":"Pat\u00e9 de pato Martiko Superior 2x75g (33% gratis)"},{"@type":"BreadcrumbList","@id":"https:\/\/martiko.com\/tienda\/productos\/pate-de-pato-2x75-g-martiko\/#breadcrumb","itemListElement":[{"@type":"ListItem","position":1,"name":"Inicio","item":"https:\/\/martiko.com\/"},{"@type":"ListItem","position":2,"name":"Productos","item":"https:\/\/martiko.com\/tienda\/"},{"@type":"ListItem","position":3,"name":"PATO","item":"https:\/\/martiko.com\/tienda\/categoria-producto\/pato\/"},{"@type":"ListItem","position":4,"name":"PAT\u00c9","item":"https:\/\/martiko.com\/tienda\/categoria-producto\/pato\/pate\/"},{"@type":"ListItem","position":5,"name":"Pat\u00e9 de pato Martiko Superior 2&#215;75 g + 33% GRATIS"}]},{"@type":"WebSite","@id":"https:\/\/martiko.com\/#website","url":"https:\/\/martiko.com\/","name":"Martiko","description":"Martiko","publisher":{"@id":"https:\/\/martiko.com\/#organization"},"potentialAction":[{"@type":"SearchAction","target":{"@type":"EntryPoint","urlTemplate":"https:\/\/martiko.com\/?s={search_term_string}"},"query-input":{"@type":"PropertyValueSpecification","valueRequired":true,"valueName":"search_term_string"}}],"inLanguage":"ja"},{"@type":"Organization","@id":"https:\/\/martiko.com\/#organization","name":"CONSERVAS MARTIKO SA","url":"https:\/\/martiko.com\/","logo":{"@type":"ImageObject","inLanguage":"ja","@id":"https:\/\/martiko.com\/#\/schema\/logo\/image\/","url":"https:\/\/martiko.com\/wp-content\/uploads\/2024\/11\/Logo-Martiko-2021-dorado.png","contentUrl":"https:\/\/martiko.com\/wp-content\/uploads\/2024\/11\/Logo-Martiko-2021-dorado.png","width":147,"height":34,"caption":"CONSERVAS MARTIKO SA"},"image":{"@id":"https:\/\/martiko.com\/#\/schema\/logo\/image\/"},"sameAs":["https:\/\/www.facebook.com\/martikopates\/","https:\/\/www.instagram.com\/martikopato\/","https:\/\/www.linkedin.com\/company\/2282554"]}]}},"_links":{"self":[{"href":"https:\/\/martiko.com\/ja\/wp-json\/wp\/v2\/product\/729","targetHints":{"allow":["GET"]}}],"collection":[{"href":"https:\/\/martiko.com\/ja\/wp-json\/wp\/v2\/product"}],"about":[{"href":"https:\/\/martiko.com\/ja\/wp-json\/wp\/v2\/types\/product"}],"wp:featuredmedia":[{"embeddable":true,"href":"https:\/\/martiko.com\/ja\/wp-json\/wp\/v2\/media\/16521"}],"wp:attachment":[{"href":"https:\/\/martiko.com\/ja\/wp-json\/wp\/v2\/media?parent=729"}],"wp:term":[{"taxonomy":"product_brand","embeddable":true,"href":"https:\/\/martiko.com\/ja\/wp-json\/wp\/v2\/product_brand?post=729"},{"taxonomy":"product_cat","embeddable":true,"href":"https:\/\/martiko.com\/ja\/wp-json\/wp\/v2\/product_cat?post=729"},{"taxonomy":"product_tag","embeddable":true,"href":"https:\/\/martiko.com\/ja\/wp-json\/wp\/v2\/product_tag?post=729"}],"curies":[{"name":"wp","href":"https:\/\/api.w.org\/{rel}","templated":true}]}}