{"id":771,"date":"2024-02-01T10:47:16","date_gmt":"2024-02-01T09:47:16","guid":{"rendered":"https:\/\/martiko.com\/producto\/mar-y-montana-martiko-premium\/"},"modified":"2026-04-30T08:45:21","modified_gmt":"2026-04-30T06:45:21","slug":"mar-y-montana-martiko-premium","status":"publish","type":"product","link":"https:\/\/martiko.com\/ja\/tienda\/productos\/mar-y-montana-martiko-premium\/","title":{"rendered":"MAR Y MONTA\u00d1A MARTIKO PREMIUM"},"content":{"rendered":"","protected":false},"excerpt":{"rendered":"<p>Nuestro lote m\u00e1s exclusivo: una combinaci\u00f3n \u00fanica de ahumados premium y productos de pato, pensada para sorprender y disfrutar en cada bocado. Elegancia, equilibrio y sabor en un lote irresistible para quienes valoran la calidad y la exquisitez.<\/p>\n<p>Una selecci\u00f3n excepcional de nuestros mejores productos de pato: foie gras entero mi cuit, bloc de foie gras, muslos de pato en confit, jam\u00f3n de pato, y, para completar la experiencia, solomillo de salm\u00f3n ahumado noruego premium y nuestra trucha ahumada del Pirineo.<\/p>\n<p>Una propuesta perfecta para compartir en familia o con amigos, ideal como regalo gastron\u00f3mico o para quienes desean disfrutar en casa de sabores intensos, delicados y aut\u00e9nticos.<\/p>\n","protected":false},"featured_media":16427,"template":"","meta":{"_acf_changed":false,"site-sidebar-layout":"default","site-content-layout":"","ast-site-content-layout":"default","site-content-style":"default","site-sidebar-style":"default","ast-global-header-display":"","ast-banner-title-visibility":"","ast-main-header-display":"","ast-hfb-above-header-display":"","ast-hfb-below-header-display":"","ast-hfb-mobile-header-display":"","site-post-title":"","ast-breadcrumbs-content":"","ast-featured-img":"","footer-sml-layout":"","ast-disable-related-posts":"","theme-transparent-header-meta":"default","adv-header-id-meta":"","stick-header-meta":"","header-above-stick-meta":"","header-main-stick-meta":"","header-below-stick-meta":"","astra-migrate-meta-layouts":"set","ast-page-background-enabled":"default","ast-page-background-meta":{"desktop":{"background-color":"var(--ast-global-color-4)","background-image":"","background-repeat":"repeat","background-position":"center center","background-size":"auto","background-attachment":"scroll","background-type":"","background-media":"","overlay-type":"","overlay-color":"","overlay-opacity":"","overlay-gradient":""},"tablet":{"background-color":"","background-image":"","background-repeat":"repeat","background-position":"center center","background-size":"auto","background-attachment":"scroll","background-type":"","background-media":"","overlay-type":"","overlay-color":"","overlay-opacity":"","overlay-gradient":""},"mobile":{"background-color":"","background-image":"","background-repeat":"repeat","background-position":"center center","background-size":"auto","background-attachment":"scroll","background-type":"","background-media":"","overlay-type":"","overlay-color":"","overlay-opacity":"","overlay-gradient":""}},"ast-content-background-meta":{"desktop":{"background-color":"var(--ast-global-color-5)","background-image":"","background-repeat":"repeat","background-position":"center center","background-size":"auto","background-attachment":"scroll","background-type":"","background-media":"","overlay-type":"","overlay-color":"","overlay-opacity":"","overlay-gradient":""},"tablet":{"background-color":"var(--ast-global-color-5)","background-image":"","background-repeat":"repeat","background-position":"center center","background-size":"auto","background-attachment":"scroll","background-type":"","background-media":"","overlay-type":"","overlay-color":"","overlay-opacity":"","overlay-gradient":""},"mobile":{"background-color":"var(--ast-global-color-5)","background-image":"","background-repeat":"repeat","background-position":"center center","background-size":"auto","background-attachment":"scroll","background-type":"","background-media":"","overlay-type":"","overlay-color":"","overlay-opacity":"","overlay-gradient":""}}},"product_brand":[],"product_cat":[22,24],"product_tag":[],"class_list":{"0":"post-771","1":"product","2":"type-product","3":"status-publish","4":"has-post-thumbnail","6":"product_cat-lotes-gourmet","7":"product_cat-producto-refrigerado","8":"product_shipping_class-refrigerado","9":"desktop-align-center","10":"tablet-align-left","11":"mobile-align-left","13":"first","14":"instock","15":"taxable","16":"shipping-taxable","17":"purchasable","18":"product-type-simple"},"acf":{"aecoc-marca":"Martiko","aecoc-gln":"8412540000006","aecoc-gtin":"08412540102885","aecoc-denominacion_comercial":"Mar y monta\u00f1a Martiko Premium","aecoc-denominacion_legal":"Bloc de foie gras de pato + foie gras entero de pato cocido + bloc de foie gras de pato cocido + foie gras entero de pato con trufa cocido + muslos de pato confitados + jam\u00f3n de pato curado + dulce de cebolla + dulce de tomate + solomillo de salm\u00f3n ahumado +trucha arcoiris ahumada + pan tostado con pasas.","aecoc-peso_bruto":"","aecoc-peso_neto":"1830","aecoc-peso_neto_escurrido":"","aecoc-cantidad_neta":"130g2x100g250g3x80g150g2x45g870g","aecoc-condiciones_de_conservacion":"Conservar entre 0 y 4\u00baC. Una vez abierto (ver envase de cada producto).","aecoc-modo_de_preparacion":"MUSLOS DE PATO CONFITADOS: HORNO:Calentar a 180-200\u00baC e introducir los muslos en una bandeja durante 15-20 minutos hasta conseguir que la piel est\u00e9 dorada y cruijiente. MICROONDAS: Colocar los muslos en un recipiente apropiado durante 3- 5 minutos a 900W.","aecoc-fabricado":"Martiko P.I. Zalain, s\/n - C.P. 31780 Navarra (Espa\u00f1a)","aecoc-registro_sanitario":"ES 10.14400\/NA","aecoc-ingredientes":"BLOC DE FOIE GRAS DE PATO: foie gras de pato, agua, brandy, sal, az\u00facar, especias, antioxidante: E-301 y conservador: E-250. FOIE GRAS ENTERO DE PATO COCIDO: 98% foie gras de pato, sal, az\u00facar, brandy, especias, antioxidante: E-301 y conservador: E-250. BLOC DE FOIE GRAS DE PATO COCIDO: foie gras de pato, agua, brandy, sal, az\u00facar, especias, antioxidante E-301 y conservador E-250. FOIE GRAS ENTERO DE PATO CON TRUFA COCIDO: 94% foie gras de pato, 3% trufa (tuber indicum), sal, az\u00facar, especias, brandy, condimento de aceite de oliva viergen extra con aroma de trufa negra (99.8% aceite de oliva virgen extra, 0.2% aroma de trufa negra), antioxidante: E-301 y conservador: E-250. MUSLOS DE PATO CONFITADOS: 2 muslos de pato, grasa de pato, sal y conservador: E-250. JAM\u00d3N DE PATO CURADO: pechuga de pato, sal, dextrosa, aroma, antioxidante: E-301, especias, conservadores: E-250 y E-252. DULCE DE CEBOLLA: 60% cebolla, az\u00facar y agua. DULCE DE TOMATE: 55% tomate, az\u00facar, sal, espesantes: E-410, E-415 y E-440ii, fibra vegetal (bamb\u00fa), acidulante: \u00e1cido c\u00edtrico y corrector de acidez: E-516. SOLOMILLO DE SALM\u00d3N AHUMADO: SALM\u00d3N (Salmo salar)(PESCADO), sal y humo de maderas nobles. Zona de cria Noruega. TRUCHA ARCOIRIS AHUMADA: TRUCHA ARCOIRIS (Oncorhynchus mykiss), (PESCADO), sal y humo de maderas nobles. Zona de cr\u00eda: Espa\u00f1a (Pirineos). PAN TOSTADO CON PASAS: Harina de TRIGO (GLUTEN), agua, pasas (20%), levadura, az\u00facar, MANTEQUILLA (LECHE) (MANTEQUILLA (LECHE) de NATA (LECHE) pasterizada, fermentos l\u00e1cticos y colorante: E-160a(iii)), sal, emulgente: E-472e, antioxidante: E-300 y enzimas. Puede contener trazas de SOJA y MOSTAZA.","aecoc-racion":"100","aecoc-unidad_racion":"g","aecoc-energia_1":"1956","aecoc-unidad_energia_1":"kJ","aecoc-energia_2":"475","aecoc-unidad_energia_2":"kcal","aecoc-grasas":"49","aecoc-unidad_grasas":"g","aecoc-grasos_saturados":"21","aecoc-unidad_grasos_saturados":"g","aecoc-hidratos_de_carbono":"2.9","aecoc-unidad_hidratos_de_carbono":"g","aecoc-azucares":"0.7","aecoc-unidad_azucares":"g","aecoc-proteinas":"5.5","aecoc-unidad_proteinas":"g","aecoc-sal":"1.11","aecoc-unidad_sal":"g","aecoc-acidos_grasos_omega_3":"","aecoc-sin_gluten":false,"aecoc-multitabla":true,"aecoc-tabla_nutricional":"[{'title': 'Tama\u00f1o de la raci\u00f3n por 100g de bloc pato 130g',        'content': {                 'aecoc-racion': '100@_@g','aecoc-energia_1': '1956@_@kJ','aecoc-energia_2': '475@_@kcal','aecoc-grasas': '49@_@g','aecoc-grasos_saturados': '21@_@g','aecoc-hidratos_de_carbono': '2.9@_@g','aecoc-azucares': '0.7@_@g','aecoc-proteinas': '5.5@_@g','aecoc-sal': '1.11@_@g'            }},{'title': 'Tama\u00f1o de la raci\u00f3n por 100g de jam\u00f3n de pato',        'content': {                 'aecoc-racion': '100@_@g','aecoc-energia_1': '1744@_@kJ','aecoc-energia_2': '421@_@kcal','aecoc-grasas': '35@_@g','aecoc-grasos_saturados': '12@_@g','aecoc-hidratos_de_carbono': '1.1@_@g','aecoc-azucares': '0.7@_@g','aecoc-proteinas': '25@_@g','aecoc-sal': '3.2@_@g'            }},{'title': 'Tama\u00f1o de la raci\u00f3n por 100g foie gras entero de pato cocido',        'content': {                 'aecoc-racion': '100@_@g','aecoc-energia_1': '2093@_@kJ','aecoc-energia_2': '508@_@kcal','aecoc-grasas': '52@_@g','aecoc-grasos_saturados': '22@_@g','aecoc-hidratos_de_carbono': '1.8@_@g','aecoc-azucares': '1@_@g','aecoc-proteinas': '8.1@_@g','aecoc-sal': '1.1@_@g'            }},{'title': 'Tama\u00f1o de la raci\u00f3n por 100g de duo bloc pato',        'content': {                 'aecoc-racion': '100@_@g','aecoc-energia_1': '1830@_@kJ','aecoc-energia_2': '444@_@kcal','aecoc-grasas': '46@_@g','aecoc-grasos_saturados': '20@_@g','aecoc-hidratos_de_carbono': '2.8@_@g','aecoc-azucares': '0.8@_@g','aecoc-proteinas': '4.7@_@g','aecoc-sal': '0.88@_@g'            }},{'title': 'Tama\u00f1o de la raci\u00f3n por 100g de salm\u00f3n ahumado',        'content': {                 'aecoc-racion': '100@_@g','aecoc-energia_1': '866@_@kJ','aecoc-energia_2': '207@_@kcal','aecoc-grasas': '13.2@_@g','aecoc-grasos_saturados': '2@_@g','aecoc-hidratos_de_carbono': '0.5@_@g','aecoc-azucares': '0.5@_@g','aecoc-proteinas': '22@_@g','aecoc-sal': '3.20@_@g'            }},{'title': 'Tama\u00f1o de la raci\u00f3n por 100g de trucha ahumada',        'content': {                 'aecoc-racion': '100@_@g','aecoc-energia_1': '745@_@kJ','aecoc-energia_2': '178@_@kcal','aecoc-grasas': '10@_@g','aecoc-grasos_saturados': '3@_@g','aecoc-hidratos_de_carbono': '0.5@_@g','aecoc-azucares': '0.5@_@g','aecoc-proteinas': '21@_@g','aecoc-sal': '4@_@g'            }},{'title': 'Tama\u00f1o de la raci\u00f3n por 100g de dulce de cebolla',        'content': {                 'aecoc-racion': '100@_@g','aecoc-energia_1': '1230@_@kJ','aecoc-energia_2': '290@_@kcal','aecoc-grasas': '0.5@_@g','aecoc-grasos_saturados': '0@_@g','aecoc-hidratos_de_carbono': '70@_@g','aecoc-azucares': '65@_@g','aecoc-proteinas': '0.8@_@g','aecoc-sal': '0@_@g'            }},{'title': 'Tama\u00f1o de la raci\u00f3n por 100g de dulce de tomate',        'content': {                 'aecoc-racion': '100@_@g','aecoc-energia_1': '854@_@kJ','aecoc-energia_2': '201@_@kcal','aecoc-grasas': '0.50@_@g','aecoc-grasos_saturados': '0.5@_@g','aecoc-hidratos_de_carbono': '49.5@_@g','aecoc-azucares': '45.9@_@g','aecoc-proteinas': '0.58@_@g','aecoc-sal': '0.390@_@g'            }},{'title': 'Tama\u00f1o de la raci\u00f3n por 100g de foie gras entero con trufa',        'content': {                 'aecoc-racion': '100@_@g','aecoc-energia_1': '2023@_@kJ','aecoc-energia_2': '490@_@kcal','aecoc-grasas': '48@_@g','aecoc-grasos_saturados': '20@_@g','aecoc-hidratos_de_carbono': '6@_@g','aecoc-azucares': '1@_@g','aecoc-proteinas': '8.5@_@g','aecoc-sal': '1.42@_@g'            }},{'title': 'Tama\u00f1o de la raci\u00f3n por 100g de muslos confitados',        'content': {                 'aecoc-racion': '100@_@g','aecoc-energia_1': '1159@_@kJ','aecoc-energia_2': '278@_@kcal','aecoc-grasas': '18@_@g','aecoc-grasos_saturados': '6@_@g','aecoc-hidratos_de_carbono': '0.5@_@g','aecoc-azucares': '0.5@_@g','aecoc-proteinas': '29@_@g','aecoc-sal': '1.37@_@g'            }},{'title': 'Tama\u00f1o de la raci\u00f3n por 100g de pan tostado con pasas',        'content': {                 'aecoc-racion': '100@_@g','aecoc-energia_1': '1525@_@kJ','aecoc-energia_2': '360@_@kcal','aecoc-grasas': '3@_@g','aecoc-grasos_saturados': '1.2@_@g','aecoc-hidratos_de_carbono': '72.3@_@g','aecoc-azucares': '20.4@_@g','aecoc-proteinas': '@_@','aecoc-sal': '1.1@_@g'            }}]","aecoc-contenedor_reciclaje":"Contenedor_Amarillo, Contenedor_Azul, Contenedor_Verde"},"yoast_head":"<!-- This site is optimized with the Yoast SEO plugin v27.1.1 - https:\/\/yoast.com\/product\/yoast-seo-wordpress\/ -->\n<title>Mar y Monta\u00f1a Martiko Premium | Lotes Gourmet Martiko<\/title>\n<meta name=\"description\" content=\"Descubre la selecci\u00f3n premium Martiko: foie gras de pato, bloc gourmet, solomillo de salm\u00f3n ahumado y trucha del Pirineo. La combinaci\u00f3n perfecta para compartir momentos especiales.\" \/>\n<meta name=\"robots\" content=\"index, follow, max-snippet:-1, max-image-preview:large, max-video-preview:-1\" \/>\n<link rel=\"canonical\" href=\"https:\/\/martiko.com\/tienda\/productos\/mar-y-montana-martiko-premium\/\" \/>\n<meta property=\"og:locale\" content=\"ja_JP\" \/>\n<meta property=\"og:type\" content=\"article\" \/>\n<meta property=\"og:title\" content=\"Mar y Monta\u00f1a Martiko Premium | Lotes Gourmet Martiko\" \/>\n<meta property=\"og:description\" content=\"Descubre la selecci\u00f3n premium Martiko: foie gras de pato, bloc gourmet, solomillo de salm\u00f3n ahumado y trucha del Pirineo. La combinaci\u00f3n perfecta para compartir momentos especiales.\" \/>\n<meta property=\"og:url\" content=\"https:\/\/martiko.com\/tienda\/productos\/mar-y-montana-martiko-premium\/\" \/>\n<meta property=\"og:site_name\" content=\"Martiko\" \/>\n<meta property=\"article:publisher\" content=\"https:\/\/www.facebook.com\/martikopates\/\" \/>\n<meta property=\"article:modified_time\" content=\"2026-04-30T06:45:21+00:00\" \/>\n<meta property=\"og:image\" content=\"https:\/\/martiko.com\/wp-content\/uploads\/2024\/02\/lote-mar-y-montana-premium-martiko-10288.webp\" \/>\n\t<meta property=\"og:image:width\" content=\"1024\" \/>\n\t<meta property=\"og:image:height\" content=\"1024\" \/>\n\t<meta property=\"og:image:type\" content=\"image\/webp\" \/>\n<meta name=\"twitter:card\" content=\"summary_large_image\" \/>\n<meta name=\"twitter:label1\" content=\"\u63a8\u5b9a\u8aad\u307f\u53d6\u308a\u6642\u9593\" \/>\n\t<meta name=\"twitter:data1\" content=\"1\u5206\" \/>\n<script type=\"application\/ld+json\" class=\"yoast-schema-graph\">{\"@context\":\"https:\/\/schema.org\",\"@graph\":[{\"@type\":\"WebPage\",\"@id\":\"https:\/\/martiko.com\/tienda\/productos\/mar-y-montana-martiko-premium\/\",\"url\":\"https:\/\/martiko.com\/tienda\/productos\/mar-y-montana-martiko-premium\/\",\"name\":\"Mar y Monta\u00f1a Martiko Premium | Lotes Gourmet Martiko\",\"isPartOf\":{\"@id\":\"https:\/\/martiko.com\/#website\"},\"primaryImageOfPage\":{\"@id\":\"https:\/\/martiko.com\/tienda\/productos\/mar-y-montana-martiko-premium\/#primaryimage\"},\"image\":{\"@id\":\"https:\/\/martiko.com\/tienda\/productos\/mar-y-montana-martiko-premium\/#primaryimage\"},\"thumbnailUrl\":\"https:\/\/martiko.com\/wp-content\/uploads\/2024\/02\/lote-mar-y-montana-premium-martiko-10288.webp\",\"datePublished\":\"2024-02-01T09:47:16+00:00\",\"dateModified\":\"2026-04-30T06:45:21+00:00\",\"description\":\"Descubre la selecci\u00f3n premium Martiko: foie gras de pato, bloc gourmet, solomillo de salm\u00f3n ahumado y trucha del Pirineo. La combinaci\u00f3n perfecta para compartir momentos especiales.\",\"breadcrumb\":{\"@id\":\"https:\/\/martiko.com\/tienda\/productos\/mar-y-montana-martiko-premium\/#breadcrumb\"},\"inLanguage\":\"ja\",\"potentialAction\":[{\"@type\":\"ReadAction\",\"target\":[\"https:\/\/martiko.com\/tienda\/productos\/mar-y-montana-martiko-premium\/\"]}]},{\"@type\":\"ImageObject\",\"inLanguage\":\"ja\",\"@id\":\"https:\/\/martiko.com\/tienda\/productos\/mar-y-montana-martiko-premium\/#primaryimage\",\"url\":\"https:\/\/martiko.com\/wp-content\/uploads\/2024\/02\/lote-mar-y-montana-premium-martiko-10288.webp\",\"contentUrl\":\"https:\/\/martiko.com\/wp-content\/uploads\/2024\/02\/lote-mar-y-montana-premium-martiko-10288.webp\",\"width\":1024,\"height\":1024,\"caption\":\"Lote Mar y Monta\u00f1a Premium Martiko\"},{\"@type\":\"BreadcrumbList\",\"@id\":\"https:\/\/martiko.com\/tienda\/productos\/mar-y-montana-martiko-premium\/#breadcrumb\",\"itemListElement\":[{\"@type\":\"ListItem\",\"position\":1,\"name\":\"Inicio\",\"item\":\"https:\/\/martiko.com\/\"},{\"@type\":\"ListItem\",\"position\":2,\"name\":\"Productos\",\"item\":\"https:\/\/martiko.com\/tienda\/\"},{\"@type\":\"ListItem\",\"position\":3,\"name\":\"LOTES GOURMET\",\"item\":\"https:\/\/martiko.com\/tienda\/categoria-producto\/lotes-gourmet\/\"},{\"@type\":\"ListItem\",\"position\":4,\"name\":\"MAR Y MONTA\u00d1A MARTIKO PREMIUM\"}]},{\"@type\":\"WebSite\",\"@id\":\"https:\/\/martiko.com\/#website\",\"url\":\"https:\/\/martiko.com\/\",\"name\":\"Martiko\",\"description\":\"Martiko\",\"publisher\":{\"@id\":\"https:\/\/martiko.com\/#organization\"},\"potentialAction\":[{\"@type\":\"SearchAction\",\"target\":{\"@type\":\"EntryPoint\",\"urlTemplate\":\"https:\/\/martiko.com\/?s={search_term_string}\"},\"query-input\":{\"@type\":\"PropertyValueSpecification\",\"valueRequired\":true,\"valueName\":\"search_term_string\"}}],\"inLanguage\":\"ja\"},{\"@type\":\"Organization\",\"@id\":\"https:\/\/martiko.com\/#organization\",\"name\":\"CONSERVAS MARTIKO SA\",\"url\":\"https:\/\/martiko.com\/\",\"logo\":{\"@type\":\"ImageObject\",\"inLanguage\":\"ja\",\"@id\":\"https:\/\/martiko.com\/#\/schema\/logo\/image\/\",\"url\":\"https:\/\/martiko.com\/wp-content\/uploads\/2024\/11\/Logo-Martiko-2021-dorado.png\",\"contentUrl\":\"https:\/\/martiko.com\/wp-content\/uploads\/2024\/11\/Logo-Martiko-2021-dorado.png\",\"width\":147,\"height\":34,\"caption\":\"CONSERVAS MARTIKO SA\"},\"image\":{\"@id\":\"https:\/\/martiko.com\/#\/schema\/logo\/image\/\"},\"sameAs\":[\"https:\/\/www.facebook.com\/martikopates\/\",\"https:\/\/www.instagram.com\/martikopato\/\",\"https:\/\/www.linkedin.com\/company\/2282554\"]}]}<\/script>\n<!-- \/ Yoast SEO plugin. -->","yoast_head_json":{"title":"Mar y Monta\u00f1a Martiko Premium | Lotes Gourmet Martiko","description":"Descubre la selecci\u00f3n premium Martiko: foie gras de pato, bloc gourmet, solomillo de salm\u00f3n ahumado y trucha del Pirineo. La combinaci\u00f3n perfecta para compartir momentos especiales.","robots":{"index":"index","follow":"follow","max-snippet":"max-snippet:-1","max-image-preview":"max-image-preview:large","max-video-preview":"max-video-preview:-1"},"canonical":"https:\/\/martiko.com\/tienda\/productos\/mar-y-montana-martiko-premium\/","og_locale":"ja_JP","og_type":"article","og_title":"Mar y Monta\u00f1a Martiko Premium | Lotes Gourmet Martiko","og_description":"Descubre la selecci\u00f3n premium Martiko: foie gras de pato, bloc gourmet, solomillo de salm\u00f3n ahumado y trucha del Pirineo. La combinaci\u00f3n perfecta para compartir momentos especiales.","og_url":"https:\/\/martiko.com\/tienda\/productos\/mar-y-montana-martiko-premium\/","og_site_name":"Martiko","article_publisher":"https:\/\/www.facebook.com\/martikopates\/","article_modified_time":"2026-04-30T06:45:21+00:00","og_image":[{"width":1024,"height":1024,"url":"https:\/\/martiko.com\/wp-content\/uploads\/2024\/02\/lote-mar-y-montana-premium-martiko-10288.webp","type":"image\/webp"}],"twitter_card":"summary_large_image","twitter_misc":{"\u63a8\u5b9a\u8aad\u307f\u53d6\u308a\u6642\u9593":"1\u5206"},"schema":{"@context":"https:\/\/schema.org","@graph":[{"@type":"WebPage","@id":"https:\/\/martiko.com\/tienda\/productos\/mar-y-montana-martiko-premium\/","url":"https:\/\/martiko.com\/tienda\/productos\/mar-y-montana-martiko-premium\/","name":"Mar y Monta\u00f1a Martiko Premium | Lotes Gourmet Martiko","isPartOf":{"@id":"https:\/\/martiko.com\/#website"},"primaryImageOfPage":{"@id":"https:\/\/martiko.com\/tienda\/productos\/mar-y-montana-martiko-premium\/#primaryimage"},"image":{"@id":"https:\/\/martiko.com\/tienda\/productos\/mar-y-montana-martiko-premium\/#primaryimage"},"thumbnailUrl":"https:\/\/martiko.com\/wp-content\/uploads\/2024\/02\/lote-mar-y-montana-premium-martiko-10288.webp","datePublished":"2024-02-01T09:47:16+00:00","dateModified":"2026-04-30T06:45:21+00:00","description":"Descubre la selecci\u00f3n premium Martiko: foie gras de pato, bloc gourmet, solomillo de salm\u00f3n ahumado y trucha del Pirineo. La combinaci\u00f3n perfecta para compartir momentos especiales.","breadcrumb":{"@id":"https:\/\/martiko.com\/tienda\/productos\/mar-y-montana-martiko-premium\/#breadcrumb"},"inLanguage":"ja","potentialAction":[{"@type":"ReadAction","target":["https:\/\/martiko.com\/tienda\/productos\/mar-y-montana-martiko-premium\/"]}]},{"@type":"ImageObject","inLanguage":"ja","@id":"https:\/\/martiko.com\/tienda\/productos\/mar-y-montana-martiko-premium\/#primaryimage","url":"https:\/\/martiko.com\/wp-content\/uploads\/2024\/02\/lote-mar-y-montana-premium-martiko-10288.webp","contentUrl":"https:\/\/martiko.com\/wp-content\/uploads\/2024\/02\/lote-mar-y-montana-premium-martiko-10288.webp","width":1024,"height":1024,"caption":"Lote Mar y Monta\u00f1a Premium Martiko"},{"@type":"BreadcrumbList","@id":"https:\/\/martiko.com\/tienda\/productos\/mar-y-montana-martiko-premium\/#breadcrumb","itemListElement":[{"@type":"ListItem","position":1,"name":"Inicio","item":"https:\/\/martiko.com\/"},{"@type":"ListItem","position":2,"name":"Productos","item":"https:\/\/martiko.com\/tienda\/"},{"@type":"ListItem","position":3,"name":"LOTES GOURMET","item":"https:\/\/martiko.com\/tienda\/categoria-producto\/lotes-gourmet\/"},{"@type":"ListItem","position":4,"name":"MAR Y MONTA\u00d1A MARTIKO PREMIUM"}]},{"@type":"WebSite","@id":"https:\/\/martiko.com\/#website","url":"https:\/\/martiko.com\/","name":"Martiko","description":"Martiko","publisher":{"@id":"https:\/\/martiko.com\/#organization"},"potentialAction":[{"@type":"SearchAction","target":{"@type":"EntryPoint","urlTemplate":"https:\/\/martiko.com\/?s={search_term_string}"},"query-input":{"@type":"PropertyValueSpecification","valueRequired":true,"valueName":"search_term_string"}}],"inLanguage":"ja"},{"@type":"Organization","@id":"https:\/\/martiko.com\/#organization","name":"CONSERVAS MARTIKO SA","url":"https:\/\/martiko.com\/","logo":{"@type":"ImageObject","inLanguage":"ja","@id":"https:\/\/martiko.com\/#\/schema\/logo\/image\/","url":"https:\/\/martiko.com\/wp-content\/uploads\/2024\/11\/Logo-Martiko-2021-dorado.png","contentUrl":"https:\/\/martiko.com\/wp-content\/uploads\/2024\/11\/Logo-Martiko-2021-dorado.png","width":147,"height":34,"caption":"CONSERVAS MARTIKO SA"},"image":{"@id":"https:\/\/martiko.com\/#\/schema\/logo\/image\/"},"sameAs":["https:\/\/www.facebook.com\/martikopates\/","https:\/\/www.instagram.com\/martikopato\/","https:\/\/www.linkedin.com\/company\/2282554"]}]}},"_links":{"self":[{"href":"https:\/\/martiko.com\/ja\/wp-json\/wp\/v2\/product\/771","targetHints":{"allow":["GET"]}}],"collection":[{"href":"https:\/\/martiko.com\/ja\/wp-json\/wp\/v2\/product"}],"about":[{"href":"https:\/\/martiko.com\/ja\/wp-json\/wp\/v2\/types\/product"}],"wp:featuredmedia":[{"embeddable":true,"href":"https:\/\/martiko.com\/ja\/wp-json\/wp\/v2\/media\/16427"}],"wp:attachment":[{"href":"https:\/\/martiko.com\/ja\/wp-json\/wp\/v2\/media?parent=771"}],"wp:term":[{"taxonomy":"product_brand","embeddable":true,"href":"https:\/\/martiko.com\/ja\/wp-json\/wp\/v2\/product_brand?post=771"},{"taxonomy":"product_cat","embeddable":true,"href":"https:\/\/martiko.com\/ja\/wp-json\/wp\/v2\/product_cat?post=771"},{"taxonomy":"product_tag","embeddable":true,"href":"https:\/\/martiko.com\/ja\/wp-json\/wp\/v2\/product_tag?post=771"}],"curies":[{"name":"wp","href":"https:\/\/api.w.org\/{rel}","templated":true}]}}