{"id":775,"date":"2024-02-05T14:32:02","date_gmt":"2024-02-05T13:32:02","guid":{"rendered":"https:\/\/martiko.com\/producto\/cata-de-pato-martiko-para-2-2\/"},"modified":"2026-04-26T08:44:20","modified_gmt":"2026-04-26T06:44:20","slug":"cata-de-pato-martiko-para-2-2","status":"publish","type":"product","link":"https:\/\/martiko.com\/ja\/tienda\/productos\/cata-de-pato-martiko-para-2-2\/","title":{"rendered":"CATA DE PATO MARTIKO PARA 2"},"content":{"rendered":"","protected":false},"excerpt":{"rendered":"<p>Una experiencia gourmet pensada para quienes disfrutan del aut\u00e9ntico sabor del pato.<\/p>\n<p>Este lote re\u00fane una selecci\u00f3n exquisita, para dos, de productos Martiko: bloc de foie gras, delicias de confit, jam\u00f3n de pato, pat\u00e9s de pato y oca y sus acompa\u00f1amientos perfectos (tostadas de pan con pasas y dulce de cebolla).<\/p>\n<p>Un regalo elegante y listo para disfrutar, ideal para sorprender con una cata \u00edntima y memorable donde descubrir la calidad y la esencia del mundo Martiko.<\/p>\n","protected":false},"featured_media":16457,"template":"","meta":{"_acf_changed":false,"site-sidebar-layout":"default","site-content-layout":"","ast-site-content-layout":"default","site-content-style":"default","site-sidebar-style":"default","ast-global-header-display":"","ast-banner-title-visibility":"","ast-main-header-display":"","ast-hfb-above-header-display":"","ast-hfb-below-header-display":"","ast-hfb-mobile-header-display":"","site-post-title":"","ast-breadcrumbs-content":"","ast-featured-img":"","footer-sml-layout":"","ast-disable-related-posts":"","theme-transparent-header-meta":"default","adv-header-id-meta":"","stick-header-meta":"","header-above-stick-meta":"","header-main-stick-meta":"","header-below-stick-meta":"","astra-migrate-meta-layouts":"set","ast-page-background-enabled":"default","ast-page-background-meta":{"desktop":{"background-color":"var(--ast-global-color-4)","background-image":"","background-repeat":"repeat","background-position":"center center","background-size":"auto","background-attachment":"scroll","background-type":"","background-media":"","overlay-type":"","overlay-color":"","overlay-opacity":"","overlay-gradient":""},"tablet":{"background-color":"","background-image":"","background-repeat":"repeat","background-position":"center center","background-size":"auto","background-attachment":"scroll","background-type":"","background-media":"","overlay-type":"","overlay-color":"","overlay-opacity":"","overlay-gradient":""},"mobile":{"background-color":"","background-image":"","background-repeat":"repeat","background-position":"center center","background-size":"auto","background-attachment":"scroll","background-type":"","background-media":"","overlay-type":"","overlay-color":"","overlay-opacity":"","overlay-gradient":""}},"ast-content-background-meta":{"desktop":{"background-color":"var(--ast-global-color-5)","background-image":"","background-repeat":"repeat","background-position":"center center","background-size":"auto","background-attachment":"scroll","background-type":"","background-media":"","overlay-type":"","overlay-color":"","overlay-opacity":"","overlay-gradient":""},"tablet":{"background-color":"var(--ast-global-color-5)","background-image":"","background-repeat":"repeat","background-position":"center center","background-size":"auto","background-attachment":"scroll","background-type":"","background-media":"","overlay-type":"","overlay-color":"","overlay-opacity":"","overlay-gradient":""},"mobile":{"background-color":"var(--ast-global-color-5)","background-image":"","background-repeat":"repeat","background-position":"center center","background-size":"auto","background-attachment":"scroll","background-type":"","background-media":"","overlay-type":"","overlay-color":"","overlay-opacity":"","overlay-gradient":""}}},"product_brand":[],"product_cat":[22,24],"product_tag":[],"class_list":{"0":"post-775","1":"product","2":"type-product","3":"status-publish","4":"has-post-thumbnail","6":"product_cat-lotes-gourmet","7":"product_cat-producto-refrigerado","8":"product_shipping_class-refrigerado","9":"desktop-align-center","10":"tablet-align-left","11":"mobile-align-left","13":"first","14":"instock","15":"taxable","16":"shipping-taxable","17":"purchasable","18":"product-type-simple"},"acf":{"aecoc-marca":"Martiko","aecoc-gln":"8412540000006","aecoc-gtin":"08412540102922","aecoc-denominacion_comercial":"Cata de pato Martiko para 2.","aecoc-denominacion_legal":"Bloc de foie gras de pato + pat\u00e9 de oca + pat\u00e9 de pato + delicias de pato confitadas + jam\u00f3n de pato curado + dulce de cebolla  + pan tostado con pasas","aecoc-peso_bruto":"","aecoc-peso_neto":"1975","aecoc-peso_neto_escurrido":"","aecoc-cantidad_neta":"3x130g+1400g+40g+45g+100g","aecoc-condiciones_de_conservacion":"Conservar entre 3 y 5\u00baC. Una vez abierto (ver envase de cada producto).","aecoc-modo_de_preparacion":"DELICIAS DE ALAS DE PATO CONFITADAS: HORNO: calentar el hornoa a 180-200\u00baC e introducir las delicas en una bandeja durante 15-20 minutos hasta conseguir que la piel est\u00e9 dorada y crujiente. MICROONDAS: colocar las delicias en un recipiente apropiado durante 2-3 minutos a potencia 900W.","aecoc-fabricado":"Martiko P.I. Zalain, s\/n - C.P. 31780 Navarra (Espa\u00f1a)","aecoc-registro_sanitario":"ES 10.14400\/NA","aecoc-ingredientes":"BLOC DE FOIE GRAS DE PATO: foie gras de pato, agua, brandy, sal, az\u00facar, especias, antioxidante: E-301 y conservador: E-250. PAT\u00c9 DE OCA: 55% h\u00edgado de oca, agua, h\u00edgado de pato, HUEVO, almid\u00f3n de ma\u00edz, sal, vino blanco, bebida aromatizada a base de vino, corrector de acidez: E-331iii, especias, prote\u00edna de la LECHE, az\u00facar, espesante: E-415, emulgente: E-451i, fibra vegetal (bamb\u00fa), aroma natural, antioxidante: E-301 y conservador: E-250. Materia prima c\u00e1rncia origen: UE. PAT\u00c9 DE PATO: 42% h\u00edgado de pato, agua, 14% grasa de pato, NATA (NATA (LECHE) y estabilizante: E-407), HUEVO, almid\u00f3n de ma\u00edz, sal, vino blanco, bebida aromatizada a base de vino con aroma natural, corrector de acidez: E-331iii, prote\u00edna de la LECHE, pimienta blanca, az\u00facar, espesante: E-415, emulgente: E-451i, fibra vegetal (bambu), aroma natural, antioxidante: E-301 y conservador: E-250. Origen h\u00edgado de pato: UE. 8 DELICIAS DE ALAS DE PATO EN CONFIT: 8 delicias de alas de pato, grasa de pato, sal y conservador: E-250. JAM\u00d3N DE PATO: Pechuga de pato, sal, dextrosa, aroma, antioxidante: E-301, especias, conservadores: E-250 y E-252. DULCE DE CEBOLLA 45G: 60% cebolla, az\u00facar y agua. PAN TOSTADO CON PASAS 100G: Harina de TRIGO (GLUTEN), agua, pasas (20%), levadura, az\u00facar, MANTEQUILLA (LECHE) (MANTEQUILLA (LECHE) de NATA (LECHE) pasterizada, fermentos l\u00e1cticos y colorante: E-160a(iii)), sal, emulgente: E-472e, antioxidante: E-300 y enzimas. Puede contener trazas de SOJA y MOSTAZA.","aecoc-racion":"100","aecoc-unidad_racion":"g","aecoc-energia_1":"1956","aecoc-unidad_energia_1":"kJ","aecoc-energia_2":"475","aecoc-unidad_energia_2":"kcal","aecoc-grasas":"49","aecoc-unidad_grasas":"g","aecoc-grasos_saturados":"21","aecoc-unidad_grasos_saturados":"g","aecoc-hidratos_de_carbono":"2.9","aecoc-unidad_hidratos_de_carbono":"g","aecoc-azucares":"0.7","aecoc-unidad_azucares":"g","aecoc-proteinas":"5.5","aecoc-unidad_proteinas":"g","aecoc-sal":"1.11","aecoc-unidad_sal":"g","aecoc-acidos_grasos_omega_3":"","aecoc-sin_gluten":false,"aecoc-multitabla":true,"aecoc-tabla_nutricional":"[{'title': 'Tama\u00f1o de la raci\u00f3n por 100g de bloc pato 130g',        'content': {                 'aecoc-racion': '100@_@g','aecoc-energia_1': '1956@_@kJ','aecoc-energia_2': '475@_@kcal','aecoc-grasas': '49@_@g','aecoc-grasos_saturados': '21@_@g','aecoc-hidratos_de_carbono': '2.9@_@g','aecoc-azucares': '0.7@_@g','aecoc-proteinas': '5.5@_@g','aecoc-sal': '1.11@_@g'            }},{'title': 'Tama\u00f1o de la raci\u00f3n por 100g de pat\u00e9 de oca',        'content': {                 'aecoc-racion': '100@_@g','aecoc-energia_1': '1228@_@kJ','aecoc-energia_2': '297@_@kcal','aecoc-grasas': '28@_@g','aecoc-grasos_saturados': '11@_@g','aecoc-hidratos_de_carbono': '4.2@_@g','aecoc-azucares': '0.6@_@g','aecoc-proteinas': '7.1@_@g','aecoc-sal': '1.7@_@g'            }},{'title': 'Tama\u00f1o de la raci\u00f3n por 100g de pat\u00e9 de pato',        'content': {                 'aecoc-racion': '100@_@g','aecoc-energia_1': '1174@_@kJ','aecoc-energia_2': '284@_@kcal','aecoc-grasas': '27@_@g','aecoc-grasos_saturados': '16@_@g','aecoc-hidratos_de_carbono': '3.2@_@g','aecoc-azucares': '1.5@_@g','aecoc-proteinas': '7.1@_@g','aecoc-sal': '1.73@_@g'            }},{'title': 'Tama\u00f1o de la raci\u00f3n por 100g de 8 delicias de alas de pato en confit',        'content': {                 'aecoc-racion': '100@_@g','aecoc-energia_1': '1233@_@kJ','aecoc-energia_2': '296@_@kcal','aecoc-grasas': '20@_@g','aecoc-grasos_saturados': '7@_@g','aecoc-hidratos_de_carbono': '0.7@_@g','aecoc-azucares': '0.5@_@g','aecoc-proteinas': '29@_@g','aecoc-sal': '1.19@_@g'            }},{'title': 'Tama\u00f1o de la raci\u00f3n por 100g de jam\u00f3n de pato',        'content': {                 'aecoc-racion': '100@_@g','aecoc-energia_1': '1744@_@kJ','aecoc-energia_2': '421@_@kcal','aecoc-grasas': '35@_@g','aecoc-grasos_saturados': '12@_@g','aecoc-hidratos_de_carbono': '1.1@_@g','aecoc-azucares': '0.7@_@g','aecoc-proteinas': '25@_@g','aecoc-sal': '3.2@_@g'            }},{'title': 'Tama\u00f1o de la raci\u00f3n por 100g de dulce de cebolla',        'content': {                 'aecoc-racion': '100@_@g','aecoc-energia_1': '1230@_@kJ','aecoc-energia_2': '290@_@kcal','aecoc-grasas': '0.5@_@g','aecoc-grasos_saturados': '0@_@g','aecoc-hidratos_de_carbono': '70@_@g','aecoc-azucares': '65@_@g','aecoc-proteinas': '0.8@_@g','aecoc-sal': '0@_@g'            }},{'title': 'Tama\u00f1o de la raci\u00f3n por 100g de pan con pasas',        'content': {                 'aecoc-racion': '100@_@g','aecoc-energia_1': '1525@_@kJ','aecoc-energia_2': '360@_@kcal','aecoc-grasas': '3@_@g','aecoc-grasos_saturados': '1.2@_@g','aecoc-hidratos_de_carbono': '72.3@_@g','aecoc-azucares': '20.4@_@g','aecoc-proteinas': '8.6@_@g','aecoc-sal': '1.1@_@g'            }}]","aecoc-contenedor_reciclaje":"Contenedor_Amarillo, Contenedor_Azul, Contenedor_Verde"},"yoast_head":"<!-- This site is optimized with the Yoast SEO plugin v27.1.1 - https:\/\/yoast.com\/product\/yoast-seo-wordpress\/ -->\n<title>Cata de Pato Martiko para 2 | Lotes Gourmet Martiko<\/title>\n<meta name=\"description\" content=\"Regala una experiencia \u00fanica con la cata de pato Martiko para 2 personas. Una cuidada selecci\u00f3n de productos gourmet para disfrutar de una celebraci\u00f3n especial.\" \/>\n<meta name=\"robots\" content=\"index, follow, max-snippet:-1, max-image-preview:large, max-video-preview:-1\" \/>\n<link rel=\"canonical\" href=\"https:\/\/martiko.com\/tienda\/productos\/cata-de-pato-martiko-para-2-2\/\" \/>\n<meta property=\"og:locale\" content=\"ja_JP\" \/>\n<meta property=\"og:type\" content=\"article\" \/>\n<meta property=\"og:title\" content=\"Cata de Pato Martiko para 2 | Lotes Gourmet Martiko\" \/>\n<meta property=\"og:description\" content=\"Regala una experiencia \u00fanica con la cata de pato Martiko para 2 personas. Una cuidada selecci\u00f3n de productos gourmet para disfrutar de una celebraci\u00f3n especial.\" \/>\n<meta property=\"og:url\" content=\"https:\/\/martiko.com\/tienda\/productos\/cata-de-pato-martiko-para-2-2\/\" \/>\n<meta property=\"og:site_name\" content=\"Martiko\" \/>\n<meta property=\"article:publisher\" content=\"https:\/\/www.facebook.com\/martikopates\/\" \/>\n<meta property=\"article:modified_time\" content=\"2026-04-26T06:44:20+00:00\" \/>\n<meta property=\"og:image\" content=\"https:\/\/martiko.com\/wp-content\/uploads\/2024\/02\/lote-cata-de-pato-martiko-para-2-10292.webp\" \/>\n\t<meta property=\"og:image:width\" content=\"1024\" \/>\n\t<meta property=\"og:image:height\" content=\"1024\" \/>\n\t<meta property=\"og:image:type\" content=\"image\/webp\" \/>\n<meta name=\"twitter:card\" content=\"summary_large_image\" \/>\n<meta name=\"twitter:label1\" content=\"\u63a8\u5b9a\u8aad\u307f\u53d6\u308a\u6642\u9593\" \/>\n\t<meta name=\"twitter:data1\" content=\"1\u5206\" \/>\n<script type=\"application\/ld+json\" class=\"yoast-schema-graph\">{\"@context\":\"https:\/\/schema.org\",\"@graph\":[{\"@type\":\"WebPage\",\"@id\":\"https:\/\/martiko.com\/tienda\/productos\/cata-de-pato-martiko-para-2-2\/\",\"url\":\"https:\/\/martiko.com\/tienda\/productos\/cata-de-pato-martiko-para-2-2\/\",\"name\":\"Cata de Pato Martiko para 2 | Lotes Gourmet Martiko\",\"isPartOf\":{\"@id\":\"https:\/\/martiko.com\/#website\"},\"primaryImageOfPage\":{\"@id\":\"https:\/\/martiko.com\/tienda\/productos\/cata-de-pato-martiko-para-2-2\/#primaryimage\"},\"image\":{\"@id\":\"https:\/\/martiko.com\/tienda\/productos\/cata-de-pato-martiko-para-2-2\/#primaryimage\"},\"thumbnailUrl\":\"https:\/\/martiko.com\/wp-content\/uploads\/2024\/02\/lote-cata-de-pato-martiko-para-2-10292.webp\",\"datePublished\":\"2024-02-05T13:32:02+00:00\",\"dateModified\":\"2026-04-26T06:44:20+00:00\",\"description\":\"Regala una experiencia \u00fanica con la cata de pato Martiko para 2 personas. Una cuidada selecci\u00f3n de productos gourmet para disfrutar de una celebraci\u00f3n especial.\",\"breadcrumb\":{\"@id\":\"https:\/\/martiko.com\/tienda\/productos\/cata-de-pato-martiko-para-2-2\/#breadcrumb\"},\"inLanguage\":\"ja\",\"potentialAction\":[{\"@type\":\"ReadAction\",\"target\":[\"https:\/\/martiko.com\/tienda\/productos\/cata-de-pato-martiko-para-2-2\/\"]}]},{\"@type\":\"ImageObject\",\"inLanguage\":\"ja\",\"@id\":\"https:\/\/martiko.com\/tienda\/productos\/cata-de-pato-martiko-para-2-2\/#primaryimage\",\"url\":\"https:\/\/martiko.com\/wp-content\/uploads\/2024\/02\/lote-cata-de-pato-martiko-para-2-10292.webp\",\"contentUrl\":\"https:\/\/martiko.com\/wp-content\/uploads\/2024\/02\/lote-cata-de-pato-martiko-para-2-10292.webp\",\"width\":1024,\"height\":1024,\"caption\":\"Lote cata de pato Martiko para 2\"},{\"@type\":\"BreadcrumbList\",\"@id\":\"https:\/\/martiko.com\/tienda\/productos\/cata-de-pato-martiko-para-2-2\/#breadcrumb\",\"itemListElement\":[{\"@type\":\"ListItem\",\"position\":1,\"name\":\"Inicio\",\"item\":\"https:\/\/martiko.com\/\"},{\"@type\":\"ListItem\",\"position\":2,\"name\":\"Productos\",\"item\":\"https:\/\/martiko.com\/tienda\/\"},{\"@type\":\"ListItem\",\"position\":3,\"name\":\"LOTES GOURMET\",\"item\":\"https:\/\/martiko.com\/tienda\/categoria-producto\/lotes-gourmet\/\"},{\"@type\":\"ListItem\",\"position\":4,\"name\":\"CATA DE PATO MARTIKO PARA 2\"}]},{\"@type\":\"WebSite\",\"@id\":\"https:\/\/martiko.com\/#website\",\"url\":\"https:\/\/martiko.com\/\",\"name\":\"Martiko\",\"description\":\"Martiko\",\"publisher\":{\"@id\":\"https:\/\/martiko.com\/#organization\"},\"potentialAction\":[{\"@type\":\"SearchAction\",\"target\":{\"@type\":\"EntryPoint\",\"urlTemplate\":\"https:\/\/martiko.com\/?s={search_term_string}\"},\"query-input\":{\"@type\":\"PropertyValueSpecification\",\"valueRequired\":true,\"valueName\":\"search_term_string\"}}],\"inLanguage\":\"ja\"},{\"@type\":\"Organization\",\"@id\":\"https:\/\/martiko.com\/#organization\",\"name\":\"CONSERVAS MARTIKO SA\",\"url\":\"https:\/\/martiko.com\/\",\"logo\":{\"@type\":\"ImageObject\",\"inLanguage\":\"ja\",\"@id\":\"https:\/\/martiko.com\/#\/schema\/logo\/image\/\",\"url\":\"https:\/\/martiko.com\/wp-content\/uploads\/2024\/11\/Logo-Martiko-2021-dorado.png\",\"contentUrl\":\"https:\/\/martiko.com\/wp-content\/uploads\/2024\/11\/Logo-Martiko-2021-dorado.png\",\"width\":147,\"height\":34,\"caption\":\"CONSERVAS MARTIKO SA\"},\"image\":{\"@id\":\"https:\/\/martiko.com\/#\/schema\/logo\/image\/\"},\"sameAs\":[\"https:\/\/www.facebook.com\/martikopates\/\",\"https:\/\/www.instagram.com\/martikopato\/\",\"https:\/\/www.linkedin.com\/company\/2282554\"]}]}<\/script>\n<!-- \/ Yoast SEO plugin. -->","yoast_head_json":{"title":"Cata de Pato Martiko para 2 | Lotes Gourmet Martiko","description":"Regala una experiencia \u00fanica con la cata de pato Martiko para 2 personas. Una cuidada selecci\u00f3n de productos gourmet para disfrutar de una celebraci\u00f3n especial.","robots":{"index":"index","follow":"follow","max-snippet":"max-snippet:-1","max-image-preview":"max-image-preview:large","max-video-preview":"max-video-preview:-1"},"canonical":"https:\/\/martiko.com\/tienda\/productos\/cata-de-pato-martiko-para-2-2\/","og_locale":"ja_JP","og_type":"article","og_title":"Cata de Pato Martiko para 2 | Lotes Gourmet Martiko","og_description":"Regala una experiencia \u00fanica con la cata de pato Martiko para 2 personas. Una cuidada selecci\u00f3n de productos gourmet para disfrutar de una celebraci\u00f3n especial.","og_url":"https:\/\/martiko.com\/tienda\/productos\/cata-de-pato-martiko-para-2-2\/","og_site_name":"Martiko","article_publisher":"https:\/\/www.facebook.com\/martikopates\/","article_modified_time":"2026-04-26T06:44:20+00:00","og_image":[{"width":1024,"height":1024,"url":"https:\/\/martiko.com\/wp-content\/uploads\/2024\/02\/lote-cata-de-pato-martiko-para-2-10292.webp","type":"image\/webp"}],"twitter_card":"summary_large_image","twitter_misc":{"\u63a8\u5b9a\u8aad\u307f\u53d6\u308a\u6642\u9593":"1\u5206"},"schema":{"@context":"https:\/\/schema.org","@graph":[{"@type":"WebPage","@id":"https:\/\/martiko.com\/tienda\/productos\/cata-de-pato-martiko-para-2-2\/","url":"https:\/\/martiko.com\/tienda\/productos\/cata-de-pato-martiko-para-2-2\/","name":"Cata de Pato Martiko para 2 | Lotes Gourmet Martiko","isPartOf":{"@id":"https:\/\/martiko.com\/#website"},"primaryImageOfPage":{"@id":"https:\/\/martiko.com\/tienda\/productos\/cata-de-pato-martiko-para-2-2\/#primaryimage"},"image":{"@id":"https:\/\/martiko.com\/tienda\/productos\/cata-de-pato-martiko-para-2-2\/#primaryimage"},"thumbnailUrl":"https:\/\/martiko.com\/wp-content\/uploads\/2024\/02\/lote-cata-de-pato-martiko-para-2-10292.webp","datePublished":"2024-02-05T13:32:02+00:00","dateModified":"2026-04-26T06:44:20+00:00","description":"Regala una experiencia \u00fanica con la cata de pato Martiko para 2 personas. Una cuidada selecci\u00f3n de productos gourmet para disfrutar de una celebraci\u00f3n especial.","breadcrumb":{"@id":"https:\/\/martiko.com\/tienda\/productos\/cata-de-pato-martiko-para-2-2\/#breadcrumb"},"inLanguage":"ja","potentialAction":[{"@type":"ReadAction","target":["https:\/\/martiko.com\/tienda\/productos\/cata-de-pato-martiko-para-2-2\/"]}]},{"@type":"ImageObject","inLanguage":"ja","@id":"https:\/\/martiko.com\/tienda\/productos\/cata-de-pato-martiko-para-2-2\/#primaryimage","url":"https:\/\/martiko.com\/wp-content\/uploads\/2024\/02\/lote-cata-de-pato-martiko-para-2-10292.webp","contentUrl":"https:\/\/martiko.com\/wp-content\/uploads\/2024\/02\/lote-cata-de-pato-martiko-para-2-10292.webp","width":1024,"height":1024,"caption":"Lote cata de pato Martiko para 2"},{"@type":"BreadcrumbList","@id":"https:\/\/martiko.com\/tienda\/productos\/cata-de-pato-martiko-para-2-2\/#breadcrumb","itemListElement":[{"@type":"ListItem","position":1,"name":"Inicio","item":"https:\/\/martiko.com\/"},{"@type":"ListItem","position":2,"name":"Productos","item":"https:\/\/martiko.com\/tienda\/"},{"@type":"ListItem","position":3,"name":"LOTES GOURMET","item":"https:\/\/martiko.com\/tienda\/categoria-producto\/lotes-gourmet\/"},{"@type":"ListItem","position":4,"name":"CATA DE PATO MARTIKO PARA 2"}]},{"@type":"WebSite","@id":"https:\/\/martiko.com\/#website","url":"https:\/\/martiko.com\/","name":"Martiko","description":"Martiko","publisher":{"@id":"https:\/\/martiko.com\/#organization"},"potentialAction":[{"@type":"SearchAction","target":{"@type":"EntryPoint","urlTemplate":"https:\/\/martiko.com\/?s={search_term_string}"},"query-input":{"@type":"PropertyValueSpecification","valueRequired":true,"valueName":"search_term_string"}}],"inLanguage":"ja"},{"@type":"Organization","@id":"https:\/\/martiko.com\/#organization","name":"CONSERVAS MARTIKO SA","url":"https:\/\/martiko.com\/","logo":{"@type":"ImageObject","inLanguage":"ja","@id":"https:\/\/martiko.com\/#\/schema\/logo\/image\/","url":"https:\/\/martiko.com\/wp-content\/uploads\/2024\/11\/Logo-Martiko-2021-dorado.png","contentUrl":"https:\/\/martiko.com\/wp-content\/uploads\/2024\/11\/Logo-Martiko-2021-dorado.png","width":147,"height":34,"caption":"CONSERVAS MARTIKO SA"},"image":{"@id":"https:\/\/martiko.com\/#\/schema\/logo\/image\/"},"sameAs":["https:\/\/www.facebook.com\/martikopates\/","https:\/\/www.instagram.com\/martikopato\/","https:\/\/www.linkedin.com\/company\/2282554"]}]}},"_links":{"self":[{"href":"https:\/\/martiko.com\/ja\/wp-json\/wp\/v2\/product\/775","targetHints":{"allow":["GET"]}}],"collection":[{"href":"https:\/\/martiko.com\/ja\/wp-json\/wp\/v2\/product"}],"about":[{"href":"https:\/\/martiko.com\/ja\/wp-json\/wp\/v2\/types\/product"}],"wp:featuredmedia":[{"embeddable":true,"href":"https:\/\/martiko.com\/ja\/wp-json\/wp\/v2\/media\/16457"}],"wp:attachment":[{"href":"https:\/\/martiko.com\/ja\/wp-json\/wp\/v2\/media?parent=775"}],"wp:term":[{"taxonomy":"product_brand","embeddable":true,"href":"https:\/\/martiko.com\/ja\/wp-json\/wp\/v2\/product_brand?post=775"},{"taxonomy":"product_cat","embeddable":true,"href":"https:\/\/martiko.com\/ja\/wp-json\/wp\/v2\/product_cat?post=775"},{"taxonomy":"product_tag","embeddable":true,"href":"https:\/\/martiko.com\/ja\/wp-json\/wp\/v2\/product_tag?post=775"}],"curies":[{"name":"wp","href":"https:\/\/api.w.org\/{rel}","templated":true}]}}