{"id":777,"date":"2024-02-02T07:36:17","date_gmt":"2024-02-02T06:36:17","guid":{"rendered":"https:\/\/martiko.com\/producto\/caprichos-premium-de-pato-martiko-2\/"},"modified":"2026-04-26T08:44:22","modified_gmt":"2026-04-26T06:44:22","slug":"caprichos-premium-de-pato-martiko-2","status":"publish","type":"product","link":"https:\/\/martiko.com\/ja\/tienda\/productos\/caprichos-premium-de-pato-martiko-2\/","title":{"rendered":"CAPRICHOS PREMIUM DE PATO MARTIKO"},"content":{"rendered":"","protected":false},"excerpt":{"rendered":"<p>Un regalo para los paladares m\u00e1s exquisitos.<\/p>\n<p>Disfruta \u2014o haz disfrutar\u2014 con nuestro lote \u201cCaprichos Premium de Pato Martiko\u201d, una selecci\u00f3n exclusiva que re\u00fane algunos de los productos m\u00e1s emblem\u00e1ticos de Martiko. Un lote gourmet pensado para quienes buscan sabores aut\u00e9nticos y momentos especiales.<\/p>\n<p>Incluye foie gras entero de pato mi-cuit, bloc de foie gras, jam\u00f3n de pato receta ib\u00e9rica, nuestro cl\u00e1sico confit (muslos y delicias) y una cuidada selecci\u00f3n de acompa\u00f1amientos: tostadas de pan con pasas y dulces de cebolla y tomate.<\/p>\n<p>El regalo perfecto para los amantes de los aut\u00e9nticos caprichos gastron\u00f3micos.<\/p>\n","protected":false},"featured_media":16451,"template":"","meta":{"_acf_changed":false,"site-sidebar-layout":"default","site-content-layout":"","ast-site-content-layout":"default","site-content-style":"default","site-sidebar-style":"default","ast-global-header-display":"","ast-banner-title-visibility":"","ast-main-header-display":"","ast-hfb-above-header-display":"","ast-hfb-below-header-display":"","ast-hfb-mobile-header-display":"","site-post-title":"","ast-breadcrumbs-content":"","ast-featured-img":"","footer-sml-layout":"","ast-disable-related-posts":"","theme-transparent-header-meta":"default","adv-header-id-meta":"","stick-header-meta":"","header-above-stick-meta":"","header-main-stick-meta":"","header-below-stick-meta":"","astra-migrate-meta-layouts":"set","ast-page-background-enabled":"default","ast-page-background-meta":{"desktop":{"background-color":"var(--ast-global-color-4)","background-image":"","background-repeat":"repeat","background-position":"center center","background-size":"auto","background-attachment":"scroll","background-type":"","background-media":"","overlay-type":"","overlay-color":"","overlay-opacity":"","overlay-gradient":""},"tablet":{"background-color":"","background-image":"","background-repeat":"repeat","background-position":"center center","background-size":"auto","background-attachment":"scroll","background-type":"","background-media":"","overlay-type":"","overlay-color":"","overlay-opacity":"","overlay-gradient":""},"mobile":{"background-color":"","background-image":"","background-repeat":"repeat","background-position":"center center","background-size":"auto","background-attachment":"scroll","background-type":"","background-media":"","overlay-type":"","overlay-color":"","overlay-opacity":"","overlay-gradient":""}},"ast-content-background-meta":{"desktop":{"background-color":"var(--ast-global-color-5)","background-image":"","background-repeat":"repeat","background-position":"center center","background-size":"auto","background-attachment":"scroll","background-type":"","background-media":"","overlay-type":"","overlay-color":"","overlay-opacity":"","overlay-gradient":""},"tablet":{"background-color":"var(--ast-global-color-5)","background-image":"","background-repeat":"repeat","background-position":"center center","background-size":"auto","background-attachment":"scroll","background-type":"","background-media":"","overlay-type":"","overlay-color":"","overlay-opacity":"","overlay-gradient":""},"mobile":{"background-color":"var(--ast-global-color-5)","background-image":"","background-repeat":"repeat","background-position":"center center","background-size":"auto","background-attachment":"scroll","background-type":"","background-media":"","overlay-type":"","overlay-color":"","overlay-opacity":"","overlay-gradient":""}}},"product_brand":[],"product_cat":[22,24],"product_tag":[],"class_list":{"0":"post-777","1":"product","2":"type-product","3":"status-publish","4":"has-post-thumbnail","6":"product_cat-lotes-gourmet","7":"product_cat-producto-refrigerado","8":"product_shipping_class-refrigerado","9":"desktop-align-center","10":"tablet-align-left","11":"mobile-align-left","13":"first","14":"instock","15":"taxable","16":"shipping-taxable","17":"purchasable","18":"product-type-simple"},"acf":{"aecoc-marca":"Martiko","aecoc-gln":"8412540000006","aecoc-gtin":"08412540102847","aecoc-denominacion_comercial":"Caprichos premium de pato Martiko.","aecoc-denominacion_legal":"Bloc de foie gras de pato  + Foie gras entero de pato cocido + Bloc de foie gras de pato con 30% de trozos  + foie gras entero de pato cocido+ jam\u00f3n de pato curado + muslos de pato confitados + delicias de pato confitadas + dulce de cebolla + dulce de tomate + pan tostado con pasas","aecoc-peso_bruto":"","aecoc-peso_neto":"2320","aecoc-peso_neto_escurrido":"","aecoc-cantidad_neta":"2x130g2x80g40g870g800g2x45g100g","aecoc-condiciones_de_conservacion":"Conservar entre 3 y 5\u00baC. Una vez abierto (ver envase de cada producto).","aecoc-modo_de_preparacion":"MUSLOS DE PATO CONFITADOS: HORNO:Calentar a 180-200\u00baC e introducir los muslos en una bandeja durante 15-20 minutos hasta conseguir que la piel est\u00e9 dorada y cruijiente. MICROONDAS: Colocar los muslos en un recipiente apropiado durante 3- 5 minutos a 900W. DELICIAS DE PATO CONFITADAS: HORNO: calentar el hornoa a 180-200\u00baC e introducir las delicas en una bandeja durante 15-20 minutos hasta conseguir que la piel est\u00e9 dorada y crujiente. MICROONDAS: colocar las delicias en un recipiente apropiado durante 2-3 minutos a potencia 900W.","aecoc-fabricado":"Martiko P.I. Zalain, s\/n - C.P. 31780 Navarra (Espa\u00f1a)","aecoc-registro_sanitario":"ES 10.14400\/NA","aecoc-ingredientes":"BLOC DE FOIE GRAS DE PATO: foie gras de pato, agua, brandy, sal, az\u00facar, especias, antioxidante: E-301 y conservador: E-250. FOIE GRAS ENTERO DE PATO COCIDO: 98% foie gras de pato, sal, az\u00facar, brandy, especias, antioxidante: E-301 y conservador: E-250. Envasado en atm\u00f3sfera protectora. BLOC DE FOIE GRAS DE PATO CON TROZOS: foie gras de pato, agua, brandy, sal, az\u00facar, especias, antioxidante: E-301 y consevador: E-250. FOIE GRAS ENTERO DE PATO COCIDO: 98% foie gras de pato, sal, az\u00facar, brandy, especias, antioxidante: E-301 y conservador: E-250. JAM\u00d3N DE PATO CURADO: pechuga de pato, sal, piment\u00f3n ahumado (0.2%), dextrosa, especias, aroma, or\u00e9gano (0.12%), antioxidante: E-301 y conservadores: E-250 y E-252. 2 MUSLOS DE PATO EN CONFIT: 2 muslos de pato, grasa de pato, sal y conservador: E-250. 4 DELICIAS DE ALAS DE PATO EN CONFIT: 4 delicias de alas de pato, grasa de pato, sal y conservador: E-250. FOIE GRAS ENTERO DE PATO COCIDO: 98% foie gras de pato, sal, az\u00facar, brandy, especias, antioxidante: E-301 y conservador: E-250. DULCE DE CEBOLLA: 60% cebolla, az\u00facar y agua. DULCE DE TOMATE: 55% tomate, az\u00facar, sal, espesantes: E-410, E-415 y E-440ii, fibra vegetal (bamb\u00fa), acidulante: \u00e1cido c\u00edtrico, corrector de acidez: E-516. PAN TOSTADO CON PASAS: Harina de TRIGO (GLUTEN), agua, pasas (20%), levadura, az\u00facar, MANTEQUILLA (LECHE) (MANTEQUILLA (LECHE) de NATA (LECHE) pasterizada, fermentos l\u00e1cticos y colorante: E-160a(iii)), sal, emulgente: E-472e, antioxidante: E-300 y enzimas. Puede contener trazas de SOJA y MOSTAZA.","aecoc-racion":"100","aecoc-unidad_racion":"g","aecoc-energia_1":"1935","aecoc-unidad_energia_1":"kJ","aecoc-energia_2":"470","aecoc-unidad_energia_2":"kcal","aecoc-grasas":"49","aecoc-unidad_grasas":"g","aecoc-grasos_saturados":"21","aecoc-unidad_grasos_saturados":"g","aecoc-hidratos_de_carbono":"1.5","aecoc-unidad_hidratos_de_carbono":"g","aecoc-azucares":"0.7","aecoc-unidad_azucares":"g","aecoc-proteinas":"5.7","aecoc-unidad_proteinas":"g","aecoc-sal":"1.11","aecoc-unidad_sal":"g","aecoc-acidos_grasos_omega_3":"","aecoc-sin_gluten":false,"aecoc-multitabla":true,"aecoc-tabla_nutricional":"[{'title': 'Tama\u00f1o de la raci\u00f3n por 100g de bloc pato 130g',        'content': {                 'aecoc-racion': '100@_@g','aecoc-energia_1': '1956@_@kJ','aecoc-energia_2': '475@_@kcal','aecoc-grasas': '49@_@g','aecoc-grasos_saturados': '21@_@g','aecoc-hidratos_de_carbono': '2.9@_@g','aecoc-azucares': '0.7@_@g','aecoc-proteinas': '5.5@_@g','aecoc-sal': '1.11@_@g'            }},{'title': 'Tama\u00f1o de la raci\u00f3n por 100g de foie gras de pato cocido',        'content': {                 'aecoc-racion': '100@_@g','aecoc-energia_1': '2093@_@kJ','aecoc-energia_2': '508@_@kcal','aecoc-grasas': '52@_@g','aecoc-grasos_saturados': '22@_@g','aecoc-hidratos_de_carbono': '1.8@_@g','aecoc-azucares': '1@_@g','aecoc-proteinas': '8.1@_@g','aecoc-sal': '1.1@_@g'            }},{'title': 'Tama\u00f1o de la raci\u00f3n por 100g bloc foie gras pato cocido 30% trozos',        'content': {                 'aecoc-racion': '100@_@g','aecoc-energia_1': '1935@_@kJ','aecoc-energia_2': '470@_@kcal','aecoc-grasas': '49@_@g','aecoc-grasos_saturados': '21@_@g','aecoc-hidratos_de_carbono': '1.5@_@g','aecoc-azucares': '0.7@_@g','aecoc-proteinas': '5.7@_@g','aecoc-sal': '1.1@_@g'            }},{'title': 'Tama\u00f1o de la raci\u00f3n por 100g de jam\u00f3n de pato curado',        'content': {                 'aecoc-racion': '100@_@g','aecoc-energia_1': '1998@_@kJ','aecoc-energia_2': '482@_@kcal','aecoc-grasas': '42@_@g','aecoc-grasos_saturados': '14@_@g','aecoc-hidratos_de_carbono': '1.1@_@g','aecoc-azucares': '1@_@g','aecoc-proteinas': '25@_@g','aecoc-sal': '4.05@_@g'            }},{'title': 'Tama\u00f1o de la raci\u00f3n por 100g de muslo de pato confitado',        'content': {                 'aecoc-racion': '100@_@g','aecoc-energia_1': '1159@_@kJ','aecoc-energia_2': '278@_@kcal','aecoc-grasas': '18@_@g','aecoc-grasos_saturados': '6@_@g','aecoc-hidratos_de_carbono': '0.5@_@g','aecoc-azucares': '0.5@_@g','aecoc-proteinas': '29@_@g','aecoc-sal': '1.37@_@g'            }},{'title': 'Tama\u00f1o de la raci\u00f3n por 100g de pan con pasas',        'content': {                 'aecoc-racion': '100@_@g','aecoc-energia_1': '1525@_@kJ','aecoc-energia_2': '360@_@kcal','aecoc-grasas': '3@_@g','aecoc-grasos_saturados': '1.2@_@g','aecoc-hidratos_de_carbono': '72.3@_@g','aecoc-azucares': '20.4@_@g','aecoc-proteinas': '8.6@_@g','aecoc-sal': '1.1@_@g'            }},{'title': 'Tama\u00f1o de la raci\u00f3n por 100g de dulce de cebolla',        'content': {                 'aecoc-racion': '100@_@g','aecoc-energia_1': '1230@_@kJ','aecoc-energia_2': '290@_@kcal','aecoc-grasas': '0.5@_@g','aecoc-grasos_saturados': '0@_@g','aecoc-hidratos_de_carbono': '70@_@g','aecoc-azucares': '65@_@g','aecoc-proteinas': '0.8@_@g','aecoc-sal': '0@_@g'            }},{'title': 'Tama\u00f1o de la raci\u00f3n por 100g de delicias de pato en confit',        'content': {                 'aecoc-racion': '100@_@g','aecoc-energia_1': '1233@_@kJ','aecoc-energia_2': '296@_@kcal','aecoc-grasas': '20@_@g','aecoc-grasos_saturados': '7@_@g','aecoc-hidratos_de_carbono': '0.5@_@g','aecoc-azucares': '0.5@_@g','aecoc-proteinas': '29@_@g','aecoc-sal': '1.19@_@g'            }},{'title': 'Tama\u00f1o de la raci\u00f3n por 100g de foie gras de pato entero',        'content': {                 'aecoc-racion': '100@_@g','aecoc-energia_1': '2093@_@kJ','aecoc-energia_2': '508@_@kcal','aecoc-grasas': '52@_@g','aecoc-grasos_saturados': '22@_@g','aecoc-hidratos_de_carbono': '1.8@_@g','aecoc-azucares': '1@_@g','aecoc-proteinas': '8.1@_@g','aecoc-sal': '@_@'            }},{'title': 'Tama\u00f1o de la raci\u00f3n por 100g de dulce de tomate',        'content': {                 'aecoc-racion': '100@_@g','aecoc-energia_1': '854@_@kJ','aecoc-energia_2': '201@_@kcal','aecoc-grasas': '0.5@_@g','aecoc-grasos_saturados': '0@_@g','aecoc-hidratos_de_carbono': '48@_@g','aecoc-azucares': '46@_@g','aecoc-proteinas': '0.7@_@g','aecoc-sal': '0.4@_@g'            }}]","aecoc-contenedor_reciclaje":"Contenedor_Amarillo, Contenedor_Azul, Contenedor_Verde"},"yoast_head":"<!-- This site is optimized with the Yoast SEO plugin v27.1.1 - https:\/\/yoast.com\/product\/yoast-seo-wordpress\/ -->\n<title>Caprichos Premium de Pato Martiko | Lotes Gourmet Martiko<\/title>\n<meta name=\"description\" content=\"Disfruta de nuestro Capricho Premium Martiko: foie gras, jam\u00f3n de pato, bloc y confit, acompa\u00f1ado de tostadas con pasas, higos y cebolla caramelizada. Un lujo para tu paladar.\" \/>\n<meta name=\"robots\" content=\"index, follow, max-snippet:-1, max-image-preview:large, max-video-preview:-1\" \/>\n<link rel=\"canonical\" href=\"https:\/\/martiko.com\/tienda\/productos\/caprichos-premium-de-pato-martiko-2\/\" \/>\n<meta property=\"og:locale\" content=\"ja_JP\" \/>\n<meta property=\"og:type\" content=\"article\" \/>\n<meta property=\"og:title\" content=\"Caprichos Premium de Pato Martiko | Lotes Gourmet Martiko\" \/>\n<meta property=\"og:description\" content=\"Disfruta de nuestro Capricho Premium Martiko: foie gras, jam\u00f3n de pato, bloc y confit, acompa\u00f1ado de tostadas con pasas, higos y cebolla caramelizada. Un lujo para tu paladar.\" \/>\n<meta property=\"og:url\" content=\"https:\/\/martiko.com\/tienda\/productos\/caprichos-premium-de-pato-martiko-2\/\" \/>\n<meta property=\"og:site_name\" content=\"Martiko\" \/>\n<meta property=\"article:publisher\" content=\"https:\/\/www.facebook.com\/martikopates\/\" \/>\n<meta property=\"article:modified_time\" content=\"2026-04-26T06:44:22+00:00\" \/>\n<meta property=\"og:image\" content=\"https:\/\/martiko.com\/wp-content\/uploads\/2024\/02\/lote-caprichos-premium-de-pato-martiko-10284.webp\" \/>\n\t<meta property=\"og:image:width\" content=\"1024\" \/>\n\t<meta property=\"og:image:height\" content=\"1024\" \/>\n\t<meta property=\"og:image:type\" content=\"image\/webp\" \/>\n<meta name=\"twitter:card\" content=\"summary_large_image\" \/>\n<meta name=\"twitter:label1\" content=\"\u63a8\u5b9a\u8aad\u307f\u53d6\u308a\u6642\u9593\" \/>\n\t<meta name=\"twitter:data1\" content=\"1\u5206\" \/>\n<script type=\"application\/ld+json\" class=\"yoast-schema-graph\">{\"@context\":\"https:\/\/schema.org\",\"@graph\":[{\"@type\":\"WebPage\",\"@id\":\"https:\/\/martiko.com\/tienda\/productos\/caprichos-premium-de-pato-martiko-2\/\",\"url\":\"https:\/\/martiko.com\/tienda\/productos\/caprichos-premium-de-pato-martiko-2\/\",\"name\":\"Caprichos Premium de Pato Martiko | Lotes Gourmet Martiko\",\"isPartOf\":{\"@id\":\"https:\/\/martiko.com\/#website\"},\"primaryImageOfPage\":{\"@id\":\"https:\/\/martiko.com\/tienda\/productos\/caprichos-premium-de-pato-martiko-2\/#primaryimage\"},\"image\":{\"@id\":\"https:\/\/martiko.com\/tienda\/productos\/caprichos-premium-de-pato-martiko-2\/#primaryimage\"},\"thumbnailUrl\":\"https:\/\/martiko.com\/wp-content\/uploads\/2024\/02\/lote-caprichos-premium-de-pato-martiko-10284.webp\",\"datePublished\":\"2024-02-02T06:36:17+00:00\",\"dateModified\":\"2026-04-26T06:44:22+00:00\",\"description\":\"Disfruta de nuestro Capricho Premium Martiko: foie gras, jam\u00f3n de pato, bloc y confit, acompa\u00f1ado de tostadas con pasas, higos y cebolla caramelizada. Un lujo para tu paladar.\",\"breadcrumb\":{\"@id\":\"https:\/\/martiko.com\/tienda\/productos\/caprichos-premium-de-pato-martiko-2\/#breadcrumb\"},\"inLanguage\":\"ja\",\"potentialAction\":[{\"@type\":\"ReadAction\",\"target\":[\"https:\/\/martiko.com\/tienda\/productos\/caprichos-premium-de-pato-martiko-2\/\"]}]},{\"@type\":\"ImageObject\",\"inLanguage\":\"ja\",\"@id\":\"https:\/\/martiko.com\/tienda\/productos\/caprichos-premium-de-pato-martiko-2\/#primaryimage\",\"url\":\"https:\/\/martiko.com\/wp-content\/uploads\/2024\/02\/lote-caprichos-premium-de-pato-martiko-10284.webp\",\"contentUrl\":\"https:\/\/martiko.com\/wp-content\/uploads\/2024\/02\/lote-caprichos-premium-de-pato-martiko-10284.webp\",\"width\":1024,\"height\":1024,\"caption\":\"Lote Caprichos Premium de Pato Martiko\"},{\"@type\":\"BreadcrumbList\",\"@id\":\"https:\/\/martiko.com\/tienda\/productos\/caprichos-premium-de-pato-martiko-2\/#breadcrumb\",\"itemListElement\":[{\"@type\":\"ListItem\",\"position\":1,\"name\":\"Inicio\",\"item\":\"https:\/\/martiko.com\/\"},{\"@type\":\"ListItem\",\"position\":2,\"name\":\"Productos\",\"item\":\"https:\/\/martiko.com\/tienda\/\"},{\"@type\":\"ListItem\",\"position\":3,\"name\":\"LOTES GOURMET\",\"item\":\"https:\/\/martiko.com\/tienda\/categoria-producto\/lotes-gourmet\/\"},{\"@type\":\"ListItem\",\"position\":4,\"name\":\"CAPRICHOS PREMIUM DE PATO MARTIKO\"}]},{\"@type\":\"WebSite\",\"@id\":\"https:\/\/martiko.com\/#website\",\"url\":\"https:\/\/martiko.com\/\",\"name\":\"Martiko\",\"description\":\"Martiko\",\"publisher\":{\"@id\":\"https:\/\/martiko.com\/#organization\"},\"potentialAction\":[{\"@type\":\"SearchAction\",\"target\":{\"@type\":\"EntryPoint\",\"urlTemplate\":\"https:\/\/martiko.com\/?s={search_term_string}\"},\"query-input\":{\"@type\":\"PropertyValueSpecification\",\"valueRequired\":true,\"valueName\":\"search_term_string\"}}],\"inLanguage\":\"ja\"},{\"@type\":\"Organization\",\"@id\":\"https:\/\/martiko.com\/#organization\",\"name\":\"CONSERVAS MARTIKO SA\",\"url\":\"https:\/\/martiko.com\/\",\"logo\":{\"@type\":\"ImageObject\",\"inLanguage\":\"ja\",\"@id\":\"https:\/\/martiko.com\/#\/schema\/logo\/image\/\",\"url\":\"https:\/\/martiko.com\/wp-content\/uploads\/2024\/11\/Logo-Martiko-2021-dorado.png\",\"contentUrl\":\"https:\/\/martiko.com\/wp-content\/uploads\/2024\/11\/Logo-Martiko-2021-dorado.png\",\"width\":147,\"height\":34,\"caption\":\"CONSERVAS MARTIKO SA\"},\"image\":{\"@id\":\"https:\/\/martiko.com\/#\/schema\/logo\/image\/\"},\"sameAs\":[\"https:\/\/www.facebook.com\/martikopates\/\",\"https:\/\/www.instagram.com\/martikopato\/\",\"https:\/\/www.linkedin.com\/company\/2282554\"]}]}<\/script>\n<!-- \/ Yoast SEO plugin. -->","yoast_head_json":{"title":"Caprichos Premium de Pato Martiko | Lotes Gourmet Martiko","description":"Disfruta de nuestro Capricho Premium Martiko: foie gras, jam\u00f3n de pato, bloc y confit, acompa\u00f1ado de tostadas con pasas, higos y cebolla caramelizada. Un lujo para tu paladar.","robots":{"index":"index","follow":"follow","max-snippet":"max-snippet:-1","max-image-preview":"max-image-preview:large","max-video-preview":"max-video-preview:-1"},"canonical":"https:\/\/martiko.com\/tienda\/productos\/caprichos-premium-de-pato-martiko-2\/","og_locale":"ja_JP","og_type":"article","og_title":"Caprichos Premium de Pato Martiko | Lotes Gourmet Martiko","og_description":"Disfruta de nuestro Capricho Premium Martiko: foie gras, jam\u00f3n de pato, bloc y confit, acompa\u00f1ado de tostadas con pasas, higos y cebolla caramelizada. Un lujo para tu paladar.","og_url":"https:\/\/martiko.com\/tienda\/productos\/caprichos-premium-de-pato-martiko-2\/","og_site_name":"Martiko","article_publisher":"https:\/\/www.facebook.com\/martikopates\/","article_modified_time":"2026-04-26T06:44:22+00:00","og_image":[{"width":1024,"height":1024,"url":"https:\/\/martiko.com\/wp-content\/uploads\/2024\/02\/lote-caprichos-premium-de-pato-martiko-10284.webp","type":"image\/webp"}],"twitter_card":"summary_large_image","twitter_misc":{"\u63a8\u5b9a\u8aad\u307f\u53d6\u308a\u6642\u9593":"1\u5206"},"schema":{"@context":"https:\/\/schema.org","@graph":[{"@type":"WebPage","@id":"https:\/\/martiko.com\/tienda\/productos\/caprichos-premium-de-pato-martiko-2\/","url":"https:\/\/martiko.com\/tienda\/productos\/caprichos-premium-de-pato-martiko-2\/","name":"Caprichos Premium de Pato Martiko | Lotes Gourmet Martiko","isPartOf":{"@id":"https:\/\/martiko.com\/#website"},"primaryImageOfPage":{"@id":"https:\/\/martiko.com\/tienda\/productos\/caprichos-premium-de-pato-martiko-2\/#primaryimage"},"image":{"@id":"https:\/\/martiko.com\/tienda\/productos\/caprichos-premium-de-pato-martiko-2\/#primaryimage"},"thumbnailUrl":"https:\/\/martiko.com\/wp-content\/uploads\/2024\/02\/lote-caprichos-premium-de-pato-martiko-10284.webp","datePublished":"2024-02-02T06:36:17+00:00","dateModified":"2026-04-26T06:44:22+00:00","description":"Disfruta de nuestro Capricho Premium Martiko: foie gras, jam\u00f3n de pato, bloc y confit, acompa\u00f1ado de tostadas con pasas, higos y cebolla caramelizada. Un lujo para tu paladar.","breadcrumb":{"@id":"https:\/\/martiko.com\/tienda\/productos\/caprichos-premium-de-pato-martiko-2\/#breadcrumb"},"inLanguage":"ja","potentialAction":[{"@type":"ReadAction","target":["https:\/\/martiko.com\/tienda\/productos\/caprichos-premium-de-pato-martiko-2\/"]}]},{"@type":"ImageObject","inLanguage":"ja","@id":"https:\/\/martiko.com\/tienda\/productos\/caprichos-premium-de-pato-martiko-2\/#primaryimage","url":"https:\/\/martiko.com\/wp-content\/uploads\/2024\/02\/lote-caprichos-premium-de-pato-martiko-10284.webp","contentUrl":"https:\/\/martiko.com\/wp-content\/uploads\/2024\/02\/lote-caprichos-premium-de-pato-martiko-10284.webp","width":1024,"height":1024,"caption":"Lote Caprichos Premium de Pato Martiko"},{"@type":"BreadcrumbList","@id":"https:\/\/martiko.com\/tienda\/productos\/caprichos-premium-de-pato-martiko-2\/#breadcrumb","itemListElement":[{"@type":"ListItem","position":1,"name":"Inicio","item":"https:\/\/martiko.com\/"},{"@type":"ListItem","position":2,"name":"Productos","item":"https:\/\/martiko.com\/tienda\/"},{"@type":"ListItem","position":3,"name":"LOTES GOURMET","item":"https:\/\/martiko.com\/tienda\/categoria-producto\/lotes-gourmet\/"},{"@type":"ListItem","position":4,"name":"CAPRICHOS PREMIUM DE PATO MARTIKO"}]},{"@type":"WebSite","@id":"https:\/\/martiko.com\/#website","url":"https:\/\/martiko.com\/","name":"Martiko","description":"Martiko","publisher":{"@id":"https:\/\/martiko.com\/#organization"},"potentialAction":[{"@type":"SearchAction","target":{"@type":"EntryPoint","urlTemplate":"https:\/\/martiko.com\/?s={search_term_string}"},"query-input":{"@type":"PropertyValueSpecification","valueRequired":true,"valueName":"search_term_string"}}],"inLanguage":"ja"},{"@type":"Organization","@id":"https:\/\/martiko.com\/#organization","name":"CONSERVAS MARTIKO SA","url":"https:\/\/martiko.com\/","logo":{"@type":"ImageObject","inLanguage":"ja","@id":"https:\/\/martiko.com\/#\/schema\/logo\/image\/","url":"https:\/\/martiko.com\/wp-content\/uploads\/2024\/11\/Logo-Martiko-2021-dorado.png","contentUrl":"https:\/\/martiko.com\/wp-content\/uploads\/2024\/11\/Logo-Martiko-2021-dorado.png","width":147,"height":34,"caption":"CONSERVAS MARTIKO SA"},"image":{"@id":"https:\/\/martiko.com\/#\/schema\/logo\/image\/"},"sameAs":["https:\/\/www.facebook.com\/martikopates\/","https:\/\/www.instagram.com\/martikopato\/","https:\/\/www.linkedin.com\/company\/2282554"]}]}},"_links":{"self":[{"href":"https:\/\/martiko.com\/ja\/wp-json\/wp\/v2\/product\/777","targetHints":{"allow":["GET"]}}],"collection":[{"href":"https:\/\/martiko.com\/ja\/wp-json\/wp\/v2\/product"}],"about":[{"href":"https:\/\/martiko.com\/ja\/wp-json\/wp\/v2\/types\/product"}],"wp:featuredmedia":[{"embeddable":true,"href":"https:\/\/martiko.com\/ja\/wp-json\/wp\/v2\/media\/16451"}],"wp:attachment":[{"href":"https:\/\/martiko.com\/ja\/wp-json\/wp\/v2\/media?parent=777"}],"wp:term":[{"taxonomy":"product_brand","embeddable":true,"href":"https:\/\/martiko.com\/ja\/wp-json\/wp\/v2\/product_brand?post=777"},{"taxonomy":"product_cat","embeddable":true,"href":"https:\/\/martiko.com\/ja\/wp-json\/wp\/v2\/product_cat?post=777"},{"taxonomy":"product_tag","embeddable":true,"href":"https:\/\/martiko.com\/ja\/wp-json\/wp\/v2\/product_tag?post=777"}],"curies":[{"name":"wp","href":"https:\/\/api.w.org\/{rel}","templated":true}]}}