{"id":188,"date":"2020-05-29T05:57:08","date_gmt":"2020-05-29T03:57:08","guid":{"rendered":"https:\/\/martiko.com\/producto\/solomillo-de-pato-bandeja-280-g\/"},"modified":"2026-04-04T08:40:52","modified_gmt":"2026-04-04T06:40:52","slug":"solomillo-de-pato-bandeja-280-g","status":"publish","type":"product","link":"https:\/\/martiko.com\/pt-pt\/tienda\/productos\/solomillo-de-pato-bandeja-280-g\/","title":{"rendered":"Solomillo de pato bandeja 280 g"},"content":{"rendered":"<p>El solomillo de pato es un producto muy sencillo de cocinar. Recomendamos atemperar la carne antes de pasarla vuelta y vuelta por la sart\u00e9n o plancha.<\/p>\n<p>Una vez abierto, conservar en el frigor\u00edfico y consumir en el plazo de 2 d\u00edas.<\/p>\n","protected":false},"excerpt":{"rendered":"<p>El solomillo es una de las partes m\u00e1s nobles del pato: una carne tierna, jugosa y de sabor excepcional, perfecta para disfrutar en familia, tanto por ni\u00f1os como por mayores.<\/p>\n<p>Su preparaci\u00f3n es sencilla, r\u00e1pida y sin complicaciones: basta con darle una vuelta y vuelta en la sart\u00e9n o en la plancha. \u00bfSe puede pedir m\u00e1s?<\/p>\n","protected":false},"featured_media":12617,"template":"","meta":{"_acf_changed":false,"site-sidebar-layout":"default","site-content-layout":"","ast-site-content-layout":"default","site-content-style":"default","site-sidebar-style":"default","ast-global-header-display":"","ast-banner-title-visibility":"","ast-main-header-display":"","ast-hfb-above-header-display":"","ast-hfb-below-header-display":"","ast-hfb-mobile-header-display":"","site-post-title":"","ast-breadcrumbs-content":"","ast-featured-img":"","footer-sml-layout":"","ast-disable-related-posts":"","theme-transparent-header-meta":"default","adv-header-id-meta":"","stick-header-meta":"","header-above-stick-meta":"","header-main-stick-meta":"","header-below-stick-meta":"","astra-migrate-meta-layouts":"set","ast-page-background-enabled":"default","ast-page-background-meta":{"desktop":{"background-color":"var(--ast-global-color-4)","background-image":"","background-repeat":"repeat","background-position":"center center","background-size":"auto","background-attachment":"scroll","background-type":"","background-media":"","overlay-type":"","overlay-color":"","overlay-opacity":"","overlay-gradient":""},"tablet":{"background-color":"","background-image":"","background-repeat":"repeat","background-position":"center center","background-size":"auto","background-attachment":"scroll","background-type":"","background-media":"","overlay-type":"","overlay-color":"","overlay-opacity":"","overlay-gradient":""},"mobile":{"background-color":"","background-image":"","background-repeat":"repeat","background-position":"center center","background-size":"auto","background-attachment":"scroll","background-type":"","background-media":"","overlay-type":"","overlay-color":"","overlay-opacity":"","overlay-gradient":""}},"ast-content-background-meta":{"desktop":{"background-color":"var(--ast-global-color-5)","background-image":"","background-repeat":"repeat","background-position":"center center","background-size":"auto","background-attachment":"scroll","background-type":"","background-media":"","overlay-type":"","overlay-color":"","overlay-opacity":"","overlay-gradient":""},"tablet":{"background-color":"var(--ast-global-color-5)","background-image":"","background-repeat":"repeat","background-position":"center center","background-size":"auto","background-attachment":"scroll","background-type":"","background-media":"","overlay-type":"","overlay-color":"","overlay-opacity":"","overlay-gradient":""},"mobile":{"background-color":"var(--ast-global-color-5)","background-image":"","background-repeat":"repeat","background-position":"center center","background-size":"auto","background-attachment":"scroll","background-type":"","background-media":"","overlay-type":"","overlay-color":"","overlay-opacity":"","overlay-gradient":""}}},"product_brand":[],"product_cat":[39,24],"product_tag":[588],"class_list":{"0":"post-188","1":"product","2":"type-product","3":"status-publish","4":"has-post-thumbnail","6":"product_cat-carne-fresca","7":"product_cat-producto-refrigerado","8":"product_tag-carne-de-pato","9":"desktop-align-center","10":"tablet-align-left","11":"mobile-align-left","13":"first","14":"instock","15":"taxable","16":"shipping-taxable","17":"purchasable","18":"product-type-simple"},"acf":{"aecoc-marca":"Martiko","aecoc-gln":"8412540000006","aecoc-gtin":"08412540001478","aecoc-denominacion_comercial":"Solomillo de pato fresco. 280g","aecoc-denominacion_legal":"Solomillo de pato fresco","aecoc-peso_bruto":"","aecoc-peso_neto":"280","aecoc-peso_neto_escurrido":"","aecoc-cantidad_neta":"","aecoc-condiciones_de_conservacion":"Conservar entre 0 y 4\u00baC. Este producto debe de ser cocinado para su consumo. Una vez abierto, conservar en el frigor\u00edfico y consumir en el plazo de 2 d\u00edas.","aecoc-modo_de_preparacion":"Este producto debe ser cocinado para su consumo.","aecoc-fabricado":"Martiko P.I. Zalain, s\/n - C.P. 31780 Navarra (Espa\u00f1a)","aecoc-registro_sanitario":"ES 10.14400\/NA","aecoc-ingredientes":"Solomillo de pato. Criado y sacrificado en Espa\u00f1a.","aecoc-racion":"{nutrientInfo_servingSize}","aecoc-unidad_racion":"{nutrientInfo_servingSizeUoM}","aecoc-energia_1":"{nutrientInfo_ener_quantityContained_1}","aecoc-unidad_energia_1":"{nutrientInfo_ener_quantityContainedUoM_1}","aecoc-energia_2":"{nutrientInfo_ener_quantityContained_2}","aecoc-unidad_energia_2":"{nutrientInfo_ener_quantityContainedUoM_2}","aecoc-grasas":"{nutrientInfo_fat_quantityContained}","aecoc-unidad_grasas":"{nutrientInfo_fat_quantityContainedUoM}","aecoc-grasos_saturados":"{nutrientInfo_fasat_quantityContained}","aecoc-unidad_grasos_saturados":"{nutrientInfo_fasat_quantityContainedUoM}","aecoc-hidratos_de_carbono":"{nutrientInfo_choavl_quantityContained}","aecoc-unidad_hidratos_de_carbono":"{nutrientInfo_choavl_quantityContainedUoM}","aecoc-azucares":"{nutrientInfo_sugar-_quantityContained}","aecoc-unidad_azucares":"{nutrientInfo_sugar-_quantityContainedUoM}","aecoc-proteinas":"{nutrientInfo_pro-_quantityContained}","aecoc-unidad_proteinas":"{nutrientInfo_pro-_quantityContainedUoM}","aecoc-sal":"{nutrientInfo_salteq_quantityContained}","aecoc-unidad_sal":"{nutrientInfo_salteq_quantityContainedUoM}","aecoc-acidos_grasos_omega_3":"","aecoc-sin_gluten":true,"aecoc-multitabla":false,"aecoc-tabla_nutricional":"","aecoc-contenedor_reciclaje":"Contenedor_Amarillo"},"yoast_head":"<!-- This site is optimized with the Yoast SEO plugin v27.1.1 - https:\/\/yoast.com\/product\/yoast-seo-wordpress\/ -->\n<title>Solomillo de Pato Fresco 280g | Martiko<\/title>\n<meta name=\"description\" content=\"El solomillo de pato Martiko destaca por su ternura, jugosidad y sabor delicado. Un corte premium ideal para toda la familia.\" \/>\n<meta name=\"robots\" content=\"index, follow, max-snippet:-1, max-image-preview:large, max-video-preview:-1\" \/>\n<link rel=\"canonical\" href=\"https:\/\/martiko.com\/tienda\/productos\/solomillo-de-pato-bandeja-280-g\/\" \/>\n<meta property=\"og:locale\" content=\"pt_PT\" \/>\n<meta property=\"og:type\" content=\"article\" \/>\n<meta property=\"og:title\" content=\"Solomillo de Pato Fresco 280g | Martiko\" \/>\n<meta property=\"og:description\" content=\"El solomillo de pato Martiko destaca por su ternura, jugosidad y sabor delicado. Un corte premium ideal para toda la familia.\" \/>\n<meta property=\"og:url\" content=\"https:\/\/martiko.com\/tienda\/productos\/solomillo-de-pato-bandeja-280-g\/\" \/>\n<meta property=\"og:site_name\" content=\"Martiko\" \/>\n<meta property=\"article:publisher\" content=\"https:\/\/www.facebook.com\/martikopates\/\" \/>\n<meta property=\"article:modified_time\" content=\"2026-04-04T06:40:52+00:00\" \/>\n<meta property=\"og:image\" content=\"https:\/\/martiko.com\/wp-content\/uploads\/2020\/05\/Solomillo-de-pato-fresco-Martiko.webp\" \/>\n\t<meta property=\"og:image:width\" content=\"1200\" \/>\n\t<meta property=\"og:image:height\" content=\"1200\" \/>\n\t<meta property=\"og:image:type\" content=\"image\/webp\" \/>\n<meta name=\"twitter:card\" content=\"summary_large_image\" \/>\n<meta name=\"twitter:label1\" content=\"Tempo estimado de leitura\" \/>\n\t<meta name=\"twitter:data1\" content=\"1 minuto\" \/>\n<script type=\"application\/ld+json\" class=\"yoast-schema-graph\">{\"@context\":\"https:\/\/schema.org\",\"@graph\":[{\"@type\":\"WebPage\",\"@id\":\"https:\/\/martiko.com\/tienda\/productos\/solomillo-de-pato-bandeja-280-g\/\",\"url\":\"https:\/\/martiko.com\/tienda\/productos\/solomillo-de-pato-bandeja-280-g\/\",\"name\":\"Solomillo de Pato Fresco 280g | Martiko\",\"isPartOf\":{\"@id\":\"https:\/\/martiko.com\/#website\"},\"primaryImageOfPage\":{\"@id\":\"https:\/\/martiko.com\/tienda\/productos\/solomillo-de-pato-bandeja-280-g\/#primaryimage\"},\"image\":{\"@id\":\"https:\/\/martiko.com\/tienda\/productos\/solomillo-de-pato-bandeja-280-g\/#primaryimage\"},\"thumbnailUrl\":\"https:\/\/martiko.com\/wp-content\/uploads\/2020\/05\/Solomillo-de-pato-fresco-Martiko.webp\",\"datePublished\":\"2020-05-29T03:57:08+00:00\",\"dateModified\":\"2026-04-04T06:40:52+00:00\",\"description\":\"El solomillo de pato Martiko destaca por su ternura, jugosidad y sabor delicado. Un corte premium ideal para toda la familia.\",\"breadcrumb\":{\"@id\":\"https:\/\/martiko.com\/tienda\/productos\/solomillo-de-pato-bandeja-280-g\/#breadcrumb\"},\"inLanguage\":\"pt-PT\",\"potentialAction\":[{\"@type\":\"ReadAction\",\"target\":[\"https:\/\/martiko.com\/tienda\/productos\/solomillo-de-pato-bandeja-280-g\/\"]}]},{\"@type\":\"ImageObject\",\"inLanguage\":\"pt-PT\",\"@id\":\"https:\/\/martiko.com\/tienda\/productos\/solomillo-de-pato-bandeja-280-g\/#primaryimage\",\"url\":\"https:\/\/martiko.com\/wp-content\/uploads\/2020\/05\/Solomillo-de-pato-fresco-Martiko.webp\",\"contentUrl\":\"https:\/\/martiko.com\/wp-content\/uploads\/2020\/05\/Solomillo-de-pato-fresco-Martiko.webp\",\"width\":1200,\"height\":1200,\"caption\":\"Solomillo de pato bandeja 280 g\"},{\"@type\":\"BreadcrumbList\",\"@id\":\"https:\/\/martiko.com\/tienda\/productos\/solomillo-de-pato-bandeja-280-g\/#breadcrumb\",\"itemListElement\":[{\"@type\":\"ListItem\",\"position\":1,\"name\":\"Inicio\",\"item\":\"https:\/\/martiko.com\/\"},{\"@type\":\"ListItem\",\"position\":2,\"name\":\"Productos\",\"item\":\"https:\/\/martiko.com\/tienda\/\"},{\"@type\":\"ListItem\",\"position\":3,\"name\":\"PATO\",\"item\":\"https:\/\/martiko.com\/tienda\/categoria-producto\/pato\/\"},{\"@type\":\"ListItem\",\"position\":4,\"name\":\"CARNE FRESCA\",\"item\":\"https:\/\/martiko.com\/tienda\/categoria-producto\/pato\/carne-fresca\/\"},{\"@type\":\"ListItem\",\"position\":5,\"name\":\"Solomillo de pato bandeja 280 g\"}]},{\"@type\":\"WebSite\",\"@id\":\"https:\/\/martiko.com\/#website\",\"url\":\"https:\/\/martiko.com\/\",\"name\":\"Martiko\",\"description\":\"Martiko\",\"publisher\":{\"@id\":\"https:\/\/martiko.com\/#organization\"},\"potentialAction\":[{\"@type\":\"SearchAction\",\"target\":{\"@type\":\"EntryPoint\",\"urlTemplate\":\"https:\/\/martiko.com\/?s={search_term_string}\"},\"query-input\":{\"@type\":\"PropertyValueSpecification\",\"valueRequired\":true,\"valueName\":\"search_term_string\"}}],\"inLanguage\":\"pt-PT\"},{\"@type\":\"Organization\",\"@id\":\"https:\/\/martiko.com\/#organization\",\"name\":\"CONSERVAS MARTIKO SA\",\"url\":\"https:\/\/martiko.com\/\",\"logo\":{\"@type\":\"ImageObject\",\"inLanguage\":\"pt-PT\",\"@id\":\"https:\/\/martiko.com\/#\/schema\/logo\/image\/\",\"url\":\"https:\/\/martiko.com\/wp-content\/uploads\/2024\/11\/Logo-Martiko-2021-dorado.png\",\"contentUrl\":\"https:\/\/martiko.com\/wp-content\/uploads\/2024\/11\/Logo-Martiko-2021-dorado.png\",\"width\":147,\"height\":34,\"caption\":\"CONSERVAS MARTIKO SA\"},\"image\":{\"@id\":\"https:\/\/martiko.com\/#\/schema\/logo\/image\/\"},\"sameAs\":[\"https:\/\/www.facebook.com\/martikopates\/\",\"https:\/\/www.instagram.com\/martikopato\/\",\"https:\/\/www.linkedin.com\/company\/2282554\"]}]}<\/script>\n<!-- \/ Yoast SEO plugin. -->","yoast_head_json":{"title":"Solomillo de Pato Fresco 280g | Martiko","description":"El solomillo de pato Martiko destaca por su ternura, jugosidad y sabor delicado. Un corte premium ideal para toda la familia.","robots":{"index":"index","follow":"follow","max-snippet":"max-snippet:-1","max-image-preview":"max-image-preview:large","max-video-preview":"max-video-preview:-1"},"canonical":"https:\/\/martiko.com\/tienda\/productos\/solomillo-de-pato-bandeja-280-g\/","og_locale":"pt_PT","og_type":"article","og_title":"Solomillo de Pato Fresco 280g | Martiko","og_description":"El solomillo de pato Martiko destaca por su ternura, jugosidad y sabor delicado. Un corte premium ideal para toda la familia.","og_url":"https:\/\/martiko.com\/tienda\/productos\/solomillo-de-pato-bandeja-280-g\/","og_site_name":"Martiko","article_publisher":"https:\/\/www.facebook.com\/martikopates\/","article_modified_time":"2026-04-04T06:40:52+00:00","og_image":[{"width":1200,"height":1200,"url":"https:\/\/martiko.com\/wp-content\/uploads\/2020\/05\/Solomillo-de-pato-fresco-Martiko.webp","type":"image\/webp"}],"twitter_card":"summary_large_image","twitter_misc":{"Tempo estimado de leitura":"1 minuto"},"schema":{"@context":"https:\/\/schema.org","@graph":[{"@type":"WebPage","@id":"https:\/\/martiko.com\/tienda\/productos\/solomillo-de-pato-bandeja-280-g\/","url":"https:\/\/martiko.com\/tienda\/productos\/solomillo-de-pato-bandeja-280-g\/","name":"Solomillo de Pato Fresco 280g | Martiko","isPartOf":{"@id":"https:\/\/martiko.com\/#website"},"primaryImageOfPage":{"@id":"https:\/\/martiko.com\/tienda\/productos\/solomillo-de-pato-bandeja-280-g\/#primaryimage"},"image":{"@id":"https:\/\/martiko.com\/tienda\/productos\/solomillo-de-pato-bandeja-280-g\/#primaryimage"},"thumbnailUrl":"https:\/\/martiko.com\/wp-content\/uploads\/2020\/05\/Solomillo-de-pato-fresco-Martiko.webp","datePublished":"2020-05-29T03:57:08+00:00","dateModified":"2026-04-04T06:40:52+00:00","description":"El solomillo de pato Martiko destaca por su ternura, jugosidad y sabor delicado. Un corte premium ideal para toda la familia.","breadcrumb":{"@id":"https:\/\/martiko.com\/tienda\/productos\/solomillo-de-pato-bandeja-280-g\/#breadcrumb"},"inLanguage":"pt-PT","potentialAction":[{"@type":"ReadAction","target":["https:\/\/martiko.com\/tienda\/productos\/solomillo-de-pato-bandeja-280-g\/"]}]},{"@type":"ImageObject","inLanguage":"pt-PT","@id":"https:\/\/martiko.com\/tienda\/productos\/solomillo-de-pato-bandeja-280-g\/#primaryimage","url":"https:\/\/martiko.com\/wp-content\/uploads\/2020\/05\/Solomillo-de-pato-fresco-Martiko.webp","contentUrl":"https:\/\/martiko.com\/wp-content\/uploads\/2020\/05\/Solomillo-de-pato-fresco-Martiko.webp","width":1200,"height":1200,"caption":"Solomillo de pato bandeja 280 g"},{"@type":"BreadcrumbList","@id":"https:\/\/martiko.com\/tienda\/productos\/solomillo-de-pato-bandeja-280-g\/#breadcrumb","itemListElement":[{"@type":"ListItem","position":1,"name":"Inicio","item":"https:\/\/martiko.com\/"},{"@type":"ListItem","position":2,"name":"Productos","item":"https:\/\/martiko.com\/tienda\/"},{"@type":"ListItem","position":3,"name":"PATO","item":"https:\/\/martiko.com\/tienda\/categoria-producto\/pato\/"},{"@type":"ListItem","position":4,"name":"CARNE FRESCA","item":"https:\/\/martiko.com\/tienda\/categoria-producto\/pato\/carne-fresca\/"},{"@type":"ListItem","position":5,"name":"Solomillo de pato bandeja 280 g"}]},{"@type":"WebSite","@id":"https:\/\/martiko.com\/#website","url":"https:\/\/martiko.com\/","name":"Martiko","description":"Martiko","publisher":{"@id":"https:\/\/martiko.com\/#organization"},"potentialAction":[{"@type":"SearchAction","target":{"@type":"EntryPoint","urlTemplate":"https:\/\/martiko.com\/?s={search_term_string}"},"query-input":{"@type":"PropertyValueSpecification","valueRequired":true,"valueName":"search_term_string"}}],"inLanguage":"pt-PT"},{"@type":"Organization","@id":"https:\/\/martiko.com\/#organization","name":"CONSERVAS MARTIKO SA","url":"https:\/\/martiko.com\/","logo":{"@type":"ImageObject","inLanguage":"pt-PT","@id":"https:\/\/martiko.com\/#\/schema\/logo\/image\/","url":"https:\/\/martiko.com\/wp-content\/uploads\/2024\/11\/Logo-Martiko-2021-dorado.png","contentUrl":"https:\/\/martiko.com\/wp-content\/uploads\/2024\/11\/Logo-Martiko-2021-dorado.png","width":147,"height":34,"caption":"CONSERVAS MARTIKO SA"},"image":{"@id":"https:\/\/martiko.com\/#\/schema\/logo\/image\/"},"sameAs":["https:\/\/www.facebook.com\/martikopates\/","https:\/\/www.instagram.com\/martikopato\/","https:\/\/www.linkedin.com\/company\/2282554"]}]}},"_links":{"self":[{"href":"https:\/\/martiko.com\/pt-pt\/wp-json\/wp\/v2\/product\/188","targetHints":{"allow":["GET"]}}],"collection":[{"href":"https:\/\/martiko.com\/pt-pt\/wp-json\/wp\/v2\/product"}],"about":[{"href":"https:\/\/martiko.com\/pt-pt\/wp-json\/wp\/v2\/types\/product"}],"wp:featuredmedia":[{"embeddable":true,"href":"https:\/\/martiko.com\/pt-pt\/wp-json\/wp\/v2\/media\/12617"}],"wp:attachment":[{"href":"https:\/\/martiko.com\/pt-pt\/wp-json\/wp\/v2\/media?parent=188"}],"wp:term":[{"taxonomy":"product_brand","embeddable":true,"href":"https:\/\/martiko.com\/pt-pt\/wp-json\/wp\/v2\/product_brand?post=188"},{"taxonomy":"product_cat","embeddable":true,"href":"https:\/\/martiko.com\/pt-pt\/wp-json\/wp\/v2\/product_cat?post=188"},{"taxonomy":"product_tag","embeddable":true,"href":"https:\/\/martiko.com\/pt-pt\/wp-json\/wp\/v2\/product_tag?post=188"}],"curies":[{"name":"wp","href":"https:\/\/api.w.org\/{rel}","templated":true}]}}