{"id":315,"date":"2024-08-06T07:57:28","date_gmt":"2024-08-06T05:57:28","guid":{"rendered":"https:\/\/martiko.com\/producto\/tabla-bloc-pato-oca-boletus-y-trufa-4x20-g\/"},"modified":"2026-04-06T08:42:11","modified_gmt":"2026-04-06T06:42:11","slug":"tabla-bloc-pato-oca-boletus-y-trufa-4x20-g","status":"publish","type":"product","link":"https:\/\/martiko.com\/pt-pt\/tienda\/productos\/tabla-bloc-pato-oca-boletus-y-trufa-4x20-g\/","title":{"rendered":"Tabla bloc pato, oca, boletus y trufa 4&#215;20 g"},"content":{"rendered":"<p>Un aperitivo exquisito para cualquier ocasi\u00f3n. El bloc de foie gras, al ser una emulsi\u00f3n, tiene una textura m\u00e1s untuosa que el foie gras entero.<br \/>\nEste surtido es ideal para servirlo como centro de mesa en canap\u00e9s, sobre tostadas crujientes coronadas con frutos secos caramelizados, mermeladas o un gel\u00e9e de vino dulce.<\/p>\n","protected":false},"excerpt":{"rendered":"<p>\u00bfQuieres disfrutar de los diferentes sabores y matices de nuestro bloc de foie gras? Este delicioso surtido te ofrece 4 variedades de sabor inconfundible: bloc de foie gras de pato, bloc de foie gras de oca, bloc de foie gras de pato con boletus y bloc de foie gras de pato con trufa. \u00bfCu\u00e1l es tu favorito?<\/p>\n<p>Todo nuestro bloc de foie gras de pato est\u00e1 elaborado a partir de trozos de l\u00f3bulos de foie gras, de pato u oca, ligeramente sazonados y triturados para formar una fina emulsi\u00f3n. Excelente calidad, delicado sabor y agradable textura.<\/p>\n","protected":false},"featured_media":288,"template":"","meta":{"_acf_changed":false,"site-sidebar-layout":"default","site-content-layout":"","ast-site-content-layout":"default","site-content-style":"default","site-sidebar-style":"default","ast-global-header-display":"","ast-banner-title-visibility":"","ast-main-header-display":"","ast-hfb-above-header-display":"","ast-hfb-below-header-display":"","ast-hfb-mobile-header-display":"","site-post-title":"","ast-breadcrumbs-content":"","ast-featured-img":"","footer-sml-layout":"","ast-disable-related-posts":"","theme-transparent-header-meta":"default","adv-header-id-meta":"","stick-header-meta":"","header-above-stick-meta":"","header-main-stick-meta":"","header-below-stick-meta":"","astra-migrate-meta-layouts":"set","ast-page-background-enabled":"default","ast-page-background-meta":{"desktop":{"background-color":"var(--ast-global-color-4)","background-image":"","background-repeat":"repeat","background-position":"center center","background-size":"auto","background-attachment":"scroll","background-type":"","background-media":"","overlay-type":"","overlay-color":"","overlay-opacity":"","overlay-gradient":""},"tablet":{"background-color":"","background-image":"","background-repeat":"repeat","background-position":"center center","background-size":"auto","background-attachment":"scroll","background-type":"","background-media":"","overlay-type":"","overlay-color":"","overlay-opacity":"","overlay-gradient":""},"mobile":{"background-color":"","background-image":"","background-repeat":"repeat","background-position":"center center","background-size":"auto","background-attachment":"scroll","background-type":"","background-media":"","overlay-type":"","overlay-color":"","overlay-opacity":"","overlay-gradient":""}},"ast-content-background-meta":{"desktop":{"background-color":"var(--ast-global-color-5)","background-image":"","background-repeat":"repeat","background-position":"center center","background-size":"auto","background-attachment":"scroll","background-type":"","background-media":"","overlay-type":"","overlay-color":"","overlay-opacity":"","overlay-gradient":""},"tablet":{"background-color":"var(--ast-global-color-5)","background-image":"","background-repeat":"repeat","background-position":"center center","background-size":"auto","background-attachment":"scroll","background-type":"","background-media":"","overlay-type":"","overlay-color":"","overlay-opacity":"","overlay-gradient":""},"mobile":{"background-color":"var(--ast-global-color-5)","background-image":"","background-repeat":"repeat","background-position":"center center","background-size":"auto","background-attachment":"scroll","background-type":"","background-media":"","overlay-type":"","overlay-color":"","overlay-opacity":"","overlay-gradient":""}}},"product_brand":[],"product_cat":[87,24],"product_tag":[374],"class_list":{"0":"post-315","1":"product","2":"type-product","3":"status-publish","4":"has-post-thumbnail","6":"product_cat-bloc-de-foie-gras","7":"product_cat-producto-refrigerado","8":"product_tag-foie-gras","9":"desktop-align-center","10":"tablet-align-left","11":"mobile-align-left","13":"first","14":"instock","15":"taxable","16":"shipping-taxable","17":"purchasable","18":"product-type-simple"},"acf":{"aecoc-marca":"Martiko","aecoc-gln":"8412540000006","aecoc-gtin":"08412540003731","aecoc-denominacion_comercial":"Surtido de 4 blocs de foie gras Martiko 4x20g","aecoc-denominacion_legal":"Surtido de blocs de foie gras de pato y oca cocido","aecoc-peso_bruto":"","aecoc-peso_neto":"80","aecoc-peso_neto_escurrido":"","aecoc-cantidad_neta":"4x20g","aecoc-condiciones_de_conservacion":"Conservaci\u00f3n entre 3 y 5\u00b0C. Una vez abierto, conservar en el frigor\u00edfico y consumir en los pr\u00f3ximos 5 d\u00edas.","aecoc-modo_de_preparacion":"Producto listo para su consumo.","aecoc-fabricado":"Martiko P.I. Zalain, s\/n - C.P. 31780 Navarra (Espa\u00f1a)","aecoc-registro_sanitario":"ES 10.14400\/NA","aecoc-ingredientes":"BLOC DE FOIE GRAS DE PATO. Ingredientes: Foie gras de pato, agua, brandy, sal, az\u00facar, pimienta blanca, antioxidante:E-301 y conservador: E-250. Puede contener trazas de oca. Puede contener trazas de APIO. BLOC DE FOIE GRAS DE OCA. Ingredientes: Foie gras de oca, agua, brandy, sal, az\u00facar, pimienta blanca, antioxidante:E-301 y conservador:E-250. Puede contener trazas de pato. Puede contener trazas de APIO. BLOC DE FOIE GRAS DE PATO CON BOLETUS: Ingredientes: Foie gras de pato, agua, brandy, sal, 0.5% Boletus edulis, champi\u00f1on (Agaricus bisporus), az\u00facar, pimienta blanca, antioxidante: E-301 y conservador: E-250. Puede contener trazas de oca. Puede contener trazas de APIO. BLOC DE FOIE GRAS DE PATO CON TRUFA: Ingredientes: Foie gras de pato, agua, brandy, 1% brisura de trufa (Tuber indicum), sal, condimento de aceite de oliva virgen extra con aroma de trufa negra ( aceite de oliva virgen extra, aroma a trufa negra), az\u00facar, pimienta blanca, antioxidante: E-301 y conservador: E-250. Puede contener trazas de oca. Puede contener trazas de APIO.","aecoc-racion":"100","aecoc-unidad_racion":"g","aecoc-energia_1":"1830","aecoc-unidad_energia_1":"kJ","aecoc-energia_2":"444","aecoc-unidad_energia_2":"kcal","aecoc-grasas":"46","aecoc-unidad_grasas":"g","aecoc-grasos_saturados":"20","aecoc-unidad_grasos_saturados":"g","aecoc-hidratos_de_carbono":"2.8","aecoc-unidad_hidratos_de_carbono":"g","aecoc-azucares":"0.8","aecoc-unidad_azucares":"g","aecoc-proteinas":"4.7","aecoc-unidad_proteinas":"g","aecoc-sal":"0.88","aecoc-unidad_sal":"g","aecoc-acidos_grasos_omega_3":"","aecoc-sin_gluten":true,"aecoc-multitabla":true,"aecoc-tabla_nutricional":"[{'title': 'Tama\u00f1o de la racion por 100g de bloc de foie gras de pato',        'content': {                 'aecoc-racion': '100@_@g','aecoc-energia_1': '1830@_@kJ','aecoc-energia_2': '444@_@kcal','aecoc-grasas': '46@_@g','aecoc-grasos_saturados': '20@_@g','aecoc-hidratos_de_carbono': '2.8@_@g','aecoc-azucares': '0.8@_@g','aecoc-proteinas': '4.7@_@g','aecoc-sal': '0.88@_@g'            }},{'title': 'Tama\u00f1o de la raci\u00f3n por 100g de bloc de foie gras de oca',        'content': {                 'aecoc-racion': '100@_@g','aecoc-energia_1': '1562@_@kJ','aecoc-energia_2': '379@_@kcal','aecoc-grasas': '38@_@g','aecoc-grasos_saturados': '15@_@g','aecoc-hidratos_de_carbono': '2.6@_@g','aecoc-azucares': '0.7@_@g','aecoc-proteinas': '6.6@_@g','aecoc-sal': '1.1@_@g'            }},{'title': 'Tama\u00f1o de la raci\u00f3n por 100g de bloc de foie gras de pato con boletus',        'content': {                 'aecoc-racion': '100@_@g','aecoc-energia_1': '1627@_@kJ','aecoc-energia_2': '394@_@kcal','aecoc-grasas': '39@_@g','aecoc-grasos_saturados': '19@_@g','aecoc-hidratos_de_carbono': '4@_@g','aecoc-azucares': '1@_@g','aecoc-proteinas': '6.8@_@g','aecoc-sal': '0.91@_@g'            }},{'title': 'Tama\u00f1o de la raci\u00f3n por 100g de bloc de foie gras de pato con trufa',        'content': {                 'aecoc-racion': '100@_@g','aecoc-energia_1': '1847@_@kJ','aecoc-energia_2': '448@_@kcal','aecoc-grasas': '45@_@g','aecoc-grasos_saturados': '19@_@g','aecoc-hidratos_de_carbono': '5.7@_@g','aecoc-azucares': '0.9@_@g','aecoc-proteinas': '5@_@g','aecoc-sal': '0.8@_@g'            }}]","aecoc-contenedor_reciclaje":"Contenedor_Amarillo, Contenedor_Azul"},"yoast_head":"<!-- This site is optimized with the Yoast SEO plugin v27.1.1 - https:\/\/yoast.com\/product\/yoast-seo-wordpress\/ -->\n<title>Tabla Bloc Pato, Oca, Boletus y Trufa 4x20g | Martiko<\/title>\n<meta name=\"description\" content=\"Disfruta de la variedad con la tabla de bloc Martiko: pato, oca, boletus y trufa. Cuatro sabores exquisitos para todos los gustos, con la calidad y textura inconfundible de Martiko.\" \/>\n<meta name=\"robots\" content=\"index, follow, max-snippet:-1, max-image-preview:large, max-video-preview:-1\" \/>\n<link rel=\"canonical\" href=\"https:\/\/martiko.com\/tienda\/productos\/tabla-bloc-pato-oca-boletus-y-trufa-4x20-g\/\" \/>\n<meta property=\"og:locale\" content=\"pt_PT\" \/>\n<meta property=\"og:type\" content=\"article\" \/>\n<meta property=\"og:title\" content=\"Tabla Bloc Pato, Oca, Boletus y Trufa 4x20g | Martiko\" \/>\n<meta property=\"og:description\" content=\"Disfruta de la variedad con la tabla de bloc Martiko: pato, oca, boletus y trufa. Cuatro sabores exquisitos para todos los gustos, con la calidad y textura inconfundible de Martiko.\" \/>\n<meta property=\"og:url\" content=\"https:\/\/martiko.com\/tienda\/productos\/tabla-bloc-pato-oca-boletus-y-trufa-4x20-g\/\" \/>\n<meta property=\"og:site_name\" content=\"Martiko\" \/>\n<meta property=\"article:publisher\" content=\"https:\/\/www.facebook.com\/martikopates\/\" \/>\n<meta property=\"article:modified_time\" content=\"2026-04-06T06:42:11+00:00\" \/>\n<meta property=\"og:image\" content=\"https:\/\/martiko.com\/wp-content\/uploads\/2020\/05\/TABLA-BLOC-PATO-OCA-BOLETUS-Y-TRUFA-4x20-G-2.jpg\" \/>\n\t<meta property=\"og:image:width\" content=\"1200\" \/>\n\t<meta property=\"og:image:height\" content=\"1200\" \/>\n\t<meta property=\"og:image:type\" content=\"image\/jpeg\" \/>\n<meta name=\"twitter:card\" content=\"summary_large_image\" \/>\n<meta name=\"twitter:label1\" content=\"Tempo estimado de leitura\" \/>\n\t<meta name=\"twitter:data1\" content=\"1 minuto\" \/>\n<script type=\"application\/ld+json\" class=\"yoast-schema-graph\">{\"@context\":\"https:\/\/schema.org\",\"@graph\":[{\"@type\":\"WebPage\",\"@id\":\"https:\/\/martiko.com\/tienda\/productos\/tabla-bloc-pato-oca-boletus-y-trufa-4x20-g\/\",\"url\":\"https:\/\/martiko.com\/tienda\/productos\/tabla-bloc-pato-oca-boletus-y-trufa-4x20-g\/\",\"name\":\"Tabla Bloc Pato, Oca, Boletus y Trufa 4x20g | Martiko\",\"isPartOf\":{\"@id\":\"https:\/\/martiko.com\/#website\"},\"primaryImageOfPage\":{\"@id\":\"https:\/\/martiko.com\/tienda\/productos\/tabla-bloc-pato-oca-boletus-y-trufa-4x20-g\/#primaryimage\"},\"image\":{\"@id\":\"https:\/\/martiko.com\/tienda\/productos\/tabla-bloc-pato-oca-boletus-y-trufa-4x20-g\/#primaryimage\"},\"thumbnailUrl\":\"https:\/\/martiko.com\/wp-content\/uploads\/2020\/05\/TABLA-BLOC-PATO-OCA-BOLETUS-Y-TRUFA-4x20-G-2.jpg\",\"datePublished\":\"2024-08-06T05:57:28+00:00\",\"dateModified\":\"2026-04-06T06:42:11+00:00\",\"description\":\"Disfruta de la variedad con la tabla de bloc Martiko: pato, oca, boletus y trufa. Cuatro sabores exquisitos para todos los gustos, con la calidad y textura inconfundible de Martiko.\",\"breadcrumb\":{\"@id\":\"https:\/\/martiko.com\/tienda\/productos\/tabla-bloc-pato-oca-boletus-y-trufa-4x20-g\/#breadcrumb\"},\"inLanguage\":\"pt-PT\",\"potentialAction\":[{\"@type\":\"ReadAction\",\"target\":[\"https:\/\/martiko.com\/tienda\/productos\/tabla-bloc-pato-oca-boletus-y-trufa-4x20-g\/\"]}]},{\"@type\":\"ImageObject\",\"inLanguage\":\"pt-PT\",\"@id\":\"https:\/\/martiko.com\/tienda\/productos\/tabla-bloc-pato-oca-boletus-y-trufa-4x20-g\/#primaryimage\",\"url\":\"https:\/\/martiko.com\/wp-content\/uploads\/2020\/05\/TABLA-BLOC-PATO-OCA-BOLETUS-Y-TRUFA-4x20-G-2.jpg\",\"contentUrl\":\"https:\/\/martiko.com\/wp-content\/uploads\/2020\/05\/TABLA-BLOC-PATO-OCA-BOLETUS-Y-TRUFA-4x20-G-2.jpg\",\"width\":1200,\"height\":1200,\"caption\":\"Tabla bloc pato, oca, boletus y trufa 4x20 g\"},{\"@type\":\"BreadcrumbList\",\"@id\":\"https:\/\/martiko.com\/tienda\/productos\/tabla-bloc-pato-oca-boletus-y-trufa-4x20-g\/#breadcrumb\",\"itemListElement\":[{\"@type\":\"ListItem\",\"position\":1,\"name\":\"Inicio\",\"item\":\"https:\/\/martiko.com\/\"},{\"@type\":\"ListItem\",\"position\":2,\"name\":\"Productos\",\"item\":\"https:\/\/martiko.com\/tienda\/\"},{\"@type\":\"ListItem\",\"position\":3,\"name\":\"PATO\",\"item\":\"https:\/\/martiko.com\/tienda\/categoria-producto\/pato\/\"},{\"@type\":\"ListItem\",\"position\":4,\"name\":\"BLOC DE FOIE GRAS\",\"item\":\"https:\/\/martiko.com\/tienda\/categoria-producto\/pato\/bloc-de-foie-gras\/\"},{\"@type\":\"ListItem\",\"position\":5,\"name\":\"Tabla bloc pato, oca, boletus y trufa 4&#215;20 g\"}]},{\"@type\":\"WebSite\",\"@id\":\"https:\/\/martiko.com\/#website\",\"url\":\"https:\/\/martiko.com\/\",\"name\":\"Martiko\",\"description\":\"Martiko\",\"publisher\":{\"@id\":\"https:\/\/martiko.com\/#organization\"},\"potentialAction\":[{\"@type\":\"SearchAction\",\"target\":{\"@type\":\"EntryPoint\",\"urlTemplate\":\"https:\/\/martiko.com\/?s={search_term_string}\"},\"query-input\":{\"@type\":\"PropertyValueSpecification\",\"valueRequired\":true,\"valueName\":\"search_term_string\"}}],\"inLanguage\":\"pt-PT\"},{\"@type\":\"Organization\",\"@id\":\"https:\/\/martiko.com\/#organization\",\"name\":\"CONSERVAS MARTIKO SA\",\"url\":\"https:\/\/martiko.com\/\",\"logo\":{\"@type\":\"ImageObject\",\"inLanguage\":\"pt-PT\",\"@id\":\"https:\/\/martiko.com\/#\/schema\/logo\/image\/\",\"url\":\"https:\/\/martiko.com\/wp-content\/uploads\/2024\/11\/Logo-Martiko-2021-dorado.png\",\"contentUrl\":\"https:\/\/martiko.com\/wp-content\/uploads\/2024\/11\/Logo-Martiko-2021-dorado.png\",\"width\":147,\"height\":34,\"caption\":\"CONSERVAS MARTIKO SA\"},\"image\":{\"@id\":\"https:\/\/martiko.com\/#\/schema\/logo\/image\/\"},\"sameAs\":[\"https:\/\/www.facebook.com\/martikopates\/\",\"https:\/\/www.instagram.com\/martikopato\/\",\"https:\/\/www.linkedin.com\/company\/2282554\"]}]}<\/script>\n<!-- \/ Yoast SEO plugin. -->","yoast_head_json":{"title":"Tabla Bloc Pato, Oca, Boletus y Trufa 4x20g | Martiko","description":"Disfruta de la variedad con la tabla de bloc Martiko: pato, oca, boletus y trufa. Cuatro sabores exquisitos para todos los gustos, con la calidad y textura inconfundible de Martiko.","robots":{"index":"index","follow":"follow","max-snippet":"max-snippet:-1","max-image-preview":"max-image-preview:large","max-video-preview":"max-video-preview:-1"},"canonical":"https:\/\/martiko.com\/tienda\/productos\/tabla-bloc-pato-oca-boletus-y-trufa-4x20-g\/","og_locale":"pt_PT","og_type":"article","og_title":"Tabla Bloc Pato, Oca, Boletus y Trufa 4x20g | Martiko","og_description":"Disfruta de la variedad con la tabla de bloc Martiko: pato, oca, boletus y trufa. Cuatro sabores exquisitos para todos los gustos, con la calidad y textura inconfundible de Martiko.","og_url":"https:\/\/martiko.com\/tienda\/productos\/tabla-bloc-pato-oca-boletus-y-trufa-4x20-g\/","og_site_name":"Martiko","article_publisher":"https:\/\/www.facebook.com\/martikopates\/","article_modified_time":"2026-04-06T06:42:11+00:00","og_image":[{"width":1200,"height":1200,"url":"https:\/\/martiko.com\/wp-content\/uploads\/2020\/05\/TABLA-BLOC-PATO-OCA-BOLETUS-Y-TRUFA-4x20-G-2.jpg","type":"image\/jpeg"}],"twitter_card":"summary_large_image","twitter_misc":{"Tempo estimado de leitura":"1 minuto"},"schema":{"@context":"https:\/\/schema.org","@graph":[{"@type":"WebPage","@id":"https:\/\/martiko.com\/tienda\/productos\/tabla-bloc-pato-oca-boletus-y-trufa-4x20-g\/","url":"https:\/\/martiko.com\/tienda\/productos\/tabla-bloc-pato-oca-boletus-y-trufa-4x20-g\/","name":"Tabla Bloc Pato, Oca, Boletus y Trufa 4x20g | Martiko","isPartOf":{"@id":"https:\/\/martiko.com\/#website"},"primaryImageOfPage":{"@id":"https:\/\/martiko.com\/tienda\/productos\/tabla-bloc-pato-oca-boletus-y-trufa-4x20-g\/#primaryimage"},"image":{"@id":"https:\/\/martiko.com\/tienda\/productos\/tabla-bloc-pato-oca-boletus-y-trufa-4x20-g\/#primaryimage"},"thumbnailUrl":"https:\/\/martiko.com\/wp-content\/uploads\/2020\/05\/TABLA-BLOC-PATO-OCA-BOLETUS-Y-TRUFA-4x20-G-2.jpg","datePublished":"2024-08-06T05:57:28+00:00","dateModified":"2026-04-06T06:42:11+00:00","description":"Disfruta de la variedad con la tabla de bloc Martiko: pato, oca, boletus y trufa. Cuatro sabores exquisitos para todos los gustos, con la calidad y textura inconfundible de Martiko.","breadcrumb":{"@id":"https:\/\/martiko.com\/tienda\/productos\/tabla-bloc-pato-oca-boletus-y-trufa-4x20-g\/#breadcrumb"},"inLanguage":"pt-PT","potentialAction":[{"@type":"ReadAction","target":["https:\/\/martiko.com\/tienda\/productos\/tabla-bloc-pato-oca-boletus-y-trufa-4x20-g\/"]}]},{"@type":"ImageObject","inLanguage":"pt-PT","@id":"https:\/\/martiko.com\/tienda\/productos\/tabla-bloc-pato-oca-boletus-y-trufa-4x20-g\/#primaryimage","url":"https:\/\/martiko.com\/wp-content\/uploads\/2020\/05\/TABLA-BLOC-PATO-OCA-BOLETUS-Y-TRUFA-4x20-G-2.jpg","contentUrl":"https:\/\/martiko.com\/wp-content\/uploads\/2020\/05\/TABLA-BLOC-PATO-OCA-BOLETUS-Y-TRUFA-4x20-G-2.jpg","width":1200,"height":1200,"caption":"Tabla bloc pato, oca, boletus y trufa 4x20 g"},{"@type":"BreadcrumbList","@id":"https:\/\/martiko.com\/tienda\/productos\/tabla-bloc-pato-oca-boletus-y-trufa-4x20-g\/#breadcrumb","itemListElement":[{"@type":"ListItem","position":1,"name":"Inicio","item":"https:\/\/martiko.com\/"},{"@type":"ListItem","position":2,"name":"Productos","item":"https:\/\/martiko.com\/tienda\/"},{"@type":"ListItem","position":3,"name":"PATO","item":"https:\/\/martiko.com\/tienda\/categoria-producto\/pato\/"},{"@type":"ListItem","position":4,"name":"BLOC DE FOIE GRAS","item":"https:\/\/martiko.com\/tienda\/categoria-producto\/pato\/bloc-de-foie-gras\/"},{"@type":"ListItem","position":5,"name":"Tabla bloc pato, oca, boletus y trufa 4&#215;20 g"}]},{"@type":"WebSite","@id":"https:\/\/martiko.com\/#website","url":"https:\/\/martiko.com\/","name":"Martiko","description":"Martiko","publisher":{"@id":"https:\/\/martiko.com\/#organization"},"potentialAction":[{"@type":"SearchAction","target":{"@type":"EntryPoint","urlTemplate":"https:\/\/martiko.com\/?s={search_term_string}"},"query-input":{"@type":"PropertyValueSpecification","valueRequired":true,"valueName":"search_term_string"}}],"inLanguage":"pt-PT"},{"@type":"Organization","@id":"https:\/\/martiko.com\/#organization","name":"CONSERVAS MARTIKO SA","url":"https:\/\/martiko.com\/","logo":{"@type":"ImageObject","inLanguage":"pt-PT","@id":"https:\/\/martiko.com\/#\/schema\/logo\/image\/","url":"https:\/\/martiko.com\/wp-content\/uploads\/2024\/11\/Logo-Martiko-2021-dorado.png","contentUrl":"https:\/\/martiko.com\/wp-content\/uploads\/2024\/11\/Logo-Martiko-2021-dorado.png","width":147,"height":34,"caption":"CONSERVAS MARTIKO SA"},"image":{"@id":"https:\/\/martiko.com\/#\/schema\/logo\/image\/"},"sameAs":["https:\/\/www.facebook.com\/martikopates\/","https:\/\/www.instagram.com\/martikopato\/","https:\/\/www.linkedin.com\/company\/2282554"]}]}},"_links":{"self":[{"href":"https:\/\/martiko.com\/pt-pt\/wp-json\/wp\/v2\/product\/315","targetHints":{"allow":["GET"]}}],"collection":[{"href":"https:\/\/martiko.com\/pt-pt\/wp-json\/wp\/v2\/product"}],"about":[{"href":"https:\/\/martiko.com\/pt-pt\/wp-json\/wp\/v2\/types\/product"}],"wp:featuredmedia":[{"embeddable":true,"href":"https:\/\/martiko.com\/pt-pt\/wp-json\/wp\/v2\/media\/288"}],"wp:attachment":[{"href":"https:\/\/martiko.com\/pt-pt\/wp-json\/wp\/v2\/media?parent=315"}],"wp:term":[{"taxonomy":"product_brand","embeddable":true,"href":"https:\/\/martiko.com\/pt-pt\/wp-json\/wp\/v2\/product_brand?post=315"},{"taxonomy":"product_cat","embeddable":true,"href":"https:\/\/martiko.com\/pt-pt\/wp-json\/wp\/v2\/product_cat?post=315"},{"taxonomy":"product_tag","embeddable":true,"href":"https:\/\/martiko.com\/pt-pt\/wp-json\/wp\/v2\/product_tag?post=315"}],"curies":[{"name":"wp","href":"https:\/\/api.w.org\/{rel}","templated":true}]}}