{"id":719,"date":"2024-03-03T09:31:58","date_gmt":"2024-03-03T08:31:58","guid":{"rendered":"https:\/\/martiko.com\/producto\/pate-de-pato-martiko-con-dulce-de-calabaza-130-g\/"},"modified":"2026-04-04T08:44:17","modified_gmt":"2026-04-04T06:44:17","slug":"pate-de-pato-martiko-superio-con-dulce-de-calabaza-130-g","status":"publish","type":"product","link":"https:\/\/martiko.com\/pt-pt\/tienda\/productos\/pate-de-pato-martiko-superio-con-dulce-de-calabaza-130-g\/","title":{"rendered":"Pat\u00e9 de pato Martiko Superior con dulce de calabaza 130 g"},"content":{"rendered":"","protected":false},"excerpt":{"rendered":"<p>Otro de los indispensables en tu mesa.<\/p>\n<p>Gracias a la nueva gama de pat\u00e9s Martiko Superior en conserva, todas las visitas y celebraciones tendr\u00e1n un toque diferente. Una magn\u00edfica opci\u00f3n. Fina emulsi\u00f3n de h\u00edgado de pato con dulce de calabaza que sorprender\u00e1 con su intenso sabor y textura suave, ideal para cualquier ocasi\u00f3n. Especialmente indicado como centro de mesa, canap\u00e9s, bocadillos o lasagnas con la garant\u00eda de <strong><span style=\"color: #84754e;\">Calidad Martiko.<\/span><\/strong><\/p>\n","protected":false},"featured_media":15969,"template":"","meta":{"_acf_changed":false,"site-sidebar-layout":"default","site-content-layout":"","ast-site-content-layout":"default","site-content-style":"default","site-sidebar-style":"default","ast-global-header-display":"","ast-banner-title-visibility":"","ast-main-header-display":"","ast-hfb-above-header-display":"","ast-hfb-below-header-display":"","ast-hfb-mobile-header-display":"","site-post-title":"","ast-breadcrumbs-content":"","ast-featured-img":"","footer-sml-layout":"","ast-disable-related-posts":"","theme-transparent-header-meta":"default","adv-header-id-meta":"","stick-header-meta":"","header-above-stick-meta":"","header-main-stick-meta":"","header-below-stick-meta":"","astra-migrate-meta-layouts":"set","ast-page-background-enabled":"default","ast-page-background-meta":{"desktop":{"background-color":"var(--ast-global-color-4)","background-image":"","background-repeat":"repeat","background-position":"center center","background-size":"auto","background-attachment":"scroll","background-type":"","background-media":"","overlay-type":"","overlay-color":"","overlay-opacity":"","overlay-gradient":""},"tablet":{"background-color":"","background-image":"","background-repeat":"repeat","background-position":"center center","background-size":"auto","background-attachment":"scroll","background-type":"","background-media":"","overlay-type":"","overlay-color":"","overlay-opacity":"","overlay-gradient":""},"mobile":{"background-color":"","background-image":"","background-repeat":"repeat","background-position":"center center","background-size":"auto","background-attachment":"scroll","background-type":"","background-media":"","overlay-type":"","overlay-color":"","overlay-opacity":"","overlay-gradient":""}},"ast-content-background-meta":{"desktop":{"background-color":"var(--ast-global-color-5)","background-image":"","background-repeat":"repeat","background-position":"center center","background-size":"auto","background-attachment":"scroll","background-type":"","background-media":"","overlay-type":"","overlay-color":"","overlay-opacity":"","overlay-gradient":""},"tablet":{"background-color":"var(--ast-global-color-5)","background-image":"","background-repeat":"repeat","background-position":"center center","background-size":"auto","background-attachment":"scroll","background-type":"","background-media":"","overlay-type":"","overlay-color":"","overlay-opacity":"","overlay-gradient":""},"mobile":{"background-color":"var(--ast-global-color-5)","background-image":"","background-repeat":"repeat","background-position":"center center","background-size":"auto","background-attachment":"scroll","background-type":"","background-media":"","overlay-type":"","overlay-color":"","overlay-opacity":"","overlay-gradient":""}}},"product_brand":[],"product_cat":[152],"product_tag":[],"class_list":{"0":"post-719","1":"product","2":"type-product","3":"status-publish","4":"has-post-thumbnail","6":"product_cat-pate","7":"desktop-align-center","8":"tablet-align-left","9":"mobile-align-left","11":"first","12":"instock","13":"taxable","14":"shipping-taxable","15":"purchasable","16":"product-type-simple"},"acf":{"aecoc-marca":"Martiko","aecoc-gln":"8412540000006","aecoc-gtin":"08412540004882","aecoc-denominacion_comercial":"Pat\u00e9 de pato con dulce de calabaza Martiko superior 130g","aecoc-denominacion_legal":"Pat\u00e9 de pato con cabello de \u00e1ngel(dulce de calabaza)","aecoc-peso_bruto":"","aecoc-peso_neto":"130","aecoc-peso_neto_escurrido":"","aecoc-cantidad_neta":"","aecoc-condiciones_de_conservacion":"Mantener en sitio fresco y seco. Una vez abierto, conservar en el frigor\u00edfico y consumir en los pr\u00f3ximos 5 d\u00edas.","aecoc-modo_de_preparacion":"","aecoc-fabricado":"Martiko P.I. Zalain, s\/n - C.P. 31780 Navarra (Espa\u00f1a)","aecoc-registro_sanitario":"ES 10.14400\/NA","aecoc-ingredientes":"55% h\u00edgado de pato, agua, 8% cabello de \u00e1ngel (pulpa de calabaza, az\u00facar, glucosa, espesantes: E-410, E-407 y estabilizante: E-1422 y f\u00e9cula modificada: E-1442, conservadores: E-202, E-223 (contiene SULFITOS) y acidulante: E-330), HUEVO, almid\u00f3n de ma\u00edz, sal, vino blanco, bebida aromatizada a base de vino, corrector de acidez E-331iii, prote\u00edna de la LECHE, pimienta blanca, az\u00facar, espesante: E-415, emulgente: E-451i, fibra vegetal (bamb\u00fa), aroma natural, antioxidante: E-301 y conservador: E-250. Contiene SULFITOS. Origen h\u00edgado de pato: UE. Producto listo para su consumo.","aecoc-racion":"100","aecoc-unidad_racion":"g","aecoc-energia_1":"1113","aecoc-unidad_energia_1":"kJ","aecoc-energia_2":"269","aecoc-unidad_energia_2":"kcal","aecoc-grasas":"23","aecoc-unidad_grasas":"g","aecoc-grasos_saturados":"9.8","aecoc-unidad_grasos_saturados":"g","aecoc-hidratos_de_carbono":"8.5","aecoc-unidad_hidratos_de_carbono":"g","aecoc-azucares":"4.6","aecoc-unidad_azucares":"g","aecoc-proteinas":"6.9","aecoc-unidad_proteinas":"g","aecoc-sal":"1.53","aecoc-unidad_sal":"g","aecoc-acidos_grasos_omega_3":"","aecoc-sin_gluten":true,"aecoc-multitabla":false,"aecoc-tabla_nutricional":"[{'title': 'Tama\u00f1o de la racion por 100g',        'content': {                 'aecoc-racion': '100@_@g','aecoc-energia_1': '716@_@kJ','aecoc-energia_2': '172@_@kcal','aecoc-grasas': '12@_@g','aecoc-grasos_saturados': '5.2@_@g','aecoc-hidratos_de_carbono': '9@_@g','aecoc-azucares': '4.6@_@g','aecoc-proteinas': '7@_@g','aecoc-sal': '1.8@_@g'            }}]","aecoc-contenedor_reciclaje":"Contenedor_Amarillo"},"yoast_head":"<!-- This site is optimized with the Yoast SEO plugin v27.1.1 - https:\/\/yoast.com\/product\/yoast-seo-wordpress\/ -->\n<title>Pat\u00e9 de Pato Martiko Superior con Dulce de Calabaza 130g | Martiko<\/title>\n<meta name=\"description\" content=\"Disfruta de la nueva receta de pat\u00e9 de pato Martiko Superior con un toque de dulce de calabaza. Una mezcla de sabores suaves y delicados, ideal para aperitivos gourmet.\" \/>\n<meta name=\"robots\" content=\"index, follow, max-snippet:-1, max-image-preview:large, max-video-preview:-1\" \/>\n<link rel=\"canonical\" href=\"https:\/\/martiko.com\/tienda\/productos\/pate-de-pato-martiko-superio-con-dulce-de-calabaza-130-g\/\" \/>\n<meta property=\"og:locale\" content=\"pt_PT\" \/>\n<meta property=\"og:type\" content=\"article\" \/>\n<meta property=\"og:title\" content=\"Pat\u00e9 de Pato Martiko Superior con Dulce de Calabaza 130g | Martiko\" \/>\n<meta property=\"og:description\" content=\"Disfruta de la nueva receta de pat\u00e9 de pato Martiko Superior con un toque de dulce de calabaza. Una mezcla de sabores suaves y delicados, ideal para aperitivos gourmet.\" \/>\n<meta property=\"og:url\" content=\"https:\/\/martiko.com\/tienda\/productos\/pate-de-pato-martiko-superio-con-dulce-de-calabaza-130-g\/\" \/>\n<meta property=\"og:site_name\" content=\"Martiko\" \/>\n<meta property=\"article:publisher\" content=\"https:\/\/www.facebook.com\/martikopates\/\" \/>\n<meta property=\"article:modified_time\" content=\"2026-04-04T06:44:17+00:00\" \/>\n<meta property=\"og:image\" content=\"https:\/\/martiko.com\/wp-content\/uploads\/2024\/03\/Pate-de-pato-Martiko-Superior-con-dulce-de-calabaza-130g.webp\" \/>\n\t<meta property=\"og:image:width\" content=\"675\" \/>\n\t<meta property=\"og:image:height\" content=\"900\" \/>\n\t<meta property=\"og:image:type\" content=\"image\/webp\" \/>\n<meta name=\"twitter:card\" content=\"summary_large_image\" \/>\n<meta name=\"twitter:label1\" content=\"Tempo estimado de leitura\" \/>\n\t<meta name=\"twitter:data1\" content=\"1 minuto\" \/>\n<script type=\"application\/ld+json\" class=\"yoast-schema-graph\">{\"@context\":\"https:\/\/schema.org\",\"@graph\":[{\"@type\":\"WebPage\",\"@id\":\"https:\/\/martiko.com\/tienda\/productos\/pate-de-pato-martiko-superio-con-dulce-de-calabaza-130-g\/\",\"url\":\"https:\/\/martiko.com\/tienda\/productos\/pate-de-pato-martiko-superio-con-dulce-de-calabaza-130-g\/\",\"name\":\"Pat\u00e9 de Pato Martiko Superior con Dulce de Calabaza 130g | Martiko\",\"isPartOf\":{\"@id\":\"https:\/\/martiko.com\/#website\"},\"primaryImageOfPage\":{\"@id\":\"https:\/\/martiko.com\/tienda\/productos\/pate-de-pato-martiko-superio-con-dulce-de-calabaza-130-g\/#primaryimage\"},\"image\":{\"@id\":\"https:\/\/martiko.com\/tienda\/productos\/pate-de-pato-martiko-superio-con-dulce-de-calabaza-130-g\/#primaryimage\"},\"thumbnailUrl\":\"https:\/\/martiko.com\/wp-content\/uploads\/2024\/03\/Pate-de-pato-Martiko-Superior-con-dulce-de-calabaza-130g.webp\",\"datePublished\":\"2024-03-03T08:31:58+00:00\",\"dateModified\":\"2026-04-04T06:44:17+00:00\",\"description\":\"Disfruta de la nueva receta de pat\u00e9 de pato Martiko Superior con un toque de dulce de calabaza. Una mezcla de sabores suaves y delicados, ideal para aperitivos gourmet.\",\"breadcrumb\":{\"@id\":\"https:\/\/martiko.com\/tienda\/productos\/pate-de-pato-martiko-superio-con-dulce-de-calabaza-130-g\/#breadcrumb\"},\"inLanguage\":\"pt-PT\",\"potentialAction\":[{\"@type\":\"ReadAction\",\"target\":[\"https:\/\/martiko.com\/tienda\/productos\/pate-de-pato-martiko-superio-con-dulce-de-calabaza-130-g\/\"]}]},{\"@type\":\"ImageObject\",\"inLanguage\":\"pt-PT\",\"@id\":\"https:\/\/martiko.com\/tienda\/productos\/pate-de-pato-martiko-superio-con-dulce-de-calabaza-130-g\/#primaryimage\",\"url\":\"https:\/\/martiko.com\/wp-content\/uploads\/2024\/03\/Pate-de-pato-Martiko-Superior-con-dulce-de-calabaza-130g.webp\",\"contentUrl\":\"https:\/\/martiko.com\/wp-content\/uploads\/2024\/03\/Pate-de-pato-Martiko-Superior-con-dulce-de-calabaza-130g.webp\",\"width\":675,\"height\":900,\"caption\":\"Pat\u00e9 de pato Martiko Superior con dulce de calabaza 130g\"},{\"@type\":\"BreadcrumbList\",\"@id\":\"https:\/\/martiko.com\/tienda\/productos\/pate-de-pato-martiko-superio-con-dulce-de-calabaza-130-g\/#breadcrumb\",\"itemListElement\":[{\"@type\":\"ListItem\",\"position\":1,\"name\":\"Inicio\",\"item\":\"https:\/\/martiko.com\/\"},{\"@type\":\"ListItem\",\"position\":2,\"name\":\"Productos\",\"item\":\"https:\/\/martiko.com\/tienda\/\"},{\"@type\":\"ListItem\",\"position\":3,\"name\":\"PATO\",\"item\":\"https:\/\/martiko.com\/tienda\/categoria-producto\/pato\/\"},{\"@type\":\"ListItem\",\"position\":4,\"name\":\"PAT\u00c9\",\"item\":\"https:\/\/martiko.com\/tienda\/categoria-producto\/pato\/pate\/\"},{\"@type\":\"ListItem\",\"position\":5,\"name\":\"Pat\u00e9 de pato Martiko Superior con dulce de calabaza 130 g\"}]},{\"@type\":\"WebSite\",\"@id\":\"https:\/\/martiko.com\/#website\",\"url\":\"https:\/\/martiko.com\/\",\"name\":\"Martiko\",\"description\":\"Martiko\",\"publisher\":{\"@id\":\"https:\/\/martiko.com\/#organization\"},\"potentialAction\":[{\"@type\":\"SearchAction\",\"target\":{\"@type\":\"EntryPoint\",\"urlTemplate\":\"https:\/\/martiko.com\/?s={search_term_string}\"},\"query-input\":{\"@type\":\"PropertyValueSpecification\",\"valueRequired\":true,\"valueName\":\"search_term_string\"}}],\"inLanguage\":\"pt-PT\"},{\"@type\":\"Organization\",\"@id\":\"https:\/\/martiko.com\/#organization\",\"name\":\"CONSERVAS MARTIKO SA\",\"url\":\"https:\/\/martiko.com\/\",\"logo\":{\"@type\":\"ImageObject\",\"inLanguage\":\"pt-PT\",\"@id\":\"https:\/\/martiko.com\/#\/schema\/logo\/image\/\",\"url\":\"https:\/\/martiko.com\/wp-content\/uploads\/2024\/11\/Logo-Martiko-2021-dorado.png\",\"contentUrl\":\"https:\/\/martiko.com\/wp-content\/uploads\/2024\/11\/Logo-Martiko-2021-dorado.png\",\"width\":147,\"height\":34,\"caption\":\"CONSERVAS MARTIKO SA\"},\"image\":{\"@id\":\"https:\/\/martiko.com\/#\/schema\/logo\/image\/\"},\"sameAs\":[\"https:\/\/www.facebook.com\/martikopates\/\",\"https:\/\/www.instagram.com\/martikopato\/\",\"https:\/\/www.linkedin.com\/company\/2282554\"]}]}<\/script>\n<!-- \/ Yoast SEO plugin. -->","yoast_head_json":{"title":"Pat\u00e9 de Pato Martiko Superior con Dulce de Calabaza 130g | Martiko","description":"Disfruta de la nueva receta de pat\u00e9 de pato Martiko Superior con un toque de dulce de calabaza. Una mezcla de sabores suaves y delicados, ideal para aperitivos gourmet.","robots":{"index":"index","follow":"follow","max-snippet":"max-snippet:-1","max-image-preview":"max-image-preview:large","max-video-preview":"max-video-preview:-1"},"canonical":"https:\/\/martiko.com\/tienda\/productos\/pate-de-pato-martiko-superio-con-dulce-de-calabaza-130-g\/","og_locale":"pt_PT","og_type":"article","og_title":"Pat\u00e9 de Pato Martiko Superior con Dulce de Calabaza 130g | Martiko","og_description":"Disfruta de la nueva receta de pat\u00e9 de pato Martiko Superior con un toque de dulce de calabaza. Una mezcla de sabores suaves y delicados, ideal para aperitivos gourmet.","og_url":"https:\/\/martiko.com\/tienda\/productos\/pate-de-pato-martiko-superio-con-dulce-de-calabaza-130-g\/","og_site_name":"Martiko","article_publisher":"https:\/\/www.facebook.com\/martikopates\/","article_modified_time":"2026-04-04T06:44:17+00:00","og_image":[{"width":675,"height":900,"url":"https:\/\/martiko.com\/wp-content\/uploads\/2024\/03\/Pate-de-pato-Martiko-Superior-con-dulce-de-calabaza-130g.webp","type":"image\/webp"}],"twitter_card":"summary_large_image","twitter_misc":{"Tempo estimado de leitura":"1 minuto"},"schema":{"@context":"https:\/\/schema.org","@graph":[{"@type":"WebPage","@id":"https:\/\/martiko.com\/tienda\/productos\/pate-de-pato-martiko-superio-con-dulce-de-calabaza-130-g\/","url":"https:\/\/martiko.com\/tienda\/productos\/pate-de-pato-martiko-superio-con-dulce-de-calabaza-130-g\/","name":"Pat\u00e9 de Pato Martiko Superior con Dulce de Calabaza 130g | Martiko","isPartOf":{"@id":"https:\/\/martiko.com\/#website"},"primaryImageOfPage":{"@id":"https:\/\/martiko.com\/tienda\/productos\/pate-de-pato-martiko-superio-con-dulce-de-calabaza-130-g\/#primaryimage"},"image":{"@id":"https:\/\/martiko.com\/tienda\/productos\/pate-de-pato-martiko-superio-con-dulce-de-calabaza-130-g\/#primaryimage"},"thumbnailUrl":"https:\/\/martiko.com\/wp-content\/uploads\/2024\/03\/Pate-de-pato-Martiko-Superior-con-dulce-de-calabaza-130g.webp","datePublished":"2024-03-03T08:31:58+00:00","dateModified":"2026-04-04T06:44:17+00:00","description":"Disfruta de la nueva receta de pat\u00e9 de pato Martiko Superior con un toque de dulce de calabaza. Una mezcla de sabores suaves y delicados, ideal para aperitivos gourmet.","breadcrumb":{"@id":"https:\/\/martiko.com\/tienda\/productos\/pate-de-pato-martiko-superio-con-dulce-de-calabaza-130-g\/#breadcrumb"},"inLanguage":"pt-PT","potentialAction":[{"@type":"ReadAction","target":["https:\/\/martiko.com\/tienda\/productos\/pate-de-pato-martiko-superio-con-dulce-de-calabaza-130-g\/"]}]},{"@type":"ImageObject","inLanguage":"pt-PT","@id":"https:\/\/martiko.com\/tienda\/productos\/pate-de-pato-martiko-superio-con-dulce-de-calabaza-130-g\/#primaryimage","url":"https:\/\/martiko.com\/wp-content\/uploads\/2024\/03\/Pate-de-pato-Martiko-Superior-con-dulce-de-calabaza-130g.webp","contentUrl":"https:\/\/martiko.com\/wp-content\/uploads\/2024\/03\/Pate-de-pato-Martiko-Superior-con-dulce-de-calabaza-130g.webp","width":675,"height":900,"caption":"Pat\u00e9 de pato Martiko Superior con dulce de calabaza 130g"},{"@type":"BreadcrumbList","@id":"https:\/\/martiko.com\/tienda\/productos\/pate-de-pato-martiko-superio-con-dulce-de-calabaza-130-g\/#breadcrumb","itemListElement":[{"@type":"ListItem","position":1,"name":"Inicio","item":"https:\/\/martiko.com\/"},{"@type":"ListItem","position":2,"name":"Productos","item":"https:\/\/martiko.com\/tienda\/"},{"@type":"ListItem","position":3,"name":"PATO","item":"https:\/\/martiko.com\/tienda\/categoria-producto\/pato\/"},{"@type":"ListItem","position":4,"name":"PAT\u00c9","item":"https:\/\/martiko.com\/tienda\/categoria-producto\/pato\/pate\/"},{"@type":"ListItem","position":5,"name":"Pat\u00e9 de pato Martiko Superior con dulce de calabaza 130 g"}]},{"@type":"WebSite","@id":"https:\/\/martiko.com\/#website","url":"https:\/\/martiko.com\/","name":"Martiko","description":"Martiko","publisher":{"@id":"https:\/\/martiko.com\/#organization"},"potentialAction":[{"@type":"SearchAction","target":{"@type":"EntryPoint","urlTemplate":"https:\/\/martiko.com\/?s={search_term_string}"},"query-input":{"@type":"PropertyValueSpecification","valueRequired":true,"valueName":"search_term_string"}}],"inLanguage":"pt-PT"},{"@type":"Organization","@id":"https:\/\/martiko.com\/#organization","name":"CONSERVAS MARTIKO SA","url":"https:\/\/martiko.com\/","logo":{"@type":"ImageObject","inLanguage":"pt-PT","@id":"https:\/\/martiko.com\/#\/schema\/logo\/image\/","url":"https:\/\/martiko.com\/wp-content\/uploads\/2024\/11\/Logo-Martiko-2021-dorado.png","contentUrl":"https:\/\/martiko.com\/wp-content\/uploads\/2024\/11\/Logo-Martiko-2021-dorado.png","width":147,"height":34,"caption":"CONSERVAS MARTIKO SA"},"image":{"@id":"https:\/\/martiko.com\/#\/schema\/logo\/image\/"},"sameAs":["https:\/\/www.facebook.com\/martikopates\/","https:\/\/www.instagram.com\/martikopato\/","https:\/\/www.linkedin.com\/company\/2282554"]}]}},"_links":{"self":[{"href":"https:\/\/martiko.com\/pt-pt\/wp-json\/wp\/v2\/product\/719","targetHints":{"allow":["GET"]}}],"collection":[{"href":"https:\/\/martiko.com\/pt-pt\/wp-json\/wp\/v2\/product"}],"about":[{"href":"https:\/\/martiko.com\/pt-pt\/wp-json\/wp\/v2\/types\/product"}],"wp:featuredmedia":[{"embeddable":true,"href":"https:\/\/martiko.com\/pt-pt\/wp-json\/wp\/v2\/media\/15969"}],"wp:attachment":[{"href":"https:\/\/martiko.com\/pt-pt\/wp-json\/wp\/v2\/media?parent=719"}],"wp:term":[{"taxonomy":"product_brand","embeddable":true,"href":"https:\/\/martiko.com\/pt-pt\/wp-json\/wp\/v2\/product_brand?post=719"},{"taxonomy":"product_cat","embeddable":true,"href":"https:\/\/martiko.com\/pt-pt\/wp-json\/wp\/v2\/product_cat?post=719"},{"taxonomy":"product_tag","embeddable":true,"href":"https:\/\/martiko.com\/pt-pt\/wp-json\/wp\/v2\/product_tag?post=719"}],"curies":[{"name":"wp","href":"https:\/\/api.w.org\/{rel}","templated":true}]}}