{"id":760,"date":"2024-07-14T07:15:58","date_gmt":"2024-07-14T05:15:58","guid":{"rendered":"https:\/\/martiko.com\/producto\/10-alas-de-pato-confitadas\/"},"modified":"2026-04-05T08:44:19","modified_gmt":"2026-04-05T06:44:19","slug":"10-alas-de-pato-confitadas","status":"publish","type":"product","link":"https:\/\/martiko.com\/pt-pt\/tienda\/productos\/10-alas-de-pato-confitadas\/","title":{"rendered":"10 alas de pato confitadas 300 g"},"content":{"rendered":"","protected":false},"excerpt":{"rendered":"<p>Deliciosas alas de pato de sabor suave y jugosas, cocinadas lentamente en su propia grasa y con la garant\u00eda de calidad Martiko.<\/p>\n<p>Las alas de pato en confit son muy vers\u00e1tiles y pueden utilizarse en una enorme variedad de platos. Coc\u00ednalas como plato principal de manera sencilla y muy r\u00e1pida, al horno o en la freidora de aire para conseguir ese deseado toque crujiente. Tambi\u00e9n pueden ser el ingrediente estrella en la elaboraci\u00f3n de diferentes platos como paellas, fideu\u00e1s y desmenuzadas en tacos, ensaladas, pasta o\u00a0 empanadillas.<\/p>\n<p>\u00a1Divi\u00e9rtete explorando diferentes preparaciones y sabores!<\/p>\n","protected":false},"featured_media":12918,"template":"","meta":{"_acf_changed":false,"site-sidebar-layout":"default","site-content-layout":"","ast-site-content-layout":"default","site-content-style":"default","site-sidebar-style":"default","ast-global-header-display":"","ast-banner-title-visibility":"","ast-main-header-display":"","ast-hfb-above-header-display":"","ast-hfb-below-header-display":"","ast-hfb-mobile-header-display":"","site-post-title":"","ast-breadcrumbs-content":"","ast-featured-img":"","footer-sml-layout":"","ast-disable-related-posts":"","theme-transparent-header-meta":"default","adv-header-id-meta":"","stick-header-meta":"","header-above-stick-meta":"","header-main-stick-meta":"","header-below-stick-meta":"","astra-migrate-meta-layouts":"set","ast-page-background-enabled":"default","ast-page-background-meta":{"desktop":{"background-color":"var(--ast-global-color-4)","background-image":"","background-repeat":"repeat","background-position":"center center","background-size":"auto","background-attachment":"scroll","background-type":"","background-media":"","overlay-type":"","overlay-color":"","overlay-opacity":"","overlay-gradient":""},"tablet":{"background-color":"","background-image":"","background-repeat":"repeat","background-position":"center center","background-size":"auto","background-attachment":"scroll","background-type":"","background-media":"","overlay-type":"","overlay-color":"","overlay-opacity":"","overlay-gradient":""},"mobile":{"background-color":"","background-image":"","background-repeat":"repeat","background-position":"center center","background-size":"auto","background-attachment":"scroll","background-type":"","background-media":"","overlay-type":"","overlay-color":"","overlay-opacity":"","overlay-gradient":""}},"ast-content-background-meta":{"desktop":{"background-color":"var(--ast-global-color-5)","background-image":"","background-repeat":"repeat","background-position":"center center","background-size":"auto","background-attachment":"scroll","background-type":"","background-media":"","overlay-type":"","overlay-color":"","overlay-opacity":"","overlay-gradient":""},"tablet":{"background-color":"var(--ast-global-color-5)","background-image":"","background-repeat":"repeat","background-position":"center center","background-size":"auto","background-attachment":"scroll","background-type":"","background-media":"","overlay-type":"","overlay-color":"","overlay-opacity":"","overlay-gradient":""},"mobile":{"background-color":"var(--ast-global-color-5)","background-image":"","background-repeat":"repeat","background-position":"center center","background-size":"auto","background-attachment":"scroll","background-type":"","background-media":"","overlay-type":"","overlay-color":"","overlay-opacity":"","overlay-gradient":""}}},"product_brand":[],"product_cat":[167,24],"product_tag":[588],"class_list":{"0":"post-760","1":"product","2":"type-product","3":"status-publish","4":"has-post-thumbnail","6":"product_cat-confit-de-pato","7":"product_cat-producto-refrigerado","8":"product_tag-carne-de-pato","9":"product_shipping_class-refrigerado","10":"desktop-align-center","11":"tablet-align-left","12":"mobile-align-left","14":"first","15":"instock","16":"taxable","17":"shipping-taxable","18":"purchasable","19":"product-type-simple"},"acf":{"aecoc-marca":"Martiko","aecoc-gln":"8412540000006","aecoc-gtin":"08412540005209","aecoc-denominacion_comercial":"10 Alas de pato confitadas Martiko 300 g","aecoc-denominacion_legal":"10 Alas de pato en confit","aecoc-peso_bruto":"","aecoc-peso_neto":"300","aecoc-peso_neto_escurrido":"","aecoc-cantidad_neta":"","aecoc-condiciones_de_conservacion":"Conservar entre 3 y 5\u00baC. Una vez abierto, conservar en el frigor\u00edfico y consumir en los pr\u00f3ximos 2 d\u00edas.","aecoc-modo_de_preparacion":"Retirar las alas del envase. EN HORNO: cali\u00e9ntelo a 180-200\u00baC e introduzca las alas en una bandeja durante 12-15 minutos hasta conseguir que la piel est\u00e9 dorada y crujiente. Sacar del horno y emplatar al gusto. EN FREIDORA DE AIRE: precaliente la freidora de aire a 200\u00baC. Coloque las alas en la bandeja de la freidora de aire y cocinelas durante 4 minutos por cada lado, hasta conseguir que la piel est\u00e9 dorada y crujiente. Sacar de la freidora de aire y emplatar al gusto.","aecoc-fabricado":"Martiko P.I. Zalain, s\/n - C.P. 31780 Navarra (Espa\u00f1a)","aecoc-registro_sanitario":"ES 10.14400\/NA","aecoc-ingredientes":"10 Alas de pato, grasa de pato, sal y conservador: E-250.","aecoc-racion":"100","aecoc-unidad_racion":"g","aecoc-energia_1":"1356","aecoc-unidad_energia_1":"kJ","aecoc-energia_2":"326","aecoc-unidad_energia_2":"kcal","aecoc-grasas":"24","aecoc-unidad_grasas":"g","aecoc-grasos_saturados":"8","aecoc-unidad_grasos_saturados":"g","aecoc-hidratos_de_carbono":"0.5","aecoc-unidad_hidratos_de_carbono":"g","aecoc-azucares":"0.5","aecoc-unidad_azucares":"g","aecoc-proteinas":"27","aecoc-unidad_proteinas":"g","aecoc-sal":"1.4","aecoc-unidad_sal":"g","aecoc-acidos_grasos_omega_3":"","aecoc-sin_gluten":true,"aecoc-multitabla":false,"aecoc-tabla_nutricional":"[{'title': 'Tama\u00f1o de la racion por 100g',        'content': {                 'aecoc-racion': '100@_@g','aecoc-energia_1': '1356@_@kJ','aecoc-energia_2': '326@_@kcal','aecoc-grasas': '24@_@g','aecoc-grasos_saturados': '8@_@g','aecoc-hidratos_de_carbono': '0.5@_@g','aecoc-azucares': '0.5@_@g','aecoc-proteinas': '27@_@g','aecoc-sal': '1.4@_@g'            }}]","aecoc-contenedor_reciclaje":"Contenedor_Amarillo"},"yoast_head":"<!-- This site is optimized with the Yoast SEO plugin v27.1.1 - https:\/\/yoast.com\/product\/yoast-seo-wordpress\/ -->\n<title>10 Alas de Pato Confitadas 300g | Martiko<\/title>\n<meta name=\"description\" content=\"Disfruta de las alas de pato confitadas Martiko, cocinadas lentamente en su propia grasa para un sabor jugoso y suave. Perfectas para platos principales o como ingrediente en paellas, ensaladas y m\u00e1s.\" \/>\n<meta name=\"robots\" content=\"index, follow, max-snippet:-1, max-image-preview:large, max-video-preview:-1\" \/>\n<link rel=\"canonical\" href=\"https:\/\/martiko.com\/tienda\/productos\/10-alas-de-pato-confitadas\/\" \/>\n<meta property=\"og:locale\" content=\"pt_PT\" \/>\n<meta property=\"og:type\" content=\"article\" \/>\n<meta property=\"og:title\" content=\"10 Alas de Pato Confitadas 300g | Martiko\" \/>\n<meta property=\"og:description\" content=\"Disfruta de las alas de pato confitadas Martiko, cocinadas lentamente en su propia grasa para un sabor jugoso y suave. Perfectas para platos principales o como ingrediente en paellas, ensaladas y m\u00e1s.\" \/>\n<meta property=\"og:url\" content=\"https:\/\/martiko.com\/tienda\/productos\/10-alas-de-pato-confitadas\/\" \/>\n<meta property=\"og:site_name\" content=\"Martiko\" \/>\n<meta property=\"article:publisher\" content=\"https:\/\/www.facebook.com\/martikopates\/\" \/>\n<meta property=\"article:modified_time\" content=\"2026-04-05T06:44:19+00:00\" \/>\n<meta property=\"og:image\" content=\"https:\/\/martiko.com\/wp-content\/uploads\/2023\/06\/10-alas-de-pato-confitadas-Martiko.webp\" \/>\n\t<meta property=\"og:image:width\" content=\"1200\" \/>\n\t<meta property=\"og:image:height\" content=\"1200\" \/>\n\t<meta property=\"og:image:type\" content=\"image\/webp\" \/>\n<meta name=\"twitter:card\" content=\"summary_large_image\" \/>\n<meta name=\"twitter:label1\" content=\"Tempo estimado de leitura\" \/>\n\t<meta name=\"twitter:data1\" content=\"1 minuto\" \/>\n<script type=\"application\/ld+json\" class=\"yoast-schema-graph\">{\"@context\":\"https:\/\/schema.org\",\"@graph\":[{\"@type\":\"WebPage\",\"@id\":\"https:\/\/martiko.com\/tienda\/productos\/10-alas-de-pato-confitadas\/\",\"url\":\"https:\/\/martiko.com\/tienda\/productos\/10-alas-de-pato-confitadas\/\",\"name\":\"10 Alas de Pato Confitadas 300g | Martiko\",\"isPartOf\":{\"@id\":\"https:\/\/martiko.com\/#website\"},\"primaryImageOfPage\":{\"@id\":\"https:\/\/martiko.com\/tienda\/productos\/10-alas-de-pato-confitadas\/#primaryimage\"},\"image\":{\"@id\":\"https:\/\/martiko.com\/tienda\/productos\/10-alas-de-pato-confitadas\/#primaryimage\"},\"thumbnailUrl\":\"https:\/\/martiko.com\/wp-content\/uploads\/2023\/06\/10-alas-de-pato-confitadas-Martiko.webp\",\"datePublished\":\"2024-07-14T05:15:58+00:00\",\"dateModified\":\"2026-04-05T06:44:19+00:00\",\"description\":\"Disfruta de las alas de pato confitadas Martiko, cocinadas lentamente en su propia grasa para un sabor jugoso y suave. Perfectas para platos principales o como ingrediente en paellas, ensaladas y m\u00e1s.\",\"breadcrumb\":{\"@id\":\"https:\/\/martiko.com\/tienda\/productos\/10-alas-de-pato-confitadas\/#breadcrumb\"},\"inLanguage\":\"pt-PT\",\"potentialAction\":[{\"@type\":\"ReadAction\",\"target\":[\"https:\/\/martiko.com\/tienda\/productos\/10-alas-de-pato-confitadas\/\"]}]},{\"@type\":\"ImageObject\",\"inLanguage\":\"pt-PT\",\"@id\":\"https:\/\/martiko.com\/tienda\/productos\/10-alas-de-pato-confitadas\/#primaryimage\",\"url\":\"https:\/\/martiko.com\/wp-content\/uploads\/2023\/06\/10-alas-de-pato-confitadas-Martiko.webp\",\"contentUrl\":\"https:\/\/martiko.com\/wp-content\/uploads\/2023\/06\/10-alas-de-pato-confitadas-Martiko.webp\",\"width\":1200,\"height\":1200,\"caption\":\"10 alas de pato confitadas Martiko\"},{\"@type\":\"BreadcrumbList\",\"@id\":\"https:\/\/martiko.com\/tienda\/productos\/10-alas-de-pato-confitadas\/#breadcrumb\",\"itemListElement\":[{\"@type\":\"ListItem\",\"position\":1,\"name\":\"Inicio\",\"item\":\"https:\/\/martiko.com\/\"},{\"@type\":\"ListItem\",\"position\":2,\"name\":\"Productos\",\"item\":\"https:\/\/martiko.com\/tienda\/\"},{\"@type\":\"ListItem\",\"position\":3,\"name\":\"PATO\",\"item\":\"https:\/\/martiko.com\/tienda\/categoria-producto\/pato\/\"},{\"@type\":\"ListItem\",\"position\":4,\"name\":\"CONFIT DE PATO\",\"item\":\"https:\/\/martiko.com\/tienda\/categoria-producto\/pato\/confit-de-pato\/\"},{\"@type\":\"ListItem\",\"position\":5,\"name\":\"10 alas de pato confitadas 300 g\"}]},{\"@type\":\"WebSite\",\"@id\":\"https:\/\/martiko.com\/#website\",\"url\":\"https:\/\/martiko.com\/\",\"name\":\"Martiko\",\"description\":\"Martiko\",\"publisher\":{\"@id\":\"https:\/\/martiko.com\/#organization\"},\"potentialAction\":[{\"@type\":\"SearchAction\",\"target\":{\"@type\":\"EntryPoint\",\"urlTemplate\":\"https:\/\/martiko.com\/?s={search_term_string}\"},\"query-input\":{\"@type\":\"PropertyValueSpecification\",\"valueRequired\":true,\"valueName\":\"search_term_string\"}}],\"inLanguage\":\"pt-PT\"},{\"@type\":\"Organization\",\"@id\":\"https:\/\/martiko.com\/#organization\",\"name\":\"CONSERVAS MARTIKO SA\",\"url\":\"https:\/\/martiko.com\/\",\"logo\":{\"@type\":\"ImageObject\",\"inLanguage\":\"pt-PT\",\"@id\":\"https:\/\/martiko.com\/#\/schema\/logo\/image\/\",\"url\":\"https:\/\/martiko.com\/wp-content\/uploads\/2024\/11\/Logo-Martiko-2021-dorado.png\",\"contentUrl\":\"https:\/\/martiko.com\/wp-content\/uploads\/2024\/11\/Logo-Martiko-2021-dorado.png\",\"width\":147,\"height\":34,\"caption\":\"CONSERVAS MARTIKO SA\"},\"image\":{\"@id\":\"https:\/\/martiko.com\/#\/schema\/logo\/image\/\"},\"sameAs\":[\"https:\/\/www.facebook.com\/martikopates\/\",\"https:\/\/www.instagram.com\/martikopato\/\",\"https:\/\/www.linkedin.com\/company\/2282554\"]}]}<\/script>\n<!-- \/ Yoast SEO plugin. -->","yoast_head_json":{"title":"10 Alas de Pato Confitadas 300g | Martiko","description":"Disfruta de las alas de pato confitadas Martiko, cocinadas lentamente en su propia grasa para un sabor jugoso y suave. Perfectas para platos principales o como ingrediente en paellas, ensaladas y m\u00e1s.","robots":{"index":"index","follow":"follow","max-snippet":"max-snippet:-1","max-image-preview":"max-image-preview:large","max-video-preview":"max-video-preview:-1"},"canonical":"https:\/\/martiko.com\/tienda\/productos\/10-alas-de-pato-confitadas\/","og_locale":"pt_PT","og_type":"article","og_title":"10 Alas de Pato Confitadas 300g | Martiko","og_description":"Disfruta de las alas de pato confitadas Martiko, cocinadas lentamente en su propia grasa para un sabor jugoso y suave. Perfectas para platos principales o como ingrediente en paellas, ensaladas y m\u00e1s.","og_url":"https:\/\/martiko.com\/tienda\/productos\/10-alas-de-pato-confitadas\/","og_site_name":"Martiko","article_publisher":"https:\/\/www.facebook.com\/martikopates\/","article_modified_time":"2026-04-05T06:44:19+00:00","og_image":[{"width":1200,"height":1200,"url":"https:\/\/martiko.com\/wp-content\/uploads\/2023\/06\/10-alas-de-pato-confitadas-Martiko.webp","type":"image\/webp"}],"twitter_card":"summary_large_image","twitter_misc":{"Tempo estimado de leitura":"1 minuto"},"schema":{"@context":"https:\/\/schema.org","@graph":[{"@type":"WebPage","@id":"https:\/\/martiko.com\/tienda\/productos\/10-alas-de-pato-confitadas\/","url":"https:\/\/martiko.com\/tienda\/productos\/10-alas-de-pato-confitadas\/","name":"10 Alas de Pato Confitadas 300g | Martiko","isPartOf":{"@id":"https:\/\/martiko.com\/#website"},"primaryImageOfPage":{"@id":"https:\/\/martiko.com\/tienda\/productos\/10-alas-de-pato-confitadas\/#primaryimage"},"image":{"@id":"https:\/\/martiko.com\/tienda\/productos\/10-alas-de-pato-confitadas\/#primaryimage"},"thumbnailUrl":"https:\/\/martiko.com\/wp-content\/uploads\/2023\/06\/10-alas-de-pato-confitadas-Martiko.webp","datePublished":"2024-07-14T05:15:58+00:00","dateModified":"2026-04-05T06:44:19+00:00","description":"Disfruta de las alas de pato confitadas Martiko, cocinadas lentamente en su propia grasa para un sabor jugoso y suave. Perfectas para platos principales o como ingrediente en paellas, ensaladas y m\u00e1s.","breadcrumb":{"@id":"https:\/\/martiko.com\/tienda\/productos\/10-alas-de-pato-confitadas\/#breadcrumb"},"inLanguage":"pt-PT","potentialAction":[{"@type":"ReadAction","target":["https:\/\/martiko.com\/tienda\/productos\/10-alas-de-pato-confitadas\/"]}]},{"@type":"ImageObject","inLanguage":"pt-PT","@id":"https:\/\/martiko.com\/tienda\/productos\/10-alas-de-pato-confitadas\/#primaryimage","url":"https:\/\/martiko.com\/wp-content\/uploads\/2023\/06\/10-alas-de-pato-confitadas-Martiko.webp","contentUrl":"https:\/\/martiko.com\/wp-content\/uploads\/2023\/06\/10-alas-de-pato-confitadas-Martiko.webp","width":1200,"height":1200,"caption":"10 alas de pato confitadas Martiko"},{"@type":"BreadcrumbList","@id":"https:\/\/martiko.com\/tienda\/productos\/10-alas-de-pato-confitadas\/#breadcrumb","itemListElement":[{"@type":"ListItem","position":1,"name":"Inicio","item":"https:\/\/martiko.com\/"},{"@type":"ListItem","position":2,"name":"Productos","item":"https:\/\/martiko.com\/tienda\/"},{"@type":"ListItem","position":3,"name":"PATO","item":"https:\/\/martiko.com\/tienda\/categoria-producto\/pato\/"},{"@type":"ListItem","position":4,"name":"CONFIT DE PATO","item":"https:\/\/martiko.com\/tienda\/categoria-producto\/pato\/confit-de-pato\/"},{"@type":"ListItem","position":5,"name":"10 alas de pato confitadas 300 g"}]},{"@type":"WebSite","@id":"https:\/\/martiko.com\/#website","url":"https:\/\/martiko.com\/","name":"Martiko","description":"Martiko","publisher":{"@id":"https:\/\/martiko.com\/#organization"},"potentialAction":[{"@type":"SearchAction","target":{"@type":"EntryPoint","urlTemplate":"https:\/\/martiko.com\/?s={search_term_string}"},"query-input":{"@type":"PropertyValueSpecification","valueRequired":true,"valueName":"search_term_string"}}],"inLanguage":"pt-PT"},{"@type":"Organization","@id":"https:\/\/martiko.com\/#organization","name":"CONSERVAS MARTIKO SA","url":"https:\/\/martiko.com\/","logo":{"@type":"ImageObject","inLanguage":"pt-PT","@id":"https:\/\/martiko.com\/#\/schema\/logo\/image\/","url":"https:\/\/martiko.com\/wp-content\/uploads\/2024\/11\/Logo-Martiko-2021-dorado.png","contentUrl":"https:\/\/martiko.com\/wp-content\/uploads\/2024\/11\/Logo-Martiko-2021-dorado.png","width":147,"height":34,"caption":"CONSERVAS MARTIKO SA"},"image":{"@id":"https:\/\/martiko.com\/#\/schema\/logo\/image\/"},"sameAs":["https:\/\/www.facebook.com\/martikopates\/","https:\/\/www.instagram.com\/martikopato\/","https:\/\/www.linkedin.com\/company\/2282554"]}]}},"_links":{"self":[{"href":"https:\/\/martiko.com\/pt-pt\/wp-json\/wp\/v2\/product\/760","targetHints":{"allow":["GET"]}}],"collection":[{"href":"https:\/\/martiko.com\/pt-pt\/wp-json\/wp\/v2\/product"}],"about":[{"href":"https:\/\/martiko.com\/pt-pt\/wp-json\/wp\/v2\/types\/product"}],"wp:featuredmedia":[{"embeddable":true,"href":"https:\/\/martiko.com\/pt-pt\/wp-json\/wp\/v2\/media\/12918"}],"wp:attachment":[{"href":"https:\/\/martiko.com\/pt-pt\/wp-json\/wp\/v2\/media?parent=760"}],"wp:term":[{"taxonomy":"product_brand","embeddable":true,"href":"https:\/\/martiko.com\/pt-pt\/wp-json\/wp\/v2\/product_brand?post=760"},{"taxonomy":"product_cat","embeddable":true,"href":"https:\/\/martiko.com\/pt-pt\/wp-json\/wp\/v2\/product_cat?post=760"},{"taxonomy":"product_tag","embeddable":true,"href":"https:\/\/martiko.com\/pt-pt\/wp-json\/wp\/v2\/product_tag?post=760"}],"curies":[{"name":"wp","href":"https:\/\/api.w.org\/{rel}","templated":true}]}}